{"id":21638,"date":"2023-11-18T09:48:07","date_gmt":"2023-11-18T08:48:07","guid":{"rendered":"https:\/\/tekelec.ma\/?page_id=21638"},"modified":"2024-01-02T18:53:43","modified_gmt":"2024-01-02T17:53:43","slug":"consoles","status":"publish","type":"page","link":"https:\/\/tekelec.ma\/index.php\/consoles\/","title":{"rendered":"Consoles"},"content":{"rendered":"\t\t<div data-elementor-type=\"wp-page\" data-elementor-id=\"21638\" class=\"elementor elementor-21638\">\n\t\t\t\t\t\t<section class=\"elementor-section elementor-top-section elementor-element elementor-element-3a7989c elementor-section-full_width elementor-section-stretched elementor-section-height-default elementor-section-height-default motta-responsive-column motta-tablet-column--default motta-responsive-column motta-mobile-column--default\" data-id=\"3a7989c\" data-element_type=\"section\" data-settings=\"{&quot;stretch_section&quot;:&quot;section-stretched&quot;}\">\n\t\t\t\t\t\t<div class=\"elementor-container elementor-column-gap-no\">\n\t\t\t\t\t<div class=\"elementor-column elementor-col-100 elementor-top-column elementor-element elementor-element-ebff8f2\" data-id=\"ebff8f2\" data-element_type=\"column\">\n\t\t\t<div class=\"elementor-widget-wrap elementor-element-populated\">\n\t\t\t\t\t\t<div class=\"elementor-element elementor-element-8dc3c6b motta-slides__arrow-position-center-center motta-slides__dots-position-center elementor-widget elementor-widget-motta-slides\" data-id=\"8dc3c6b\" data-element_type=\"widget\" data-settings=\"{&quot;navigation&quot;:&quot;dots&quot;,&quot;navigation_mobile&quot;:&quot;dots&quot;,&quot;effect&quot;:&quot;slide&quot;,&quot;navigation_tablet&quot;:&quot;dots&quot;,&quot;slides_to_show&quot;:1,&quot;slides_to_scroll&quot;:1,&quot;autoplay_speed&quot;:1000,&quot;space_between&quot;:{&quot;unit&quot;:&quot;px&quot;,&quot;size&quot;:&quot;&quot;,&quot;sizes&quot;:[]},&quot;space_between_tablet&quot;:{&quot;unit&quot;:&quot;px&quot;,&quot;size&quot;:&quot;&quot;,&quot;sizes&quot;:[]},&quot;space_between_mobile&quot;:{&quot;unit&quot;:&quot;px&quot;,&quot;size&quot;:&quot;&quot;,&quot;sizes&quot;:[]}}\" data-widget_type=\"motta-slides.default\">\n\t\t\t\t<div class=\"elementor-widget-container\">\n\t\t\t\t\t\t\t\t<div class=\"motta-slides-elementor motta-swiper-carousel-elementor motta-swiper-slider-elementor navigation-dots navigation-tablet-dots navigation-mobile-dots\">\r\n\t\t\t\t<div class=\"motta-slides-elementor__wrapper swiper-container\">\r\n\t\t\t\t\t<div class=\"motta-slides-elementor__inner swiper-wrapper\">\r\n\t\t\t\t\t\t\t\t\t\t\t\t\t\t\t<div class=\"elementor-repeater-item-80cd7b1 item-slider swiper-slide\" data-dots=\"[]\" data-arrow=\"[]\">\r\n\t\t\t\t\t\t\t\t\t\t<div class=\"slick-slide-inner slide-has-image\">\r\n\t\t\t\t\t\t\t\t\t\t\t<div class=\"motta-slide__content\">\r\n\t\t\t\t\t\t\t\t\t\t\t\t<div class=\"motta-slide__subtitle \">Power your dreames <\/div>\t\t\t\t\t\t\t\t\t\t\t\t\t\t\t\t\t\t\t\t\t\t\t\t\t<div class=\"motta-slide__title\">Un pour tout <\/div>\r\n\t\t\t\t\t\t\t\t\t\t\t\t\r\n\t\t\t\t\t\t\t\t\t\t\t\t\r\n\t\t\t\t\t\t\t\t\t\t\t\t\t\t\t\t\t\t\t\t\t\t\t\t\t<div class=\"motta-slide__description\">Am\u00e9liorer v\u00f4tre exp\u00e9rience. Contrairement \u00e0 <br class=\"hidden-xs\">\ntout ce que tu as d\u00e9ja vu<\/div>\r\n\t\t\t\t\t\t\t\t\t\t\t\t\r\n\t\t\t\t\t\t\t\t\t\t\t\t\t\t\t\t\t\t\t\t\t\t\t\t<div class=\"motta-slide-button \">\r\n\t\t\t\t\t\t\t\t\t\t\t\t\t<a href=\"#Sec-consoles\" class=\"motta-button motta-button-primary motta-button--medium  motta-button--base \"><span class=\"motta-button__text\">Explore...<\/span><\/a>\t\t\t\t\t\t\t\t\t\t\t\t\t\t\t\t\t\t\t\t\t\t\t\t\t<\/div>\r\n\t\t\t\t\t\t\t\t\t\t\t\t\r\n\t\t\t\t\t\t\t\t\t\t\t<\/div>\r\n\r\n\t\t\t\t\t\t\t\t\t\t\t<div class=\"motta-slide__image\"><\/div>\t\t\t\t\t\t\t\t\t\t<\/div>\r\n\t\t\t\t\t\t\t\t\t\t\t\t\t\t\t\t\t\t\t<\/div>\r\n\t\t\t\t\t\t\t\t\t\t\t\t\t<\/div>\r\n\t\t\t\t<\/div>\r\n\t\t\t\t<div class=\"motta-swiper-arrows-inner\">\r\n\t\t\t\t\t<span class=\"motta-svg-icon motta-svg-icon--left motta-swiper-button-prev swiper-button motta-swiper-button\" ><svg width=\"24\" height=\"24\" aria-hidden=\"true\" role=\"img\" focusable=\"false\" viewBox=\"0 0 32 32\"><path d=\"M20.58 2.58l2.84 2.84-10.6 10.58 10.6 10.58-2.84 2.84-13.4-13.42z\"><\/path><\/svg><\/span><span class=\"motta-svg-icon motta-svg-icon--right motta-swiper-button-next swiper-button motta-swiper-button\" ><svg width=\"24\" height=\"24\" aria-hidden=\"true\" role=\"img\" focusable=\"false\" viewBox=\"0 0 32 32\"><path d=\"M11.42 29.42l-2.84-2.84 10.6-10.58-10.6-10.58 2.84-2.84 13.4 13.42z\"><\/path><\/svg><\/span>\t\t\t\t<\/div>\r\n\t\t\t\t<div class=\"swiper-pagination \"><\/div>\r\n\t\t\t<\/div>\r\n\t\t\t\t\t\t<\/div>\n\t\t\t\t<\/div>\n\t\t\t\t\t<\/div>\n\t\t<\/div>\n\t\t\t\t\t<\/div>\n\t\t<\/section>\n\t\t\t\t<section class=\"elementor-section elementor-top-section elementor-element elementor-element-38757a25 motta-responsive-column motta-tablet-column--column_xs elementor-section-boxed elementor-section-height-default elementor-section-height-default motta-responsive-column motta-mobile-column--default\" data-id=\"38757a25\" data-element_type=\"section\" id=\"Sec-consoles\">\n\t\t\t\t\t\t<div class=\"elementor-container elementor-column-gap-default\">\n\t\t\t\t\t<div class=\"elementor-column elementor-col-33 elementor-top-column elementor-element elementor-element-39005deb\" data-id=\"39005deb\" data-element_type=\"column\">\n\t\t\t<div class=\"elementor-widget-wrap elementor-element-populated\">\n\t\t\t\t\t\t<div class=\"elementor-element elementor-element-1f1527e3 motta-banner__image-zoom motta-banner__countdown--column motta--time-text-enable-no elementor-widget elementor-widget-motta-banner\" data-id=\"1f1527e3\" data-element_type=\"widget\" data-widget_type=\"motta-banner.default\">\n\t\t\t\t<div class=\"elementor-widget-container\">\n\t\t\t\t\t\t\t\t<div class=\"motta-banner\">\n\t\t\t<a href=\"https:\/\/tekelec.ma\/index.php\/product\/xbox-series-x\/\" rel=\"nofollow\" class=\"motta-banner__button-link\">\t\t\t\t<div class=\"motta-banner__featured-image\"><\/div>\n\t\t\t\t<div class=\"motta-banner__wrapper countdown__position--before\">\n\t\t\t\t\t\t\t\t\t\t<div class=\"motta-banner__content\">\n\t\t\t\t\t\t\t\t\t\t\t\t<h4 class=\"motta-banner__title\">Xbox Serie X<\/h4><div class=\"motta-banner__description\">Power your dreams<\/div>\t\t\t\t\t\t<div class=\"motta-banner-button\">\n\t\t\t\t\t\t\t\t\t<span class=\"motta-button motta-button-primary  motta-button--ghost  motta-button--color-black  motta-button--small\">\r\n\t\t\t\t\t\t\t\t\t\t\t\t<span class=\"motta-button__text\">Acheter<\/span>\r\n\t\t\t\t\t\t<\/span>\r\n\t\t\t\t\t\t\t\t\t\t\t\t\t\t\t<\/div>\n\t\t\t\t\t\t\t\t\t\t\t<\/div>\n\t\t\t\t<\/div>\n\t\t\t\t<div class=\"motta-banner__sale\"><div class=\"motta-banner__sale--text\">Promo<\/div> <span class=\"motta-banner__sale--unit\">1 mois<\/span><\/div><\/a>\t\t\t<\/div>\n\t\t\t\t\t\t<\/div>\n\t\t\t\t<\/div>\n\t\t\t\t\t<\/div>\n\t\t<\/div>\n\t\t\t\t<div class=\"elementor-column elementor-col-33 elementor-top-column elementor-element elementor-element-5ad3766f\" data-id=\"5ad3766f\" data-element_type=\"column\">\n\t\t\t<div class=\"elementor-widget-wrap elementor-element-populated\">\n\t\t\t\t\t\t<div class=\"elementor-element elementor-element-5673a79d motta-banner__image-zoom motta-banner__countdown--column motta--time-text-enable-no elementor-widget elementor-widget-motta-banner\" data-id=\"5673a79d\" data-element_type=\"widget\" data-widget_type=\"motta-banner.default\">\n\t\t\t\t<div class=\"elementor-widget-container\">\n\t\t\t\t\t\t\t\t<div class=\"motta-banner\">\n\t\t\t<a href=\"https:\/\/tekelec.ma\/index.php\/product\/playstation-5-god-of-warragnarok\/\" rel=\"nofollow\" class=\"motta-banner__button-link\">\t\t\t\t<div class=\"motta-banner__featured-image\"><\/div>\n\t\t\t\t<div class=\"motta-banner__wrapper countdown__position--before\">\n\t\t\t\t\t\t\t\t\t\t<div class=\"motta-banner__content\">\n\t\t\t\t\t\t\t\t\t\t\t\t<h4 class=\"motta-banner__title\">PlayStation 5<\/h4><div class=\"motta-banner__description\">God of War Ragnar\u00f6k Edition<\/div>\t\t\t\t\t\t<div class=\"motta-banner-button\">\n\t\t\t\t\t\t\t\t\t<span class=\"motta-button motta-button-primary  motta-button--ghost  motta-button--color-black  motta-button--small\">\r\n\t\t\t\t\t\t\t\t\t\t\t\t<span class=\"motta-button__text\">Acheter<\/span>\r\n\t\t\t\t\t\t<\/span>\r\n\t\t\t\t\t\t\t\t\t\t\t\t\t\t\t<\/div>\n\t\t\t\t\t\t\t\t\t\t\t<\/div>\n\t\t\t\t<\/div>\n\t\t\t\t<div class=\"motta-banner__sale\"><div class=\"motta-banner__sale--text\">Promo<\/div> <span class=\"motta-banner__sale--unit\">1 mois<\/span><\/div><\/a>\t\t\t<\/div>\n\t\t\t\t\t\t<\/div>\n\t\t\t\t<\/div>\n\t\t\t\t\t<\/div>\n\t\t<\/div>\n\t\t\t\t<div class=\"elementor-column elementor-col-33 elementor-top-column elementor-element elementor-element-1c439dba\" data-id=\"1c439dba\" data-element_type=\"column\">\n\t\t\t<div class=\"elementor-widget-wrap elementor-element-populated\">\n\t\t\t\t\t\t<div class=\"elementor-element elementor-element-5d439248 motta-banner__image-zoom motta-banner__countdown--column motta--time-text-enable-no elementor-widget elementor-widget-motta-banner\" data-id=\"5d439248\" data-element_type=\"widget\" data-widget_type=\"motta-banner.default\">\n\t\t\t\t<div class=\"elementor-widget-container\">\n\t\t\t\t\t\t\t\t<div class=\"motta-banner\">\n\t\t\t<a href=\"https:\/\/tekelec.ma\/index.php\/product\/nintendo-switch-oled-blanche\/\" rel=\"nofollow\" class=\"motta-banner__button-link\">\t\t\t\t<div class=\"motta-banner__featured-image\"><\/div>\n\t\t\t\t<div class=\"motta-banner__wrapper countdown__position--before\">\n\t\t\t\t\t\t\t\t\t\t<div class=\"motta-banner__content\">\n\t\t\t\t\t\t\t\t\t\t\t\t<h4 class=\"motta-banner__title\">Nintendo Switch<\/h4><div class=\"motta-banner__description\">Amoled white<\/div>\t\t\t\t\t\t<div class=\"motta-banner-button\">\n\t\t\t\t\t\t\t\t\t<span class=\"motta-button motta-button-primary  motta-button--ghost  motta-button--color-black  motta-button--small\">\r\n\t\t\t\t\t\t\t\t\t\t\t\t<span class=\"motta-button__text\">Acheter<\/span>\r\n\t\t\t\t\t\t<\/span>\r\n\t\t\t\t\t\t\t\t\t\t\t\t\t\t\t<\/div>\n\t\t\t\t\t\t\t\t\t\t\t<\/div>\n\t\t\t\t<\/div>\n\t\t\t\t<div class=\"motta-banner__sale\"><div class=\"motta-banner__sale--text\">Promo<\/div> <span class=\"motta-banner__sale--unit\">1 mois<\/span><\/div><\/a>\t\t\t<\/div>\n\t\t\t\t\t\t<\/div>\n\t\t\t\t<\/div>\n\t\t\t\t\t<\/div>\n\t\t<\/div>\n\t\t\t\t\t<\/div>\n\t\t<\/section>\n\t\t\t\t<\/div>\n\t\t","protected":false},"excerpt":{"rendered":"<p>Power your dreames Un pour tout Am\u00e9liorer v\u00f4tre exp\u00e9rience. Contrairement \u00e0 tout ce que tu as d\u00e9ja vu Explore&#8230; Xbox Serie X Power your dreams Acheter Promo 1 mois PlayStation 5 God of War Ragnar\u00f6k Edition Acheter Promo 1 mois Nintendo Switch Amoled white Acheter Promo 1 mois<\/p>\n","protected":false},"author":2,"featured_media":0,"parent":0,"menu_order":0,"comment_status":"closed","ping_status":"closed","template":"elementor_theme","meta":{"footnotes":""},"class_list":["post-21638","page","type-page","status-publish","hentry"],"aioseo_notices":[],"jetpack_sharing_enabled":true,"_links":{"self":[{"href":"https:\/\/tekelec.ma\/index.php\/wp-json\/wp\/v2\/pages\/21638","targetHints":{"allow":["GET"]}}],"collection":[{"href":"https:\/\/tekelec.ma\/index.php\/wp-json\/wp\/v2\/pages"}],"about":[{"href":"https:\/\/tekelec.ma\/index.php\/wp-json\/wp\/v2\/types\/page"}],"author":[{"embeddable":true,"href":"https:\/\/tekelec.ma\/index.php\/wp-json\/wp\/v2\/users\/2"}],"replies":[{"embeddable":true,"href":"https:\/\/tekelec.ma\/index.php\/wp-json\/wp\/v2\/comments?post=21638"}],"version-history":[{"count":0,"href":"https:\/\/tekelec.ma\/index.php\/wp-json\/wp\/v2\/pages\/21638\/revisions"}],"wp:attachment":[{"href":"https:\/\/tekelec.ma\/index.php\/wp-json\/wp\/v2\/media?parent=21638"}],"curies":[{"name":"wp","href":"https:\/\/api.w.org\/{rel}","templated":true}]}}