{"id":21877,"date":"2023-11-20T12:00:33","date_gmt":"2023-11-20T11:00:33","guid":{"rendered":"https:\/\/tekelec.ma\/?page_id=21877"},"modified":"2025-09-13T12:47:30","modified_gmt":"2025-09-13T10:47:30","slug":"qui-sommes-nous","status":"publish","type":"page","link":"https:\/\/tekelec.ma\/index.php\/qui-sommes-nous\/","title":{"rendered":"Qui sommes\u00a0nous"},"content":{"rendered":"\t\t<div data-elementor-type=\"wp-page\" data-elementor-id=\"21877\" class=\"elementor elementor-21877\">\n\t\t\t\t\t\t<section class=\"elementor-section elementor-top-section elementor-element elementor-element-51417d9 elementor-section-full_width elementor-section-stretched elementor-section-height-default elementor-section-height-default motta-responsive-column motta-tablet-column--default motta-responsive-column motta-mobile-column--default\" data-id=\"51417d9\" data-element_type=\"section\" data-settings=\"{&quot;stretch_section&quot;:&quot;section-stretched&quot;}\">\n\t\t\t\t\t\t<div class=\"elementor-container elementor-column-gap-no\">\n\t\t\t\t\t<div class=\"elementor-column elementor-col-100 elementor-top-column elementor-element elementor-element-56679ce\" data-id=\"56679ce\" data-element_type=\"column\">\n\t\t\t<div class=\"elementor-widget-wrap elementor-element-populated\">\n\t\t\t\t\t\t<div class=\"elementor-element elementor-element-6622a8c motta-slides__arrow-position-center-center motta-slides__dots-position-center elementor-widget elementor-widget-motta-slides\" data-id=\"6622a8c\" data-element_type=\"widget\" data-settings=\"{&quot;navigation&quot;:&quot;both&quot;,&quot;navigation_mobile&quot;:&quot;dots&quot;,&quot;effect&quot;:&quot;slide&quot;,&quot;navigation_tablet&quot;:&quot;dots&quot;,&quot;slides_to_show&quot;:1,&quot;slides_to_scroll&quot;:1,&quot;autoplay_speed&quot;:1000,&quot;space_between&quot;:{&quot;unit&quot;:&quot;px&quot;,&quot;size&quot;:&quot;&quot;,&quot;sizes&quot;:[]},&quot;space_between_tablet&quot;:{&quot;unit&quot;:&quot;px&quot;,&quot;size&quot;:&quot;&quot;,&quot;sizes&quot;:[]},&quot;space_between_mobile&quot;:{&quot;unit&quot;:&quot;px&quot;,&quot;size&quot;:&quot;&quot;,&quot;sizes&quot;:[]}}\" data-widget_type=\"motta-slides.default\">\n\t\t\t\t<div class=\"elementor-widget-container\">\n\t\t\t\t\t\t\t\t<div class=\"motta-slides-elementor motta-swiper-carousel-elementor motta-swiper-slider-elementor navigation-both navigation-tablet-dots navigation-mobile-dots\">\r\n\t\t\t\t<div class=\"motta-slides-elementor__wrapper swiper-container\">\r\n\t\t\t\t\t<div class=\"motta-slides-elementor__inner swiper-wrapper\">\r\n\t\t\t\t\t\t\t\t\t\t\t\t\t\t\t<div class=\"elementor-repeater-item-9d3eada item-slider swiper-slide\" data-dots=\"{&quot;color&quot;:&quot;#FFFFFF3D&quot;,&quot;color_active&quot;:&quot;#FFFFFF&quot;}\" data-arrow=\"{&quot;color&quot;:&quot;#FFFFFF&quot;,&quot;background_color&quot;:&quot;#FFFFFF1F&quot;}\">\r\n\t\t\t\t\t\t\t\t\t\t<div class=\"slick-slide-inner slide-has-image\">\r\n\t\t\t\t\t\t\t\t\t\t\t<div class=\"motta-slide__content\">\r\n\t\t\t\t\t\t\t\t\t\t\t\t<div class=\"motta-slide__subtitle \">Qui sommes-nous  !<\/div>\t\t\t\t\t\t\t\t\t\t\t\t\t\t\t\t\t\t\t\t\t\t\t\t\t<div class=\"motta-slide__title\">TEKELEC<\/div>\r\n\t\t\t\t\t\t\t\t\t\t\t\t\r\n\t\t\t\t\t\t\t\t\t\t\t\t\r\n\t\t\t\t\t\t\t\t\t\t\t\t\t\t\t\t\t\t\t\t\t\t\t\t\t<div class=\"motta-slide__description\">Boutique en ligne qui vend des ordinateurs sur mesure...<\/div>\r\n\t\t\t\t\t\t\t\t\t\t\t\t\r\n\t\t\t\t\t\t\t\t\t\t\t\t\t\t\t\t\t\t\t\t\t\t\t\t<div class=\"motta-slide-button \">\r\n\t\t\t\t\t\t\t\t\t\t\t\t\t\t\t\t\t\t\t\t\t\t\t\t\t\t<a href=\"#Sec-About-us\" class=\"motta-button motta-button-second motta-button--medium  motta-button--subtle \"><span class=\"motta-button__text\">Lire la suite...<\/span><\/a>\t\t\t\t\t\t\t\t\t\t\t\t<\/div>\r\n\t\t\t\t\t\t\t\t\t\t\t\t\r\n\t\t\t\t\t\t\t\t\t\t\t<\/div>\r\n\r\n\t\t\t\t\t\t\t\t\t\t\t<div class=\"motta-slide__image\"><\/div>\t\t\t\t\t\t\t\t\t\t<\/div>\r\n\t\t\t\t\t\t\t\t\t\t\t\t\t\t\t\t\t\t\t<\/div>\r\n\t\t\t\t\t\t\t\t\t\t\t\t\t<\/div>\r\n\t\t\t\t<\/div>\r\n\t\t\t\t<div class=\"motta-swiper-arrows-inner\">\r\n\t\t\t\t\t<span class=\"motta-svg-icon motta-svg-icon--left motta-swiper-button-prev swiper-button motta-swiper-button\" ><svg width=\"24\" height=\"24\" aria-hidden=\"true\" role=\"img\" focusable=\"false\" viewBox=\"0 0 32 32\"><path d=\"M20.58 2.58l2.84 2.84-10.6 10.58 10.6 10.58-2.84 2.84-13.4-13.42z\"><\/path><\/svg><\/span><span class=\"motta-svg-icon motta-svg-icon--right motta-swiper-button-next swiper-button motta-swiper-button\" ><svg width=\"24\" height=\"24\" aria-hidden=\"true\" role=\"img\" focusable=\"false\" viewBox=\"0 0 32 32\"><path d=\"M11.42 29.42l-2.84-2.84 10.6-10.58-10.6-10.58 2.84-2.84 13.4 13.42z\"><\/path><\/svg><\/span>\t\t\t\t<\/div>\r\n\t\t\t\t<div class=\"swiper-pagination \"><\/div>\r\n\t\t\t<\/div>\r\n\t\t\t\t\t\t<\/div>\n\t\t\t\t<\/div>\n\t\t\t\t\t<\/div>\n\t\t<\/div>\n\t\t\t\t\t<\/div>\n\t\t<\/section>\n\t\t<div class=\"elementor-element elementor-element-fb86746 e-flex e-con-boxed e-con e-parent\" data-id=\"fb86746\" data-element_type=\"container\" id=\"Sec-About-us\">\n\t\t\t\t\t<div class=\"e-con-inner\">\n\t\t<div class=\"elementor-element elementor-element-e7d36c8 e-con-full e-flex e-con e-child\" data-id=\"e7d36c8\" data-element_type=\"container\">\n\t\t\t\t<div class=\"elementor-element elementor-element-1db62cb elementor-widget elementor-widget-text-editor\" data-id=\"1db62cb\" data-element_type=\"widget\" data-widget_type=\"text-editor.default\">\n\t\t\t\t<div class=\"elementor-widget-container\">\n\t\t\t\t\t\t\t\t\t<p><strong>Qui sommes-nous ?<\/strong><\/p><p>Tekelec est une boutique en ligne qui vend des ordinateurs sur mesure, des mat\u00e9riels informatiques, des smartphones et des consoles de jeu.<\/p><p>Notre mission est de fournir aux clients les meilleurs produits technologiques possibles, au meilleur prix. Nous nous engageons \u00e0 offrir un service client exceptionnel, et \u00e0 garantir la satisfaction de nos clients.<\/p><p><strong>Notre approche<\/strong><\/p><p>On propose \u00e9galement\u00a0<span style=\"font-family: var(--mt-font__main); font-size: 1rem; font-weight: var( --e-global-typography-text-font-weight );\">les <span style=\"text-decoration: underline;\">pr\u00e9-commandes<\/span>.<\/span><\/p><p><span style=\"font-family: var(--mt-font__main); font-weight: var( --e-global-typography-text-font-weight ); font-size: 1rem;\">Cela permet aux clients de b\u00e9n\u00e9ficier des meilleurs prix et de la garantie que les produits qu&rsquo;ils souhaitent seront disponibles.Ainsi que <strong>la remise<\/strong> pour<\/span>\u00a0chaque <span style=\"text-decoration: underline;\">pr\u00e9-commande<\/span>.<\/p>\t\t\t\t\t\t\t\t<\/div>\n\t\t\t\t<\/div>\n\t\t\t\t<\/div>\n\t\t<div class=\"elementor-element elementor-element-73e646d e-con-full e-flex e-con e-child\" data-id=\"73e646d\" data-element_type=\"container\">\n\t\t\t\t<div class=\"elementor-element elementor-element-bfcdfc1 elementor-widget elementor-widget-image\" data-id=\"bfcdfc1\" data-element_type=\"widget\" data-widget_type=\"image.default\">\n\t\t\t\t<div class=\"elementor-widget-container\">\n\t\t\t\t\t\t\t\t\t\t\t\t\t\t\t<img fetchpriority=\"high\" decoding=\"async\" width=\"640\" height=\"640\" src=\"https:\/\/tekelec.ma\/wp-content\/uploads\/2023\/11\/Ecommerce-checkout-laptop-pana-1024x1024.png\" class=\"attachment-large size-large wp-image-21911\" alt=\"\" srcset=\"https:\/\/tekelec.ma\/wp-content\/uploads\/2023\/11\/Ecommerce-checkout-laptop-pana-1024x1024.png 1024w, https:\/\/tekelec.ma\/wp-content\/uploads\/2023\/11\/Ecommerce-checkout-laptop-pana-300x300.png 300w, https:\/\/tekelec.ma\/wp-content\/uploads\/2023\/11\/Ecommerce-checkout-laptop-pana-100x100.png 100w, https:\/\/tekelec.ma\/wp-content\/uploads\/2023\/11\/Ecommerce-checkout-laptop-pana-600x600.png 600w, https:\/\/tekelec.ma\/wp-content\/uploads\/2023\/11\/Ecommerce-checkout-laptop-pana-150x150.png 150w, https:\/\/tekelec.ma\/wp-content\/uploads\/2023\/11\/Ecommerce-checkout-laptop-pana-768x768.png 768w, https:\/\/tekelec.ma\/wp-content\/uploads\/2023\/11\/Ecommerce-checkout-laptop-pana-1536x1536.png 1536w, https:\/\/tekelec.ma\/wp-content\/uploads\/2023\/11\/Ecommerce-checkout-laptop-pana.png 2000w\" sizes=\"(max-width: 640px) 100vw, 640px\" \/>\t\t\t\t\t\t\t\t\t\t\t\t\t\t\t<\/div>\n\t\t\t\t<\/div>\n\t\t\t\t<\/div>\n\t\t<div class=\"elementor-element elementor-element-8424e02 e-con-full e-flex e-con e-child\" data-id=\"8424e02\" data-element_type=\"container\">\n\t\t<div class=\"elementor-element elementor-element-5b167b4 e-flex e-con-boxed e-con e-child\" data-id=\"5b167b4\" data-element_type=\"container\">\n\t\t\t\t\t<div class=\"e-con-inner\">\n\t\t\t\t<div class=\"elementor-element elementor-element-317eee2 elementor-widget__width-initial elementor-widget elementor-widget-image\" data-id=\"317eee2\" data-element_type=\"widget\" data-widget_type=\"image.default\">\n\t\t\t\t<div class=\"elementor-widget-container\">\n\t\t\t\t\t\t\t\t\t\t\t\t\t\t\t<img decoding=\"async\" width=\"640\" height=\"640\" src=\"https:\/\/tekelec.ma\/wp-content\/uploads\/2023\/11\/Online-consulting-bro-1024x1024.png\" class=\"attachment-large size-large wp-image-21916\" alt=\"\" srcset=\"https:\/\/tekelec.ma\/wp-content\/uploads\/2023\/11\/Online-consulting-bro-1024x1024.png 1024w, https:\/\/tekelec.ma\/wp-content\/uploads\/2023\/11\/Online-consulting-bro-300x300.png 300w, https:\/\/tekelec.ma\/wp-content\/uploads\/2023\/11\/Online-consulting-bro-100x100.png 100w, https:\/\/tekelec.ma\/wp-content\/uploads\/2023\/11\/Online-consulting-bro-600x600.png 600w, https:\/\/tekelec.ma\/wp-content\/uploads\/2023\/11\/Online-consulting-bro-150x150.png 150w, https:\/\/tekelec.ma\/wp-content\/uploads\/2023\/11\/Online-consulting-bro-768x768.png 768w, https:\/\/tekelec.ma\/wp-content\/uploads\/2023\/11\/Online-consulting-bro-1536x1536.png 1536w, https:\/\/tekelec.ma\/wp-content\/uploads\/2023\/11\/Online-consulting-bro.png 2000w\" sizes=\"(max-width: 640px) 100vw, 640px\" \/>\t\t\t\t\t\t\t\t\t\t\t\t\t\t\t<\/div>\n\t\t\t\t<\/div>\n\t\t\t\t<div class=\"elementor-element elementor-element-69fc1ca elementor-widget elementor-widget-image\" data-id=\"69fc1ca\" data-element_type=\"widget\" data-widget_type=\"image.default\">\n\t\t\t\t<div class=\"elementor-widget-container\">\n\t\t\t\t\t\t\t\t\t\t\t\t\t\t\t<img decoding=\"async\" width=\"2000\" height=\"2000\" src=\"https:\/\/tekelec.ma\/wp-content\/uploads\/2023\/11\/Product-presentation-rafiki.png\" class=\"attachment-full size-full wp-image-21921\" alt=\"\" srcset=\"https:\/\/tekelec.ma\/wp-content\/uploads\/2023\/11\/Product-presentation-rafiki.png 2000w, https:\/\/tekelec.ma\/wp-content\/uploads\/2023\/11\/Product-presentation-rafiki-300x300.png 300w, https:\/\/tekelec.ma\/wp-content\/uploads\/2023\/11\/Product-presentation-rafiki-100x100.png 100w, https:\/\/tekelec.ma\/wp-content\/uploads\/2023\/11\/Product-presentation-rafiki-600x600.png 600w\" sizes=\"(max-width: 2000px) 100vw, 2000px\" \/>\t\t\t\t\t\t\t\t\t\t\t\t\t\t\t<\/div>\n\t\t\t\t<\/div>\n\t\t\t\t\t<\/div>\n\t\t\t\t<\/div>\n\t\t\t\t<\/div>\n\t\t<div class=\"elementor-element elementor-element-a3aadea e-con-full e-flex e-con e-child\" data-id=\"a3aadea\" data-element_type=\"container\">\n\t\t\t\t<div class=\"elementor-element elementor-element-5c1757f elementor-widget elementor-widget-text-editor\" data-id=\"5c1757f\" data-element_type=\"widget\" data-widget_type=\"text-editor.default\">\n\t\t\t\t<div class=\"elementor-widget-container\">\n\t\t\t\t\t\t\t\t\t<p><strong>Notre service client<\/strong><\/p><p><strong>Tekelec<\/strong> s&rsquo;engage \u00e0 offrir un service client exceptionnel. Nous sommes disponibles pour r\u00e9pondre aux questions des clients avant, pendant et apr\u00e8s leur commande. Nous offrons \u00e9galement une garantie de satisfaction \u00e0 100 %, afin que les clients puissent \u00eatre s\u00fbrs qu&rsquo;ils sont satisfaits de leur achat.<\/p><p>\u00a0<\/p><p>Nous sommes fiers de proposer des produits technologiques de haute qualit\u00e9, au meilleur prix, et avec un service client exceptionnel. Nous sommes convaincus que Tekelec est la meilleure option pour les clients marocains qui recherchent les meilleurs produits technologiques possibles.<\/p>\t\t\t\t\t\t\t\t<\/div>\n\t\t\t\t<\/div>\n\t\t<div class=\"elementor-element elementor-element-8ed6ad8 e-flex e-con-boxed e-con e-child\" data-id=\"8ed6ad8\" data-element_type=\"container\">\n\t\t\t\t\t<div class=\"e-con-inner\">\n\t\t\t\t<div class=\"elementor-element elementor-element-1235829 elementor-widget elementor-widget-text-editor\" data-id=\"1235829\" data-element_type=\"widget\" data-widget_type=\"text-editor.default\">\n\t\t\t\t<div class=\"elementor-widget-container\">\n\t\t\t\t\t\t\t\t\t<p><strong>Nos produits<\/strong><\/p>\n<p><strong>Tekelec<\/strong> propose une large gamme de produits technologiques, notamment :<\/p>\n<p>Ordinateurs sur mesure, Mat\u00e9riels informatiques (cartes graphiques, processeurs, etc.)<br>Smartphones<br>Consoles de jeu<br>Nous s\u00e9lectionnons attentivement nos produits, afin de garantir qu&rsquo;ils r\u00e9pondent aux besoins de nos clients. Nous proposons \u00e9galement des produits de diff\u00e9rentes marques, afin que les clients puissent trouver les produits qui correspondent \u00e0 leur budget et \u00e0 leurs besoins.<\/p>\t\t\t\t\t\t\t\t<\/div>\n\t\t\t\t<\/div>\n\t\t\t\t\t<\/div>\n\t\t\t\t<\/div>\n\t\t\t\t<\/div>\n\t\t\t\t\t<\/div>\n\t\t\t\t<\/div>\n\t\t\t\t<\/div>\n\t\t","protected":false},"excerpt":{"rendered":"<p>Qui sommes-nous ! TEKELEC Boutique en ligne qui vend des ordinateurs sur mesure&#8230; Lire la suite&#8230; Qui sommes-nous ? Tekelec est une boutique en ligne qui vend des ordinateurs sur mesure, des mat\u00e9riels informatiques, des smartphones et des consoles de jeu. Notre mission est de fournir aux clients les meilleurs produits technologiques possibles, au meilleur [&hellip;]<\/p>\n","protected":false},"author":2,"featured_media":0,"parent":0,"menu_order":0,"comment_status":"closed","ping_status":"closed","template":"","meta":{"footnotes":""},"class_list":["post-21877","page","type-page","status-publish","hentry"],"aioseo_notices":[],"jetpack_sharing_enabled":true,"_links":{"self":[{"href":"https:\/\/tekelec.ma\/index.php\/wp-json\/wp\/v2\/pages\/21877","targetHints":{"allow":["GET"]}}],"collection":[{"href":"https:\/\/tekelec.ma\/index.php\/wp-json\/wp\/v2\/pages"}],"about":[{"href":"https:\/\/tekelec.ma\/index.php\/wp-json\/wp\/v2\/types\/page"}],"author":[{"embeddable":true,"href":"https:\/\/tekelec.ma\/index.php\/wp-json\/wp\/v2\/users\/2"}],"replies":[{"embeddable":true,"href":"https:\/\/tekelec.ma\/index.php\/wp-json\/wp\/v2\/comments?post=21877"}],"version-history":[{"count":3,"href":"https:\/\/tekelec.ma\/index.php\/wp-json\/wp\/v2\/pages\/21877\/revisions"}],"predecessor-version":[{"id":24825,"href":"https:\/\/tekelec.ma\/index.php\/wp-json\/wp\/v2\/pages\/21877\/revisions\/24825"}],"wp:attachment":[{"href":"https:\/\/tekelec.ma\/index.php\/wp-json\/wp\/v2\/media?parent=21877"}],"curies":[{"name":"wp","href":"https:\/\/api.w.org\/{rel}","templated":true}]}}