{"id":3,"date":"2023-10-03T19:30:12","date_gmt":"2023-10-03T17:30:12","guid":{"rendered":"https:\/\/tekelec.ma\/?page_id=3"},"modified":"2024-01-03T13:36:10","modified_gmt":"2024-01-03T12:36:10","slug":"politique-de-confidentialite","status":"publish","type":"page","link":"https:\/\/tekelec.ma\/index.php\/politique-de-confidentialite\/","title":{"rendered":"Politique de confidentialit\u00e9"},"content":{"rendered":"\t\t<div data-elementor-type=\"wp-page\" data-elementor-id=\"3\" class=\"elementor elementor-3\">\n\t\t\t\t\t\t<section class=\"elementor-section elementor-top-section elementor-element elementor-element-f5ceee4 elementor-section-full_width elementor-section-stretched elementor-section-height-default elementor-section-height-default motta-responsive-column motta-tablet-column--default motta-responsive-column motta-mobile-column--default\" data-id=\"f5ceee4\" data-element_type=\"section\" data-settings=\"{&quot;stretch_section&quot;:&quot;section-stretched&quot;}\">\n\t\t\t\t\t\t<div class=\"elementor-container elementor-column-gap-no\">\n\t\t\t\t\t<div class=\"elementor-column elementor-col-100 elementor-top-column elementor-element elementor-element-88c831d\" data-id=\"88c831d\" data-element_type=\"column\">\n\t\t\t<div class=\"elementor-widget-wrap elementor-element-populated\">\n\t\t\t\t\t\t<div class=\"elementor-element elementor-element-74fa401 motta-slides__arrow-position-center-center motta-slides__dots-position-center elementor-widget elementor-widget-motta-slides\" data-id=\"74fa401\" data-element_type=\"widget\" data-settings=\"{&quot;navigation&quot;:&quot;dots&quot;,&quot;navigation_mobile&quot;:&quot;dots&quot;,&quot;effect&quot;:&quot;slide&quot;,&quot;navigation_tablet&quot;:&quot;dots&quot;,&quot;slides_to_show&quot;:1,&quot;slides_to_scroll&quot;:1,&quot;autoplay_speed&quot;:1000,&quot;space_between&quot;:{&quot;unit&quot;:&quot;px&quot;,&quot;size&quot;:&quot;&quot;,&quot;sizes&quot;:[]},&quot;space_between_tablet&quot;:{&quot;unit&quot;:&quot;px&quot;,&quot;size&quot;:&quot;&quot;,&quot;sizes&quot;:[]},&quot;space_between_mobile&quot;:{&quot;unit&quot;:&quot;px&quot;,&quot;size&quot;:&quot;&quot;,&quot;sizes&quot;:[]}}\" data-widget_type=\"motta-slides.default\">\n\t\t\t\t<div class=\"elementor-widget-container\">\n\t\t\t\t\t\t\t\t<div class=\"motta-slides-elementor motta-swiper-carousel-elementor motta-swiper-slider-elementor navigation-dots navigation-tablet-dots navigation-mobile-dots\">\r\n\t\t\t\t<div class=\"motta-slides-elementor__wrapper swiper-container\">\r\n\t\t\t\t\t<div class=\"motta-slides-elementor__inner swiper-wrapper\">\r\n\t\t\t\t\t\t\t\t\t\t\t\t\t\t\t<div class=\"elementor-repeater-item-80cd7b1 item-slider swiper-slide\" data-dots=\"[]\" data-arrow=\"[]\">\r\n\t\t\t\t\t\t\t\t\t\t<div class=\"slick-slide-inner slide-has-image\">\r\n\t\t\t\t\t\t\t\t\t\t\t<div class=\"motta-slide__content\">\r\n\t\t\t\t\t\t\t\t\t\t\t\t\t\t\t\t\t\t\t\t\t\t\t\t\t\t\t\t\t\t\t\t\t\t\t\t\t<div class=\"motta-slide__title\">PDC - Tekelec.ma<\/div>\r\n\t\t\t\t\t\t\t\t\t\t\t\t\r\n\t\t\t\t\t\t\t\t\t\t\t\t\r\n\t\t\t\t\t\t\t\t\t\t\t\t\t\t\t\t\t\t\t\t\t\t\t\t\t<div class=\"motta-slide__description\">Politique de confidentialit\u00e9<\/div>\r\n\t\t\t\t\t\t\t\t\t\t\t\t\r\n\t\t\t\t\t\t\t\t\t\t\t\t\t\t\t\t\t\t\t\t\t\t\t\t<div class=\"motta-slide-button \">\r\n\t\t\t\t\t\t\t\t\t\t\t\t\t<a href=\"#Sec-pdc\" class=\"motta-button motta-button-primary motta-button--medium  motta-button--base \"><span class=\"motta-button__text\">Lire la suite...<\/span><\/a>\t\t\t\t\t\t\t\t\t\t\t\t\t\t\t\t\t\t\t\t\t\t\t\t\t<\/div>\r\n\t\t\t\t\t\t\t\t\t\t\t\t\r\n\t\t\t\t\t\t\t\t\t\t\t<\/div>\r\n\r\n\t\t\t\t\t\t\t\t\t\t\t<div class=\"motta-slide__image\"><\/div>\t\t\t\t\t\t\t\t\t\t<\/div>\r\n\t\t\t\t\t\t\t\t\t\t\t\t\t\t\t\t\t\t\t<\/div>\r\n\t\t\t\t\t\t\t\t\t\t\t\t\t<\/div>\r\n\t\t\t\t<\/div>\r\n\t\t\t\t<div class=\"motta-swiper-arrows-inner\">\r\n\t\t\t\t\t<span class=\"motta-svg-icon motta-svg-icon--left motta-swiper-button-prev swiper-button motta-swiper-button\" ><svg width=\"24\" height=\"24\" aria-hidden=\"true\" role=\"img\" focusable=\"false\" viewBox=\"0 0 32 32\"><path d=\"M20.58 2.58l2.84 2.84-10.6 10.58 10.6 10.58-2.84 2.84-13.4-13.42z\"><\/path><\/svg><\/span><span class=\"motta-svg-icon motta-svg-icon--right motta-swiper-button-next swiper-button motta-swiper-button\" ><svg width=\"24\" height=\"24\" aria-hidden=\"true\" role=\"img\" focusable=\"false\" viewBox=\"0 0 32 32\"><path d=\"M11.42 29.42l-2.84-2.84 10.6-10.58-10.6-10.58 2.84-2.84 13.4 13.42z\"><\/path><\/svg><\/span>\t\t\t\t<\/div>\r\n\t\t\t\t<div class=\"swiper-pagination \"><\/div>\r\n\t\t\t<\/div>\r\n\t\t\t\t\t\t<\/div>\n\t\t\t\t<\/div>\n\t\t\t\t\t<\/div>\n\t\t<\/div>\n\t\t\t\t\t<\/div>\n\t\t<\/section>\n\t\t<div class=\"elementor-element elementor-element-24984e40 e-flex e-con-boxed e-con e-parent\" data-id=\"24984e40\" data-element_type=\"container\" id=\"Sec-pdc\">\n\t\t\t\t\t<div class=\"e-con-inner\">\n\t\t\t\t<div class=\"elementor-element elementor-element-65d3a72d elementor-widget elementor-widget-text-editor\" data-id=\"65d3a72d\" data-element_type=\"widget\" data-widget_type=\"text-editor.default\">\n\t\t\t\t<div class=\"elementor-widget-container\">\n\t\t\t\t\t\t\t\t\t<h6>Politique de Confidentialit\u00e9 de Tekelec.ma<\/h6><p><strong>1. Introduction<\/strong><\/p><p>Bienvenue sur <strong>Tekelec.ma<\/strong>. Nous respectons la vie priv\u00e9e de nos utilisateurs. Dans cette Politique de Confidentialit\u00e9, nous d\u00e9crivons comment nous collectons, utilisons et divulguons les informations que nous obtenons de nos utilisateurs.<\/p><p><strong>2. Collecte d&rsquo;Informations<\/strong><\/p><p>Nous pouvons collecter des informations personnelles, comme votre nom, adresse e-mail, adresse postale, num\u00e9ro de t\u00e9l\u00e9phone, ainsi que d&rsquo;autres informations que vous nous fournissez directement lorsque vous cr\u00e9ez un compte, effectuez un achat, etc.<\/p><p><strong>3. Utilisation des Informations<\/strong><\/p><p>Nous utilisons les informations que nous collectons pour, entre autres, traiter vos transactions, g\u00e9rer votre compte, r\u00e9pondre \u00e0 vos demandes, am\u00e9liorer notre site web, et pour d&rsquo;autres fins commerciales.<\/p><p><strong>4. Partage des Informations<\/strong><\/p><p>Nous ne vendons, n&rsquo;\u00e9changeons ni ne louons vos informations personnelles \u00e0 des tiers. Nous pouvons partager vos informations avec des fournisseurs de services qui nous aident \u00e0 exploiter notre site web et \u00e0 mener nos activit\u00e9s.<\/p><p><strong>5. S\u00e9curit\u00e9<\/strong><\/p><p>Nous prenons des mesures de s\u00e9curit\u00e9 pour prot\u00e9ger vos informations contre l&rsquo;acc\u00e8s, la divulgation, l&rsquo;alt\u00e9ration ou la destruction non autoris\u00e9s.<\/p><p><strong>6. Modifications de cette Politique<\/strong><\/p><p>Nous pouvons modifier cette Politique de Confidentialit\u00e9 de temps \u00e0 autre. Si nous apportons des modifications, nous vous en informerons en mettant \u00e0 jour la date en haut de cette politique.<\/p><p><strong>7. Contactez-Nous<\/strong><\/p><p>Si vous avez des questions sur cette Politique de Confidentialit\u00e9, veuillez nous contacter \u00e0: <a href=\"mailto:support@tekelec.ma\"><strong>support@tekelec.ma<\/strong><\/a><\/p>\t\t\t\t\t\t\t\t<\/div>\n\t\t\t\t<\/div>\n\t\t\t\t\t<\/div>\n\t\t\t\t<\/div>\n\t\t\t\t<\/div>\n\t\t","protected":false},"excerpt":{"rendered":"<p>PDC &#8211; Tekelec.ma Politique de confidentialit\u00e9 Lire la suite&#8230; Politique de Confidentialit\u00e9 de Tekelec.ma 1. Introduction Bienvenue sur Tekelec.ma. Nous respectons la vie priv\u00e9e de nos utilisateurs. Dans cette Politique de Confidentialit\u00e9, nous d\u00e9crivons comment nous collectons, utilisons et divulguons les informations que nous obtenons de nos utilisateurs. 2. Collecte d&rsquo;Informations Nous pouvons collecter des [&hellip;]<\/p>\n","protected":false},"author":1,"featured_media":0,"parent":0,"menu_order":0,"comment_status":"closed","ping_status":"open","template":"","meta":{"footnotes":""},"class_list":["post-3","page","type-page","status-publish","hentry"],"aioseo_notices":[],"jetpack_sharing_enabled":true,"_links":{"self":[{"href":"https:\/\/tekelec.ma\/index.php\/wp-json\/wp\/v2\/pages\/3","targetHints":{"allow":["GET"]}}],"collection":[{"href":"https:\/\/tekelec.ma\/index.php\/wp-json\/wp\/v2\/pages"}],"about":[{"href":"https:\/\/tekelec.ma\/index.php\/wp-json\/wp\/v2\/types\/page"}],"author":[{"embeddable":true,"href":"https:\/\/tekelec.ma\/index.php\/wp-json\/wp\/v2\/users\/1"}],"replies":[{"embeddable":true,"href":"https:\/\/tekelec.ma\/index.php\/wp-json\/wp\/v2\/comments?post=3"}],"version-history":[{"count":0,"href":"https:\/\/tekelec.ma\/index.php\/wp-json\/wp\/v2\/pages\/3\/revisions"}],"wp:attachment":[{"href":"https:\/\/tekelec.ma\/index.php\/wp-json\/wp\/v2\/media?parent=3"}],"curies":[{"name":"wp","href":"https:\/\/api.w.org\/{rel}","templated":true}]}}