{"id":22004,"date":"2023-12-03T11:40:34","date_gmt":"2023-12-03T10:40:34","guid":{"rendered":"https:\/\/tekelec.ma\/?post_type=product&#038;p=22004"},"modified":"2025-08-08T22:30:08","modified_gmt":"2025-08-08T20:30:08","slug":"samsung-ssd-980-pro-m-2-pcie-nvme","status":"publish","type":"product","link":"https:\/\/tekelec.ma\/index.php\/product\/samsung-ssd-980-pro-m-2-pcie-nvme\/","title":{"rendered":"Samsung SSD 980 PRO M.2 PCIe NVMe"},"content":{"rendered":"<div class=\"col-lg-6\">\n<div class=\"product-tabs tabs\">\n<ul class=\"nav nav-tabs\">\n<li class=\"nav-item h4\"><a class=\"nav-link active\" href=\"https:\/\/www.ultrapc.ma\/disques-ssd\/4475-samsung-ssd-980-pro-m2-pcie-nvme-2tb-disques-ssd.html#description\" data-toggle=\"tab\">Description<\/a><\/li>\n<\/ul>\n<div id=\"tab-content\" class=\"tab-content\">\n<div id=\"description\" class=\"tab-pane fade show active\">\n<div class=\"product-description\">\n<p>Le disque\u00a0SSD 980 PRO 2 To\u00a0de Samsung permet de m\u00e9tamorphoser les performances et la r\u00e9activit\u00e9 de votre machine. B\u00e9n\u00e9ficiant de vitesses stratosph\u00e9riques et d&rsquo;une endurance tr\u00e8s \u00e9lev\u00e9e, le Samsung 980 PRO au format M.2 2280 s&rsquo;appuie sur l&rsquo;interface PCI-E 4.0 x4 ainsi que sur la technologie NVMe 1.3c. Il est par ailleurs muni d&rsquo;une m\u00e9moire\u00a0<span class=\"product-specs__highlights-desc\">Samsung V-NAND 3-bit MLC<\/span>, d&rsquo;un contr\u00f4leur Samsung Elpis et de 2 Go de m\u00e9moire cache LPDDR4.<\/p>\n<p>Le\u00a0Samsung 980 PRO M.2 PCIe 4.0 4x NVMe 1.3c\u00a0est pens\u00e9 avant tout pour les hardcore gamers et les technophiles les plus exigeants, le 980 PRO offre \u00e0 la fois une bande passante et un d\u00e9bit haute performance pour les lourdes requ\u00eates dans le gaming, l&rsquo;infographie, l&rsquo;analyse de donn\u00e9es, et plus encore. Le chargement des jeux est ultra-rapide pour que vous puissiez jouer plus, et attendre moins.<\/p>\n<\/div>\n<\/div>\n<\/div>\n<\/div>\n<\/div>\n<div class=\"col-lg-6\">\n<div id=\"product-details\" style=\"box-sizing: inherit;\" data-product=\"{&quot;id_shop_default&quot;:&quot;1&quot;,&quot;id_manufacturer&quot;:&quot;23&quot;,&quot;id_supplier&quot;:&quot;0&quot;,&quot;reference&quot;:&quot;8806090696534&quot;,&quot;is_virtual&quot;:&quot;0&quot;,&quot;delivery_in_stock&quot;:&quot;&quot;,&quot;delivery_out_stock&quot;:&quot;&quot;,&quot;id_category_default&quot;:&quot;139&quot;,&quot;on_sale&quot;:&quot;0&quot;,&quot;online_only&quot;:&quot;0&quot;,&quot;ecotax&quot;:0,&quot;minimal_quantity&quot;:&quot;1&quot;,&quot;low_stock_threshold&quot;:null,&quot;low_stock_alert&quot;:&quot;0&quot;,&quot;price&quot;:&quot;2\\u202f199,00\\u00a0MAD&quot;,&quot;unity&quot;:&quot;&quot;,&quot;unit_price_ratio&quot;:&quot;0.000000&quot;,&quot;additional_shipping_cost&quot;:&quot;0.000000&quot;,&quot;customizable&quot;:&quot;0&quot;,&quot;text_fields&quot;:&quot;0&quot;,&quot;uploadable_files&quot;:&quot;0&quot;,&quot;redirect_type&quot;:&quot;404&quot;,&quot;id_type_redirected&quot;:&quot;0&quot;,&quot;available_for_order&quot;:&quot;1&quot;,&quot;available_date&quot;:&quot;0000-00-00&quot;,&quot;show_condition&quot;:&quot;1&quot;,&quot;condition&quot;:&quot;new&quot;,&quot;show_price&quot;:&quot;1&quot;,&quot;indexed&quot;:&quot;1&quot;,&quot;visibility&quot;:&quot;both&quot;,&quot;cache_default_attribute&quot;:&quot;0&quot;,&quot;advanced_stock_management&quot;:&quot;0&quot;,&quot;date_add&quot;:&quot;2021-11-27 14:27:30&quot;,&quot;date_upd&quot;:&quot;2023-11-28 17:51:22&quot;,&quot;pack_stock_type&quot;:&quot;3&quot;,&quot;meta_description&quot;:&quot;SSD 2 To M.2 NVMe 1.3c - PCIe 4.0 x4&quot;,&quot;meta_keywords&quot;:&quot;Samsung SSD 980 PRO M.2 PCIe NVMe 2TB, Samsung, Disques SSD&quot;,&quot;meta_title&quot;:&quot;Samsung SSD 980 PRO M.2 PCIe NVMe 2TB Disques SSD Samsung Maroc&quot;,&quot;link_rewrite&quot;:&quot;samsung-ssd-980-pro-m2-pcie-nvme-2tb-disques-ssd&quot;,&quot;name&quot;:&quot;Samsung SSD 980 PRO M.2 PCIe NVMe 2TB&quot;,&quot;description&quot;:&quot;&lt;h2&gt;&lt;span style=\\&quot;color: #505050; font-family: Montserrat, sans-serif; font-size: 13px; font-weight: 400; text-align: justify; background-color: #ffffff;\\&quot;&gt;Le disque\\u00a0&lt;\\\/span&gt;&lt;span style=\\&quot;box-sizing: border-box; margin: 0px; padding: 0px; border: 0px; font-variant-numeric: inherit; font-variant-east-asian: inherit; font-stretch: inherit; font-size: 13px; line-height: inherit; font-family: Montserrat, sans-serif; vertical-align: baseline; color: #505050; text-align: justify; background-color: #ffffff;\\&quot;&gt;SSD 980 PRO 2 To&lt;\\\/span&gt;&lt;span style=\\&quot;color: #505050; font-family: Montserrat, sans-serif; font-size: 13px; font-weight: 400; text-align: justify; background-color: #ffffff;\\&quot;&gt;\\u00a0de Samsung permet de m\\u00e9tamorphoser les performances et la r\\u00e9activit\\u00e9 de votre machine. B\\u00e9n\\u00e9ficiant de vitesses stratosph\\u00e9riques et d'une endurance tr\\u00e8s \\u00e9lev\\u00e9e, le Samsung 980 PRO au format M.2 2280 s'appuie sur l'interface PCI-E 4.0 x4 ainsi que sur la technologie NVMe 1.3c. Il est par ailleurs muni d'une m\\u00e9moire\\u00a0&lt;\\\/span&gt;&lt;span class=\\&quot;product-specs__highlights-desc\\&quot; style=\\&quot;box-sizing: border-box; margin: 0px; padding: 0px; border: 0px; font-variant-numeric: inherit; font-variant-east-asian: inherit; font-weight: 400; font-stretch: inherit; font-size: 13px; line-height: inherit; font-family: Montserrat, sans-serif; vertical-align: baseline; color: #505050; text-align: justify; background-color: #ffffff;\\&quot;&gt;Samsung V-NAND 3-bit MLC&lt;\\\/span&gt;&lt;span style=\\&quot;color: #505050; font-family: Montserrat, sans-serif; font-size: 13px; font-weight: 400; text-align: justify; background-color: #ffffff;\\&quot;&gt;, d'un contr\\u00f4leur Samsung Elpis et de 2 Go de m\\u00e9moire cache LPDDR4.&lt;\\\/span&gt;&lt;br style=\\&quot;box-sizing: border-box; color: #505050; font-family: Montserrat, sans-serif; font-size: 13px; font-weight: 400; text-align: justify; background-color: #ffffff;\\&quot; \\\/&gt;&lt;span style=\\&quot;color: #505050; font-family: Montserrat, sans-serif; font-size: 13px; font-weight: 400; text-align: justify; background-color: #ffffff;\\&quot;&gt;\\u00a0\\u00a0&lt;\\\/span&gt;&lt;br style=\\&quot;box-sizing: border-box; color: #505050; font-family: Montserrat, sans-serif; font-size: 13px; font-weight: 400; text-align: justify; background-color: #ffffff;\\&quot; \\\/&gt;&lt;span style=\\&quot;color: #505050; font-family: Montserrat, sans-serif; font-size: 13px; font-weight: 400; text-align: justify; background-color: #ffffff;\\&quot;&gt;Le\\u00a0&lt;\\\/span&gt;&lt;span style=\\&quot;box-sizing: border-box; margin: 0px; padding: 0px; border: 0px; font-variant-numeric: inherit; font-variant-east-asian: inherit; font-stretch: inherit; font-size: 13px; line-height: inherit; font-family: Montserrat, sans-serif; vertical-align: baseline; color: #505050; text-align: justify; background-color: #ffffff;\\&quot;&gt;Samsung 980 PRO M.2 PCIe 4.0 4x NVMe 1.3c&lt;\\\/span&gt;&lt;span style=\\&quot;color: #505050; font-family: Montserrat, sans-serif; font-size: 13px; font-weight: 400; text-align: justify; background-color: #ffffff;\\&quot;&gt;\\u00a0est pens\\u00e9 avant tout pour les hardcore gamers et les technophiles les plus exigeants, le 980 PRO offre \\u00e0 la fois une bande passante et un d\\u00e9bit haute performance pour les lourdes requ\\u00eates dans le gaming, l'infographie, l'analyse de donn\\u00e9es, et plus encore. Le chargement des jeux est ultra-rapide pour que vous puissiez jouer plus, et attendre moins.&lt;\\\/span&gt;&lt;\\\/h2&gt;&quot;,&quot;description_short&quot;:&quot;&lt;p&gt;SSD 2 To M.2 NVMe 1.3c - PCIe 4.0 x4&lt;\\\/p&gt;&quot;,&quot;available_now&quot;:&quot;Produit en stock&quot;,&quot;available_later&quot;:&quot;Sur commande 12 \\u00e0 21 jours&quot;,&quot;id&quot;:4475,&quot;id_product&quot;:4475,&quot;out_of_stock&quot;:2,&quot;new&quot;:0,&quot;id_product_attribute&quot;:&quot;0&quot;,&quot;quantity_wanted&quot;:1,&quot;extraContent&quot;:[],&quot;allow_oosp&quot;:0,&quot;category&quot;:&quot;disques-ssd&quot;,&quot;category_name&quot;:&quot;Disques SSD&quot;,&quot;link&quot;:&quot;https:\\\/\\\/www.ultrapc.ma\\\/disques-ssd\\\/4475-samsung-ssd-980-pro-m2-pcie-nvme-2tb-disques-ssd.html&quot;,&quot;attribute_price&quot;:0,&quot;price_tax_exc&quot;:1832.5,&quot;price_without_reduction&quot;:2199,&quot;reduction&quot;:0,&quot;specific_prices&quot;:[],&quot;quantity&quot;:0,&quot;quantity_all_versions&quot;:0,&quot;id_image&quot;:&quot;fr-default&quot;,&quot;features&quot;:[{&quot;name&quot;:&quot;Format de Disque&quot;,&quot;value&quot;:&quot;Carte M.2&quot;,&quot;id_feature&quot;:&quot;77&quot;,&quot;position&quot;:&quot;38&quot;},{&quot;name&quot;:&quot;Capacit\\u00e9 de disque&quot;,&quot;value&quot;:&quot;2 To&quot;,&quot;id_feature&quot;:&quot;78&quot;,&quot;position&quot;:&quot;39&quot;},{&quot;name&quot;:&quot;Interface&quot;,&quot;value&quot;:&quot;PCI-E 4.0 4x&quot;,&quot;id_feature&quot;:&quot;82&quot;,&quot;position&quot;:&quot;42&quot;},{&quot;name&quot;:&quot;Vitesse en lecture&quot;,&quot;value&quot;:&quot;7000 Mo\\\/s&quot;,&quot;id_feature&quot;:&quot;83&quot;,&quot;position&quot;:&quot;43&quot;},{&quot;name&quot;:&quot;Vitesse en \\u00e9criture&quot;,&quot;value&quot;:&quot;5000 Mo\\\/s&quot;,&quot;id_feature&quot;:&quot;84&quot;,&quot;position&quot;:&quot;44&quot;},{&quot;name&quot;:&quot;Garantie&quot;,&quot;value&quot;:&quot;12 Mois&quot;,&quot;id_feature&quot;:&quot;44&quot;,&quot;position&quot;:&quot;178&quot;}],&quot;attachments&quot;:[],&quot;virtual&quot;:0,&quot;pack&quot;:0,&quot;packItems&quot;:[],&quot;nopackprice&quot;:0,&quot;customization_required&quot;:false,&quot;rate&quot;:20,&quot;tax_name&quot;:&quot;TVA MA 20%&quot;,&quot;ecotax_rate&quot;:0,&quot;unit_price&quot;:&quot;&quot;,&quot;customizations&quot;:{&quot;fields&quot;:[]},&quot;id_customization&quot;:0,&quot;is_customizable&quot;:false,&quot;show_quantities&quot;:false,&quot;quantity_label&quot;:&quot;Produit&quot;,&quot;quantity_discounts&quot;:[],&quot;customer_group_discount&quot;:0,&quot;images&quot;:[{&quot;bySize&quot;:{&quot;small_default&quot;:{&quot;url&quot;:&quot;https:\\\/\\\/www.ultrapc.ma\\\/17842-small_default\\\/samsung-ssd-980-pro-m2-pcie-nvme-2tb-disques-ssd.jpg&quot;,&quot;width&quot;:50,&quot;height&quot;:50},&quot;cart_default&quot;:{&quot;url&quot;:&quot;https:\\\/\\\/www.ultrapc.ma\\\/17842-cart_default\\\/samsung-ssd-980-pro-m2-pcie-nvme-2tb-disques-ssd.jpg&quot;,&quot;width&quot;:100,&quot;height&quot;:100},&quot;home_default&quot;:{&quot;url&quot;:&quot;https:\\\/\\\/www.ultrapc.ma\\\/17842-home_default\\\/samsung-ssd-980-pro-m2-pcie-nvme-2tb-disques-ssd.jpg&quot;,&quot;width&quot;:280,&quot;height&quot;:280},&quot;large_default&quot;:{&quot;url&quot;:&quot;https:\\\/\\\/www.ultrapc.ma\\\/17842-large_default\\\/samsung-ssd-980-pro-m2-pcie-nvme-2tb-disques-ssd.jpg&quot;,&quot;width&quot;:600,&quot;height&quot;:600},&quot;medium_default&quot;:{&quot;url&quot;:&quot;https:\\\/\\\/www.ultrapc.ma\\\/17842-medium_default\\\/samsung-ssd-980-pro-m2-pcie-nvme-2tb-disques-ssd.jpg&quot;,&quot;width&quot;:600,&quot;height&quot;:600},&quot;large_banner&quot;:{&quot;url&quot;:&quot;https:\\\/\\\/www.ultrapc.ma\\\/17842-large_banner\\\/samsung-ssd-980-pro-m2-pcie-nvme-2tb-disques-ssd.jpg&quot;,&quot;width&quot;:1140,&quot;height&quot;:400}},&quot;small&quot;:{&quot;url&quot;:&quot;https:\\\/\\\/www.ultrapc.ma\\\/17842-small_default\\\/samsung-ssd-980-pro-m2-pcie-nvme-2tb-disques-ssd.jpg&quot;,&quot;width&quot;:50,&quot;height&quot;:50},&quot;medium&quot;:{&quot;url&quot;:&quot;https:\\\/\\\/www.ultrapc.ma\\\/17842-large_default\\\/samsung-ssd-980-pro-m2-pcie-nvme-2tb-disques-ssd.jpg&quot;,&quot;width&quot;:600,&quot;height&quot;:600},&quot;large&quot;:{&quot;url&quot;:&quot;https:\\\/\\\/www.ultrapc.ma\\\/17842-large_banner\\\/samsung-ssd-980-pro-m2-pcie-nvme-2tb-disques-ssd.jpg&quot;,&quot;width&quot;:1140,&quot;height&quot;:400},&quot;legend&quot;:&quot;Samsung SSD 980 PRO M.2 PCIe NVMe 2TB Disques SSD Samsung, Ultra Pc Gamer Maroc&quot;,&quot;id_image&quot;:&quot;17842&quot;,&quot;cover&quot;:&quot;1&quot;,&quot;position&quot;:&quot;1&quot;,&quot;associatedVariants&quot;:[]},{&quot;bySize&quot;:{&quot;small_default&quot;:{&quot;url&quot;:&quot;https:\\\/\\\/www.ultrapc.ma\\\/17843-small_default\\\/samsung-ssd-980-pro-m2-pcie-nvme-2tb-disques-ssd.jpg&quot;,&quot;width&quot;:50,&quot;height&quot;:50},&quot;cart_default&quot;:{&quot;url&quot;:&quot;https:\\\/\\\/www.ultrapc.ma\\\/17843-cart_default\\\/samsung-ssd-980-pro-m2-pcie-nvme-2tb-disques-ssd.jpg&quot;,&quot;width&quot;:100,&quot;height&quot;:100},&quot;home_default&quot;:{&quot;url&quot;:&quot;https:\\\/\\\/www.ultrapc.ma\\\/17843-home_default\\\/samsung-ssd-980-pro-m2-pcie-nvme-2tb-disques-ssd.jpg&quot;,&quot;width&quot;:280,&quot;height&quot;:280},&quot;large_default&quot;:{&quot;url&quot;:&quot;https:\\\/\\\/www.ultrapc.ma\\\/17843-large_default\\\/samsung-ssd-980-pro-m2-pcie-nvme-2tb-disques-ssd.jpg&quot;,&quot;width&quot;:600,&quot;height&quot;:600},&quot;medium_default&quot;:{&quot;url&quot;:&quot;https:\\\/\\\/www.ultrapc.ma\\\/17843-medium_default\\\/samsung-ssd-980-pro-m2-pcie-nvme-2tb-disques-ssd.jpg&quot;,&quot;width&quot;:600,&quot;height&quot;:600},&quot;large_banner&quot;:{&quot;url&quot;:&quot;https:\\\/\\\/www.ultrapc.ma\\\/17843-large_banner\\\/samsung-ssd-980-pro-m2-pcie-nvme-2tb-disques-ssd.jpg&quot;,&quot;width&quot;:1140,&quot;height&quot;:400}},&quot;small&quot;:{&quot;url&quot;:&quot;https:\\\/\\\/www.ultrapc.ma\\\/17843-small_default\\\/samsung-ssd-980-pro-m2-pcie-nvme-2tb-disques-ssd.jpg&quot;,&quot;width&quot;:50,&quot;height&quot;:50},&quot;medium&quot;:{&quot;url&quot;:&quot;https:\\\/\\\/www.ultrapc.ma\\\/17843-large_default\\\/samsung-ssd-980-pro-m2-pcie-nvme-2tb-disques-ssd.jpg&quot;,&quot;width&quot;:600,&quot;height&quot;:600},&quot;large&quot;:{&quot;url&quot;:&quot;https:\\\/\\\/www.ultrapc.ma\\\/17843-large_banner\\\/samsung-ssd-980-pro-m2-pcie-nvme-2tb-disques-ssd.jpg&quot;,&quot;width&quot;:1140,&quot;height&quot;:400},&quot;legend&quot;:&quot;Samsung SSD 980 PRO M.2 PCIe NVMe 2TB Disques SSD Samsung, Ultra Pc Gamer Maroc&quot;,&quot;id_image&quot;:&quot;17843&quot;,&quot;cover&quot;:null,&quot;position&quot;:&quot;2&quot;,&quot;associatedVariants&quot;:[]},{&quot;bySize&quot;:{&quot;small_default&quot;:{&quot;url&quot;:&quot;https:\\\/\\\/www.ultrapc.ma\\\/17844-small_default\\\/samsung-ssd-980-pro-m2-pcie-nvme-2tb-disques-ssd.jpg&quot;,&quot;width&quot;:50,&quot;height&quot;:50},&quot;cart_default&quot;:{&quot;url&quot;:&quot;https:\\\/\\\/www.ultrapc.ma\\\/17844-cart_default\\\/samsung-ssd-980-pro-m2-pcie-nvme-2tb-disques-ssd.jpg&quot;,&quot;width&quot;:100,&quot;height&quot;:100},&quot;home_default&quot;:{&quot;url&quot;:&quot;https:\\\/\\\/www.ultrapc.ma\\\/17844-home_default\\\/samsung-ssd-980-pro-m2-pcie-nvme-2tb-disques-ssd.jpg&quot;,&quot;width&quot;:280,&quot;height&quot;:280},&quot;large_default&quot;:{&quot;url&quot;:&quot;https:\\\/\\\/www.ultrapc.ma\\\/17844-large_default\\\/samsung-ssd-980-pro-m2-pcie-nvme-2tb-disques-ssd.jpg&quot;,&quot;width&quot;:600,&quot;height&quot;:600},&quot;medium_default&quot;:{&quot;url&quot;:&quot;https:\\\/\\\/www.ultrapc.ma\\\/17844-medium_default\\\/samsung-ssd-980-pro-m2-pcie-nvme-2tb-disques-ssd.jpg&quot;,&quot;width&quot;:600,&quot;height&quot;:600},&quot;large_banner&quot;:{&quot;url&quot;:&quot;https:\\\/\\\/www.ultrapc.ma\\\/17844-large_banner\\\/samsung-ssd-980-pro-m2-pcie-nvme-2tb-disques-ssd.jpg&quot;,&quot;width&quot;:1140,&quot;height&quot;:400}},&quot;small&quot;:{&quot;url&quot;:&quot;https:\\\/\\\/www.ultrapc.ma\\\/17844-small_default\\\/samsung-ssd-980-pro-m2-pcie-nvme-2tb-disques-ssd.jpg&quot;,&quot;width&quot;:50,&quot;height&quot;:50},&quot;medium&quot;:{&quot;url&quot;:&quot;https:\\\/\\\/www.ultrapc.ma\\\/17844-large_default\\\/samsung-ssd-980-pro-m2-pcie-nvme-2tb-disques-ssd.jpg&quot;,&quot;width&quot;:600,&quot;height&quot;:600},&quot;large&quot;:{&quot;url&quot;:&quot;https:\\\/\\\/www.ultrapc.ma\\\/17844-large_banner\\\/samsung-ssd-980-pro-m2-pcie-nvme-2tb-disques-ssd.jpg&quot;,&quot;width&quot;:1140,&quot;height&quot;:400},&quot;legend&quot;:&quot;Samsung SSD 980 PRO M.2 PCIe NVMe 2TB Disques SSD Samsung, Ultra Pc Gamer Maroc&quot;,&quot;id_image&quot;:&quot;17844&quot;,&quot;cover&quot;:null,&quot;position&quot;:&quot;3&quot;,&quot;associatedVariants&quot;:[]}],&quot;cover&quot;:{&quot;bySize&quot;:{&quot;small_default&quot;:{&quot;url&quot;:&quot;https:\\\/\\\/www.ultrapc.ma\\\/17842-small_default\\\/samsung-ssd-980-pro-m2-pcie-nvme-2tb-disques-ssd.jpg&quot;,&quot;width&quot;:50,&quot;height&quot;:50},&quot;cart_default&quot;:{&quot;url&quot;:&quot;https:\\\/\\\/www.ultrapc.ma\\\/17842-cart_default\\\/samsung-ssd-980-pro-m2-pcie-nvme-2tb-disques-ssd.jpg&quot;,&quot;width&quot;:100,&quot;height&quot;:100},&quot;home_default&quot;:{&quot;url&quot;:&quot;https:\\\/\\\/www.ultrapc.ma\\\/17842-home_default\\\/samsung-ssd-980-pro-m2-pcie-nvme-2tb-disques-ssd.jpg&quot;,&quot;width&quot;:280,&quot;height&quot;:280},&quot;large_default&quot;:{&quot;url&quot;:&quot;https:\\\/\\\/www.ultrapc.ma\\\/17842-large_default\\\/samsung-ssd-980-pro-m2-pcie-nvme-2tb-disques-ssd.jpg&quot;,&quot;width&quot;:600,&quot;height&quot;:600},&quot;medium_default&quot;:{&quot;url&quot;:&quot;https:\\\/\\\/www.ultrapc.ma\\\/17842-medium_default\\\/samsung-ssd-980-pro-m2-pcie-nvme-2tb-disques-ssd.jpg&quot;,&quot;width&quot;:600,&quot;height&quot;:600},&quot;large_banner&quot;:{&quot;url&quot;:&quot;https:\\\/\\\/www.ultrapc.ma\\\/17842-large_banner\\\/samsung-ssd-980-pro-m2-pcie-nvme-2tb-disques-ssd.jpg&quot;,&quot;width&quot;:1140,&quot;height&quot;:400}},&quot;small&quot;:{&quot;url&quot;:&quot;https:\\\/\\\/www.ultrapc.ma\\\/17842-small_default\\\/samsung-ssd-980-pro-m2-pcie-nvme-2tb-disques-ssd.jpg&quot;,&quot;width&quot;:50,&quot;height&quot;:50},&quot;medium&quot;:{&quot;url&quot;:&quot;https:\\\/\\\/www.ultrapc.ma\\\/17842-large_default\\\/samsung-ssd-980-pro-m2-pcie-nvme-2tb-disques-ssd.jpg&quot;,&quot;width&quot;:600,&quot;height&quot;:600},&quot;large&quot;:{&quot;url&quot;:&quot;https:\\\/\\\/www.ultrapc.ma\\\/17842-large_banner\\\/samsung-ssd-980-pro-m2-pcie-nvme-2tb-disques-ssd.jpg&quot;,&quot;width&quot;:1140,&quot;height&quot;:400},&quot;legend&quot;:&quot;Samsung SSD 980 PRO M.2 PCIe NVMe 2TB Disques SSD Samsung, Ultra Pc Gamer Maroc&quot;,&quot;id_image&quot;:&quot;17842&quot;,&quot;cover&quot;:&quot;1&quot;,&quot;position&quot;:&quot;1&quot;,&quot;associatedVariants&quot;:[]},&quot;has_discount&quot;:false,&quot;discount_type&quot;:null,&quot;discount_percentage&quot;:null,&quot;discount_percentage_absolute&quot;:null,&quot;discount_amount&quot;:null,&quot;discount_amount_to_display&quot;:null,&quot;price_amount&quot;:2199,&quot;unit_price_full&quot;:&quot;&quot;,&quot;show_availability&quot;:true,&quot;availability_message&quot;:&quot;Rupture de stock&quot;,&quot;availability_date&quot;:null,&quot;availability&quot;:&quot;unavailable&quot;}\">\n<section class=\"product-features mb-3\">\n<p class=\"product-details-title h4 py-2\">Fiche technique<\/p>\n<dl class=\"data-sheet d-flex flex-wrap justify-content-between m-0\">\n<dt class=\"name mb-1 p-2\">Format de Disque<\/dt>\n<dd class=\"value mb-1 p-2\">Carte M.2<\/dd>\n<dt class=\"name mb-1 p-2\">Capacit\u00e9 de disque<\/dt>\n<dd class=\"value mb-1 p-2\">2 To<\/dd>\n<dt class=\"name mb-1 p-2\">Interface<\/dt>\n<dd class=\"value mb-1 p-2\">PCI-E 4.0 4x<\/dd>\n<dt class=\"name mb-1 p-2\">Vitesse en lecture<\/dt>\n<dd class=\"value mb-1 p-2\">7000 Mo\/s<\/dd>\n<dt class=\"name mb-1 p-2\">Vitesse en \u00e9criture<\/dt>\n<dd class=\"value mb-1 p-2\">5000 Mo\/s<\/dd>\n<\/dl>\n<\/section>\n<\/div>\n<\/div>\n","protected":false},"excerpt":{"rendered":"<p>Le\u00a0Samsung 980 PRO M.2 PCIe 4.0 4x NVMe 1.3c\u00a0est pens\u00e9 avant tout pour les hardcore gamers et les technophiles les plus exigeants, le 980 PRO offre \u00e0 la fois une bande passante et un d\u00e9bit haute performance pour les lourdes requ\u00eates dans le gaming, l&rsquo;infographie, l&rsquo;analyse de donn\u00e9es, et plus encore. Le chargement des jeux est ultra-rapide pour que vous puissiez jouer plus, et attendre moins.<\/p>\n","protected":false},"featured_media":22089,"comment_status":"open","ping_status":"closed","template":"","meta":[],"product_brand":[226],"product_cat":[312,345],"product_tag":[],"class_list":{"0":"post-22004","1":"product","2":"type-product","3":"status-publish","4":"has-post-thumbnail","6":"product_brand-samsung","7":"product_cat-stockage","8":"product_cat-sur-commande","10":"first","11":"onbackorder","12":"sale","13":"shipping-taxable","14":"purchasable","15":"product-type-variable","16":"has-default-attributes"},"aioseo_notices":[],"jetpack_sharing_enabled":true,"_links":{"self":[{"href":"https:\/\/tekelec.ma\/index.php\/wp-json\/wp\/v2\/product\/22004","targetHints":{"allow":["GET"]}}],"collection":[{"href":"https:\/\/tekelec.ma\/index.php\/wp-json\/wp\/v2\/product"}],"about":[{"href":"https:\/\/tekelec.ma\/index.php\/wp-json\/wp\/v2\/types\/product"}],"replies":[{"embeddable":true,"href":"https:\/\/tekelec.ma\/index.php\/wp-json\/wp\/v2\/comments?post=22004"}],"version-history":[{"count":1,"href":"https:\/\/tekelec.ma\/index.php\/wp-json\/wp\/v2\/product\/22004\/revisions"}],"predecessor-version":[{"id":24430,"href":"https:\/\/tekelec.ma\/index.php\/wp-json\/wp\/v2\/product\/22004\/revisions\/24430"}],"wp:featuredmedia":[{"embeddable":true,"href":"https:\/\/tekelec.ma\/index.php\/wp-json\/wp\/v2\/media\/22089"}],"wp:attachment":[{"href":"https:\/\/tekelec.ma\/index.php\/wp-json\/wp\/v2\/media?parent=22004"}],"wp:term":[{"taxonomy":"product_brand","embeddable":true,"href":"https:\/\/tekelec.ma\/index.php\/wp-json\/wp\/v2\/product_brand?post=22004"},{"taxonomy":"product_cat","embeddable":true,"href":"https:\/\/tekelec.ma\/index.php\/wp-json\/wp\/v2\/product_cat?post=22004"},{"taxonomy":"product_tag","embeddable":true,"href":"https:\/\/tekelec.ma\/index.php\/wp-json\/wp\/v2\/product_tag?post=22004"}],"curies":[{"name":"wp","href":"https:\/\/api.w.org\/{rel}","templated":true}]}}