{"id":22280,"date":"2023-12-06T16:34:54","date_gmt":"2023-12-06T15:34:54","guid":{"rendered":"https:\/\/tekelec.ma\/?post_type=product&#038;p=22280"},"modified":"2025-07-30T19:34:13","modified_gmt":"2025-07-30T17:34:13","slug":"carte-mere-asus-prime-b550m-a","status":"publish","type":"product","link":"https:\/\/tekelec.ma\/index.php\/product\/carte-mere-asus-prime-b550m-a\/","title":{"rendered":"Carte M\u00e8re Asus PRIME B550M-A"},"content":{"rendered":"<p>Carte m\u00e8re mATX &#8211; Socket AM4 &#8211; Chipset AMD B550 &#8211; USB 3.1 &#8211; SATA 6 Gb\/s &#8211; M.2<\/p>\n<p>La carte m\u00e8re Asus PRIME B550M-A est le socle id\u00e9al pour fonder votre configuration bas\u00e9e sur un processeur AMD Ryzen 3xxx\/5xxx. Sa conception int\u00e8gre le chipset AMD B550 et un socket AM4, permettant d&rsquo;exploiter pleinement les performances des nouveaux processeurs Ryzen.<\/p>\n<p>Cette carte m\u00e8re au format mATX offre des fonctionnalit\u00e9s de pointe pour faire d\u00e9coller les performances de votre PC : 1 port PCI-Express 16x, 2 ports M.2 compatibles NVMe, un processeur audio Realtek ALC887, un contr\u00f4leur Ethernet Realtek RTL8111H performant pour une latence minimale en ligne.<\/p>\n","protected":false},"excerpt":{"rendered":"<p>Carte m\u00e8re mATX &#8211; Socket AM4 &#8211; Chipset AMD B550 &#8211; USB 3.1 &#8211; SATA 6 Gb\/s &#8211; M.2<\/p>\n<p>La carte m\u00e8re Asus PRIME B550M-A est le socle id\u00e9al pour fonder votre configuration bas\u00e9e sur un processeur AMD Ryzen 3xxx\/5xxx. Sa conception int\u00e8gre le chipset AMD B550 et un socket AM4, permettant d&rsquo;exploiter pleinement les performances des nouveaux processeurs Ryzen.<\/p>\n<p>Cette carte m\u00e8re au format mATX offre des fonctionnalit\u00e9s de pointe pour faire d\u00e9coller les performances de votre PC : 1 port PCI-Express 16x, 2 ports M.2 compatibles NVMe, un processeur audio Realtek ALC887, un contr\u00f4leur Ethernet Realtek RTL8111H performant pour une latence minimale en ligne.<\/p>\n","protected":false},"featured_media":22281,"comment_status":"open","ping_status":"closed","template":"","meta":[],"product_brand":[156],"product_cat":[308,345],"product_tag":[],"class_list":{"0":"post-22280","1":"product","2":"type-product","3":"status-publish","4":"has-post-thumbnail","6":"product_brand-asus","7":"product_cat-cartes-meres","8":"product_cat-sur-commande","10":"first","11":"onbackorder","12":"sale","13":"shipping-taxable","14":"purchasable","15":"product-type-simple"},"aioseo_notices":[],"jetpack_sharing_enabled":true,"_links":{"self":[{"href":"https:\/\/tekelec.ma\/index.php\/wp-json\/wp\/v2\/product\/22280","targetHints":{"allow":["GET"]}}],"collection":[{"href":"https:\/\/tekelec.ma\/index.php\/wp-json\/wp\/v2\/product"}],"about":[{"href":"https:\/\/tekelec.ma\/index.php\/wp-json\/wp\/v2\/types\/product"}],"replies":[{"embeddable":true,"href":"https:\/\/tekelec.ma\/index.php\/wp-json\/wp\/v2\/comments?post=22280"}],"version-history":[{"count":1,"href":"https:\/\/tekelec.ma\/index.php\/wp-json\/wp\/v2\/product\/22280\/revisions"}],"predecessor-version":[{"id":24428,"href":"https:\/\/tekelec.ma\/index.php\/wp-json\/wp\/v2\/product\/22280\/revisions\/24428"}],"wp:featuredmedia":[{"embeddable":true,"href":"https:\/\/tekelec.ma\/index.php\/wp-json\/wp\/v2\/media\/22281"}],"wp:attachment":[{"href":"https:\/\/tekelec.ma\/index.php\/wp-json\/wp\/v2\/media?parent=22280"}],"wp:term":[{"taxonomy":"product_brand","embeddable":true,"href":"https:\/\/tekelec.ma\/index.php\/wp-json\/wp\/v2\/product_brand?post=22280"},{"taxonomy":"product_cat","embeddable":true,"href":"https:\/\/tekelec.ma\/index.php\/wp-json\/wp\/v2\/product_cat?post=22280"},{"taxonomy":"product_tag","embeddable":true,"href":"https:\/\/tekelec.ma\/index.php\/wp-json\/wp\/v2\/product_tag?post=22280"}],"curies":[{"name":"wp","href":"https:\/\/api.w.org\/{rel}","templated":true}]}}