{"id":22408,"date":"2023-12-14T11:29:35","date_gmt":"2023-12-14T10:29:35","guid":{"rendered":"https:\/\/tekelec.ma\/?post_type=product&#038;p=22408"},"modified":"2025-05-07T12:39:21","modified_gmt":"2025-05-07T10:39:21","slug":"lenovo-thinkstation-p310","status":"publish","type":"product","link":"https:\/\/tekelec.ma\/index.php\/product\/lenovo-thinkstation-p310\/","title":{"rendered":"LENOVO ThinkStation P310"},"content":{"rendered":"<p>La puissance d&rsquo;une station de travail, le prix d&rsquo;un ordinateur de bureau<\/p>\n<p>Ergonomie sans pareil<\/p>\n<p>La ThinkStation P310 offre une facilit\u00e9 d&rsquo;utilisation in\u00e9dite. Acc\u00e8s sans outil aux composants internes, poign\u00e9es int\u00e9gr\u00e9es, conception modulaire, large gamme de configurations possibles gr\u00e2ce au syst\u00e8me Flex : la P310 combine performances de pointe et tr\u00e8s grande \u00e9volutivit\u00e9. Le tout dans une tour tr\u00e8s compacte (volume de seulement 25 litres).L&rsquo;acc\u00e8s tr\u00e8s facile aux composants mat\u00e9riels simplifie \u00e0 l&rsquo;extr\u00eame les mises \u00e0 niveau pour le personnel informatique. Autre avantage, sa conception fonctionnelle fait de la P310 une machine extr\u00eamement facile \u00e0 transporter.<\/p>\n<p>Type de Processeur Intel Xeon E3-1230 V5<\/p>\n<p>Capacit\u00e9 RAM16GB DDR4 ECC HDD 1000 GB SSD 256 GB<\/p>\n<p>Carte Graphique NVIDIA QUADRO M4000 8GB GDDR5<\/p>\n","protected":false},"excerpt":{"rendered":"<p class=\"product-title\">LENOVO ThinkStation P310 Tour Workstation XEON E3-1230 V5 + 16GB + SSD 256GB + HDD 1000GB + QUADRO M4000<\/p>\n","protected":false},"featured_media":22409,"comment_status":"open","ping_status":"closed","template":"","meta":[],"product_brand":[201],"product_cat":[318],"product_tag":[],"class_list":{"0":"post-22408","1":"product","2":"type-product","3":"status-publish","4":"has-post-thumbnail","6":"product_brand-lenovo","7":"product_cat-pc-pro","9":"first","10":"outofstock","11":"sale","12":"sold-individually","13":"shipping-taxable","14":"purchasable","15":"product-type-simple"},"aioseo_notices":[],"jetpack_sharing_enabled":true,"_links":{"self":[{"href":"https:\/\/tekelec.ma\/index.php\/wp-json\/wp\/v2\/product\/22408","targetHints":{"allow":["GET"]}}],"collection":[{"href":"https:\/\/tekelec.ma\/index.php\/wp-json\/wp\/v2\/product"}],"about":[{"href":"https:\/\/tekelec.ma\/index.php\/wp-json\/wp\/v2\/types\/product"}],"replies":[{"embeddable":true,"href":"https:\/\/tekelec.ma\/index.php\/wp-json\/wp\/v2\/comments?post=22408"}],"version-history":[{"count":0,"href":"https:\/\/tekelec.ma\/index.php\/wp-json\/wp\/v2\/product\/22408\/revisions"}],"wp:featuredmedia":[{"embeddable":true,"href":"https:\/\/tekelec.ma\/index.php\/wp-json\/wp\/v2\/media\/22409"}],"wp:attachment":[{"href":"https:\/\/tekelec.ma\/index.php\/wp-json\/wp\/v2\/media?parent=22408"}],"wp:term":[{"taxonomy":"product_brand","embeddable":true,"href":"https:\/\/tekelec.ma\/index.php\/wp-json\/wp\/v2\/product_brand?post=22408"},{"taxonomy":"product_cat","embeddable":true,"href":"https:\/\/tekelec.ma\/index.php\/wp-json\/wp\/v2\/product_cat?post=22408"},{"taxonomy":"product_tag","embeddable":true,"href":"https:\/\/tekelec.ma\/index.php\/wp-json\/wp\/v2\/product_tag?post=22408"}],"curies":[{"name":"wp","href":"https:\/\/api.w.org\/{rel}","templated":true}]}}