{"id":22411,"date":"2023-12-14T11:43:35","date_gmt":"2023-12-14T10:43:35","guid":{"rendered":"https:\/\/tekelec.ma\/?post_type=product&#038;p=22411"},"modified":"2025-05-07T12:39:21","modified_gmt":"2025-05-07T10:39:21","slug":"msi-pro-dp21-11m-mini-pc","status":"publish","type":"product","link":"https:\/\/tekelec.ma\/index.php\/product\/msi-pro-dp21-11m-mini-pc\/","title":{"rendered":"MSI PRO DP21 11M Mini PC"},"content":{"rendered":"<p>MSI PRO DP21 11M Mini PC (SFF) : Soyez votre fen\u00eatre sur le monde Le MSI PRO DP21 11M est un mini-ordinateur de bureau petit mais puissant, dot\u00e9 d&rsquo;un design compact de 2,3 litres, adapt\u00e9 aux travaux de bureau commercial ou \u00e0 une utilisation en tant qu&rsquo;ordinateur de home cin\u00e9ma\/divertissement (prend en charge la sortie d&rsquo;affichage UHD\/4K \u00e0 60 Hz et les configurations \u00e0 double moniteur). Le mod\u00e8le PRO DP21 11M est un syst\u00e8me complet \u00e9quip\u00e9 d&rsquo;un processeur Intel Core i3-10105 de 10e g\u00e9n\u00e9ration, avec une architecture \u00e0 6 c\u0153urs \/ 12 threads (fr\u00e9quence de base de 2,6 GHz, turbo max de 4,4 GHz), de 8 Go de m\u00e9moire DDR4, de 256 Go de stockage SSD M.2, de connectivit\u00e9 Intel Wi-Fi AC et Bluetooth 5.1 , ainsi que du logiciel Windows 10 Pro pr\u00e9install\u00e9. Le bo\u00eetier SFF facilement \u00e9volutif peut accueillir \u00e0 la fois des stockages M.2 (avec commutation automatique) et 2 x SSD\/HDD de 2,5 pouces, ainsi que jusqu&rsquo;\u00e0 64 Go de m\u00e9moire syst\u00e8me (2 x DDR4 SO-DIMM), et il est compatible avec le montage VESA pour un bureau plus propre. Les E\/S avant et arri\u00e8re comprennent un port LAN RJ45 Intel 1 Gbit\/s, une entr\u00e9e microphone, une sortie casque, 8 x USB (Type-A 3.2 Gen 1 et Type-A 2.0), ainsi que des ports HDMI 2.0 . Le PRO DP21 11M dispose \u00e9galement d&rsquo;un port COM pour la connexion \u00e0 des p\u00e9riph\u00e9riques POS. La technologie Trusted Platform Module 2.0 (dTPM2.0) assure la s\u00e9curit\u00e9 du stockage des informations sensibles.<\/p>\n","protected":false},"excerpt":{"rendered":"<p class=\"product-title\">MSI PRO DP21 11M Mini PC (SFF) &#8211; Intel Core i5 -11400 &#8211; 8GB DDR4 &#8211; 256GB M.2 SSD &#8211; Wi-Fi AX\/Bluetooth 5.1<\/p>\n","protected":false},"featured_media":22412,"comment_status":"open","ping_status":"closed","template":"","meta":[],"product_brand":[327],"product_cat":[318],"product_tag":[],"class_list":{"0":"post-22411","1":"product","2":"type-product","3":"status-publish","4":"has-post-thumbnail","6":"product_brand-msi","7":"product_cat-pc-pro","9":"first","10":"outofstock","11":"sale","12":"shipping-taxable","13":"purchasable","14":"product-type-simple"},"aioseo_notices":[],"jetpack_sharing_enabled":true,"_links":{"self":[{"href":"https:\/\/tekelec.ma\/index.php\/wp-json\/wp\/v2\/product\/22411","targetHints":{"allow":["GET"]}}],"collection":[{"href":"https:\/\/tekelec.ma\/index.php\/wp-json\/wp\/v2\/product"}],"about":[{"href":"https:\/\/tekelec.ma\/index.php\/wp-json\/wp\/v2\/types\/product"}],"replies":[{"embeddable":true,"href":"https:\/\/tekelec.ma\/index.php\/wp-json\/wp\/v2\/comments?post=22411"}],"version-history":[{"count":0,"href":"https:\/\/tekelec.ma\/index.php\/wp-json\/wp\/v2\/product\/22411\/revisions"}],"wp:featuredmedia":[{"embeddable":true,"href":"https:\/\/tekelec.ma\/index.php\/wp-json\/wp\/v2\/media\/22412"}],"wp:attachment":[{"href":"https:\/\/tekelec.ma\/index.php\/wp-json\/wp\/v2\/media?parent=22411"}],"wp:term":[{"taxonomy":"product_brand","embeddable":true,"href":"https:\/\/tekelec.ma\/index.php\/wp-json\/wp\/v2\/product_brand?post=22411"},{"taxonomy":"product_cat","embeddable":true,"href":"https:\/\/tekelec.ma\/index.php\/wp-json\/wp\/v2\/product_cat?post=22411"},{"taxonomy":"product_tag","embeddable":true,"href":"https:\/\/tekelec.ma\/index.php\/wp-json\/wp\/v2\/product_tag?post=22411"}],"curies":[{"name":"wp","href":"https:\/\/api.w.org\/{rel}","templated":true}]}}