{"id":22424,"date":"2023-12-14T12:21:20","date_gmt":"2023-12-14T11:21:20","guid":{"rendered":"https:\/\/tekelec.ma\/?post_type=product&#038;p=22424"},"modified":"2025-05-07T12:39:21","modified_gmt":"2025-05-07T10:39:21","slug":"lenovo-all-in-one-v30a-23-8","status":"publish","type":"product","link":"https:\/\/tekelec.ma\/index.php\/product\/lenovo-all-in-one-v30a-23-8\/","title":{"rendered":"Lenovo All-in-One V30A 23.8&Prime;"},"content":{"rendered":"<p>Le PC\u00a0tout-en-un\u00a0Lenovo V30A\u00a0est id\u00e9al pour \u00e9quiper un magasin en vue d&rsquo;une utilisation POS ou un lieu public pour l&rsquo;\u00e9quiper en \u00e9crans interactifs. Performant dans le cadre d&rsquo;une utilisation bureautique, pratique et pourvu d&rsquo;une connectique avec ou sans-fil compl\u00e8te, il sera d&rsquo;une parfaite assistance au quotidien. Le\u00a0Lenovo V30A\u00a0offre de bonnes performances pour les personnes et les entreprises \u00e0 la recherche d&rsquo;une machine d\u00e9di\u00e9e \u00e0 la bureautique et Internet.<\/p>\n<p>HDD 1 To<\/p>\n<p>Processeur Intel Core i5-1035G1 (Quad-Core 1.0 GHz \/ 3.6 GHz Turbo &#8211; 8 Threads &#8211; Cache 6 Mo &#8211; TDP 15W)<\/p>\n<p>Barrette de RAM1x 4GB SO-DIMM DDR4-3200<\/p>\n<p>Carte GraphiqueIntegrated Intel UHD Graphics<\/p>\n","protected":false},"excerpt":{"rendered":"<p class=\"product-title\">Lenovo All-in-One V30A 23.8&Prime;<\/p>\n<p>Intel\u00ae Core\u2122 i5-1035G1 4 Go HDD 1 To LED HD 23.8&Prime; Wi-Fi AC\/Bluetooth Webcam Clavier souris<\/p>\n","protected":false},"featured_media":22425,"comment_status":"open","ping_status":"closed","template":"","meta":[],"product_brand":[201],"product_cat":[318],"product_tag":[],"class_list":{"0":"post-22424","1":"product","2":"type-product","3":"status-publish","4":"has-post-thumbnail","6":"product_brand-lenovo","7":"product_cat-pc-pro","9":"first","10":"outofstock","11":"sale","12":"shipping-taxable","13":"purchasable","14":"product-type-simple"},"aioseo_notices":[],"jetpack_sharing_enabled":true,"_links":{"self":[{"href":"https:\/\/tekelec.ma\/index.php\/wp-json\/wp\/v2\/product\/22424","targetHints":{"allow":["GET"]}}],"collection":[{"href":"https:\/\/tekelec.ma\/index.php\/wp-json\/wp\/v2\/product"}],"about":[{"href":"https:\/\/tekelec.ma\/index.php\/wp-json\/wp\/v2\/types\/product"}],"replies":[{"embeddable":true,"href":"https:\/\/tekelec.ma\/index.php\/wp-json\/wp\/v2\/comments?post=22424"}],"version-history":[{"count":0,"href":"https:\/\/tekelec.ma\/index.php\/wp-json\/wp\/v2\/product\/22424\/revisions"}],"wp:featuredmedia":[{"embeddable":true,"href":"https:\/\/tekelec.ma\/index.php\/wp-json\/wp\/v2\/media\/22425"}],"wp:attachment":[{"href":"https:\/\/tekelec.ma\/index.php\/wp-json\/wp\/v2\/media?parent=22424"}],"wp:term":[{"taxonomy":"product_brand","embeddable":true,"href":"https:\/\/tekelec.ma\/index.php\/wp-json\/wp\/v2\/product_brand?post=22424"},{"taxonomy":"product_cat","embeddable":true,"href":"https:\/\/tekelec.ma\/index.php\/wp-json\/wp\/v2\/product_cat?post=22424"},{"taxonomy":"product_tag","embeddable":true,"href":"https:\/\/tekelec.ma\/index.php\/wp-json\/wp\/v2\/product_tag?post=22424"}],"curies":[{"name":"wp","href":"https:\/\/api.w.org\/{rel}","templated":true}]}}