{"id":22519,"date":"2023-12-15T12:10:35","date_gmt":"2023-12-15T11:10:35","guid":{"rendered":"https:\/\/tekelec.ma\/?post_type=product&#038;p=22519"},"modified":"2025-05-07T12:39:21","modified_gmt":"2025-05-07T10:39:21","slug":"hyperx-cloud-stinger-2-core","status":"publish","type":"product","link":"https:\/\/tekelec.ma\/index.php\/product\/hyperx-cloud-stinger-2-core\/","title":{"rendered":"HyperX Cloud Stinger 2 Core"},"content":{"rendered":"<div class=\"col-lg-6\">\n<div class=\"product-tabs tabs\">\n<div id=\"tab-content\" class=\"tab-content\">\n<div id=\"description\" class=\"tab-pane fade show active\">\n<div class=\"product-description\">\n<p>Con\u00e7u sp\u00e9cialement pour les joueurs PC, le casque-micro\u00a0HyperX Cloud Stinger 2 Core\u00a0offre une qualit\u00e9 audio optimale. Compatible DTS Headphone:X Spatial Audio, il offre un son surround qui vous aide \u00e0 mieux entendre arriver vos adversaires. Ce casque HyperX est aussi dot\u00e9 d&rsquo;un microphone pivotant \u00e0 suppression passive de bruit pour une excellente pr\u00e9cision lors de vos communications avec vos co\u00e9quipiers.<\/p>\n<\/div>\n<\/div>\n<\/div>\n<\/div>\n<\/div>\n<div class=\"col-lg-6\">\n<div id=\"product-details\" style=\"box-sizing: inherit;\" data-product=\"{&quot;id_shop_default&quot;:&quot;1&quot;,&quot;id_manufacturer&quot;:&quot;78&quot;,&quot;id_supplier&quot;:&quot;0&quot;,&quot;reference&quot;:&quot;0196548418183&quot;,&quot;is_virtual&quot;:&quot;0&quot;,&quot;delivery_in_stock&quot;:&quot;&quot;,&quot;delivery_out_stock&quot;:&quot;&quot;,&quot;id_category_default&quot;:&quot;128&quot;,&quot;on_sale&quot;:&quot;0&quot;,&quot;online_only&quot;:&quot;0&quot;,&quot;ecotax&quot;:0,&quot;minimal_quantity&quot;:&quot;1&quot;,&quot;low_stock_threshold&quot;:null,&quot;low_stock_alert&quot;:&quot;0&quot;,&quot;price&quot;:&quot;499,00\\u00a0MAD&quot;,&quot;unity&quot;:&quot;&quot;,&quot;unit_price_ratio&quot;:&quot;0.000000&quot;,&quot;additional_shipping_cost&quot;:&quot;0.000000&quot;,&quot;customizable&quot;:&quot;0&quot;,&quot;text_fields&quot;:&quot;0&quot;,&quot;uploadable_files&quot;:&quot;0&quot;,&quot;redirect_type&quot;:&quot;404&quot;,&quot;id_type_redirected&quot;:&quot;0&quot;,&quot;available_for_order&quot;:&quot;1&quot;,&quot;available_date&quot;:&quot;0000-00-00&quot;,&quot;show_condition&quot;:&quot;1&quot;,&quot;condition&quot;:&quot;new&quot;,&quot;show_price&quot;:&quot;1&quot;,&quot;indexed&quot;:&quot;1&quot;,&quot;visibility&quot;:&quot;both&quot;,&quot;cache_default_attribute&quot;:&quot;0&quot;,&quot;advanced_stock_management&quot;:&quot;0&quot;,&quot;date_add&quot;:&quot;2023-02-11 13:23:54&quot;,&quot;date_upd&quot;:&quot;2023-11-28 17:51:21&quot;,&quot;pack_stock_type&quot;:&quot;3&quot;,&quot;meta_description&quot;:&quot;Casque gaming ferm\\u00e9 - DTS Headphone:X Spatial Audio - micro pivotant \\u00e0 suppression de bruit - commandes int\\u00e9gr\\u00e9es - PC&quot;,&quot;meta_keywords&quot;:&quot;HyperX Cloud Stinger 2 Core, HyperX, Casques&quot;,&quot;meta_title&quot;:&quot;HyperX Cloud Stinger 2 Core Casques HyperX Maroc&quot;,&quot;link_rewrite&quot;:&quot;hyperx-cloud-stinger-2-core-casques&quot;,&quot;name&quot;:&quot;HyperX Cloud Stinger 2 Core&quot;,&quot;description&quot;:&quot;&lt;p&gt;&lt;span style=\\&quot;color: #505050; font-family: Montserrat, sans-serif; font-size: 13px; text-align: justify; background-color: #ffffff;\\&quot;&gt;Con\\u00e7u sp\\u00e9cialement pour les joueurs PC, le casque-micro\\u00a0&lt;\\\/span&gt;&lt;span style=\\&quot;box-sizing: border-box; font-weight: 600; margin: 0px; padding: 0px; border: 0px; font-variant-numeric: inherit; font-variant-east-asian: inherit; font-stretch: inherit; font-size: 13px; line-height: inherit; font-family: Montserrat, sans-serif; vertical-align: baseline; color: #505050; text-align: justify; background-color: #ffffff;\\&quot;&gt;HyperX Cloud Stinger 2 Core&lt;\\\/span&gt;&lt;span style=\\&quot;color: #505050; font-family: Montserrat, sans-serif; font-size: 13px; text-align: justify; background-color: #ffffff;\\&quot;&gt;\\u00a0offre une qualit\\u00e9 audio optimale. Compatible DTS Headphone:X Spatial Audio, il offre un son surround qui vous aide \\u00e0 mieux entendre arriver vos adversaires. Ce casque HyperX est aussi dot\\u00e9 d'un microphone pivotant \\u00e0 suppression passive de bruit pour une excellente pr\\u00e9cision lors de vos communications avec vos co\\u00e9quipiers.&lt;\\\/span&gt;&lt;\\\/p&gt;&quot;,&quot;description_short&quot;:&quot;&lt;p&gt;Casque gaming ferm\\u00e9 - DTS Headphone:X Spatial Audio - micro pivotant \\u00e0 suppression de bruit - commandes int\\u00e9gr\\u00e9es - PC&lt;\\\/p&gt;&quot;,&quot;available_now&quot;:&quot;Produit en stock&quot;,&quot;available_later&quot;:&quot;Sur commande 12 \\u00e0 21 jours&quot;,&quot;id&quot;:5213,&quot;id_product&quot;:5213,&quot;out_of_stock&quot;:0,&quot;new&quot;:0,&quot;id_product_attribute&quot;:&quot;0&quot;,&quot;quantity_wanted&quot;:1,&quot;extraContent&quot;:[],&quot;allow_oosp&quot;:0,&quot;category&quot;:&quot;casques&quot;,&quot;category_name&quot;:&quot;Casques&quot;,&quot;link&quot;:&quot;https:\\\/\\\/www.ultrapc.ma\\\/casques\\\/5213-hyperx-cloud-stinger-2-core-casques.html&quot;,&quot;attribute_price&quot;:0,&quot;price_tax_exc&quot;:415.83333299999998189377947710454463958740234375,&quot;price_without_reduction&quot;:499,&quot;reduction&quot;:0,&quot;specific_prices&quot;:[],&quot;quantity&quot;:11,&quot;quantity_all_versions&quot;:11,&quot;id_image&quot;:&quot;fr-default&quot;,&quot;features&quot;:[{&quot;name&quot;:&quot;Sans-fil&quot;,&quot;value&quot;:&quot;Non&quot;,&quot;id_feature&quot;:&quot;123&quot;,&quot;position&quot;:&quot;76&quot;},{&quot;name&quot;:&quot;Couplage auriculaire&quot;,&quot;value&quot;:&quot;Circum-aural (englobe les oreilles)&quot;,&quot;id_feature&quot;:&quot;122&quot;,&quot;position&quot;:&quot;77&quot;},{&quot;name&quot;:&quot;Connecteur(s)&quot;,&quot;value&quot;:&quot;Jack 3,5mm M\\u00e2le St\\u00e9r\\u00e9o&quot;,&quot;id_feature&quot;:&quot;126&quot;,&quot;position&quot;:&quot;78&quot;},{&quot;name&quot;:&quot;Garantie&quot;,&quot;value&quot;:&quot;12 Mois&quot;,&quot;id_feature&quot;:&quot;44&quot;,&quot;position&quot;:&quot;178&quot;}],&quot;attachments&quot;:[],&quot;virtual&quot;:0,&quot;pack&quot;:0,&quot;packItems&quot;:[],&quot;nopackprice&quot;:0,&quot;customization_required&quot;:false,&quot;rate&quot;:20,&quot;tax_name&quot;:&quot;TVA MA 20%&quot;,&quot;ecotax_rate&quot;:0,&quot;unit_price&quot;:&quot;&quot;,&quot;customizations&quot;:{&quot;fields&quot;:[]},&quot;id_customization&quot;:0,&quot;is_customizable&quot;:false,&quot;show_quantities&quot;:true,&quot;quantity_label&quot;:&quot;Produits&quot;,&quot;quantity_discounts&quot;:[],&quot;customer_group_discount&quot;:0,&quot;images&quot;:[{&quot;bySize&quot;:{&quot;small_default&quot;:{&quot;url&quot;:&quot;https:\\\/\\\/www.ultrapc.ma\\\/21950-small_default\\\/hyperx-cloud-stinger-2-core-casques.jpg&quot;,&quot;width&quot;:50,&quot;height&quot;:50},&quot;cart_default&quot;:{&quot;url&quot;:&quot;https:\\\/\\\/www.ultrapc.ma\\\/21950-cart_default\\\/hyperx-cloud-stinger-2-core-casques.jpg&quot;,&quot;width&quot;:100,&quot;height&quot;:100},&quot;home_default&quot;:{&quot;url&quot;:&quot;https:\\\/\\\/www.ultrapc.ma\\\/21950-home_default\\\/hyperx-cloud-stinger-2-core-casques.jpg&quot;,&quot;width&quot;:280,&quot;height&quot;:280},&quot;large_default&quot;:{&quot;url&quot;:&quot;https:\\\/\\\/www.ultrapc.ma\\\/21950-large_default\\\/hyperx-cloud-stinger-2-core-casques.jpg&quot;,&quot;width&quot;:600,&quot;height&quot;:600},&quot;medium_default&quot;:{&quot;url&quot;:&quot;https:\\\/\\\/www.ultrapc.ma\\\/21950-medium_default\\\/hyperx-cloud-stinger-2-core-casques.jpg&quot;,&quot;width&quot;:600,&quot;height&quot;:600},&quot;large_banner&quot;:{&quot;url&quot;:&quot;https:\\\/\\\/www.ultrapc.ma\\\/21950-large_banner\\\/hyperx-cloud-stinger-2-core-casques.jpg&quot;,&quot;width&quot;:1140,&quot;height&quot;:400}},&quot;small&quot;:{&quot;url&quot;:&quot;https:\\\/\\\/www.ultrapc.ma\\\/21950-small_default\\\/hyperx-cloud-stinger-2-core-casques.jpg&quot;,&quot;width&quot;:50,&quot;height&quot;:50},&quot;medium&quot;:{&quot;url&quot;:&quot;https:\\\/\\\/www.ultrapc.ma\\\/21950-large_default\\\/hyperx-cloud-stinger-2-core-casques.jpg&quot;,&quot;width&quot;:600,&quot;height&quot;:600},&quot;large&quot;:{&quot;url&quot;:&quot;https:\\\/\\\/www.ultrapc.ma\\\/21950-large_banner\\\/hyperx-cloud-stinger-2-core-casques.jpg&quot;,&quot;width&quot;:1140,&quot;height&quot;:400},&quot;legend&quot;:&quot;HyperX Cloud Stinger 2 Core Casques HyperX, Ultra Pc Gamer Maroc&quot;,&quot;id_image&quot;:&quot;21950&quot;,&quot;cover&quot;:&quot;1&quot;,&quot;position&quot;:&quot;1&quot;,&quot;associatedVariants&quot;:[]},{&quot;bySize&quot;:{&quot;small_default&quot;:{&quot;url&quot;:&quot;https:\\\/\\\/www.ultrapc.ma\\\/21951-small_default\\\/hyperx-cloud-stinger-2-core-casques.jpg&quot;,&quot;width&quot;:50,&quot;height&quot;:50},&quot;cart_default&quot;:{&quot;url&quot;:&quot;https:\\\/\\\/www.ultrapc.ma\\\/21951-cart_default\\\/hyperx-cloud-stinger-2-core-casques.jpg&quot;,&quot;width&quot;:100,&quot;height&quot;:100},&quot;home_default&quot;:{&quot;url&quot;:&quot;https:\\\/\\\/www.ultrapc.ma\\\/21951-home_default\\\/hyperx-cloud-stinger-2-core-casques.jpg&quot;,&quot;width&quot;:280,&quot;height&quot;:280},&quot;large_default&quot;:{&quot;url&quot;:&quot;https:\\\/\\\/www.ultrapc.ma\\\/21951-large_default\\\/hyperx-cloud-stinger-2-core-casques.jpg&quot;,&quot;width&quot;:600,&quot;height&quot;:600},&quot;medium_default&quot;:{&quot;url&quot;:&quot;https:\\\/\\\/www.ultrapc.ma\\\/21951-medium_default\\\/hyperx-cloud-stinger-2-core-casques.jpg&quot;,&quot;width&quot;:600,&quot;height&quot;:600},&quot;large_banner&quot;:{&quot;url&quot;:&quot;https:\\\/\\\/www.ultrapc.ma\\\/21951-large_banner\\\/hyperx-cloud-stinger-2-core-casques.jpg&quot;,&quot;width&quot;:1140,&quot;height&quot;:400}},&quot;small&quot;:{&quot;url&quot;:&quot;https:\\\/\\\/www.ultrapc.ma\\\/21951-small_default\\\/hyperx-cloud-stinger-2-core-casques.jpg&quot;,&quot;width&quot;:50,&quot;height&quot;:50},&quot;medium&quot;:{&quot;url&quot;:&quot;https:\\\/\\\/www.ultrapc.ma\\\/21951-large_default\\\/hyperx-cloud-stinger-2-core-casques.jpg&quot;,&quot;width&quot;:600,&quot;height&quot;:600},&quot;large&quot;:{&quot;url&quot;:&quot;https:\\\/\\\/www.ultrapc.ma\\\/21951-large_banner\\\/hyperx-cloud-stinger-2-core-casques.jpg&quot;,&quot;width&quot;:1140,&quot;height&quot;:400},&quot;legend&quot;:&quot;HyperX Cloud Stinger 2 Core Casques HyperX, Ultra Pc Gamer Maroc&quot;,&quot;id_image&quot;:&quot;21951&quot;,&quot;cover&quot;:null,&quot;position&quot;:&quot;2&quot;,&quot;associatedVariants&quot;:[]},{&quot;bySize&quot;:{&quot;small_default&quot;:{&quot;url&quot;:&quot;https:\\\/\\\/www.ultrapc.ma\\\/21952-small_default\\\/hyperx-cloud-stinger-2-core-casques.jpg&quot;,&quot;width&quot;:50,&quot;height&quot;:50},&quot;cart_default&quot;:{&quot;url&quot;:&quot;https:\\\/\\\/www.ultrapc.ma\\\/21952-cart_default\\\/hyperx-cloud-stinger-2-core-casques.jpg&quot;,&quot;width&quot;:100,&quot;height&quot;:100},&quot;home_default&quot;:{&quot;url&quot;:&quot;https:\\\/\\\/www.ultrapc.ma\\\/21952-home_default\\\/hyperx-cloud-stinger-2-core-casques.jpg&quot;,&quot;width&quot;:280,&quot;height&quot;:280},&quot;large_default&quot;:{&quot;url&quot;:&quot;https:\\\/\\\/www.ultrapc.ma\\\/21952-large_default\\\/hyperx-cloud-stinger-2-core-casques.jpg&quot;,&quot;width&quot;:600,&quot;height&quot;:600},&quot;medium_default&quot;:{&quot;url&quot;:&quot;https:\\\/\\\/www.ultrapc.ma\\\/21952-medium_default\\\/hyperx-cloud-stinger-2-core-casques.jpg&quot;,&quot;width&quot;:600,&quot;height&quot;:600},&quot;large_banner&quot;:{&quot;url&quot;:&quot;https:\\\/\\\/www.ultrapc.ma\\\/21952-large_banner\\\/hyperx-cloud-stinger-2-core-casques.jpg&quot;,&quot;width&quot;:1140,&quot;height&quot;:400}},&quot;small&quot;:{&quot;url&quot;:&quot;https:\\\/\\\/www.ultrapc.ma\\\/21952-small_default\\\/hyperx-cloud-stinger-2-core-casques.jpg&quot;,&quot;width&quot;:50,&quot;height&quot;:50},&quot;medium&quot;:{&quot;url&quot;:&quot;https:\\\/\\\/www.ultrapc.ma\\\/21952-large_default\\\/hyperx-cloud-stinger-2-core-casques.jpg&quot;,&quot;width&quot;:600,&quot;height&quot;:600},&quot;large&quot;:{&quot;url&quot;:&quot;https:\\\/\\\/www.ultrapc.ma\\\/21952-large_banner\\\/hyperx-cloud-stinger-2-core-casques.jpg&quot;,&quot;width&quot;:1140,&quot;height&quot;:400},&quot;legend&quot;:&quot;HyperX Cloud Stinger 2 Core Casques HyperX, Ultra Pc Gamer Maroc&quot;,&quot;id_image&quot;:&quot;21952&quot;,&quot;cover&quot;:null,&quot;position&quot;:&quot;3&quot;,&quot;associatedVariants&quot;:[]}],&quot;cover&quot;:{&quot;bySize&quot;:{&quot;small_default&quot;:{&quot;url&quot;:&quot;https:\\\/\\\/www.ultrapc.ma\\\/21950-small_default\\\/hyperx-cloud-stinger-2-core-casques.jpg&quot;,&quot;width&quot;:50,&quot;height&quot;:50},&quot;cart_default&quot;:{&quot;url&quot;:&quot;https:\\\/\\\/www.ultrapc.ma\\\/21950-cart_default\\\/hyperx-cloud-stinger-2-core-casques.jpg&quot;,&quot;width&quot;:100,&quot;height&quot;:100},&quot;home_default&quot;:{&quot;url&quot;:&quot;https:\\\/\\\/www.ultrapc.ma\\\/21950-home_default\\\/hyperx-cloud-stinger-2-core-casques.jpg&quot;,&quot;width&quot;:280,&quot;height&quot;:280},&quot;large_default&quot;:{&quot;url&quot;:&quot;https:\\\/\\\/www.ultrapc.ma\\\/21950-large_default\\\/hyperx-cloud-stinger-2-core-casques.jpg&quot;,&quot;width&quot;:600,&quot;height&quot;:600},&quot;medium_default&quot;:{&quot;url&quot;:&quot;https:\\\/\\\/www.ultrapc.ma\\\/21950-medium_default\\\/hyperx-cloud-stinger-2-core-casques.jpg&quot;,&quot;width&quot;:600,&quot;height&quot;:600},&quot;large_banner&quot;:{&quot;url&quot;:&quot;https:\\\/\\\/www.ultrapc.ma\\\/21950-large_banner\\\/hyperx-cloud-stinger-2-core-casques.jpg&quot;,&quot;width&quot;:1140,&quot;height&quot;:400}},&quot;small&quot;:{&quot;url&quot;:&quot;https:\\\/\\\/www.ultrapc.ma\\\/21950-small_default\\\/hyperx-cloud-stinger-2-core-casques.jpg&quot;,&quot;width&quot;:50,&quot;height&quot;:50},&quot;medium&quot;:{&quot;url&quot;:&quot;https:\\\/\\\/www.ultrapc.ma\\\/21950-large_default\\\/hyperx-cloud-stinger-2-core-casques.jpg&quot;,&quot;width&quot;:600,&quot;height&quot;:600},&quot;large&quot;:{&quot;url&quot;:&quot;https:\\\/\\\/www.ultrapc.ma\\\/21950-large_banner\\\/hyperx-cloud-stinger-2-core-casques.jpg&quot;,&quot;width&quot;:1140,&quot;height&quot;:400},&quot;legend&quot;:&quot;HyperX Cloud Stinger 2 Core Casques HyperX, Ultra Pc Gamer Maroc&quot;,&quot;id_image&quot;:&quot;21950&quot;,&quot;cover&quot;:&quot;1&quot;,&quot;position&quot;:&quot;1&quot;,&quot;associatedVariants&quot;:[]},&quot;has_discount&quot;:false,&quot;discount_type&quot;:null,&quot;discount_percentage&quot;:null,&quot;discount_percentage_absolute&quot;:null,&quot;discount_amount&quot;:null,&quot;discount_amount_to_display&quot;:null,&quot;price_amount&quot;:499,&quot;unit_price_full&quot;:&quot;&quot;,&quot;show_availability&quot;:true,&quot;availability_date&quot;:null,&quot;availability_message&quot;:&quot;Produit en stock&quot;,&quot;availability&quot;:&quot;available&quot;}\">\n<section class=\"product-features mb-3\">\n<p class=\"product-details-title h4 py-2\"><em><strong>Fiche technique<\/strong><\/em><\/p>\n<dl class=\"data-sheet d-flex flex-wrap justify-content-between m-0\">\n<dt class=\"name mb-1 p-2\">Sans-fil<\/dt>\n<dd class=\"value mb-1 p-2\">Non<\/dd>\n<dt class=\"name mb-1 p-2\">Couplage auriculaire<\/dt>\n<dd class=\"value mb-1 p-2\">Circum-aural (englobe les oreilles)<\/dd>\n<dt class=\"name mb-1 p-2\">Connecteur(s)<\/dt>\n<dd class=\"value mb-1 p-2\">Jack 3,5mm M\u00e2le St\u00e9r\u00e9o<\/dd>\n<\/dl>\n<\/section>\n<\/div>\n<\/div>\n","protected":false},"excerpt":{"rendered":"<p>Casque gaming ferm\u00e9 &#8211; DTS Headphone:X Spatial Audio &#8211; micro pivotant \u00e0 suppression de bruit &#8211; commandes int\u00e9gr\u00e9es &#8211; PC<\/p>\n","protected":false},"featured_media":22520,"comment_status":"open","ping_status":"closed","template":"","meta":[],"product_brand":[],"product_cat":[314,321],"product_tag":[],"class_list":{"0":"post-22519","1":"product","2":"type-product","3":"status-publish","4":"has-post-thumbnail","6":"product_cat-accessoires","7":"product_cat-casque","9":"first","10":"outofstock","11":"sale","12":"shipping-taxable","13":"purchasable","14":"product-type-simple"},"aioseo_notices":[],"jetpack_sharing_enabled":true,"_links":{"self":[{"href":"https:\/\/tekelec.ma\/index.php\/wp-json\/wp\/v2\/product\/22519","targetHints":{"allow":["GET"]}}],"collection":[{"href":"https:\/\/tekelec.ma\/index.php\/wp-json\/wp\/v2\/product"}],"about":[{"href":"https:\/\/tekelec.ma\/index.php\/wp-json\/wp\/v2\/types\/product"}],"replies":[{"embeddable":true,"href":"https:\/\/tekelec.ma\/index.php\/wp-json\/wp\/v2\/comments?post=22519"}],"version-history":[{"count":0,"href":"https:\/\/tekelec.ma\/index.php\/wp-json\/wp\/v2\/product\/22519\/revisions"}],"wp:featuredmedia":[{"embeddable":true,"href":"https:\/\/tekelec.ma\/index.php\/wp-json\/wp\/v2\/media\/22520"}],"wp:attachment":[{"href":"https:\/\/tekelec.ma\/index.php\/wp-json\/wp\/v2\/media?parent=22519"}],"wp:term":[{"taxonomy":"product_brand","embeddable":true,"href":"https:\/\/tekelec.ma\/index.php\/wp-json\/wp\/v2\/product_brand?post=22519"},{"taxonomy":"product_cat","embeddable":true,"href":"https:\/\/tekelec.ma\/index.php\/wp-json\/wp\/v2\/product_cat?post=22519"},{"taxonomy":"product_tag","embeddable":true,"href":"https:\/\/tekelec.ma\/index.php\/wp-json\/wp\/v2\/product_tag?post=22519"}],"curies":[{"name":"wp","href":"https:\/\/api.w.org\/{rel}","templated":true}]}}