{"id":22524,"date":"2023-12-15T12:13:41","date_gmt":"2023-12-15T11:13:41","guid":{"rendered":"https:\/\/tekelec.ma\/?post_type=product&#038;p=22524"},"modified":"2025-05-07T12:39:21","modified_gmt":"2025-05-07T10:39:21","slug":"sony-wh-ch520-bleu","status":"publish","type":"product","link":"https:\/\/tekelec.ma\/index.php\/product\/sony-wh-ch520-bleu\/","title":{"rendered":"Sony WH-CH520 Bleu"},"content":{"rendered":"<p><strong>Son haute qualit\u00e9, abordable, avec Sony<\/strong><\/p>\n<p>Profitez d&rsquo;un son haute qualit\u00e9 tout au long de la journ\u00e9e gr\u00e2ce au casque Sony WH-CH520 ! Ce mod\u00e8le supra-auriculaire sans fil est \u00e9quip\u00e9 Bluetooth 5.2, d&rsquo;une batterie rechargeable avec une autonomie de 50 heures ainsi que d&rsquo;une connectivit\u00e9 stable avec des performances d&rsquo;appel am\u00e9lior\u00e9es. L\u00e9ger et compact, il vous sera facile de le ranger dans votre sac, pour, \u00e0 tout moment \u00e9couter de la meilleure des mani\u00e8res, vos morceaux musicaux pr\u00e9f\u00e9r\u00e9es<\/p>\n<p><strong>CARACT\u00c9RISTIQUES PRINCIPALES:<\/strong><\/p>\n<ul>\n<li>Casque supra-auriculaire ferm\u00e9 sans fil<\/li>\n<li>Technologie Bluetooth 5.2<\/li>\n<li>Transducteur 30 mm avec aimant ferrite<\/li>\n<li>Commandes sur l&rsquo;oreillette : lecture\/pause, s\u00e9lection des pistes, volume<\/li>\n<li>Microphone pour des conversations claires<\/li>\n<li>Autonomie : 50h (musique) \/ 40h (conversation)<\/li>\n<li>Recharge en 3h via le port USB-C<\/li>\n<li>Conception pliable \u00e0 plat<\/li>\n<li>Compatible avec l&rsquo;assistant vocal de votre smartphone<\/li>\n<li>Poids plume de 147 grammes<\/li>\n<\/ul>\n","protected":false},"excerpt":{"rendered":"<p>Casque supra-auriculaire sans fil &#8211; Bluetooth 5.2 &#8211; Autonomie 50h &#8211; Commandes\/Micro &#8211; USB-C<\/p>\n","protected":false},"featured_media":22525,"comment_status":"open","ping_status":"closed","template":"","meta":[],"product_brand":[236],"product_cat":[314,321],"product_tag":[],"class_list":{"0":"post-22524","1":"product","2":"type-product","3":"status-publish","4":"has-post-thumbnail","6":"product_brand-sony","7":"product_cat-accessoires","8":"product_cat-casque","10":"first","11":"outofstock","12":"sale","13":"shipping-taxable","14":"purchasable","15":"product-type-simple"},"aioseo_notices":[],"jetpack_sharing_enabled":true,"_links":{"self":[{"href":"https:\/\/tekelec.ma\/index.php\/wp-json\/wp\/v2\/product\/22524","targetHints":{"allow":["GET"]}}],"collection":[{"href":"https:\/\/tekelec.ma\/index.php\/wp-json\/wp\/v2\/product"}],"about":[{"href":"https:\/\/tekelec.ma\/index.php\/wp-json\/wp\/v2\/types\/product"}],"replies":[{"embeddable":true,"href":"https:\/\/tekelec.ma\/index.php\/wp-json\/wp\/v2\/comments?post=22524"}],"version-history":[{"count":0,"href":"https:\/\/tekelec.ma\/index.php\/wp-json\/wp\/v2\/product\/22524\/revisions"}],"wp:featuredmedia":[{"embeddable":true,"href":"https:\/\/tekelec.ma\/index.php\/wp-json\/wp\/v2\/media\/22525"}],"wp:attachment":[{"href":"https:\/\/tekelec.ma\/index.php\/wp-json\/wp\/v2\/media?parent=22524"}],"wp:term":[{"taxonomy":"product_brand","embeddable":true,"href":"https:\/\/tekelec.ma\/index.php\/wp-json\/wp\/v2\/product_brand?post=22524"},{"taxonomy":"product_cat","embeddable":true,"href":"https:\/\/tekelec.ma\/index.php\/wp-json\/wp\/v2\/product_cat?post=22524"},{"taxonomy":"product_tag","embeddable":true,"href":"https:\/\/tekelec.ma\/index.php\/wp-json\/wp\/v2\/product_tag?post=22524"}],"curies":[{"name":"wp","href":"https:\/\/api.w.org\/{rel}","templated":true}]}}