{"id":22529,"date":"2023-12-15T12:16:48","date_gmt":"2023-12-15T11:16:48","guid":{"rendered":"https:\/\/tekelec.ma\/?post_type=product&#038;p=22529"},"modified":"2025-05-07T12:38:04","modified_gmt":"2025-05-07T10:38:04","slug":"sony-inzone-h3","status":"publish","type":"product","link":"https:\/\/tekelec.ma\/index.php\/product\/sony-inzone-h3\/","title":{"rendered":"Sony INZONE H3"},"content":{"rendered":"<p><strong>Qualit\u00e9 audio et confort de jeu<\/strong><\/p>\n<p>Gagnez en confort et profitez d&rsquo;une excellente qualit\u00e9 audio avec le casque-micro Sony INZONE H3 ! Pourvu nativement d&rsquo;un connecteur jack 3.5 mm et fourni avec une carte son externe avec connecteur USB, ce casque audio Sony est compatible avec la plupart des consoles nouvelle g\u00e9n\u00e9ration.<\/p>\n<p><strong>OCALISEZ VOS ADVERSAIRES AVEC PR\u00c9CISION<\/strong><\/p>\n<p>D\u00e9tectez la position de vos adversaires avant qu&rsquo;ils ne vous voient. Gr\u00e2ce \u00e0 la technologie 360 Spatial Sound for Gaming et gr\u00e2ce \u00e0 la haute qualit\u00e9 sonore sign\u00e9e Sony, vous pouvez entendre avec pr\u00e9cision d&rsquo;o\u00f9 proviennent vos adversaires et \u00e0 quelle distance ils sont. Les joueurs cach\u00e9s dans l&rsquo;ombre, derri\u00e8re des murs ou des obstacles, ne le resteront pas tr\u00e8s longtemps avec vous dans la partie ! La technologie 360 Spatial Sound for Gaming (activable via le logiciel PC INZONE Hub) convertit virtuellement les signaux audio multicanaux en son spatial pour restituer un son fid\u00e8le \u00e0 la vision des d\u00e9veloppeurs du jeu. De plus, gr\u00e2ce \u00e0 l&rsquo;application smartphone 360 Spatial Sound Personalizer, vous b\u00e9n\u00e9ficiez d&rsquo;une exp\u00e9rience sonore adapt\u00e9e \u00e0 la morphologie de votre oreille pour un gameplay optimal.<\/p>\n<p><strong>UN CASQUE CONFORTABLE ET PRATIQUE<\/strong><\/p>\n<p>Sony a cr\u00e9\u00e9 le casque Gamer INZONE H3 pour qu&rsquo;il soit le plus confortable possible, afin que vous puissiez continuer \u00e0 jouer ans inconfort lors de sessions prolong\u00e9es. Les coussinets en nylon souple sont con\u00e7us pour minimiser la pression sur vos oreilles et assurer une excellente isolation acoustique. Le coussinet de l\u2019arceau \u00e0 la fois doux et large, permet de r\u00e9partir le poids uniform\u00e9ment sur votre t\u00eate pour un ajustement s\u00fbr et stable sans provoquer d&rsquo;appui g\u00eanant, m\u00eame en le portant longtemps. Les commandes principales telles que le bouton de volume et celui du micro se situent sur la partie gauche du casque. Leur position a \u00e9t\u00e9 \u00e9tudi\u00e9e afin qu&rsquo;elles soient facilement accessibles lorsque vous jouez.<\/p>\n","protected":false},"excerpt":{"rendered":"<p>Casque gaming &#8211; circumaural ferm\u00e9 &#8211; son st\u00e9r\u00e9o &#8211; microphone unidirectionnel r\u00e9tractable &#8211; Compatible PC\/Xbox\/PlayStation 4\/PlayStation 5<\/p>\n","protected":false},"featured_media":22530,"comment_status":"open","ping_status":"closed","template":"","meta":[],"product_brand":[236],"product_cat":[314,321],"product_tag":[],"class_list":{"0":"post-22529","1":"product","2":"type-product","3":"status-publish","4":"has-post-thumbnail","6":"product_brand-sony","7":"product_cat-accessoires","8":"product_cat-casque","10":"first","11":"outofstock","12":"sale","13":"shipping-taxable","14":"purchasable","15":"product-type-simple"},"aioseo_notices":[],"jetpack_sharing_enabled":true,"_links":{"self":[{"href":"https:\/\/tekelec.ma\/index.php\/wp-json\/wp\/v2\/product\/22529","targetHints":{"allow":["GET"]}}],"collection":[{"href":"https:\/\/tekelec.ma\/index.php\/wp-json\/wp\/v2\/product"}],"about":[{"href":"https:\/\/tekelec.ma\/index.php\/wp-json\/wp\/v2\/types\/product"}],"replies":[{"embeddable":true,"href":"https:\/\/tekelec.ma\/index.php\/wp-json\/wp\/v2\/comments?post=22529"}],"version-history":[{"count":0,"href":"https:\/\/tekelec.ma\/index.php\/wp-json\/wp\/v2\/product\/22529\/revisions"}],"wp:featuredmedia":[{"embeddable":true,"href":"https:\/\/tekelec.ma\/index.php\/wp-json\/wp\/v2\/media\/22530"}],"wp:attachment":[{"href":"https:\/\/tekelec.ma\/index.php\/wp-json\/wp\/v2\/media?parent=22529"}],"wp:term":[{"taxonomy":"product_brand","embeddable":true,"href":"https:\/\/tekelec.ma\/index.php\/wp-json\/wp\/v2\/product_brand?post=22529"},{"taxonomy":"product_cat","embeddable":true,"href":"https:\/\/tekelec.ma\/index.php\/wp-json\/wp\/v2\/product_cat?post=22529"},{"taxonomy":"product_tag","embeddable":true,"href":"https:\/\/tekelec.ma\/index.php\/wp-json\/wp\/v2\/product_tag?post=22529"}],"curies":[{"name":"wp","href":"https:\/\/api.w.org\/{rel}","templated":true}]}}