{"id":22533,"date":"2023-12-15T12:21:31","date_gmt":"2023-12-15T11:21:31","guid":{"rendered":"https:\/\/tekelec.ma\/?post_type=product&#038;p=22533"},"modified":"2025-05-07T12:38:04","modified_gmt":"2025-05-07T10:38:04","slug":"logitech-g533-prodigy-wireless-gaming-headset","status":"publish","type":"product","link":"https:\/\/tekelec.ma\/index.php\/product\/logitech-g533-prodigy-wireless-gaming-headset\/","title":{"rendered":"Logitech G533 Prodigy Wireless Gaming Headset"},"content":{"rendered":"<div class=\"col-lg-6\">\n<div class=\"product-tabs tabs\">\n<ul class=\"nav nav-tabs\">\n<li class=\"nav-item h4\"><a class=\"nav-link active\" href=\"https:\/\/www.ultrapc.ma\/casques\/2728-logitech-g533-prodigy-wireless-gaming-headset-casques.html#description\" data-toggle=\"tab\">Description<\/a><\/li>\n<\/ul>\n<div id=\"tab-content\" class=\"tab-content\">\n<div id=\"description\" class=\"tab-pane fade show active\">\n<div class=\"product-description\">\n<p>Le casque de jeu\u00a0Logitech G533 Prodigy Wireless Gaming Headset\u00a0est con\u00e7u avec des transducteurs audio Pro-G, pour une exp\u00e9rience de son surround immersif. Il offre l&rsquo;incroyable possibilit\u00e9 de recr\u00e9er les effets environnementaux de votre jeu ainsi que les moindres sons positionnels cr\u00e9es par les d\u00e9veloppeurs.<\/p>\n<p>Gr\u00e2ce \u00e0 des mat\u00e9riaux et \u00e0 des techniques de\u00a0fabrication dernier cri, le G533 est un casque \u00e0 la fois durable et l\u00e9ger\u00a0que vous pouvez porter plusieurs heures d&rsquo;affil\u00e9e. Il est \u00e9galement dot\u00e9\u00a0d&rsquo;un micro anti-parasite au bout d&rsquo;une tige pliable et extensible, d&rsquo;une\u00a0commande de contr\u00f4le du volume facile d&rsquo;acc\u00e8s et d&rsquo;un bouton de\u00a0sourdine.<\/p>\n<\/div>\n<\/div>\n<\/div>\n<\/div>\n<\/div>\n<div class=\"col-lg-6\">\n<div id=\"product-details\" style=\"box-sizing: inherit;\" data-product=\"{&quot;id_shop_default&quot;:&quot;1&quot;,&quot;id_manufacturer&quot;:&quot;16&quot;,&quot;id_supplier&quot;:&quot;0&quot;,&quot;reference&quot;:&quot;981-000634&quot;,&quot;is_virtual&quot;:&quot;0&quot;,&quot;delivery_in_stock&quot;:&quot;&quot;,&quot;delivery_out_stock&quot;:&quot;&quot;,&quot;id_category_default&quot;:&quot;128&quot;,&quot;on_sale&quot;:&quot;0&quot;,&quot;online_only&quot;:&quot;0&quot;,&quot;ecotax&quot;:0,&quot;minimal_quantity&quot;:&quot;1&quot;,&quot;low_stock_threshold&quot;:null,&quot;low_stock_alert&quot;:&quot;0&quot;,&quot;price&quot;:&quot;1\\u202f490,00\\u00a0MAD&quot;,&quot;unity&quot;:&quot;&quot;,&quot;unit_price_ratio&quot;:&quot;0.000000&quot;,&quot;additional_shipping_cost&quot;:&quot;0.000000&quot;,&quot;customizable&quot;:&quot;0&quot;,&quot;text_fields&quot;:&quot;0&quot;,&quot;uploadable_files&quot;:&quot;0&quot;,&quot;redirect_type&quot;:&quot;404&quot;,&quot;id_type_redirected&quot;:&quot;0&quot;,&quot;available_for_order&quot;:&quot;1&quot;,&quot;available_date&quot;:&quot;0000-00-00&quot;,&quot;show_condition&quot;:&quot;1&quot;,&quot;condition&quot;:&quot;new&quot;,&quot;show_price&quot;:&quot;1&quot;,&quot;indexed&quot;:&quot;1&quot;,&quot;visibility&quot;:&quot;both&quot;,&quot;cache_default_attribute&quot;:&quot;0&quot;,&quot;advanced_stock_management&quot;:&quot;0&quot;,&quot;date_add&quot;:&quot;2019-04-10 19:46:56&quot;,&quot;date_upd&quot;:&quot;2023-09-29 12:41:59&quot;,&quot;pack_stock_type&quot;:&quot;3&quot;,&quot;meta_description&quot;:&quot;Le casque de jeu Logitech G533 Prodigy Wireless Gaming Headset est con\\u00e7u avec des transducteurs audio Pro-G, pour une exp\\u00e9rience de son surround immersif. Il...&quot;,&quot;meta_keywords&quot;:&quot;Logitech G533 Prodigy Wireless Gaming Headset, Logitech, Casques&quot;,&quot;meta_title&quot;:&quot;Logitech G533 Prodigy Wireless Gaming Headset Casques Logitech Maroc&quot;,&quot;link_rewrite&quot;:&quot;logitech-g533-prodigy-wireless-gaming-headset-casques&quot;,&quot;name&quot;:&quot;Logitech G533 Prodigy Wireless Gaming Headset&quot;,&quot;description&quot;:&quot;&lt;p&gt;&lt;span style=\\&quot;color: #505050; font-family: Montserrat, sans-serif; font-size: 13px; text-align: justify;\\&quot;&gt;Le casque de jeu\\u00a0&lt;\\\/span&gt;&lt;span style=\\&quot;box-sizing: border-box; font-weight: 600; margin: 0px; padding: 0px; border: 0px; font-variant-numeric: inherit; font-variant-east-asian: inherit; font-stretch: inherit; font-size: 13px; line-height: inherit; font-family: Montserrat, sans-serif; vertical-align: baseline; color: #505050; text-align: justify;\\&quot;&gt;Logitech G533 Prodigy Wireless Gaming Headset&lt;\\\/span&gt;&lt;span style=\\&quot;color: #505050; font-family: Montserrat, sans-serif; font-size: 13px; text-align: justify;\\&quot;&gt;\\u00a0est con\\u00e7u avec des transducteurs audio Pro-G, pour une exp\\u00e9rience de son surround immersif. Il offre l'incroyable possibilit\\u00e9 de recr\\u00e9er les effets environnementaux de votre jeu ainsi que les moindres sons positionnels cr\\u00e9es par les d\\u00e9veloppeurs.\\u00a0&lt;\\\/span&gt;&lt;br style=\\&quot;box-sizing: border-box; color: #505050; font-family: Montserrat, sans-serif; font-size: 13px; text-align: justify;\\&quot; \\\/&gt;&lt;br style=\\&quot;box-sizing: border-box; color: #505050; font-family: Montserrat, sans-serif; font-size: 13px; text-align: justify;\\&quot; \\\/&gt;&lt;span style=\\&quot;color: #505050; font-family: Montserrat, sans-serif; font-size: 13px; text-align: justify;\\&quot;&gt;Gr\\u00e2ce \\u00e0 des mat\\u00e9riaux et \\u00e0 des techniques de\\u00a0fabrication dernier cri, le G533 est un casque \\u00e0 la fois durable et l\\u00e9ger\\u00a0que vous pouvez porter plusieurs heures d'affil\\u00e9e. Il est \\u00e9galement dot\\u00e9\\u00a0d'un micro anti-parasite au bout d'une tige pliable et extensible, d'une\\u00a0commande de contr\\u00f4le du volume facile d'acc\\u00e8s et d'un bouton de\\u00a0sourdine.\\u00a0&lt;\\\/span&gt;&lt;\\\/p&gt;&quot;,&quot;description_short&quot;:&quot;&lt;p&gt;&lt;span style=\\&quot;color: #969696; font-family: Montserrat, sans-serif; font-size: 13px; text-align: justify;\\&quot;&gt;Le casque de jeu Logitech G533 Prodigy Wireless Gaming Headset est con\\u00e7u avec des transducteurs audio Pro-G, pour une exp\\u00e9rience de son surround immersif. Il offre l'incroyable possibilit\\u00e9 de recr\\u00e9er les effets environnementaux de votre jeu ainsi que les moindres sons positionnels.&lt;\\\/span&gt;&lt;\\\/p&gt;&quot;,&quot;available_now&quot;:&quot;Produit en stock&quot;,&quot;available_later&quot;:&quot;Sur commande 12 \\u00e0 21 jours&quot;,&quot;id&quot;:2728,&quot;id_product&quot;:2728,&quot;out_of_stock&quot;:2,&quot;new&quot;:0,&quot;id_product_attribute&quot;:&quot;0&quot;,&quot;quantity_wanted&quot;:1,&quot;extraContent&quot;:[],&quot;allow_oosp&quot;:0,&quot;category&quot;:&quot;casques&quot;,&quot;category_name&quot;:&quot;Casques&quot;,&quot;link&quot;:&quot;https:\\\/\\\/www.ultrapc.ma\\\/casques\\\/2728-logitech-g533-prodigy-wireless-gaming-headset-casques.html&quot;,&quot;attribute_price&quot;:0,&quot;price_tax_exc&quot;:1241.66666699999996126280166208744049072265625,&quot;price_without_reduction&quot;:1490,&quot;reduction&quot;:0,&quot;specific_prices&quot;:[],&quot;quantity&quot;:0,&quot;quantity_all_versions&quot;:0,&quot;id_image&quot;:&quot;fr-default&quot;,&quot;features&quot;:[{&quot;name&quot;:&quot;Type &quot;,&quot;value&quot;:&quot;7.1 Virtual Surround&quot;,&quot;id_feature&quot;:&quot;121&quot;,&quot;position&quot;:&quot;75&quot;},{&quot;name&quot;:&quot;Sans-fil&quot;,&quot;value&quot;:&quot;Oui&quot;,&quot;id_feature&quot;:&quot;123&quot;,&quot;position&quot;:&quot;76&quot;},{&quot;name&quot;:&quot;Couplage auriculaire&quot;,&quot;value&quot;:&quot;Circum-aural (englobe les oreilles)&quot;,&quot;id_feature&quot;:&quot;122&quot;,&quot;position&quot;:&quot;77&quot;},{&quot;name&quot;:&quot;Connecteur(s)&quot;,&quot;value&quot;:&quot;1x USB&quot;,&quot;id_feature&quot;:&quot;126&quot;,&quot;position&quot;:&quot;78&quot;},{&quot;name&quot;:&quot;Garantie&quot;,&quot;value&quot;:&quot;12 Mois&quot;,&quot;id_feature&quot;:&quot;44&quot;,&quot;position&quot;:&quot;178&quot;}],&quot;attachments&quot;:[],&quot;virtual&quot;:0,&quot;pack&quot;:0,&quot;packItems&quot;:[],&quot;nopackprice&quot;:0,&quot;customization_required&quot;:false,&quot;rate&quot;:20,&quot;tax_name&quot;:&quot;TVA MA 20%&quot;,&quot;ecotax_rate&quot;:0,&quot;unit_price&quot;:&quot;&quot;,&quot;customizations&quot;:{&quot;fields&quot;:[]},&quot;id_customization&quot;:0,&quot;is_customizable&quot;:false,&quot;show_quantities&quot;:false,&quot;quantity_label&quot;:&quot;Produit&quot;,&quot;quantity_discounts&quot;:[],&quot;customer_group_discount&quot;:0,&quot;images&quot;:[{&quot;bySize&quot;:{&quot;small_default&quot;:{&quot;url&quot;:&quot;https:\\\/\\\/www.ultrapc.ma\\\/8574-small_default\\\/logitech-g533-prodigy-wireless-gaming-headset-casques.jpg&quot;,&quot;width&quot;:50,&quot;height&quot;:50},&quot;cart_default&quot;:{&quot;url&quot;:&quot;https:\\\/\\\/www.ultrapc.ma\\\/8574-cart_default\\\/logitech-g533-prodigy-wireless-gaming-headset-casques.jpg&quot;,&quot;width&quot;:100,&quot;height&quot;:100},&quot;home_default&quot;:{&quot;url&quot;:&quot;https:\\\/\\\/www.ultrapc.ma\\\/8574-home_default\\\/logitech-g533-prodigy-wireless-gaming-headset-casques.jpg&quot;,&quot;width&quot;:280,&quot;height&quot;:280},&quot;large_default&quot;:{&quot;url&quot;:&quot;https:\\\/\\\/www.ultrapc.ma\\\/8574-large_default\\\/logitech-g533-prodigy-wireless-gaming-headset-casques.jpg&quot;,&quot;width&quot;:600,&quot;height&quot;:600},&quot;medium_default&quot;:{&quot;url&quot;:&quot;https:\\\/\\\/www.ultrapc.ma\\\/8574-medium_default\\\/logitech-g533-prodigy-wireless-gaming-headset-casques.jpg&quot;,&quot;width&quot;:600,&quot;height&quot;:600},&quot;large_banner&quot;:{&quot;url&quot;:&quot;https:\\\/\\\/www.ultrapc.ma\\\/8574-large_banner\\\/logitech-g533-prodigy-wireless-gaming-headset-casques.jpg&quot;,&quot;width&quot;:1140,&quot;height&quot;:400}},&quot;small&quot;:{&quot;url&quot;:&quot;https:\\\/\\\/www.ultrapc.ma\\\/8574-small_default\\\/logitech-g533-prodigy-wireless-gaming-headset-casques.jpg&quot;,&quot;width&quot;:50,&quot;height&quot;:50},&quot;medium&quot;:{&quot;url&quot;:&quot;https:\\\/\\\/www.ultrapc.ma\\\/8574-large_default\\\/logitech-g533-prodigy-wireless-gaming-headset-casques.jpg&quot;,&quot;width&quot;:600,&quot;height&quot;:600},&quot;large&quot;:{&quot;url&quot;:&quot;https:\\\/\\\/www.ultrapc.ma\\\/8574-large_banner\\\/logitech-g533-prodigy-wireless-gaming-headset-casques.jpg&quot;,&quot;width&quot;:1140,&quot;height&quot;:400},&quot;legend&quot;:&quot;Logitech G533 Prodigy Wireless Gaming Headset Casques Logitech, Ultra Pc Gamer Maroc&quot;,&quot;id_image&quot;:&quot;8574&quot;,&quot;cover&quot;:&quot;1&quot;,&quot;position&quot;:&quot;1&quot;,&quot;associatedVariants&quot;:[]},{&quot;bySize&quot;:{&quot;small_default&quot;:{&quot;url&quot;:&quot;https:\\\/\\\/www.ultrapc.ma\\\/8575-small_default\\\/logitech-g533-prodigy-wireless-gaming-headset-casques.jpg&quot;,&quot;width&quot;:50,&quot;height&quot;:50},&quot;cart_default&quot;:{&quot;url&quot;:&quot;https:\\\/\\\/www.ultrapc.ma\\\/8575-cart_default\\\/logitech-g533-prodigy-wireless-gaming-headset-casques.jpg&quot;,&quot;width&quot;:100,&quot;height&quot;:100},&quot;home_default&quot;:{&quot;url&quot;:&quot;https:\\\/\\\/www.ultrapc.ma\\\/8575-home_default\\\/logitech-g533-prodigy-wireless-gaming-headset-casques.jpg&quot;,&quot;width&quot;:280,&quot;height&quot;:280},&quot;large_default&quot;:{&quot;url&quot;:&quot;https:\\\/\\\/www.ultrapc.ma\\\/8575-large_default\\\/logitech-g533-prodigy-wireless-gaming-headset-casques.jpg&quot;,&quot;width&quot;:600,&quot;height&quot;:600},&quot;medium_default&quot;:{&quot;url&quot;:&quot;https:\\\/\\\/www.ultrapc.ma\\\/8575-medium_default\\\/logitech-g533-prodigy-wireless-gaming-headset-casques.jpg&quot;,&quot;width&quot;:600,&quot;height&quot;:600},&quot;large_banner&quot;:{&quot;url&quot;:&quot;https:\\\/\\\/www.ultrapc.ma\\\/8575-large_banner\\\/logitech-g533-prodigy-wireless-gaming-headset-casques.jpg&quot;,&quot;width&quot;:1140,&quot;height&quot;:400}},&quot;small&quot;:{&quot;url&quot;:&quot;https:\\\/\\\/www.ultrapc.ma\\\/8575-small_default\\\/logitech-g533-prodigy-wireless-gaming-headset-casques.jpg&quot;,&quot;width&quot;:50,&quot;height&quot;:50},&quot;medium&quot;:{&quot;url&quot;:&quot;https:\\\/\\\/www.ultrapc.ma\\\/8575-large_default\\\/logitech-g533-prodigy-wireless-gaming-headset-casques.jpg&quot;,&quot;width&quot;:600,&quot;height&quot;:600},&quot;large&quot;:{&quot;url&quot;:&quot;https:\\\/\\\/www.ultrapc.ma\\\/8575-large_banner\\\/logitech-g533-prodigy-wireless-gaming-headset-casques.jpg&quot;,&quot;width&quot;:1140,&quot;height&quot;:400},&quot;legend&quot;:&quot;Logitech G533 Prodigy Wireless Gaming Headset Casques Logitech, Ultra Pc Gamer Maroc&quot;,&quot;id_image&quot;:&quot;8575&quot;,&quot;cover&quot;:null,&quot;position&quot;:&quot;2&quot;,&quot;associatedVariants&quot;:[]},{&quot;bySize&quot;:{&quot;small_default&quot;:{&quot;url&quot;:&quot;https:\\\/\\\/www.ultrapc.ma\\\/8576-small_default\\\/logitech-g533-prodigy-wireless-gaming-headset-casques.jpg&quot;,&quot;width&quot;:50,&quot;height&quot;:50},&quot;cart_default&quot;:{&quot;url&quot;:&quot;https:\\\/\\\/www.ultrapc.ma\\\/8576-cart_default\\\/logitech-g533-prodigy-wireless-gaming-headset-casques.jpg&quot;,&quot;width&quot;:100,&quot;height&quot;:100},&quot;home_default&quot;:{&quot;url&quot;:&quot;https:\\\/\\\/www.ultrapc.ma\\\/8576-home_default\\\/logitech-g533-prodigy-wireless-gaming-headset-casques.jpg&quot;,&quot;width&quot;:280,&quot;height&quot;:280},&quot;large_default&quot;:{&quot;url&quot;:&quot;https:\\\/\\\/www.ultrapc.ma\\\/8576-large_default\\\/logitech-g533-prodigy-wireless-gaming-headset-casques.jpg&quot;,&quot;width&quot;:600,&quot;height&quot;:600},&quot;medium_default&quot;:{&quot;url&quot;:&quot;https:\\\/\\\/www.ultrapc.ma\\\/8576-medium_default\\\/logitech-g533-prodigy-wireless-gaming-headset-casques.jpg&quot;,&quot;width&quot;:600,&quot;height&quot;:600},&quot;large_banner&quot;:{&quot;url&quot;:&quot;https:\\\/\\\/www.ultrapc.ma\\\/8576-large_banner\\\/logitech-g533-prodigy-wireless-gaming-headset-casques.jpg&quot;,&quot;width&quot;:1140,&quot;height&quot;:400}},&quot;small&quot;:{&quot;url&quot;:&quot;https:\\\/\\\/www.ultrapc.ma\\\/8576-small_default\\\/logitech-g533-prodigy-wireless-gaming-headset-casques.jpg&quot;,&quot;width&quot;:50,&quot;height&quot;:50},&quot;medium&quot;:{&quot;url&quot;:&quot;https:\\\/\\\/www.ultrapc.ma\\\/8576-large_default\\\/logitech-g533-prodigy-wireless-gaming-headset-casques.jpg&quot;,&quot;width&quot;:600,&quot;height&quot;:600},&quot;large&quot;:{&quot;url&quot;:&quot;https:\\\/\\\/www.ultrapc.ma\\\/8576-large_banner\\\/logitech-g533-prodigy-wireless-gaming-headset-casques.jpg&quot;,&quot;width&quot;:1140,&quot;height&quot;:400},&quot;legend&quot;:&quot;Logitech G533 Prodigy Wireless Gaming Headset Casques Logitech, Ultra Pc Gamer Maroc&quot;,&quot;id_image&quot;:&quot;8576&quot;,&quot;cover&quot;:null,&quot;position&quot;:&quot;3&quot;,&quot;associatedVariants&quot;:[]},{&quot;bySize&quot;:{&quot;small_default&quot;:{&quot;url&quot;:&quot;https:\\\/\\\/www.ultrapc.ma\\\/8577-small_default\\\/logitech-g533-prodigy-wireless-gaming-headset-casques.jpg&quot;,&quot;width&quot;:50,&quot;height&quot;:50},&quot;cart_default&quot;:{&quot;url&quot;:&quot;https:\\\/\\\/www.ultrapc.ma\\\/8577-cart_default\\\/logitech-g533-prodigy-wireless-gaming-headset-casques.jpg&quot;,&quot;width&quot;:100,&quot;height&quot;:100},&quot;home_default&quot;:{&quot;url&quot;:&quot;https:\\\/\\\/www.ultrapc.ma\\\/8577-home_default\\\/logitech-g533-prodigy-wireless-gaming-headset-casques.jpg&quot;,&quot;width&quot;:280,&quot;height&quot;:280},&quot;large_default&quot;:{&quot;url&quot;:&quot;https:\\\/\\\/www.ultrapc.ma\\\/8577-large_default\\\/logitech-g533-prodigy-wireless-gaming-headset-casques.jpg&quot;,&quot;width&quot;:600,&quot;height&quot;:600},&quot;medium_default&quot;:{&quot;url&quot;:&quot;https:\\\/\\\/www.ultrapc.ma\\\/8577-medium_default\\\/logitech-g533-prodigy-wireless-gaming-headset-casques.jpg&quot;,&quot;width&quot;:600,&quot;height&quot;:600},&quot;large_banner&quot;:{&quot;url&quot;:&quot;https:\\\/\\\/www.ultrapc.ma\\\/8577-large_banner\\\/logitech-g533-prodigy-wireless-gaming-headset-casques.jpg&quot;,&quot;width&quot;:1140,&quot;height&quot;:400}},&quot;small&quot;:{&quot;url&quot;:&quot;https:\\\/\\\/www.ultrapc.ma\\\/8577-small_default\\\/logitech-g533-prodigy-wireless-gaming-headset-casques.jpg&quot;,&quot;width&quot;:50,&quot;height&quot;:50},&quot;medium&quot;:{&quot;url&quot;:&quot;https:\\\/\\\/www.ultrapc.ma\\\/8577-large_default\\\/logitech-g533-prodigy-wireless-gaming-headset-casques.jpg&quot;,&quot;width&quot;:600,&quot;height&quot;:600},&quot;large&quot;:{&quot;url&quot;:&quot;https:\\\/\\\/www.ultrapc.ma\\\/8577-large_banner\\\/logitech-g533-prodigy-wireless-gaming-headset-casques.jpg&quot;,&quot;width&quot;:1140,&quot;height&quot;:400},&quot;legend&quot;:&quot;Logitech G533 Prodigy Wireless Gaming Headset Casques Logitech, Ultra Pc Gamer Maroc&quot;,&quot;id_image&quot;:&quot;8577&quot;,&quot;cover&quot;:null,&quot;position&quot;:&quot;4&quot;,&quot;associatedVariants&quot;:[]}],&quot;cover&quot;:{&quot;bySize&quot;:{&quot;small_default&quot;:{&quot;url&quot;:&quot;https:\\\/\\\/www.ultrapc.ma\\\/8574-small_default\\\/logitech-g533-prodigy-wireless-gaming-headset-casques.jpg&quot;,&quot;width&quot;:50,&quot;height&quot;:50},&quot;cart_default&quot;:{&quot;url&quot;:&quot;https:\\\/\\\/www.ultrapc.ma\\\/8574-cart_default\\\/logitech-g533-prodigy-wireless-gaming-headset-casques.jpg&quot;,&quot;width&quot;:100,&quot;height&quot;:100},&quot;home_default&quot;:{&quot;url&quot;:&quot;https:\\\/\\\/www.ultrapc.ma\\\/8574-home_default\\\/logitech-g533-prodigy-wireless-gaming-headset-casques.jpg&quot;,&quot;width&quot;:280,&quot;height&quot;:280},&quot;large_default&quot;:{&quot;url&quot;:&quot;https:\\\/\\\/www.ultrapc.ma\\\/8574-large_default\\\/logitech-g533-prodigy-wireless-gaming-headset-casques.jpg&quot;,&quot;width&quot;:600,&quot;height&quot;:600},&quot;medium_default&quot;:{&quot;url&quot;:&quot;https:\\\/\\\/www.ultrapc.ma\\\/8574-medium_default\\\/logitech-g533-prodigy-wireless-gaming-headset-casques.jpg&quot;,&quot;width&quot;:600,&quot;height&quot;:600},&quot;large_banner&quot;:{&quot;url&quot;:&quot;https:\\\/\\\/www.ultrapc.ma\\\/8574-large_banner\\\/logitech-g533-prodigy-wireless-gaming-headset-casques.jpg&quot;,&quot;width&quot;:1140,&quot;height&quot;:400}},&quot;small&quot;:{&quot;url&quot;:&quot;https:\\\/\\\/www.ultrapc.ma\\\/8574-small_default\\\/logitech-g533-prodigy-wireless-gaming-headset-casques.jpg&quot;,&quot;width&quot;:50,&quot;height&quot;:50},&quot;medium&quot;:{&quot;url&quot;:&quot;https:\\\/\\\/www.ultrapc.ma\\\/8574-large_default\\\/logitech-g533-prodigy-wireless-gaming-headset-casques.jpg&quot;,&quot;width&quot;:600,&quot;height&quot;:600},&quot;large&quot;:{&quot;url&quot;:&quot;https:\\\/\\\/www.ultrapc.ma\\\/8574-large_banner\\\/logitech-g533-prodigy-wireless-gaming-headset-casques.jpg&quot;,&quot;width&quot;:1140,&quot;height&quot;:400},&quot;legend&quot;:&quot;Logitech G533 Prodigy Wireless Gaming Headset Casques Logitech, Ultra Pc Gamer Maroc&quot;,&quot;id_image&quot;:&quot;8574&quot;,&quot;cover&quot;:&quot;1&quot;,&quot;position&quot;:&quot;1&quot;,&quot;associatedVariants&quot;:[]},&quot;has_discount&quot;:false,&quot;discount_type&quot;:null,&quot;discount_percentage&quot;:null,&quot;discount_percentage_absolute&quot;:null,&quot;discount_amount&quot;:null,&quot;discount_amount_to_display&quot;:null,&quot;price_amount&quot;:1490,&quot;unit_price_full&quot;:&quot;&quot;,&quot;show_availability&quot;:true,&quot;availability_message&quot;:&quot;Rupture de stock&quot;,&quot;availability_date&quot;:null,&quot;availability&quot;:&quot;unavailable&quot;}\">\n<section class=\"product-features mb-3\">\n<p class=\"product-details-title h4 py-2\">Fiche technique<\/p>\n<dl class=\"data-sheet d-flex flex-wrap justify-content-between m-0\">\n<dt class=\"name mb-1 p-2\">Type<\/dt>\n<dd class=\"value mb-1 p-2\">7.1 Virtual Surround<\/dd>\n<dt class=\"name mb-1 p-2\">Sans-fil<\/dt>\n<dd class=\"value mb-1 p-2\">Oui<\/dd>\n<dt class=\"name mb-1 p-2\">Couplage auriculaire<\/dt>\n<dd class=\"value mb-1 p-2\">Circum-aural (englobe les oreilles)<\/dd>\n<dt class=\"name mb-1 p-2\">Connecteur(s)<\/dt>\n<dd class=\"value mb-1 p-2\">1x USB<\/dd>\n<\/dl>\n<\/section>\n<\/div>\n<\/div>\n","protected":false},"excerpt":{"rendered":"<p>Le casque de jeu Logitech G533 Prodigy Wireless Gaming Headset est con\u00e7u avec des transducteurs audio Pro-G, pour une exp\u00e9rience de son surround immersif. Il offre l&rsquo;incroyable possibilit\u00e9 de recr\u00e9er les effets environnementaux de votre jeu ainsi que les moindres sons positionnels.<\/p>\n","protected":false},"featured_media":22534,"comment_status":"open","ping_status":"closed","template":"","meta":[],"product_brand":[330],"product_cat":[314,321],"product_tag":[],"class_list":{"0":"post-22533","1":"product","2":"type-product","3":"status-publish","4":"has-post-thumbnail","6":"product_brand-logitech","7":"product_cat-accessoires","8":"product_cat-casque","10":"first","11":"outofstock","12":"sale","13":"shipping-taxable","14":"purchasable","15":"product-type-simple"},"aioseo_notices":[],"jetpack_sharing_enabled":true,"_links":{"self":[{"href":"https:\/\/tekelec.ma\/index.php\/wp-json\/wp\/v2\/product\/22533","targetHints":{"allow":["GET"]}}],"collection":[{"href":"https:\/\/tekelec.ma\/index.php\/wp-json\/wp\/v2\/product"}],"about":[{"href":"https:\/\/tekelec.ma\/index.php\/wp-json\/wp\/v2\/types\/product"}],"replies":[{"embeddable":true,"href":"https:\/\/tekelec.ma\/index.php\/wp-json\/wp\/v2\/comments?post=22533"}],"version-history":[{"count":0,"href":"https:\/\/tekelec.ma\/index.php\/wp-json\/wp\/v2\/product\/22533\/revisions"}],"wp:featuredmedia":[{"embeddable":true,"href":"https:\/\/tekelec.ma\/index.php\/wp-json\/wp\/v2\/media\/22534"}],"wp:attachment":[{"href":"https:\/\/tekelec.ma\/index.php\/wp-json\/wp\/v2\/media?parent=22533"}],"wp:term":[{"taxonomy":"product_brand","embeddable":true,"href":"https:\/\/tekelec.ma\/index.php\/wp-json\/wp\/v2\/product_brand?post=22533"},{"taxonomy":"product_cat","embeddable":true,"href":"https:\/\/tekelec.ma\/index.php\/wp-json\/wp\/v2\/product_cat?post=22533"},{"taxonomy":"product_tag","embeddable":true,"href":"https:\/\/tekelec.ma\/index.php\/wp-json\/wp\/v2\/product_tag?post=22533"}],"curies":[{"name":"wp","href":"https:\/\/api.w.org\/{rel}","templated":true}]}}