{"id":22547,"date":"2023-12-15T23:18:03","date_gmt":"2023-12-15T22:18:03","guid":{"rendered":"https:\/\/tekelec.ma\/?post_type=product&#038;p=22547"},"modified":"2025-07-30T19:35:58","modified_gmt":"2025-07-30T17:35:58","slug":"msi-geforce-rtx-4060","status":"publish","type":"product","link":"https:\/\/tekelec.ma\/index.php\/product\/msi-geforce-rtx-4060\/","title":{"rendered":"MSI RTX 4060 VENTUS 2X BLACK 8G"},"content":{"rendered":"<p><strong>Une exp\u00e9rience de jeu r\u00e9volutionnaire<\/strong><\/p>\n<p>D\u00e9couvrez la puissance de la MSI GeForce RTX 4060 VENTUS 2X BLACK 8G OC, propuls\u00e9e par l&rsquo;architecture NVIDIA Ada Lovelace. Plongez au c\u0153ur de l&rsquo;action avec la technologie DLSS 3 et le ray tracing, offrant une immersion in\u00e9gal\u00e9e dans les jeux les plus r\u00e9cents.<\/p>\n<p><strong>Caract\u00e9ristiques cl\u00e9s<\/strong><\/p>\n<ul>\n<li>Syst\u00e8me de refroidissement Dual Fan avec ventilateurs TORX FAN 4.0<\/li>\n<li>Backplate renforc\u00e9e pour une protection accrue<\/li>\n<li>Technologie Zero Frozr : arr\u00eat des ventilateurs en cas de faible sollicitation<\/li>\n<li>Logiciels MSI Center et Afterburner pour un contr\u00f4le total<\/li>\n<li>Architecture NVIDIA Ada Lovelace avec de nouveaux multiprocesseurs de flux, c\u0153urs Tensor de quatri\u00e8me g\u00e9n\u00e9ration, et c\u0153urs RT de troisi\u00e8me g\u00e9n\u00e9ration<\/li>\n<\/ul>\n<p><strong>Ray Tracing Hyper-R\u00e9aliste<\/strong><\/p>\n<p>Plongez dans des mondes virtuels plus d\u00e9taill\u00e9s que jamais avec le ray tracing. L&rsquo;architecture Ada Lovelace exploite la puissance des GPU RTX s\u00e9rie 40 et des c\u0153urs RT de troisi\u00e8me g\u00e9n\u00e9ration pour simuler le comportement r\u00e9aliste de la lumi\u00e8re, vous rapprochant au plus pr\u00e8s de la r\u00e9alit\u00e9.<\/p>\n<p><strong>DLSS 3 Propuls\u00e9 par l&rsquo;IA<\/strong><\/p>\n<p>Optimisez vos performances de jeu avec l&rsquo;innovation r\u00e9volutionnaire du DLSS 3. Les c\u0153urs Tensor de quatri\u00e8me g\u00e9n\u00e9ration et l&rsquo;acc\u00e9l\u00e9rateur de flux optiques des GPU GeForce RTX s\u00e9rie 40 exploitent l&rsquo;IA pour g\u00e9n\u00e9rer des images additionnelles de haute qualit\u00e9, multipliant ainsi vos performances.<\/p>\n<p><strong>Technologies NVIDIA Avanc\u00e9es<\/strong><\/p>\n<p>Profitez de la victoire en millisecondes avec la technologie NVIDIA Reflex, offrant la latence la plus faible pour un avantage comp\u00e9titif ultime. \u00c9levez vos projets cr\u00e9atifs avec NVIDIA Studio, fournissant des performances in\u00e9gal\u00e9es pour le rendu 3D, le montage vid\u00e9o et la conception graphique<\/p>\n","protected":false},"excerpt":{"rendered":"<p><strong>MSI GeForce RTX 4060 VENTUS 2X BLACK 8G OC<\/strong><\/p>\n<p>8 Go GDDR6 HDMI\/Tri DisplayPort &#8211; DLSS 3 &#8211; PCI Express (NVIDIA GeForce RTX 4060)<\/p>\n","protected":false},"featured_media":22548,"comment_status":"open","ping_status":"closed","template":"","meta":[],"product_brand":[327,331],"product_cat":[310,345],"product_tag":[],"class_list":{"0":"post-22547","1":"product","2":"type-product","3":"status-publish","4":"has-post-thumbnail","6":"product_brand-msi","7":"product_brand-nvidia","8":"product_cat-cartes-graphiques","9":"product_cat-sur-commande","11":"first","12":"onbackorder","13":"sale","14":"shipping-taxable","15":"purchasable","16":"product-type-simple"},"aioseo_notices":[],"jetpack_sharing_enabled":true,"_links":{"self":[{"href":"https:\/\/tekelec.ma\/index.php\/wp-json\/wp\/v2\/product\/22547","targetHints":{"allow":["GET"]}}],"collection":[{"href":"https:\/\/tekelec.ma\/index.php\/wp-json\/wp\/v2\/product"}],"about":[{"href":"https:\/\/tekelec.ma\/index.php\/wp-json\/wp\/v2\/types\/product"}],"replies":[{"embeddable":true,"href":"https:\/\/tekelec.ma\/index.php\/wp-json\/wp\/v2\/comments?post=22547"}],"version-history":[{"count":1,"href":"https:\/\/tekelec.ma\/index.php\/wp-json\/wp\/v2\/product\/22547\/revisions"}],"predecessor-version":[{"id":24427,"href":"https:\/\/tekelec.ma\/index.php\/wp-json\/wp\/v2\/product\/22547\/revisions\/24427"}],"wp:featuredmedia":[{"embeddable":true,"href":"https:\/\/tekelec.ma\/index.php\/wp-json\/wp\/v2\/media\/22548"}],"wp:attachment":[{"href":"https:\/\/tekelec.ma\/index.php\/wp-json\/wp\/v2\/media?parent=22547"}],"wp:term":[{"taxonomy":"product_brand","embeddable":true,"href":"https:\/\/tekelec.ma\/index.php\/wp-json\/wp\/v2\/product_brand?post=22547"},{"taxonomy":"product_cat","embeddable":true,"href":"https:\/\/tekelec.ma\/index.php\/wp-json\/wp\/v2\/product_cat?post=22547"},{"taxonomy":"product_tag","embeddable":true,"href":"https:\/\/tekelec.ma\/index.php\/wp-json\/wp\/v2\/product_tag?post=22547"}],"curies":[{"name":"wp","href":"https:\/\/api.w.org\/{rel}","templated":true}]}}