{"id":22557,"date":"2023-12-16T18:07:13","date_gmt":"2023-12-16T17:07:13","guid":{"rendered":"https:\/\/tekelec.ma\/?post_type=product&#038;p=22557"},"modified":"2025-07-30T19:35:57","modified_gmt":"2025-07-30T17:35:57","slug":"22557","status":"publish","type":"product","link":"https:\/\/tekelec.ma\/index.php\/product\/22557\/","title":{"rendered":"MSI Radeon RX 6900 XT 16G"},"content":{"rendered":"<h6>AMD Radeon RX 6900 XT : Jeu 4K fluide<\/h6>\n<p><strong>La\u00a0<a title=\"Acheter carte graphique gaming au Maroc\" href=\"https:\/\/smartmarket.ma\/collections\/cartes-graphiques-maroc\" target=\"_blank\" rel=\"noopener noreferrer\">carte graphique<\/a><\/strong>\u00a0<strong><a title=\"Acheter carte graphique gaming msi au Maroc\" href=\"https:\/\/smartmarket.ma\/collections\/carte-graphique-msi-maroc\" target=\"_blank\" rel=\"noopener noreferrer\">MSI<\/a> Radeon RX 6900 XT X TRIO 16G<\/strong>\u00a0est une carte graphique gaming avec\u00a0<strong>architecture RDNA 2<\/strong>\u00a0pour les gamers les plus exigeants. C&rsquo;est une carte graphique id\u00e9ale pour la r\u00e9alit\u00e9 virtuelle et les jeux en r\u00e9solution 4K.<\/p>\n<p>Il est sp\u00e9cialement \u00e9quip\u00e9 de technologies telles que\u00a0<strong>Radeon Image Sharpening<\/strong>,\u00a0<strong>FidelityFX<\/strong>\u00a0et l&rsquo;overclocking en un clic pour des performances maximales et des graphismes plus d\u00e9taill\u00e9s et plus fluides.<\/p>\n<p>Il est livr\u00e9 avec\u00a0<strong>5120 processeurs de flux<\/strong>,\u00a0<strong>320 unit\u00e9s de texture<\/strong>, une interface m\u00e9moire 256 bits pour\u00a0<strong>16 Go de VRAM GDDR6<\/strong>\u00a0et 80 acc\u00e9l\u00e9rateurs de rayons pour le RAYTracing. La\u00a0<a title=\"AMD Radeon RX 6900 XT Prix Maroc \" href=\"https:\/\/smartmarket.ma\/collections\/amd-radeon-rx-6900-xt-maroc\" target=\"_blank\" rel=\"noopener noreferrer\">Radeon RX 6900 XT<\/a>\u00a016 Go GDDR6 de MSI vous offre des graphismes plus d\u00e9taill\u00e9s gr\u00e2ce \u00e0 l&rsquo;architecture RDNA 2 qui offre de tr\u00e8s hautes performances.<\/p>\n<p>Radeon Utilities vous permet de g\u00e9rer avec pr\u00e9cision les param\u00e8tres de votre carte graphique pour des r\u00e9sultats toujours plus impressionnants dans les jeux d&rsquo;aujourd&rsquo;hui et de demain. Votre exp\u00e9rience de jeu est entr\u00e9e dans une nouvelle dimension.<\/p>\n","protected":false},"excerpt":{"rendered":"<p>AMD Radeon RX 6900 XT : Jeu 4K fluide La carte graphique MSI Radeon RX 6900 XT X TRIO 16G est une carte graphique gaming avec architecture RDNA 2 pour les gamers&#8230;<\/p>\n","protected":false},"featured_media":22558,"comment_status":"open","ping_status":"closed","template":"","meta":[],"product_brand":[327],"product_cat":[310,345],"product_tag":[],"class_list":{"0":"post-22557","1":"product","2":"type-product","3":"status-publish","4":"has-post-thumbnail","6":"product_brand-msi","7":"product_cat-cartes-graphiques","8":"product_cat-sur-commande","10":"first","11":"onbackorder","12":"shipping-taxable","13":"purchasable","14":"product-type-simple"},"aioseo_notices":[],"jetpack_sharing_enabled":true,"_links":{"self":[{"href":"https:\/\/tekelec.ma\/index.php\/wp-json\/wp\/v2\/product\/22557","targetHints":{"allow":["GET"]}}],"collection":[{"href":"https:\/\/tekelec.ma\/index.php\/wp-json\/wp\/v2\/product"}],"about":[{"href":"https:\/\/tekelec.ma\/index.php\/wp-json\/wp\/v2\/types\/product"}],"replies":[{"embeddable":true,"href":"https:\/\/tekelec.ma\/index.php\/wp-json\/wp\/v2\/comments?post=22557"}],"version-history":[{"count":1,"href":"https:\/\/tekelec.ma\/index.php\/wp-json\/wp\/v2\/product\/22557\/revisions"}],"predecessor-version":[{"id":24426,"href":"https:\/\/tekelec.ma\/index.php\/wp-json\/wp\/v2\/product\/22557\/revisions\/24426"}],"wp:featuredmedia":[{"embeddable":true,"href":"https:\/\/tekelec.ma\/index.php\/wp-json\/wp\/v2\/media\/22558"}],"wp:attachment":[{"href":"https:\/\/tekelec.ma\/index.php\/wp-json\/wp\/v2\/media?parent=22557"}],"wp:term":[{"taxonomy":"product_brand","embeddable":true,"href":"https:\/\/tekelec.ma\/index.php\/wp-json\/wp\/v2\/product_brand?post=22557"},{"taxonomy":"product_cat","embeddable":true,"href":"https:\/\/tekelec.ma\/index.php\/wp-json\/wp\/v2\/product_cat?post=22557"},{"taxonomy":"product_tag","embeddable":true,"href":"https:\/\/tekelec.ma\/index.php\/wp-json\/wp\/v2\/product_tag?post=22557"}],"curies":[{"name":"wp","href":"https:\/\/api.w.org\/{rel}","templated":true}]}}