{"id":22567,"date":"2023-12-16T18:15:17","date_gmt":"2023-12-16T17:15:17","guid":{"rendered":"https:\/\/tekelec.ma\/?post_type=product&#038;p=22567"},"modified":"2025-07-30T19:35:57","modified_gmt":"2025-07-30T17:35:57","slug":"asus-radeon-rog-strix-lc-rx-6900-xt-t16g-gaming","status":"publish","type":"product","link":"https:\/\/tekelec.ma\/index.php\/product\/asus-radeon-rog-strix-lc-rx-6900-xt-t16g-gaming\/","title":{"rendered":"ASUS Radeon Rog Strix LC RX 6900 XT T16G-GAMING"},"content":{"rendered":"<h6>ASUS Radeon Rog Strix LC RX 6900 XT T16G-GAMING<\/h6>\n<p>La carte graphique ASUS Radeon ROG STRIX LC RX 6900 XT T16G-GAMING est une carte graphique gaming qui est anim\u00e9e par l&rsquo;architecture RDNA 2 destin\u00e9e aux gamers ultra exigeants. Elle est la carte graphique id\u00e9ale pour une utilisation en R\u00e9alit\u00e9 Virtuelle et le jeu en r\u00e9solution 4K. Elle se dote notamment des technologies telles que le Radeon Image Sharpening, FidelityFX et de l&rsquo;overclocking en un clic pour des performances maximales et des graphismes toujours plus d\u00e9taill\u00e9s et plus fluides. Elle est pourvue de 5120 processeurs de flux, 320 unit\u00e9s de texture, une interface m\u00e9moire 256 bits pour les 16 Go de VRAM GDDR6 et se dote de 80 Ray Accelerators pour le Raytracing. La Radeon ROG STRIX LC RX 6900 X T16G GAMING GDDR6 d&rsquo;ASUS vous transporte vers des graphismes toujours plus d\u00e9taill\u00e9es gr\u00e2ce \u00e0 l&rsquo;architecture RDNA 2 qui propose de tr\u00e8s hautes performances. Les utilitaires Radeon vous permettent de g\u00e9rer tr\u00e8s pr\u00e9cis\u00e9ment les param\u00e8tres de votre carte graphique pour obtenir des r\u00e9sultats toujours plus impressionnants sur les titres d&rsquo;aujourd&rsquo;hui et ceux \u00e0 venir. Votre exp\u00e9rience de gaming prend une nouvelle dimension.<\/p>\n","protected":false},"excerpt":{"rendered":"<p>ASUS Radeon Rog Strix LC RX 6900 XT T16G-GAMING La carte graphique ASUS Radeon ROG STRIX LC RX 6900 XT T16G-GAMING est une carte graphique gaming qui est anim\u00e9e par&#8230;<\/p>\n","protected":false},"featured_media":22568,"comment_status":"open","ping_status":"closed","template":"","meta":[],"product_brand":[156],"product_cat":[310,345],"product_tag":[],"class_list":{"0":"post-22567","1":"product","2":"type-product","3":"status-publish","4":"has-post-thumbnail","6":"product_brand-asus","7":"product_cat-cartes-graphiques","8":"product_cat-sur-commande","10":"first","11":"onbackorder","12":"sale","13":"shipping-taxable","14":"purchasable","15":"product-type-simple"},"aioseo_notices":[],"jetpack_sharing_enabled":true,"_links":{"self":[{"href":"https:\/\/tekelec.ma\/index.php\/wp-json\/wp\/v2\/product\/22567","targetHints":{"allow":["GET"]}}],"collection":[{"href":"https:\/\/tekelec.ma\/index.php\/wp-json\/wp\/v2\/product"}],"about":[{"href":"https:\/\/tekelec.ma\/index.php\/wp-json\/wp\/v2\/types\/product"}],"replies":[{"embeddable":true,"href":"https:\/\/tekelec.ma\/index.php\/wp-json\/wp\/v2\/comments?post=22567"}],"version-history":[{"count":1,"href":"https:\/\/tekelec.ma\/index.php\/wp-json\/wp\/v2\/product\/22567\/revisions"}],"predecessor-version":[{"id":24425,"href":"https:\/\/tekelec.ma\/index.php\/wp-json\/wp\/v2\/product\/22567\/revisions\/24425"}],"wp:featuredmedia":[{"embeddable":true,"href":"https:\/\/tekelec.ma\/index.php\/wp-json\/wp\/v2\/media\/22568"}],"wp:attachment":[{"href":"https:\/\/tekelec.ma\/index.php\/wp-json\/wp\/v2\/media?parent=22567"}],"wp:term":[{"taxonomy":"product_brand","embeddable":true,"href":"https:\/\/tekelec.ma\/index.php\/wp-json\/wp\/v2\/product_brand?post=22567"},{"taxonomy":"product_cat","embeddable":true,"href":"https:\/\/tekelec.ma\/index.php\/wp-json\/wp\/v2\/product_cat?post=22567"},{"taxonomy":"product_tag","embeddable":true,"href":"https:\/\/tekelec.ma\/index.php\/wp-json\/wp\/v2\/product_tag?post=22567"}],"curies":[{"name":"wp","href":"https:\/\/api.w.org\/{rel}","templated":true}]}}