{"id":22585,"date":"2023-12-16T18:25:10","date_gmt":"2023-12-16T17:25:10","guid":{"rendered":"https:\/\/tekelec.ma\/?post_type=product&#038;p=22585"},"modified":"2025-07-30T19:35:57","modified_gmt":"2025-07-30T17:35:57","slug":"asus-tuf-gaming-geforce-rtx-3080-ti-oc","status":"publish","type":"product","link":"https:\/\/tekelec.ma\/index.php\/product\/asus-tuf-gaming-geforce-rtx-3080-ti-oc\/","title":{"rendered":"Asus TUF Gaming GeForce RTX 3080 Ti OC"},"content":{"rendered":"\t\t<div data-elementor-type=\"wp-post\" data-elementor-id=\"22585\" class=\"elementor elementor-22585\">\n\t\t\t\t<div class=\"elementor-element elementor-element-438a93b7 e-flex e-con-boxed e-con e-parent\" data-id=\"438a93b7\" data-element_type=\"container\">\n\t\t\t\t\t<div class=\"e-con-inner\">\n\t\t\t\t<div class=\"elementor-element elementor-element-47f07c72 elementor-widget elementor-widget-text-editor\" data-id=\"47f07c72\" data-element_type=\"widget\" data-widget_type=\"text-editor.default\">\n\t\t\t\t<div class=\"elementor-widget-container\">\n\t\t\t\t\t\t\t\t\t<h6>Asus TUF Gaming GeForce RTX 3080 Ti OC<\/h6>\r\nLa carte graphique ASUS TUF GeForce RTX 3080 Ti O12G GAMING embarque 12 Go de m\u00e9moire vid\u00e9o de nouvelle g\u00e9n\u00e9ration GDDR6X. Ce mod\u00e8le overclock\u00e9 d&rsquo;usine b\u00e9n\u00e9ficie de fr\u00e9quences de fonctionnement \u00e9lev\u00e9es et d&rsquo;un syst\u00e8me de refroidissement am\u00e9lior\u00e9 gage de fiabilit\u00e9 et de performances \u00e0 long terme. Fonctionnalit\u00e9s ultra-avanc\u00e9es pour les Jeux et performances hors-normes, la carte graphique NVIDIA GeForce RTX 3080 Ti est le summum en mati\u00e8re d&rsquo;\u00e9quipement Gaming. Equip\u00e9 d&rsquo;un tel GPU, votre PC devient la plateforme de jeu ultime. La 2nd g\u00e9n\u00e9ration de cartes graphiques NVIDIA RTX, bas\u00e9e sur l&rsquo;architecture Amp\u00e8re, promet aux joueurs de tout bord une exp\u00e9rience de jeu ultime et des performances jamais atteintes dans les jeux PC les plus r\u00e9alistes et les plus immersifs. L&rsquo;am\u00e9lioration des rendements des coeurs RT et Tensor ainsi que des multiprocesseurs de flux est au coeur de cette nouvelle architecture de haute technologie dont l&rsquo;unique objectif est d&rsquo;offrir une exp\u00e9rience de jeu ultime et exceptionnelle. Les cartes graphiques NVIDIA GeForce RTX 3000 sont tout simplement les cartes les plus puissantes jamais con\u00e7ues par NVIDIA.\t\t\t\t\t\t\t\t<\/div>\n\t\t\t\t<\/div>\n\t\t\t\t\t<\/div>\n\t\t\t\t<\/div>\n\t\t\t\t<\/div>\n\t\t","protected":false},"excerpt":{"rendered":"<h6 class=\"productView-title\">Asus TUF Gaming GeForce RTX 3080 Ti OC<\/h6>\n","protected":false},"featured_media":22586,"comment_status":"open","ping_status":"closed","template":"","meta":[],"product_brand":[156],"product_cat":[310,345],"product_tag":[],"class_list":{"0":"post-22585","1":"product","2":"type-product","3":"status-publish","4":"has-post-thumbnail","6":"product_brand-asus","7":"product_cat-cartes-graphiques","8":"product_cat-sur-commande","10":"first","11":"onbackorder","12":"sale","13":"shipping-taxable","14":"purchasable","15":"product-type-simple"},"aioseo_notices":[],"jetpack_sharing_enabled":true,"_links":{"self":[{"href":"https:\/\/tekelec.ma\/index.php\/wp-json\/wp\/v2\/product\/22585","targetHints":{"allow":["GET"]}}],"collection":[{"href":"https:\/\/tekelec.ma\/index.php\/wp-json\/wp\/v2\/product"}],"about":[{"href":"https:\/\/tekelec.ma\/index.php\/wp-json\/wp\/v2\/types\/product"}],"replies":[{"embeddable":true,"href":"https:\/\/tekelec.ma\/index.php\/wp-json\/wp\/v2\/comments?post=22585"}],"version-history":[{"count":1,"href":"https:\/\/tekelec.ma\/index.php\/wp-json\/wp\/v2\/product\/22585\/revisions"}],"predecessor-version":[{"id":24424,"href":"https:\/\/tekelec.ma\/index.php\/wp-json\/wp\/v2\/product\/22585\/revisions\/24424"}],"wp:featuredmedia":[{"embeddable":true,"href":"https:\/\/tekelec.ma\/index.php\/wp-json\/wp\/v2\/media\/22586"}],"wp:attachment":[{"href":"https:\/\/tekelec.ma\/index.php\/wp-json\/wp\/v2\/media?parent=22585"}],"wp:term":[{"taxonomy":"product_brand","embeddable":true,"href":"https:\/\/tekelec.ma\/index.php\/wp-json\/wp\/v2\/product_brand?post=22585"},{"taxonomy":"product_cat","embeddable":true,"href":"https:\/\/tekelec.ma\/index.php\/wp-json\/wp\/v2\/product_cat?post=22585"},{"taxonomy":"product_tag","embeddable":true,"href":"https:\/\/tekelec.ma\/index.php\/wp-json\/wp\/v2\/product_tag?post=22585"}],"curies":[{"name":"wp","href":"https:\/\/api.w.org\/{rel}","templated":true}]}}