{"id":22598,"date":"2023-12-17T17:00:26","date_gmt":"2023-12-17T16:00:26","guid":{"rendered":"https:\/\/tekelec.ma\/?post_type=product&#038;p=22598"},"modified":"2025-07-30T19:35:57","modified_gmt":"2025-07-30T17:35:57","slug":"msi-geforce-rtx-3060-ti-ventus","status":"publish","type":"product","link":"https:\/\/tekelec.ma\/index.php\/product\/msi-geforce-rtx-3060-ti-ventus\/","title":{"rendered":"MSI GeForce RTX 3060 Ti VENTUS"},"content":{"rendered":"<h6>NVIDIA GeForce RTX 3060 Ti<\/h6>\n<p><a title=\"carte graphique prix maroc\" href=\"https:\/\/smartmarket.ma\/collections\/cartes-graphiques-maroc\" target=\"_blank\" rel=\"noopener\"><strong>Carte graphique<\/strong><\/a>\u00a0<strong><a title=\"Acheter carte graphique MSI Maroc\" href=\"https:\/\/smartmarket.ma\/collections\/msi-maroc\" target=\"_blank\" rel=\"noopener\">MSI<\/a>\u00a0GeForce RTX 3060 Ti VENTUS 2X 8G OCV1 LHR<\/strong>\u00a0avec\u00a0<strong>8 Go de m\u00e9moire GDDR6<\/strong>\u00a0de nouvelle g\u00e9n\u00e9ration. Ce mod\u00e8le\u00a0<strong>overclock\u00e9<\/strong>\u00a0b\u00e9n\u00e9ficie d&rsquo;une fr\u00e9quence de fonctionnement \u00e9lev\u00e9e et d&rsquo;un syst\u00e8me de refroidissement am\u00e9lior\u00e9 pour une fiabilit\u00e9 et des performances \u00e0 long terme. Avec le mod\u00e8le GeForce RTX 3060 Ti, NVIDIA a rendu plus accessibles les performances haut de gamme qu&rsquo;offrent les cartes graphiques Amp\u00e8re.<\/p>\n<p>Des graphismes sublimes, une superbe fluidit\u00e9 et un r\u00e9alisme incroyable vous permettront de tirer le meilleur parti des derniers jeux PC. Tout ce que vous avez \u00e0 faire est d&rsquo;aller au c\u0153ur de l&rsquo;action et de vous immerger pleinement dans le jeu.<\/p>\n","protected":false},"excerpt":{"rendered":"<p>NVIDIA GeForce RTX 3060 Ti Carte graphique MSI GeForce RTX 3060 Ti VENTUS 2X 8G OCV1 LHR avec 8 Go de m\u00e9moire GDDR6 de nouvelle g\u00e9n\u00e9ration. Ce mod\u00e8le overclock\u00e9 b\u00e9n\u00e9ficie&#8230;<\/p>\n","protected":false},"featured_media":22599,"comment_status":"open","ping_status":"closed","template":"","meta":[],"product_brand":[327,331],"product_cat":[310,345],"product_tag":[],"class_list":{"0":"post-22598","1":"product","2":"type-product","3":"status-publish","4":"has-post-thumbnail","6":"product_brand-msi","7":"product_brand-nvidia","8":"product_cat-cartes-graphiques","9":"product_cat-sur-commande","11":"first","12":"onbackorder","13":"shipping-taxable","14":"purchasable","15":"product-type-simple"},"aioseo_notices":[],"jetpack_sharing_enabled":true,"_links":{"self":[{"href":"https:\/\/tekelec.ma\/index.php\/wp-json\/wp\/v2\/product\/22598","targetHints":{"allow":["GET"]}}],"collection":[{"href":"https:\/\/tekelec.ma\/index.php\/wp-json\/wp\/v2\/product"}],"about":[{"href":"https:\/\/tekelec.ma\/index.php\/wp-json\/wp\/v2\/types\/product"}],"replies":[{"embeddable":true,"href":"https:\/\/tekelec.ma\/index.php\/wp-json\/wp\/v2\/comments?post=22598"}],"version-history":[{"count":1,"href":"https:\/\/tekelec.ma\/index.php\/wp-json\/wp\/v2\/product\/22598\/revisions"}],"predecessor-version":[{"id":24423,"href":"https:\/\/tekelec.ma\/index.php\/wp-json\/wp\/v2\/product\/22598\/revisions\/24423"}],"wp:featuredmedia":[{"embeddable":true,"href":"https:\/\/tekelec.ma\/index.php\/wp-json\/wp\/v2\/media\/22599"}],"wp:attachment":[{"href":"https:\/\/tekelec.ma\/index.php\/wp-json\/wp\/v2\/media?parent=22598"}],"wp:term":[{"taxonomy":"product_brand","embeddable":true,"href":"https:\/\/tekelec.ma\/index.php\/wp-json\/wp\/v2\/product_brand?post=22598"},{"taxonomy":"product_cat","embeddable":true,"href":"https:\/\/tekelec.ma\/index.php\/wp-json\/wp\/v2\/product_cat?post=22598"},{"taxonomy":"product_tag","embeddable":true,"href":"https:\/\/tekelec.ma\/index.php\/wp-json\/wp\/v2\/product_tag?post=22598"}],"curies":[{"name":"wp","href":"https:\/\/api.w.org\/{rel}","templated":true}]}}