{"id":22605,"date":"2023-12-17T17:22:11","date_gmt":"2023-12-17T16:22:11","guid":{"rendered":"https:\/\/tekelec.ma\/?post_type=product&#038;p=22605"},"modified":"2025-07-30T19:34:13","modified_gmt":"2025-07-30T17:34:13","slug":"msi-mag-b560m-mortar-wifi","status":"publish","type":"product","link":"https:\/\/tekelec.ma\/index.php\/product\/msi-mag-b560m-mortar-wifi\/","title":{"rendered":"MSI MAG B560M MORTAR WIFI"},"content":{"rendered":"<h6>MSI MAG B560M MORTAR WIFI<\/h6>\n<p>La carte m\u00e8re MSI MAG B560M MORTAR WIFI a \u00e9t\u00e9 pens\u00e9e pour rappeler le monde militaire. Pour une exp\u00e9rience d&rsquo;utilisation optimale, elle propose un dissipateur au format agrandi qui assure un refroidissement parfait. La carte m\u00e8re MAG B560M MORTAR WIFI est un mod\u00e8le robuste et garant d&rsquo;une dur\u00e9e de vie prolong\u00e9e, id\u00e9ale pour les joueurs qui veulent dominer la partie. La MSI MAG B560M MORTAR WIFI est con\u00e7ue pour accueillir les processeurs Intel de 10\u00e8me g\u00e9n\u00e9ration et 11\u00e8me g\u00e9n\u00e9ration sur socket LGA 1200. Elle permettra l&rsquo;assemblage d&rsquo;une configuration puissante et polyvalente capable de s&rsquo;acquitter de toutes les t\u00e2ches. Gaming, Streaming, multit\u00e2che intensif, cr\u00e9ation multim\u00e9dia, c&rsquo;est la solution id\u00e9ale pour concevoir un PC gaming \u00e9quilibr\u00e9 et puissant. Elle prend en outre en charge la RAM DDR4, les cartes graphiques PCI-Express 4.0 16x, les disques SATA 6 Gb\/s et M.2 PCI-E 4.0 et les p\u00e9riph\u00e9riques USB 3.1 et 3.2. B\u00e9n\u00e9ficiant de la qualit\u00e9 de fabrication MSI et de nombreux utilitaires propres \u00e0 la marque, elle repr\u00e9sente un investissement p\u00e9renne \u00e0 long terme.<\/p>\n<ul>\n<li>Support des processeurs Intel Core de 10\u00e8me g\u00e9n\u00e9ration et 11\u00e8me g\u00e9n\u00e9ration sur socket LGA 1200<\/li>\n<li>Support de la m\u00e9moire DDR4, jusqu&rsquo;\u00e0 5066 MHz (OC)<\/li>\n<li>Refroidissement extr\u00eame avec dissipateur plus large et slots M.2 Shield Frozr pour une temp\u00e9rature toujours \u00e0 bon niveau<\/li>\n<li>Connecteur LAN 2.5 GbE avec LAN Manager pour une connexion parfaite<\/li>\n<li>Connexion sans fil rapide Wi-Fi 6E et Bluetooth 5.2<\/li>\n<li>Port USB-C 3.2 20 Gb\/s<\/li>\n<li>Audio Boost: Haute qualit\u00e9 audio pour un rendu sonore exceptionnel<\/li>\n<\/ul>\n","protected":false},"excerpt":{"rendered":"<p>MSI MAG B560M MORTAR WIFI La carte m\u00e8re MSI MAG B560M MORTAR WIFI a \u00e9t\u00e9 pens\u00e9e pour rappeler le monde militaire. Pour une exp\u00e9rience d&rsquo;utilisation optimale, elle propose un dissipateur&#8230;<\/p>\n","protected":false},"featured_media":22609,"comment_status":"open","ping_status":"closed","template":"","meta":[],"product_brand":[327],"product_cat":[308,345],"product_tag":[],"class_list":{"0":"post-22605","1":"product","2":"type-product","3":"status-publish","4":"has-post-thumbnail","6":"product_brand-msi","7":"product_cat-cartes-meres","8":"product_cat-sur-commande","10":"first","11":"onbackorder","12":"sale","13":"shipping-taxable","14":"purchasable","15":"product-type-simple"},"aioseo_notices":[],"jetpack_sharing_enabled":true,"_links":{"self":[{"href":"https:\/\/tekelec.ma\/index.php\/wp-json\/wp\/v2\/product\/22605","targetHints":{"allow":["GET"]}}],"collection":[{"href":"https:\/\/tekelec.ma\/index.php\/wp-json\/wp\/v2\/product"}],"about":[{"href":"https:\/\/tekelec.ma\/index.php\/wp-json\/wp\/v2\/types\/product"}],"replies":[{"embeddable":true,"href":"https:\/\/tekelec.ma\/index.php\/wp-json\/wp\/v2\/comments?post=22605"}],"version-history":[{"count":1,"href":"https:\/\/tekelec.ma\/index.php\/wp-json\/wp\/v2\/product\/22605\/revisions"}],"predecessor-version":[{"id":24422,"href":"https:\/\/tekelec.ma\/index.php\/wp-json\/wp\/v2\/product\/22605\/revisions\/24422"}],"wp:featuredmedia":[{"embeddable":true,"href":"https:\/\/tekelec.ma\/index.php\/wp-json\/wp\/v2\/media\/22609"}],"wp:attachment":[{"href":"https:\/\/tekelec.ma\/index.php\/wp-json\/wp\/v2\/media?parent=22605"}],"wp:term":[{"taxonomy":"product_brand","embeddable":true,"href":"https:\/\/tekelec.ma\/index.php\/wp-json\/wp\/v2\/product_brand?post=22605"},{"taxonomy":"product_cat","embeddable":true,"href":"https:\/\/tekelec.ma\/index.php\/wp-json\/wp\/v2\/product_cat?post=22605"},{"taxonomy":"product_tag","embeddable":true,"href":"https:\/\/tekelec.ma\/index.php\/wp-json\/wp\/v2\/product_tag?post=22605"}],"curies":[{"name":"wp","href":"https:\/\/api.w.org\/{rel}","templated":true}]}}