{"id":22615,"date":"2023-12-17T17:30:16","date_gmt":"2023-12-17T16:30:16","guid":{"rendered":"https:\/\/tekelec.ma\/?post_type=product&#038;p=22615"},"modified":"2025-07-30T19:34:12","modified_gmt":"2025-07-30T17:34:12","slug":"msi-pro-z690-p-ddr4","status":"publish","type":"product","link":"https:\/\/tekelec.ma\/index.php\/product\/msi-pro-z690-p-ddr4\/","title":{"rendered":"MSI PRO Z690-P DDR4"},"content":{"rendered":"<p style=\"text-align: justify;\">La\u00a0<a title=\"Acheter carte m\u00e9re au Maroc\" href=\"https:\/\/smartmarket.ma\/collections\/cartes-meres-maroc\" target=\"_blank\" rel=\"noopener\"><span style=\"text-decoration: underline;\"><strong>carte m\u00e8re<\/strong><\/span><\/a>\u00a0<strong>MSI PRO Z690-P DDR4<\/strong>\u00a0est con\u00e7ue pour accueillir des\u00a0<strong><a title=\"Acheter processeur au maroc\" href=\"https:\/\/smartmarket.ma\/collections\/processeur-intel-amd-maroc\" target=\"_blank\" rel=\"noopener\">processeurs<\/a>\u00a0Intel<\/strong>\u00a0de\u00a0<strong>12e g\u00e9n\u00e9ration<\/strong>\u00a0sur le\u00a0<a title=\"Acheter carte m\u00e9re Socket 1700 au Maroc\" href=\"https:\/\/smartmarket.ma\/collections\/carte-mere-socket-1700-maroc\" target=\"_blank\" rel=\"noopener\"><strong>socket LGA 1700<\/strong><\/a>. Il permettra d&rsquo;assembler une configuration puissante et polyvalente capable d&rsquo;effectuer toutes les t\u00e2ches. Gaming, streaming, multit\u00e2che intensif, cr\u00e9ation multim\u00e9dia, c&rsquo;est la solution id\u00e9ale pour concevoir des PC haut de gamme performants.<\/p>\n<p>MSI PRO Z690-P DDR4 prend \u00e9galement en charge la\u00a0<a title=\"Acheter RAM DDR4 Maroc\" href=\"https:\/\/smartmarket.ma\/collections\/ram-ddr4-maroc\" target=\"_blank\" rel=\"noopener\">RAM DDR4<\/a>, les\u00a0<a title=\"Acheter carte graphique au MAroc\" href=\"https:\/\/smartmarket.ma\/collections\/cartes-graphiques-maroc\" target=\"_blank\" rel=\"noopener\">cartes graphiques<\/a>\u00a0PCI-Express 5.0 16x, les\u00a0<a title=\"Acheter disque dur au Maroc\" href=\"https:\/\/smartmarket.ma\/collections\/disque-dur-ssd-hdd-maroc\" target=\"_blank\" rel=\"noopener\">disques<\/a>\u00a0SATA 6 Gb\/s et M.2 PCIe 4.0, ainsi que les p\u00e9riph\u00e9riques USB 3.1 et USB 3.2. B\u00e9n\u00e9ficiant de la qualit\u00e9 de construction MSI et de nombreux utilitaires sp\u00e9cifiques \u00e0 la marque, il repr\u00e9sente un investissement durable \u00e0 long terme.<\/p>\n","protected":false},"excerpt":{"rendered":"<p>Lib\u00e9rez le potentiel de votre processeur La carte m\u00e8re MSI PRO Z690-P DDR4 est con\u00e7ue pour accueillir des processeurs Intel de 12e g\u00e9n\u00e9ration sur le socket LGA 1700. Il permettra&#8230;<\/p>\n","protected":false},"featured_media":22616,"comment_status":"open","ping_status":"closed","template":"","meta":[],"product_brand":[327],"product_cat":[308,345],"product_tag":[],"class_list":{"0":"post-22615","1":"product","2":"type-product","3":"status-publish","4":"has-post-thumbnail","6":"product_brand-msi","7":"product_cat-cartes-meres","8":"product_cat-sur-commande","10":"first","11":"onbackorder","12":"sale","13":"shipping-taxable","14":"purchasable","15":"product-type-simple"},"aioseo_notices":[],"jetpack_sharing_enabled":true,"_links":{"self":[{"href":"https:\/\/tekelec.ma\/index.php\/wp-json\/wp\/v2\/product\/22615","targetHints":{"allow":["GET"]}}],"collection":[{"href":"https:\/\/tekelec.ma\/index.php\/wp-json\/wp\/v2\/product"}],"about":[{"href":"https:\/\/tekelec.ma\/index.php\/wp-json\/wp\/v2\/types\/product"}],"replies":[{"embeddable":true,"href":"https:\/\/tekelec.ma\/index.php\/wp-json\/wp\/v2\/comments?post=22615"}],"version-history":[{"count":1,"href":"https:\/\/tekelec.ma\/index.php\/wp-json\/wp\/v2\/product\/22615\/revisions"}],"predecessor-version":[{"id":24421,"href":"https:\/\/tekelec.ma\/index.php\/wp-json\/wp\/v2\/product\/22615\/revisions\/24421"}],"wp:featuredmedia":[{"embeddable":true,"href":"https:\/\/tekelec.ma\/index.php\/wp-json\/wp\/v2\/media\/22616"}],"wp:attachment":[{"href":"https:\/\/tekelec.ma\/index.php\/wp-json\/wp\/v2\/media?parent=22615"}],"wp:term":[{"taxonomy":"product_brand","embeddable":true,"href":"https:\/\/tekelec.ma\/index.php\/wp-json\/wp\/v2\/product_brand?post=22615"},{"taxonomy":"product_cat","embeddable":true,"href":"https:\/\/tekelec.ma\/index.php\/wp-json\/wp\/v2\/product_cat?post=22615"},{"taxonomy":"product_tag","embeddable":true,"href":"https:\/\/tekelec.ma\/index.php\/wp-json\/wp\/v2\/product_tag?post=22615"}],"curies":[{"name":"wp","href":"https:\/\/api.w.org\/{rel}","templated":true}]}}