{"id":22622,"date":"2023-12-17T17:36:02","date_gmt":"2023-12-17T16:36:02","guid":{"rendered":"https:\/\/tekelec.ma\/?post_type=product&#038;p=22622"},"modified":"2025-07-30T19:34:12","modified_gmt":"2025-07-30T17:34:12","slug":"asus-prime-z690-p-wifi-d4","status":"publish","type":"product","link":"https:\/\/tekelec.ma\/index.php\/product\/asus-prime-z690-p-wifi-d4\/","title":{"rendered":"Asus PRIME Z690-P WIFI D4"},"content":{"rendered":"<h6>Asus PRIME Z690-P WIFI D4 : Une puissance et une connectivit\u00e9 ultimes<\/h6>\n<p>Explorez de nouveaux horizons de performances informatiques avec la\u00a0<a title=\"carte m\u00e8re\" href=\"https:\/\/smartmarket.ma\/collections\/cartes-meres-maroc\" target=\"_blank\" rel=\"noopener\"><b>carte m\u00e8re<\/b><\/a>\u00a0<strong>Asus PRIME Z690-P WIFI D4<\/strong>. Con\u00e7ue pour offrir une exp\u00e9rience exceptionnelle aux passionn\u00e9s de jeux, aux cr\u00e9ateurs de contenu et aux utilisateurs exigeants, cette carte m\u00e8re haut de gamme est dot\u00e9e de fonctionnalit\u00e9s avanc\u00e9es qui vous permettront de repousser les limites de votre syst\u00e8me.<\/p>\n","protected":false},"excerpt":{"rendered":"<p>Socket 1700 Intel Z690 Express &#8211; 4x DDR4 &#8211; SATA 6Gb\/s + M.2 PCI-E NVMe &#8211; USB 3.2 &#8211; LAN 2.5 GbE &#8211; Wi-Fi 6\/Bluetooth 5.2 &#8211; PCI-Express 5.0 16x<\/p>\n","protected":false},"featured_media":22623,"comment_status":"open","ping_status":"closed","template":"","meta":[],"product_brand":[156],"product_cat":[308,345],"product_tag":[],"class_list":{"0":"post-22622","1":"product","2":"type-product","3":"status-publish","4":"has-post-thumbnail","6":"product_brand-asus","7":"product_cat-cartes-meres","8":"product_cat-sur-commande","10":"first","11":"onbackorder","12":"sale","13":"shipping-taxable","14":"purchasable","15":"product-type-simple"},"aioseo_notices":[],"jetpack_sharing_enabled":true,"_links":{"self":[{"href":"https:\/\/tekelec.ma\/index.php\/wp-json\/wp\/v2\/product\/22622","targetHints":{"allow":["GET"]}}],"collection":[{"href":"https:\/\/tekelec.ma\/index.php\/wp-json\/wp\/v2\/product"}],"about":[{"href":"https:\/\/tekelec.ma\/index.php\/wp-json\/wp\/v2\/types\/product"}],"replies":[{"embeddable":true,"href":"https:\/\/tekelec.ma\/index.php\/wp-json\/wp\/v2\/comments?post=22622"}],"version-history":[{"count":1,"href":"https:\/\/tekelec.ma\/index.php\/wp-json\/wp\/v2\/product\/22622\/revisions"}],"predecessor-version":[{"id":24420,"href":"https:\/\/tekelec.ma\/index.php\/wp-json\/wp\/v2\/product\/22622\/revisions\/24420"}],"wp:featuredmedia":[{"embeddable":true,"href":"https:\/\/tekelec.ma\/index.php\/wp-json\/wp\/v2\/media\/22623"}],"wp:attachment":[{"href":"https:\/\/tekelec.ma\/index.php\/wp-json\/wp\/v2\/media?parent=22622"}],"wp:term":[{"taxonomy":"product_brand","embeddable":true,"href":"https:\/\/tekelec.ma\/index.php\/wp-json\/wp\/v2\/product_brand?post=22622"},{"taxonomy":"product_cat","embeddable":true,"href":"https:\/\/tekelec.ma\/index.php\/wp-json\/wp\/v2\/product_cat?post=22622"},{"taxonomy":"product_tag","embeddable":true,"href":"https:\/\/tekelec.ma\/index.php\/wp-json\/wp\/v2\/product_tag?post=22622"}],"curies":[{"name":"wp","href":"https:\/\/api.w.org\/{rel}","templated":true}]}}