{"id":22629,"date":"2023-12-17T17:46:41","date_gmt":"2023-12-17T16:46:41","guid":{"rendered":"https:\/\/tekelec.ma\/?post_type=product&#038;p=22629"},"modified":"2025-07-30T19:34:12","modified_gmt":"2025-07-30T17:34:12","slug":"asus-tuf-gaming-z690-plus","status":"publish","type":"product","link":"https:\/\/tekelec.ma\/index.php\/product\/asus-tuf-gaming-z690-plus\/","title":{"rendered":"Asus TUF GAMING Z690-PLUS"},"content":{"rendered":"<h6>Z690 et PCIe 5.0 : con\u00e7us pour le futur du gaming<\/h6>\n<p>La carte m\u00e8re\u00a0<strong>Asus TUF GAMING Z690-PLUS<\/strong>\u00a0regroupe puissance, stabilit\u00e9, polyvalence, silence pour une configuration orient\u00e9e gaming. C\u00f4t\u00e9 connectique, elle est \u00e9quip\u00e9e de 1 x PCIe 5.0 et 4 slots M.2 PCIe 4.0 4x, des ports USB 3.2 Gen1 et un port USB 3.2 Gen 2&#215;2 Type C. Les cartes m\u00e8res TUF Gaming Z690 r\u00e9unissent les caract\u00e9ristiques essentielles de la toute derni\u00e8re plateforme Intel avec des fonctionnalit\u00e9s d\u00e9di\u00e9es au jeu ainsi que des composants qui ont prouv\u00e9 leur durabilit\u00e9.<\/p>\n<p>Le chipset Z690 sur socket 1700 est pr\u00e9vu pour tirer le meilleures des performances des processeurs Intel 12\u00e8me g\u00e9n\u00e9ration. Avec ces processeurs, une s\u00e9rie d&rsquo;\u00e9volutions techniques comme le support du PCIe 5.0 pour la liaison avec la carte graphique ainsi que la m\u00e9moire DDR5 pour une configuration PC pr\u00eate pour les futures \u00e9volutions. Con\u00e7ue \u00e0 l&rsquo;aide de composants ultra-robustes, de solutions optimis\u00e9es pour l&rsquo;alimentation et d&rsquo;un ensemble complet d&rsquo;options de refroidissement, la ASUS TUF GAMING Z690-PLUS offre de solides performances de jeu et une stabilit\u00e9 hors-pair de votre syst\u00e8me.<\/p>\n","protected":false},"excerpt":{"rendered":"<p>Socket 1700 Intel Z690 Express &#8211; 4x DDR5 &#8211; M.2 PCIe 4.0 &#8211; USB 3.2 &#8211; LAN 2.5 GbE &#8211; PCI-Express 5.0 16x<\/p>\n","protected":false},"featured_media":22630,"comment_status":"open","ping_status":"closed","template":"","meta":[],"product_brand":[156],"product_cat":[308,345],"product_tag":[],"class_list":{"0":"post-22629","1":"product","2":"type-product","3":"status-publish","4":"has-post-thumbnail","6":"product_brand-asus","7":"product_cat-cartes-meres","8":"product_cat-sur-commande","10":"first","11":"onbackorder","12":"sale","13":"shipping-taxable","14":"purchasable","15":"product-type-simple"},"aioseo_notices":[],"jetpack_sharing_enabled":true,"_links":{"self":[{"href":"https:\/\/tekelec.ma\/index.php\/wp-json\/wp\/v2\/product\/22629","targetHints":{"allow":["GET"]}}],"collection":[{"href":"https:\/\/tekelec.ma\/index.php\/wp-json\/wp\/v2\/product"}],"about":[{"href":"https:\/\/tekelec.ma\/index.php\/wp-json\/wp\/v2\/types\/product"}],"replies":[{"embeddable":true,"href":"https:\/\/tekelec.ma\/index.php\/wp-json\/wp\/v2\/comments?post=22629"}],"version-history":[{"count":1,"href":"https:\/\/tekelec.ma\/index.php\/wp-json\/wp\/v2\/product\/22629\/revisions"}],"predecessor-version":[{"id":24419,"href":"https:\/\/tekelec.ma\/index.php\/wp-json\/wp\/v2\/product\/22629\/revisions\/24419"}],"wp:featuredmedia":[{"embeddable":true,"href":"https:\/\/tekelec.ma\/index.php\/wp-json\/wp\/v2\/media\/22630"}],"wp:attachment":[{"href":"https:\/\/tekelec.ma\/index.php\/wp-json\/wp\/v2\/media?parent=22629"}],"wp:term":[{"taxonomy":"product_brand","embeddable":true,"href":"https:\/\/tekelec.ma\/index.php\/wp-json\/wp\/v2\/product_brand?post=22629"},{"taxonomy":"product_cat","embeddable":true,"href":"https:\/\/tekelec.ma\/index.php\/wp-json\/wp\/v2\/product_cat?post=22629"},{"taxonomy":"product_tag","embeddable":true,"href":"https:\/\/tekelec.ma\/index.php\/wp-json\/wp\/v2\/product_tag?post=22629"}],"curies":[{"name":"wp","href":"https:\/\/api.w.org\/{rel}","templated":true}]}}