{"id":22636,"date":"2023-12-17T17:56:41","date_gmt":"2023-12-17T16:56:41","guid":{"rendered":"https:\/\/tekelec.ma\/?post_type=product&#038;p=22636"},"modified":"2025-07-30T19:36:40","modified_gmt":"2025-07-30T17:36:40","slug":"intel-core-i7-13700k-3-4-ghz-5-4-ghz","status":"publish","type":"product","link":"https:\/\/tekelec.ma\/index.php\/product\/intel-core-i7-13700k-3-4-ghz-5-4-ghz\/","title":{"rendered":"Intel Core i7 13700K (3.4 GHz \/ 5.4 GHz)"},"content":{"rendered":"<div class=\"col-lg-6\">\n<div class=\"product-tabs tabs\">\n<ul class=\"nav nav-tabs\">\n<li class=\"nav-item h4\"><a class=\"nav-link active\" href=\"https:\/\/www.ultrapc.ma\/processeurs\/5028-intel-core-i7-13700k-34-ghz-54-ghz-processeurs.html#description\" data-toggle=\"tab\">Description<\/a><\/li>\n<\/ul>\n<div id=\"tab-content\" class=\"tab-content\">\n<div id=\"description\" class=\"tab-pane fade show active\">\n<div class=\"product-description\">\n<p>En offrant encore plus de puissance pour les programmes exigeants et les jeux et plus de c\u0153urs pour les t\u00e2ches de fond, les\u00a0processeurs Intel Core de 13\u00e8me g\u00e9n\u00e9ration\u00a0vous permettent de faire encore plus de choses et encore plus rapidement. Jeux, multit\u00e2che intensif, cr\u00e9ation de contenu ou streaming, les\u00a0processeurs Intel Raptor Lake\u00a0sont la solution id\u00e9ale pour aller au-del\u00e0 de ce que vous pouviez imaginer en mati\u00e8re de puissance et de performance. Des jeux fluides, un PC qui ne ralentit pas, des t\u00e2ches multiples et simultan\u00e9es, tout cela est possible avec un processeur\u00a0Intel Core de 13\u00e8me g\u00e9n\u00e9ration.<\/p>\n<\/div>\n<\/div>\n<\/div>\n<\/div>\n<\/div>\n<div class=\"col-lg-6\">\n<div id=\"product-details\" style=\"box-sizing: inherit;\" data-product=\"{&quot;id_shop_default&quot;:&quot;1&quot;,&quot;id_manufacturer&quot;:&quot;2&quot;,&quot;id_supplier&quot;:&quot;0&quot;,&quot;reference&quot;:&quot;5032037258708&quot;,&quot;is_virtual&quot;:&quot;0&quot;,&quot;delivery_in_stock&quot;:&quot;&quot;,&quot;delivery_out_stock&quot;:&quot;&quot;,&quot;id_category_default&quot;:&quot;21&quot;,&quot;on_sale&quot;:&quot;0&quot;,&quot;online_only&quot;:&quot;0&quot;,&quot;ecotax&quot;:0,&quot;minimal_quantity&quot;:&quot;1&quot;,&quot;low_stock_threshold&quot;:null,&quot;low_stock_alert&quot;:&quot;0&quot;,&quot;price&quot;:&quot;5\\u202f490,00\\u00a0MAD&quot;,&quot;unity&quot;:&quot;&quot;,&quot;unit_price_ratio&quot;:&quot;0.000000&quot;,&quot;additional_shipping_cost&quot;:&quot;0.000000&quot;,&quot;customizable&quot;:&quot;0&quot;,&quot;text_fields&quot;:&quot;0&quot;,&quot;uploadable_files&quot;:&quot;0&quot;,&quot;redirect_type&quot;:&quot;404&quot;,&quot;id_type_redirected&quot;:&quot;0&quot;,&quot;available_for_order&quot;:&quot;1&quot;,&quot;available_date&quot;:&quot;0000-00-00&quot;,&quot;show_condition&quot;:&quot;1&quot;,&quot;condition&quot;:&quot;new&quot;,&quot;show_price&quot;:&quot;1&quot;,&quot;indexed&quot;:&quot;1&quot;,&quot;visibility&quot;:&quot;both&quot;,&quot;cache_default_attribute&quot;:&quot;0&quot;,&quot;advanced_stock_management&quot;:&quot;0&quot;,&quot;date_add&quot;:&quot;2022-10-24 12:27:07&quot;,&quot;date_upd&quot;:&quot;2023-11-28 17:51:22&quot;,&quot;pack_stock_type&quot;:&quot;3&quot;,&quot;meta_description&quot;:&quot;Processeur 16-Core (8 Performance-Cores + 8 Efficient-Cores) 24-Threads Socket 1700 Cache L3 30 Mo Intel UHD Graphics 770 0.010 micron (version bo\\u00eete sans ve...&quot;,&quot;meta_keywords&quot;:&quot;Intel Core i7 13700K (3.4 GHz \\\/ 5.4 GHz), Intel, Processeurs&quot;,&quot;meta_title&quot;:&quot;Intel Core i7 13700K (3.4 GHz \\\/ 5.4 GHz) Processeurs Intel Maroc&quot;,&quot;link_rewrite&quot;:&quot;intel-core-i7-13700k-34-ghz-54-ghz-processeurs&quot;,&quot;name&quot;:&quot;Intel Core i7 13700K (3.4 GHz \\\/ 5.4 GHz)&quot;,&quot;description&quot;:&quot;&lt;p&gt;&lt;span style=\\&quot;color: #505050; font-family: Montserrat, sans-serif; font-size: 13px; text-align: justify; background-color: #ffffff;\\&quot;&gt;En offrant encore plus de puissance pour les programmes exigeants et les jeux et plus de c\\u0153urs pour les t\\u00e2ches de fond, les&lt;\\\/span&gt;&lt;span style=\\&quot;box-sizing: border-box; font-weight: 600; margin: 0px; padding: 0px; border: 0px; font-variant-numeric: inherit; font-variant-east-asian: inherit; font-stretch: inherit; font-size: 13px; line-height: inherit; font-family: Montserrat, sans-serif; vertical-align: baseline; color: #505050; text-align: justify; background-color: #ffffff;\\&quot;&gt;\\u00a0processeurs Intel Core de 13\\u00e8me g\\u00e9n\\u00e9ration&lt;\\\/span&gt;&lt;span style=\\&quot;color: #505050; font-family: Montserrat, sans-serif; font-size: 13px; text-align: justify; background-color: #ffffff;\\&quot;&gt;\\u00a0vous permettent de faire encore plus de choses et encore plus rapidement. Jeux, multit\\u00e2che intensif, cr\\u00e9ation de contenu ou streaming, les\\u00a0&lt;\\\/span&gt;&lt;span style=\\&quot;box-sizing: border-box; font-weight: 600; margin: 0px; padding: 0px; border: 0px; font-variant-numeric: inherit; font-variant-east-asian: inherit; font-stretch: inherit; font-size: 13px; line-height: inherit; font-family: Montserrat, sans-serif; vertical-align: baseline; color: #505050; text-align: justify; background-color: #ffffff;\\&quot;&gt;processeurs Intel Raptor Lake\\u00a0&lt;\\\/span&gt;&lt;span style=\\&quot;color: #505050; font-family: Montserrat, sans-serif; font-size: 13px; text-align: justify; background-color: #ffffff;\\&quot;&gt;sont la solution id\\u00e9ale pour aller au-del\\u00e0 de ce que vous pouviez imaginer en mati\\u00e8re de puissance et de performance. Des jeux fluides, un PC qui ne ralentit pas, des t\\u00e2ches multiples et simultan\\u00e9es, tout cela est possible avec un processeur&lt;\\\/span&gt;&lt;span style=\\&quot;box-sizing: border-box; font-weight: 600; margin: 0px; padding: 0px; border: 0px; font-variant-numeric: inherit; font-variant-east-asian: inherit; font-stretch: inherit; font-size: 13px; line-height: inherit; font-family: Montserrat, sans-serif; vertical-align: baseline; color: #505050; text-align: justify; background-color: #ffffff;\\&quot;&gt;\\u00a0Intel Core de 13\\u00e8me g\\u00e9n\\u00e9ration&lt;\\\/span&gt;&lt;span style=\\&quot;color: #505050; font-family: Montserrat, sans-serif; font-size: 13px; text-align: justify; background-color: #ffffff;\\&quot;&gt;.&lt;\\\/span&gt;&lt;\\\/p&gt;&quot;,&quot;description_short&quot;:&quot;&lt;p&gt;Processeur 16-Core (8 Performance-Cores + 8 Efficient-Cores) 24-Threads Socket 1700 Cache L3 30 Mo Intel UHD Graphics 770 0.010 micron (version bo\\u00eete sans ventilateur)&lt;\\\/p&gt;&quot;,&quot;available_now&quot;:&quot;Produit en stock&quot;,&quot;available_later&quot;:&quot;Sur commande 12 \\u00e0 21 jours&quot;,&quot;id&quot;:5028,&quot;id_product&quot;:5028,&quot;out_of_stock&quot;:0,&quot;new&quot;:0,&quot;id_product_attribute&quot;:&quot;0&quot;,&quot;quantity_wanted&quot;:1,&quot;extraContent&quot;:[],&quot;allow_oosp&quot;:0,&quot;category&quot;:&quot;processeurs&quot;,&quot;category_name&quot;:&quot;Processeurs&quot;,&quot;link&quot;:&quot;https:\\\/\\\/www.ultrapc.ma\\\/processeurs\\\/5028-intel-core-i7-13700k-34-ghz-54-ghz-processeurs.html&quot;,&quot;attribute_price&quot;:0,&quot;price_tax_exc&quot;:4575,&quot;price_without_reduction&quot;:5490,&quot;reduction&quot;:0,&quot;specific_prices&quot;:[],&quot;quantity&quot;:12,&quot;quantity_all_versions&quot;:12,&quot;id_image&quot;:&quot;fr-default&quot;,&quot;features&quot;:[{&quot;name&quot;:&quot;Gamme processeur&quot;,&quot;value&quot;:&quot;Intel Core i7&quot;,&quot;id_feature&quot;:&quot;8&quot;,&quot;position&quot;:&quot;0&quot;},{&quot;name&quot;:&quot;Socket&quot;,&quot;value&quot;:&quot;Intel 1700&quot;,&quot;id_feature&quot;:&quot;17&quot;,&quot;position&quot;:&quot;1&quot;},{&quot;name&quot;:&quot;Fr\\u00e9quence CPU&quot;,&quot;value&quot;:&quot;3.4 Ghz&quot;,&quot;id_feature&quot;:&quot;10&quot;,&quot;position&quot;:&quot;2&quot;},{&quot;name&quot;:&quot;Fr\\u00e9quence en mode Turbo&quot;,&quot;value&quot;:&quot;5.6 Ghz&quot;,&quot;id_feature&quot;:&quot;11&quot;,&quot;position&quot;:&quot;3&quot;},{&quot;name&quot;:&quot;Nombre de coeurs &quot;,&quot;value&quot;:&quot;16&quot;,&quot;id_feature&quot;:&quot;13&quot;,&quot;position&quot;:&quot;4&quot;},{&quot;name&quot;:&quot;Nombre de threads&quot;,&quot;value&quot;:&quot;24&quot;,&quot;id_feature&quot;:&quot;14&quot;,&quot;position&quot;:&quot;5&quot;},{&quot;name&quot;:&quot;Cache total&quot;,&quot;value&quot;:&quot;24 Mo L2 + 30 Mo L3&quot;,&quot;id_feature&quot;:&quot;15&quot;,&quot;position&quot;:&quot;6&quot;},{&quot;name&quot;:&quot;GPU int\\u00e9gr\\u00e9e&quot;,&quot;value&quot;:&quot;Oui&quot;,&quot;id_feature&quot;:&quot;223&quot;,&quot;position&quot;:&quot;7&quot;},{&quot;name&quot;:&quot;Ventilateur fourni&quot;,&quot;value&quot;:&quot;Non&quot;,&quot;id_feature&quot;:&quot;222&quot;,&quot;position&quot;:&quot;8&quot;},{&quot;name&quot;:&quot;Garantie&quot;,&quot;value&quot;:&quot;12 Mois&quot;,&quot;id_feature&quot;:&quot;44&quot;,&quot;position&quot;:&quot;178&quot;}],&quot;attachments&quot;:[],&quot;virtual&quot;:0,&quot;pack&quot;:0,&quot;packItems&quot;:[],&quot;nopackprice&quot;:0,&quot;customization_required&quot;:false,&quot;rate&quot;:20,&quot;tax_name&quot;:&quot;TVA MA 20%&quot;,&quot;ecotax_rate&quot;:0,&quot;unit_price&quot;:&quot;&quot;,&quot;customizations&quot;:{&quot;fields&quot;:[]},&quot;id_customization&quot;:0,&quot;is_customizable&quot;:false,&quot;show_quantities&quot;:true,&quot;quantity_label&quot;:&quot;Produits&quot;,&quot;quantity_discounts&quot;:[],&quot;customer_group_discount&quot;:0,&quot;images&quot;:[{&quot;bySize&quot;:{&quot;small_default&quot;:{&quot;url&quot;:&quot;https:\\\/\\\/www.ultrapc.ma\\\/20881-small_default\\\/intel-core-i7-13700k-34-ghz-54-ghz-processeurs.jpg&quot;,&quot;width&quot;:50,&quot;height&quot;:50},&quot;cart_default&quot;:{&quot;url&quot;:&quot;https:\\\/\\\/www.ultrapc.ma\\\/20881-cart_default\\\/intel-core-i7-13700k-34-ghz-54-ghz-processeurs.jpg&quot;,&quot;width&quot;:100,&quot;height&quot;:100},&quot;home_default&quot;:{&quot;url&quot;:&quot;https:\\\/\\\/www.ultrapc.ma\\\/20881-home_default\\\/intel-core-i7-13700k-34-ghz-54-ghz-processeurs.jpg&quot;,&quot;width&quot;:280,&quot;height&quot;:280},&quot;large_default&quot;:{&quot;url&quot;:&quot;https:\\\/\\\/www.ultrapc.ma\\\/20881-large_default\\\/intel-core-i7-13700k-34-ghz-54-ghz-processeurs.jpg&quot;,&quot;width&quot;:600,&quot;height&quot;:600},&quot;medium_default&quot;:{&quot;url&quot;:&quot;https:\\\/\\\/www.ultrapc.ma\\\/20881-medium_default\\\/intel-core-i7-13700k-34-ghz-54-ghz-processeurs.jpg&quot;,&quot;width&quot;:600,&quot;height&quot;:600},&quot;large_banner&quot;:{&quot;url&quot;:&quot;https:\\\/\\\/www.ultrapc.ma\\\/20881-large_banner\\\/intel-core-i7-13700k-34-ghz-54-ghz-processeurs.jpg&quot;,&quot;width&quot;:1140,&quot;height&quot;:400}},&quot;small&quot;:{&quot;url&quot;:&quot;https:\\\/\\\/www.ultrapc.ma\\\/20881-small_default\\\/intel-core-i7-13700k-34-ghz-54-ghz-processeurs.jpg&quot;,&quot;width&quot;:50,&quot;height&quot;:50},&quot;medium&quot;:{&quot;url&quot;:&quot;https:\\\/\\\/www.ultrapc.ma\\\/20881-large_default\\\/intel-core-i7-13700k-34-ghz-54-ghz-processeurs.jpg&quot;,&quot;width&quot;:600,&quot;height&quot;:600},&quot;large&quot;:{&quot;url&quot;:&quot;https:\\\/\\\/www.ultrapc.ma\\\/20881-large_banner\\\/intel-core-i7-13700k-34-ghz-54-ghz-processeurs.jpg&quot;,&quot;width&quot;:1140,&quot;height&quot;:400},&quot;legend&quot;:&quot;Intel Core i7 13700K (3.4 GHz \\\/ 5.4 GHz) Processeurs Intel, Ultra Pc Gamer Maroc&quot;,&quot;id_image&quot;:&quot;20881&quot;,&quot;cover&quot;:&quot;1&quot;,&quot;position&quot;:&quot;1&quot;,&quot;associatedVariants&quot;:[]},{&quot;bySize&quot;:{&quot;small_default&quot;:{&quot;url&quot;:&quot;https:\\\/\\\/www.ultrapc.ma\\\/20882-small_default\\\/intel-core-i7-13700k-34-ghz-54-ghz-processeurs.jpg&quot;,&quot;width&quot;:50,&quot;height&quot;:50},&quot;cart_default&quot;:{&quot;url&quot;:&quot;https:\\\/\\\/www.ultrapc.ma\\\/20882-cart_default\\\/intel-core-i7-13700k-34-ghz-54-ghz-processeurs.jpg&quot;,&quot;width&quot;:100,&quot;height&quot;:100},&quot;home_default&quot;:{&quot;url&quot;:&quot;https:\\\/\\\/www.ultrapc.ma\\\/20882-home_default\\\/intel-core-i7-13700k-34-ghz-54-ghz-processeurs.jpg&quot;,&quot;width&quot;:280,&quot;height&quot;:280},&quot;large_default&quot;:{&quot;url&quot;:&quot;https:\\\/\\\/www.ultrapc.ma\\\/20882-large_default\\\/intel-core-i7-13700k-34-ghz-54-ghz-processeurs.jpg&quot;,&quot;width&quot;:600,&quot;height&quot;:600},&quot;medium_default&quot;:{&quot;url&quot;:&quot;https:\\\/\\\/www.ultrapc.ma\\\/20882-medium_default\\\/intel-core-i7-13700k-34-ghz-54-ghz-processeurs.jpg&quot;,&quot;width&quot;:600,&quot;height&quot;:600},&quot;large_banner&quot;:{&quot;url&quot;:&quot;https:\\\/\\\/www.ultrapc.ma\\\/20882-large_banner\\\/intel-core-i7-13700k-34-ghz-54-ghz-processeurs.jpg&quot;,&quot;width&quot;:1140,&quot;height&quot;:400}},&quot;small&quot;:{&quot;url&quot;:&quot;https:\\\/\\\/www.ultrapc.ma\\\/20882-small_default\\\/intel-core-i7-13700k-34-ghz-54-ghz-processeurs.jpg&quot;,&quot;width&quot;:50,&quot;height&quot;:50},&quot;medium&quot;:{&quot;url&quot;:&quot;https:\\\/\\\/www.ultrapc.ma\\\/20882-large_default\\\/intel-core-i7-13700k-34-ghz-54-ghz-processeurs.jpg&quot;,&quot;width&quot;:600,&quot;height&quot;:600},&quot;large&quot;:{&quot;url&quot;:&quot;https:\\\/\\\/www.ultrapc.ma\\\/20882-large_banner\\\/intel-core-i7-13700k-34-ghz-54-ghz-processeurs.jpg&quot;,&quot;width&quot;:1140,&quot;height&quot;:400},&quot;legend&quot;:&quot;Intel Core i7 13700K (3.4 GHz \\\/ 5.4 GHz) Processeurs Intel, Ultra Pc Gamer Maroc&quot;,&quot;id_image&quot;:&quot;20882&quot;,&quot;cover&quot;:null,&quot;position&quot;:&quot;2&quot;,&quot;associatedVariants&quot;:[]},{&quot;bySize&quot;:{&quot;small_default&quot;:{&quot;url&quot;:&quot;https:\\\/\\\/www.ultrapc.ma\\\/20883-small_default\\\/intel-core-i7-13700k-34-ghz-54-ghz-processeurs.jpg&quot;,&quot;width&quot;:50,&quot;height&quot;:50},&quot;cart_default&quot;:{&quot;url&quot;:&quot;https:\\\/\\\/www.ultrapc.ma\\\/20883-cart_default\\\/intel-core-i7-13700k-34-ghz-54-ghz-processeurs.jpg&quot;,&quot;width&quot;:100,&quot;height&quot;:100},&quot;home_default&quot;:{&quot;url&quot;:&quot;https:\\\/\\\/www.ultrapc.ma\\\/20883-home_default\\\/intel-core-i7-13700k-34-ghz-54-ghz-processeurs.jpg&quot;,&quot;width&quot;:280,&quot;height&quot;:280},&quot;large_default&quot;:{&quot;url&quot;:&quot;https:\\\/\\\/www.ultrapc.ma\\\/20883-large_default\\\/intel-core-i7-13700k-34-ghz-54-ghz-processeurs.jpg&quot;,&quot;width&quot;:600,&quot;height&quot;:600},&quot;medium_default&quot;:{&quot;url&quot;:&quot;https:\\\/\\\/www.ultrapc.ma\\\/20883-medium_default\\\/intel-core-i7-13700k-34-ghz-54-ghz-processeurs.jpg&quot;,&quot;width&quot;:600,&quot;height&quot;:600},&quot;large_banner&quot;:{&quot;url&quot;:&quot;https:\\\/\\\/www.ultrapc.ma\\\/20883-large_banner\\\/intel-core-i7-13700k-34-ghz-54-ghz-processeurs.jpg&quot;,&quot;width&quot;:1140,&quot;height&quot;:400}},&quot;small&quot;:{&quot;url&quot;:&quot;https:\\\/\\\/www.ultrapc.ma\\\/20883-small_default\\\/intel-core-i7-13700k-34-ghz-54-ghz-processeurs.jpg&quot;,&quot;width&quot;:50,&quot;height&quot;:50},&quot;medium&quot;:{&quot;url&quot;:&quot;https:\\\/\\\/www.ultrapc.ma\\\/20883-large_default\\\/intel-core-i7-13700k-34-ghz-54-ghz-processeurs.jpg&quot;,&quot;width&quot;:600,&quot;height&quot;:600},&quot;large&quot;:{&quot;url&quot;:&quot;https:\\\/\\\/www.ultrapc.ma\\\/20883-large_banner\\\/intel-core-i7-13700k-34-ghz-54-ghz-processeurs.jpg&quot;,&quot;width&quot;:1140,&quot;height&quot;:400},&quot;legend&quot;:&quot;Intel Core i7 13700K (3.4 GHz \\\/ 5.4 GHz) Processeurs Intel, Ultra Pc Gamer Maroc&quot;,&quot;id_image&quot;:&quot;20883&quot;,&quot;cover&quot;:null,&quot;position&quot;:&quot;3&quot;,&quot;associatedVariants&quot;:[]}],&quot;cover&quot;:{&quot;bySize&quot;:{&quot;small_default&quot;:{&quot;url&quot;:&quot;https:\\\/\\\/www.ultrapc.ma\\\/20881-small_default\\\/intel-core-i7-13700k-34-ghz-54-ghz-processeurs.jpg&quot;,&quot;width&quot;:50,&quot;height&quot;:50},&quot;cart_default&quot;:{&quot;url&quot;:&quot;https:\\\/\\\/www.ultrapc.ma\\\/20881-cart_default\\\/intel-core-i7-13700k-34-ghz-54-ghz-processeurs.jpg&quot;,&quot;width&quot;:100,&quot;height&quot;:100},&quot;home_default&quot;:{&quot;url&quot;:&quot;https:\\\/\\\/www.ultrapc.ma\\\/20881-home_default\\\/intel-core-i7-13700k-34-ghz-54-ghz-processeurs.jpg&quot;,&quot;width&quot;:280,&quot;height&quot;:280},&quot;large_default&quot;:{&quot;url&quot;:&quot;https:\\\/\\\/www.ultrapc.ma\\\/20881-large_default\\\/intel-core-i7-13700k-34-ghz-54-ghz-processeurs.jpg&quot;,&quot;width&quot;:600,&quot;height&quot;:600},&quot;medium_default&quot;:{&quot;url&quot;:&quot;https:\\\/\\\/www.ultrapc.ma\\\/20881-medium_default\\\/intel-core-i7-13700k-34-ghz-54-ghz-processeurs.jpg&quot;,&quot;width&quot;:600,&quot;height&quot;:600},&quot;large_banner&quot;:{&quot;url&quot;:&quot;https:\\\/\\\/www.ultrapc.ma\\\/20881-large_banner\\\/intel-core-i7-13700k-34-ghz-54-ghz-processeurs.jpg&quot;,&quot;width&quot;:1140,&quot;height&quot;:400}},&quot;small&quot;:{&quot;url&quot;:&quot;https:\\\/\\\/www.ultrapc.ma\\\/20881-small_default\\\/intel-core-i7-13700k-34-ghz-54-ghz-processeurs.jpg&quot;,&quot;width&quot;:50,&quot;height&quot;:50},&quot;medium&quot;:{&quot;url&quot;:&quot;https:\\\/\\\/www.ultrapc.ma\\\/20881-large_default\\\/intel-core-i7-13700k-34-ghz-54-ghz-processeurs.jpg&quot;,&quot;width&quot;:600,&quot;height&quot;:600},&quot;large&quot;:{&quot;url&quot;:&quot;https:\\\/\\\/www.ultrapc.ma\\\/20881-large_banner\\\/intel-core-i7-13700k-34-ghz-54-ghz-processeurs.jpg&quot;,&quot;width&quot;:1140,&quot;height&quot;:400},&quot;legend&quot;:&quot;Intel Core i7 13700K (3.4 GHz \\\/ 5.4 GHz) Processeurs Intel, Ultra Pc Gamer Maroc&quot;,&quot;id_image&quot;:&quot;20881&quot;,&quot;cover&quot;:&quot;1&quot;,&quot;position&quot;:&quot;1&quot;,&quot;associatedVariants&quot;:[]},&quot;has_discount&quot;:false,&quot;discount_type&quot;:null,&quot;discount_percentage&quot;:null,&quot;discount_percentage_absolute&quot;:null,&quot;discount_amount&quot;:null,&quot;discount_amount_to_display&quot;:null,&quot;price_amount&quot;:5490,&quot;unit_price_full&quot;:&quot;&quot;,&quot;show_availability&quot;:true,&quot;availability_date&quot;:null,&quot;availability_message&quot;:&quot;Produit en stock&quot;,&quot;availability&quot;:&quot;available&quot;}\">\n<section class=\"product-features mb-3\">\n<p class=\"product-details-title h4 py-2\">Fiche technique<\/p>\n<dl class=\"data-sheet d-flex flex-wrap justify-content-between m-0\">\n<dt class=\"name mb-1 p-2\">Gamme processeur<\/dt>\n<dd class=\"value mb-1 p-2\">Intel Core i7<\/dd>\n<dt class=\"name mb-1 p-2\">Socket<\/dt>\n<dd class=\"value mb-1 p-2\">Intel 1700<\/dd>\n<dt class=\"name mb-1 p-2\">Fr\u00e9quence CPU<\/dt>\n<dd class=\"value mb-1 p-2\">3.4 Ghz<\/dd>\n<dt class=\"name mb-1 p-2\">Fr\u00e9quence en mode Turbo<\/dt>\n<dd class=\"value mb-1 p-2\">5.6 Ghz<\/dd>\n<dt class=\"name mb-1 p-2\">Nombre de coeurs<\/dt>\n<dd class=\"value mb-1 p-2\">16<\/dd>\n<dt class=\"name mb-1 p-2\">Nombre de threads<\/dt>\n<dd class=\"value mb-1 p-2\">24<\/dd>\n<dt class=\"name mb-1 p-2\">Cache total<\/dt>\n<dd class=\"value mb-1 p-2\">24 Mo L2 + 30 Mo L3<\/dd>\n<dt class=\"name mb-1 p-2\">GPU int\u00e9gr\u00e9e<\/dt>\n<dd class=\"value mb-1 p-2\">Oui<\/dd>\n<dt class=\"name mb-1 p-2\">Ventilateur fourni<\/dt>\n<dd class=\"value mb-1 p-2\">Non<\/dd>\n<\/dl>\n<\/section>\n<\/div>\n<\/div>\n","protected":false},"excerpt":{"rendered":"<p>Processeur 16-Core (8 Performance-Cores + 8 Efficient-Cores) 24-Threads Socket 1700 Cache L3 30 Mo Intel UHD Graphics 770 0.010 micron (version bo\u00eete sans ventilateur)<\/p>\n","protected":false},"featured_media":22637,"comment_status":"open","ping_status":"closed","template":"","meta":[],"product_brand":[190],"product_cat":[307,345],"product_tag":[],"class_list":{"0":"post-22636","1":"product","2":"type-product","3":"status-publish","4":"has-post-thumbnail","6":"product_brand-intel","7":"product_cat-processeurs","8":"product_cat-sur-commande","10":"first","11":"onbackorder","12":"sale","13":"shipping-taxable","14":"purchasable","15":"product-type-simple"},"aioseo_notices":[],"jetpack_sharing_enabled":true,"_links":{"self":[{"href":"https:\/\/tekelec.ma\/index.php\/wp-json\/wp\/v2\/product\/22636","targetHints":{"allow":["GET"]}}],"collection":[{"href":"https:\/\/tekelec.ma\/index.php\/wp-json\/wp\/v2\/product"}],"about":[{"href":"https:\/\/tekelec.ma\/index.php\/wp-json\/wp\/v2\/types\/product"}],"replies":[{"embeddable":true,"href":"https:\/\/tekelec.ma\/index.php\/wp-json\/wp\/v2\/comments?post=22636"}],"version-history":[{"count":1,"href":"https:\/\/tekelec.ma\/index.php\/wp-json\/wp\/v2\/product\/22636\/revisions"}],"predecessor-version":[{"id":24407,"href":"https:\/\/tekelec.ma\/index.php\/wp-json\/wp\/v2\/product\/22636\/revisions\/24407"}],"wp:featuredmedia":[{"embeddable":true,"href":"https:\/\/tekelec.ma\/index.php\/wp-json\/wp\/v2\/media\/22637"}],"wp:attachment":[{"href":"https:\/\/tekelec.ma\/index.php\/wp-json\/wp\/v2\/media?parent=22636"}],"wp:term":[{"taxonomy":"product_brand","embeddable":true,"href":"https:\/\/tekelec.ma\/index.php\/wp-json\/wp\/v2\/product_brand?post=22636"},{"taxonomy":"product_cat","embeddable":true,"href":"https:\/\/tekelec.ma\/index.php\/wp-json\/wp\/v2\/product_cat?post=22636"},{"taxonomy":"product_tag","embeddable":true,"href":"https:\/\/tekelec.ma\/index.php\/wp-json\/wp\/v2\/product_tag?post=22636"}],"curies":[{"name":"wp","href":"https:\/\/api.w.org\/{rel}","templated":true}]}}