{"id":22645,"date":"2023-12-17T18:08:01","date_gmt":"2023-12-17T17:08:01","guid":{"rendered":"https:\/\/tekelec.ma\/?post_type=product&#038;p=22645"},"modified":"2025-07-30T19:36:40","modified_gmt":"2025-07-30T17:36:40","slug":"intel-core-i9-11900kf-3-5-ghz-5-3-ghz-tray","status":"publish","type":"product","link":"https:\/\/tekelec.ma\/index.php\/product\/intel-core-i9-11900kf-3-5-ghz-5-3-ghz-tray\/","title":{"rendered":"Intel Core i9 11900KF (3.5 GHz \/ 5.3 GHz) Tray"},"content":{"rendered":"<div class=\"col-lg-6\">\n<div class=\"product-tabs tabs\">\n<ul class=\"nav nav-tabs\">\n<li class=\"nav-item h4\"><a class=\"nav-link active\" href=\"https:\/\/www.ultrapc.ma\/processeurs\/5907-intel-core-i9-11900kf-35-ghz-53-ghz-tray-processeurs.html#description\" data-toggle=\"tab\">Description<\/a><\/li>\n<\/ul>\n<div id=\"tab-content\" class=\"tab-content\">\n<div id=\"description\" class=\"tab-pane fade show active\">\n<div class=\"product-description\">\n<p>La\u00a011\u00e8me g\u00e9n\u00e9ration de processeur Intel Core Rocket Lake-S\u00a0vous propulse vers toujours plus de puissance gr\u00e2ce \u00e0 sa compatibilit\u00e9 avec la norme\u00a0PCI-Express 4.0\u00a0et la pr\u00e9sence de l&rsquo;Hyper Threading\u00a0sur toute la gamme depuis le Core i3 jusqu&rsquo;au Core i9. Ses fr\u00e9quences Turbo vont toujours plus haut en conservant des TDP identiques aux g\u00e9n\u00e9rations pr\u00e9c\u00e9dentes. Les performances de pointe et la fluidit\u00e9 sont de mise pour tous que ce soit pour une utilisation bureautique, cr\u00e9ative ou gaming. Le\u00a0processeur Intel Core i9-11900KF\u00a0dot\u00e9 de\u00a08 Cores\u00a0(16 Threads), de\u00a016 Mo de cache\u00a0et de\u00a0fr\u00e9quences Turbo pouvant atteindre 5.3 GHz\u00a0se destine aux gamers avertis et aux utilisateurs qui ont besoin d&rsquo;un processeur \u00e0 l&rsquo;aise dans toutes les situations.<\/p>\n<\/div>\n<\/div>\n<\/div>\n<\/div>\n<\/div>\n<div class=\"col-lg-6\">\n<div id=\"product-details\" style=\"box-sizing: inherit;\" data-product=\"{&quot;id_shop_default&quot;:&quot;1&quot;,&quot;id_manufacturer&quot;:&quot;2&quot;,&quot;id_supplier&quot;:&quot;0&quot;,&quot;reference&quot;:&quot;8592978338251&quot;,&quot;is_virtual&quot;:&quot;0&quot;,&quot;delivery_in_stock&quot;:&quot;&quot;,&quot;delivery_out_stock&quot;:&quot;&quot;,&quot;id_category_default&quot;:&quot;21&quot;,&quot;on_sale&quot;:&quot;0&quot;,&quot;online_only&quot;:&quot;0&quot;,&quot;ecotax&quot;:0,&quot;minimal_quantity&quot;:&quot;1&quot;,&quot;low_stock_threshold&quot;:null,&quot;low_stock_alert&quot;:&quot;0&quot;,&quot;price&quot;:&quot;3\\u202f490,00\\u00a0MAD&quot;,&quot;unity&quot;:&quot;&quot;,&quot;unit_price_ratio&quot;:&quot;0.000000&quot;,&quot;additional_shipping_cost&quot;:&quot;0.000000&quot;,&quot;customizable&quot;:&quot;0&quot;,&quot;text_fields&quot;:&quot;0&quot;,&quot;uploadable_files&quot;:&quot;0&quot;,&quot;redirect_type&quot;:&quot;404&quot;,&quot;id_type_redirected&quot;:&quot;0&quot;,&quot;available_for_order&quot;:&quot;1&quot;,&quot;available_date&quot;:&quot;0000-00-00&quot;,&quot;show_condition&quot;:&quot;1&quot;,&quot;condition&quot;:&quot;new&quot;,&quot;show_price&quot;:&quot;1&quot;,&quot;indexed&quot;:&quot;1&quot;,&quot;visibility&quot;:&quot;both&quot;,&quot;cache_default_attribute&quot;:&quot;0&quot;,&quot;advanced_stock_management&quot;:&quot;0&quot;,&quot;date_add&quot;:&quot;2023-10-07 10:41:11&quot;,&quot;date_upd&quot;:&quot;2023-11-28 17:51:22&quot;,&quot;pack_stock_type&quot;:&quot;3&quot;,&quot;meta_description&quot;:&quot;Processeur 8-Core 16-Threads Socket 1200 Cache L3 16 Mo 0.014 micron (version tray sans ventilateur)&quot;,&quot;meta_keywords&quot;:&quot;Intel Core i9 11900KF (3.5 GHz \\\/ 5.3 GHz) Tray, Intel, Processeurs&quot;,&quot;meta_title&quot;:&quot;Intel Core i9 11900KF (3.5 GHz \\\/ 5.3 GHz) Tray Processeurs Intel Maroc&quot;,&quot;link_rewrite&quot;:&quot;intel-core-i9-11900kf-35-ghz-53-ghz-tray-processeurs&quot;,&quot;name&quot;:&quot;Intel Core i9 11900KF (3.5 GHz \\\/ 5.3 GHz) Tray&quot;,&quot;description&quot;:&quot;&lt;p&gt;&lt;span style=\\&quot;color: #505050; font-family: Montserrat, sans-serif; font-size: 13px; text-align: justify; background-color: #ffffff;\\&quot;&gt;La\\u00a0&lt;\\\/span&gt;&lt;span style=\\&quot;box-sizing: border-box; font-weight: 600; border: 0px; font-variant-numeric: inherit; font-variant-east-asian: inherit; font-variant-alternates: inherit; font-variant-position: inherit; font-stretch: inherit; font-size: 13px; line-height: inherit; font-family: Montserrat, sans-serif; font-optical-sizing: inherit; font-kerning: inherit; font-feature-settings: inherit; font-variation-settings: inherit; margin: 0px; padding: 0px; vertical-align: baseline; color: #505050; text-align: justify; background-color: #ffffff;\\&quot;&gt;11\\u00e8me g\\u00e9n\\u00e9ration de processeur Intel Core Rocket Lake-S\\u00a0&lt;\\\/span&gt;&lt;span style=\\&quot;color: #505050; font-family: Montserrat, sans-serif; font-size: 13px; text-align: justify; background-color: #ffffff;\\&quot;&gt;vous propulse vers toujours plus de puissance gr\\u00e2ce \\u00e0 sa compatibilit\\u00e9 avec la norme\\u00a0&lt;\\\/span&gt;&lt;span style=\\&quot;box-sizing: border-box; font-weight: 600; border: 0px; font-variant-numeric: inherit; font-variant-east-asian: inherit; font-variant-alternates: inherit; font-variant-position: inherit; font-stretch: inherit; font-size: 13px; line-height: inherit; font-family: Montserrat, sans-serif; font-optical-sizing: inherit; font-kerning: inherit; font-feature-settings: inherit; font-variation-settings: inherit; margin: 0px; padding: 0px; vertical-align: baseline; color: #505050; text-align: justify; background-color: #ffffff;\\&quot;&gt;PCI-Express 4.0&lt;\\\/span&gt;&lt;span style=\\&quot;color: #505050; font-family: Montserrat, sans-serif; font-size: 13px; text-align: justify; background-color: #ffffff;\\&quot;&gt;\\u00a0et la pr\\u00e9sence de l'&lt;\\\/span&gt;&lt;span style=\\&quot;box-sizing: border-box; font-weight: 600; border: 0px; font-variant-numeric: inherit; font-variant-east-asian: inherit; font-variant-alternates: inherit; font-variant-position: inherit; font-stretch: inherit; font-size: 13px; line-height: inherit; font-family: Montserrat, sans-serif; font-optical-sizing: inherit; font-kerning: inherit; font-feature-settings: inherit; font-variation-settings: inherit; margin: 0px; padding: 0px; vertical-align: baseline; color: #505050; text-align: justify; background-color: #ffffff;\\&quot;&gt;Hyper Threading&lt;\\\/span&gt;&lt;span style=\\&quot;color: #505050; font-family: Montserrat, sans-serif; font-size: 13px; text-align: justify; background-color: #ffffff;\\&quot;&gt;\\u00a0sur toute la gamme depuis le Core i3 jusqu'au Core i9. Ses fr\\u00e9quences Turbo vont toujours plus haut en conservant des TDP identiques aux g\\u00e9n\\u00e9rations pr\\u00e9c\\u00e9dentes. Les performances de pointe et la fluidit\\u00e9 sont de mise pour tous que ce soit pour une utilisation bureautique, cr\\u00e9ative ou gaming. Le\\u00a0&lt;\\\/span&gt;&lt;span style=\\&quot;box-sizing: border-box; font-weight: 600; border: 0px; font-variant-numeric: inherit; font-variant-east-asian: inherit; font-variant-alternates: inherit; font-variant-position: inherit; font-stretch: inherit; font-size: 13px; line-height: inherit; font-family: Montserrat, sans-serif; font-optical-sizing: inherit; font-kerning: inherit; font-feature-settings: inherit; font-variation-settings: inherit; margin: 0px; padding: 0px; vertical-align: baseline; color: #505050; text-align: justify; background-color: #ffffff;\\&quot;&gt;processeur Intel Core i9-11900KF&lt;\\\/span&gt;&lt;span style=\\&quot;color: #505050; font-family: Montserrat, sans-serif; font-size: 13px; text-align: justify; background-color: #ffffff;\\&quot;&gt;\\u00a0dot\\u00e9 de\\u00a0&lt;\\\/span&gt;&lt;span style=\\&quot;box-sizing: border-box; font-weight: 600; border: 0px; font-variant-numeric: inherit; font-variant-east-asian: inherit; font-variant-alternates: inherit; font-variant-position: inherit; font-stretch: inherit; font-size: 13px; line-height: inherit; font-family: Montserrat, sans-serif; font-optical-sizing: inherit; font-kerning: inherit; font-feature-settings: inherit; font-variation-settings: inherit; margin: 0px; padding: 0px; vertical-align: baseline; color: #505050; text-align: justify; background-color: #ffffff;\\&quot;&gt;8 Cores&lt;\\\/span&gt;&lt;span style=\\&quot;color: #505050; font-family: Montserrat, sans-serif; font-size: 13px; text-align: justify; background-color: #ffffff;\\&quot;&gt;\\u00a0(16 Threads), de\\u00a0&lt;\\\/span&gt;&lt;span style=\\&quot;box-sizing: border-box; font-weight: 600; border: 0px; font-variant-numeric: inherit; font-variant-east-asian: inherit; font-variant-alternates: inherit; font-variant-position: inherit; font-stretch: inherit; font-size: 13px; line-height: inherit; font-family: Montserrat, sans-serif; font-optical-sizing: inherit; font-kerning: inherit; font-feature-settings: inherit; font-variation-settings: inherit; margin: 0px; padding: 0px; vertical-align: baseline; color: #505050; text-align: justify; background-color: #ffffff;\\&quot;&gt;16 Mo de cache&lt;\\\/span&gt;&lt;span style=\\&quot;color: #505050; font-family: Montserrat, sans-serif; font-size: 13px; text-align: justify; background-color: #ffffff;\\&quot;&gt;\\u00a0et de\\u00a0&lt;\\\/span&gt;&lt;span style=\\&quot;box-sizing: border-box; font-weight: 600; border: 0px; font-variant-numeric: inherit; font-variant-east-asian: inherit; font-variant-alternates: inherit; font-variant-position: inherit; font-stretch: inherit; font-size: 13px; line-height: inherit; font-family: Montserrat, sans-serif; font-optical-sizing: inherit; font-kerning: inherit; font-feature-settings: inherit; font-variation-settings: inherit; margin: 0px; padding: 0px; vertical-align: baseline; color: #505050; text-align: justify; background-color: #ffffff;\\&quot;&gt;fr\\u00e9quences Turbo pouvant atteindre 5.3 GHz&lt;\\\/span&gt;&lt;span style=\\&quot;color: #505050; font-family: Montserrat, sans-serif; font-size: 13px; text-align: justify; background-color: #ffffff;\\&quot;&gt;\\u00a0se destine aux gamers avertis et aux utilisateurs qui ont besoin d'un processeur \\u00e0 l'aise dans toutes les situations.&lt;\\\/span&gt;&lt;\\\/p&gt;&quot;,&quot;description_short&quot;:&quot;&lt;p&gt;Processeur 8-Core 16-Threads Socket 1200 Cache L3 16 Mo 0.014 micron (version tray sans ventilateur)&lt;\\\/p&gt;\\r\\n&lt;p&gt;&lt;\\\/p&gt;&quot;,&quot;available_now&quot;:&quot;Produit en stock&quot;,&quot;available_later&quot;:&quot;Sur commande 12 \\u00e0 21 jours&quot;,&quot;id&quot;:5907,&quot;id_product&quot;:5907,&quot;out_of_stock&quot;:2,&quot;new&quot;:0,&quot;id_product_attribute&quot;:&quot;0&quot;,&quot;quantity_wanted&quot;:1,&quot;extraContent&quot;:[],&quot;allow_oosp&quot;:0,&quot;category&quot;:&quot;processeurs&quot;,&quot;category_name&quot;:&quot;Processeurs&quot;,&quot;link&quot;:&quot;https:\\\/\\\/www.ultrapc.ma\\\/processeurs\\\/5907-intel-core-i9-11900kf-35-ghz-53-ghz-tray-processeurs.html&quot;,&quot;attribute_price&quot;:0,&quot;price_tax_exc&quot;:2908.333332000000154948793351650238037109375,&quot;price_without_reduction&quot;:4989.9999980000002324231900274753570556640625,&quot;reduction&quot;:1500,&quot;specific_prices&quot;:{&quot;id_specific_price&quot;:&quot;2036&quot;,&quot;id_specific_price_rule&quot;:&quot;0&quot;,&quot;id_cart&quot;:&quot;0&quot;,&quot;id_product&quot;:&quot;5907&quot;,&quot;id_shop&quot;:&quot;1&quot;,&quot;id_shop_group&quot;:&quot;0&quot;,&quot;id_currency&quot;:&quot;0&quot;,&quot;id_country&quot;:&quot;0&quot;,&quot;id_group&quot;:&quot;0&quot;,&quot;id_customer&quot;:&quot;0&quot;,&quot;id_product_attribute&quot;:&quot;0&quot;,&quot;price&quot;:&quot;-1.000000&quot;,&quot;from_quantity&quot;:&quot;1&quot;,&quot;reduction&quot;:&quot;1500.000000&quot;,&quot;reduction_tax&quot;:&quot;1&quot;,&quot;reduction_type&quot;:&quot;amount&quot;,&quot;from&quot;:&quot;0000-00-00 00:00:00&quot;,&quot;to&quot;:&quot;0000-00-00 00:00:00&quot;,&quot;score&quot;:&quot;48&quot;},&quot;quantity&quot;:8,&quot;quantity_all_versions&quot;:8,&quot;id_image&quot;:&quot;fr-default&quot;,&quot;features&quot;:[{&quot;name&quot;:&quot;Gamme processeur&quot;,&quot;value&quot;:&quot;Intel Core i9&quot;,&quot;id_feature&quot;:&quot;8&quot;,&quot;position&quot;:&quot;0&quot;},{&quot;name&quot;:&quot;Socket&quot;,&quot;value&quot;:&quot;Intel 1200&quot;,&quot;id_feature&quot;:&quot;17&quot;,&quot;position&quot;:&quot;1&quot;},{&quot;name&quot;:&quot;Fr\\u00e9quence CPU&quot;,&quot;value&quot;:&quot;3.5 Ghz&quot;,&quot;id_feature&quot;:&quot;10&quot;,&quot;position&quot;:&quot;2&quot;},{&quot;name&quot;:&quot;Fr\\u00e9quence en mode Turbo&quot;,&quot;value&quot;:&quot;5.3 Ghz&quot;,&quot;id_feature&quot;:&quot;11&quot;,&quot;position&quot;:&quot;3&quot;},{&quot;name&quot;:&quot;Nombre de coeurs &quot;,&quot;value&quot;:&quot;8&quot;,&quot;id_feature&quot;:&quot;13&quot;,&quot;position&quot;:&quot;4&quot;},{&quot;name&quot;:&quot;Nombre de threads&quot;,&quot;value&quot;:&quot;16&quot;,&quot;id_feature&quot;:&quot;14&quot;,&quot;position&quot;:&quot;5&quot;},{&quot;name&quot;:&quot;Cache total&quot;,&quot;value&quot;:&quot;16 MB&quot;,&quot;id_feature&quot;:&quot;15&quot;,&quot;position&quot;:&quot;6&quot;},{&quot;name&quot;:&quot;GPU int\\u00e9gr\\u00e9e&quot;,&quot;value&quot;:&quot;Non&quot;,&quot;id_feature&quot;:&quot;223&quot;,&quot;position&quot;:&quot;7&quot;},{&quot;name&quot;:&quot;Ventilateur fourni&quot;,&quot;value&quot;:&quot;Non&quot;,&quot;id_feature&quot;:&quot;222&quot;,&quot;position&quot;:&quot;8&quot;},{&quot;name&quot;:&quot;Garantie&quot;,&quot;value&quot;:&quot;12 Mois&quot;,&quot;id_feature&quot;:&quot;44&quot;,&quot;position&quot;:&quot;178&quot;}],&quot;attachments&quot;:[],&quot;virtual&quot;:0,&quot;pack&quot;:0,&quot;packItems&quot;:[],&quot;nopackprice&quot;:0,&quot;customization_required&quot;:false,&quot;rate&quot;:20,&quot;tax_name&quot;:&quot;TVA MA 20%&quot;,&quot;ecotax_rate&quot;:0,&quot;unit_price&quot;:&quot;&quot;,&quot;customizations&quot;:{&quot;fields&quot;:[]},&quot;id_customization&quot;:0,&quot;is_customizable&quot;:false,&quot;show_quantities&quot;:true,&quot;quantity_label&quot;:&quot;Produits&quot;,&quot;quantity_discounts&quot;:[],&quot;customer_group_discount&quot;:0,&quot;images&quot;:[{&quot;bySize&quot;:{&quot;small_default&quot;:{&quot;url&quot;:&quot;https:\\\/\\\/www.ultrapc.ma\\\/25856-small_default\\\/intel-core-i9-11900kf-35-ghz-53-ghz-tray-processeurs.jpg&quot;,&quot;width&quot;:50,&quot;height&quot;:50},&quot;cart_default&quot;:{&quot;url&quot;:&quot;https:\\\/\\\/www.ultrapc.ma\\\/25856-cart_default\\\/intel-core-i9-11900kf-35-ghz-53-ghz-tray-processeurs.jpg&quot;,&quot;width&quot;:100,&quot;height&quot;:100},&quot;home_default&quot;:{&quot;url&quot;:&quot;https:\\\/\\\/www.ultrapc.ma\\\/25856-home_default\\\/intel-core-i9-11900kf-35-ghz-53-ghz-tray-processeurs.jpg&quot;,&quot;width&quot;:280,&quot;height&quot;:280},&quot;large_default&quot;:{&quot;url&quot;:&quot;https:\\\/\\\/www.ultrapc.ma\\\/25856-large_default\\\/intel-core-i9-11900kf-35-ghz-53-ghz-tray-processeurs.jpg&quot;,&quot;width&quot;:600,&quot;height&quot;:600},&quot;medium_default&quot;:{&quot;url&quot;:&quot;https:\\\/\\\/www.ultrapc.ma\\\/25856-medium_default\\\/intel-core-i9-11900kf-35-ghz-53-ghz-tray-processeurs.jpg&quot;,&quot;width&quot;:600,&quot;height&quot;:600},&quot;large_banner&quot;:{&quot;url&quot;:&quot;https:\\\/\\\/www.ultrapc.ma\\\/25856-large_banner\\\/intel-core-i9-11900kf-35-ghz-53-ghz-tray-processeurs.jpg&quot;,&quot;width&quot;:1140,&quot;height&quot;:400}},&quot;small&quot;:{&quot;url&quot;:&quot;https:\\\/\\\/www.ultrapc.ma\\\/25856-small_default\\\/intel-core-i9-11900kf-35-ghz-53-ghz-tray-processeurs.jpg&quot;,&quot;width&quot;:50,&quot;height&quot;:50},&quot;medium&quot;:{&quot;url&quot;:&quot;https:\\\/\\\/www.ultrapc.ma\\\/25856-large_default\\\/intel-core-i9-11900kf-35-ghz-53-ghz-tray-processeurs.jpg&quot;,&quot;width&quot;:600,&quot;height&quot;:600},&quot;large&quot;:{&quot;url&quot;:&quot;https:\\\/\\\/www.ultrapc.ma\\\/25856-large_banner\\\/intel-core-i9-11900kf-35-ghz-53-ghz-tray-processeurs.jpg&quot;,&quot;width&quot;:1140,&quot;height&quot;:400},&quot;legend&quot;:&quot;Intel Core i9 11900KF (3.5 GHz \\\/ 5.3 GHz) Tray Processeurs Intel, Ultra Pc Gamer Maroc&quot;,&quot;id_image&quot;:&quot;25856&quot;,&quot;cover&quot;:&quot;1&quot;,&quot;position&quot;:&quot;1&quot;,&quot;associatedVariants&quot;:[]}],&quot;cover&quot;:{&quot;bySize&quot;:{&quot;small_default&quot;:{&quot;url&quot;:&quot;https:\\\/\\\/www.ultrapc.ma\\\/25856-small_default\\\/intel-core-i9-11900kf-35-ghz-53-ghz-tray-processeurs.jpg&quot;,&quot;width&quot;:50,&quot;height&quot;:50},&quot;cart_default&quot;:{&quot;url&quot;:&quot;https:\\\/\\\/www.ultrapc.ma\\\/25856-cart_default\\\/intel-core-i9-11900kf-35-ghz-53-ghz-tray-processeurs.jpg&quot;,&quot;width&quot;:100,&quot;height&quot;:100},&quot;home_default&quot;:{&quot;url&quot;:&quot;https:\\\/\\\/www.ultrapc.ma\\\/25856-home_default\\\/intel-core-i9-11900kf-35-ghz-53-ghz-tray-processeurs.jpg&quot;,&quot;width&quot;:280,&quot;height&quot;:280},&quot;large_default&quot;:{&quot;url&quot;:&quot;https:\\\/\\\/www.ultrapc.ma\\\/25856-large_default\\\/intel-core-i9-11900kf-35-ghz-53-ghz-tray-processeurs.jpg&quot;,&quot;width&quot;:600,&quot;height&quot;:600},&quot;medium_default&quot;:{&quot;url&quot;:&quot;https:\\\/\\\/www.ultrapc.ma\\\/25856-medium_default\\\/intel-core-i9-11900kf-35-ghz-53-ghz-tray-processeurs.jpg&quot;,&quot;width&quot;:600,&quot;height&quot;:600},&quot;large_banner&quot;:{&quot;url&quot;:&quot;https:\\\/\\\/www.ultrapc.ma\\\/25856-large_banner\\\/intel-core-i9-11900kf-35-ghz-53-ghz-tray-processeurs.jpg&quot;,&quot;width&quot;:1140,&quot;height&quot;:400}},&quot;small&quot;:{&quot;url&quot;:&quot;https:\\\/\\\/www.ultrapc.ma\\\/25856-small_default\\\/intel-core-i9-11900kf-35-ghz-53-ghz-tray-processeurs.jpg&quot;,&quot;width&quot;:50,&quot;height&quot;:50},&quot;medium&quot;:{&quot;url&quot;:&quot;https:\\\/\\\/www.ultrapc.ma\\\/25856-large_default\\\/intel-core-i9-11900kf-35-ghz-53-ghz-tray-processeurs.jpg&quot;,&quot;width&quot;:600,&quot;height&quot;:600},&quot;large&quot;:{&quot;url&quot;:&quot;https:\\\/\\\/www.ultrapc.ma\\\/25856-large_banner\\\/intel-core-i9-11900kf-35-ghz-53-ghz-tray-processeurs.jpg&quot;,&quot;width&quot;:1140,&quot;height&quot;:400},&quot;legend&quot;:&quot;Intel Core i9 11900KF (3.5 GHz \\\/ 5.3 GHz) Tray Processeurs Intel, Ultra Pc Gamer Maroc&quot;,&quot;id_image&quot;:&quot;25856&quot;,&quot;cover&quot;:&quot;1&quot;,&quot;position&quot;:&quot;1&quot;,&quot;associatedVariants&quot;:[]},&quot;has_discount&quot;:true,&quot;discount_type&quot;:&quot;amount&quot;,&quot;discount_percentage&quot;:&quot;-150\\u202f000%&quot;,&quot;discount_percentage_absolute&quot;:&quot;150\\u202f000%&quot;,&quot;discount_amount&quot;:&quot;1\\u202f500,00\\u00a0MAD&quot;,&quot;discount_amount_to_display&quot;:&quot;-1\\u202f500,00\\u00a0MAD&quot;,&quot;price_amount&quot;:3490,&quot;unit_price_full&quot;:&quot;&quot;,&quot;show_availability&quot;:true,&quot;availability_date&quot;:null,&quot;availability_message&quot;:&quot;Produit en stock&quot;,&quot;availability&quot;:&quot;available&quot;}\">\n<section class=\"product-features mb-3\">\n<p class=\"product-details-title h4 py-2\">Fiche technique<\/p>\n<dl class=\"data-sheet d-flex flex-wrap justify-content-between m-0\">\n<dt class=\"name mb-1 p-2\">Gamme processeur<\/dt>\n<dd class=\"value mb-1 p-2\">Intel Core i9<\/dd>\n<dt class=\"name mb-1 p-2\">Socket<\/dt>\n<dd class=\"value mb-1 p-2\">Intel 1200<\/dd>\n<dt class=\"name mb-1 p-2\">Fr\u00e9quence CPU<\/dt>\n<dd class=\"value mb-1 p-2\">3.5 Ghz<\/dd>\n<dt class=\"name mb-1 p-2\">Fr\u00e9quence en mode Turbo<\/dt>\n<dd class=\"value mb-1 p-2\">5.3 Ghz<\/dd>\n<dt class=\"name mb-1 p-2\">Nombre de coeurs<\/dt>\n<dd class=\"value mb-1 p-2\">8<\/dd>\n<dt class=\"name mb-1 p-2\">Nombre de threads<\/dt>\n<dd class=\"value mb-1 p-2\">16<\/dd>\n<dt class=\"name mb-1 p-2\">Cache total<\/dt>\n<dd class=\"value mb-1 p-2\">16 MB<\/dd>\n<dt class=\"name mb-1 p-2\">GPU int\u00e9gr\u00e9e<\/dt>\n<dd class=\"value mb-1 p-2\">Non<\/dd>\n<dt class=\"name mb-1 p-2\">Ventilateur fourni<\/dt>\n<dd class=\"value mb-1 p-2\">Non<\/dd>\n<\/dl>\n<\/section>\n<\/div>\n<\/div>\n","protected":false},"excerpt":{"rendered":"<p>Processeur 8-Core 16-Threads Socket 1200 Cache L3 16 Mo 0.014 micron (version tray sans ventilateur)<\/p>\n","protected":false},"featured_media":22646,"comment_status":"open","ping_status":"closed","template":"","meta":[],"product_brand":[190],"product_cat":[307,345],"product_tag":[],"class_list":{"0":"post-22645","1":"product","2":"type-product","3":"status-publish","4":"has-post-thumbnail","6":"product_brand-intel","7":"product_cat-processeurs","8":"product_cat-sur-commande","10":"first","11":"onbackorder","12":"sale","13":"shipping-taxable","14":"purchasable","15":"product-type-simple"},"aioseo_notices":[],"jetpack_sharing_enabled":true,"_links":{"self":[{"href":"https:\/\/tekelec.ma\/index.php\/wp-json\/wp\/v2\/product\/22645","targetHints":{"allow":["GET"]}}],"collection":[{"href":"https:\/\/tekelec.ma\/index.php\/wp-json\/wp\/v2\/product"}],"about":[{"href":"https:\/\/tekelec.ma\/index.php\/wp-json\/wp\/v2\/types\/product"}],"replies":[{"embeddable":true,"href":"https:\/\/tekelec.ma\/index.php\/wp-json\/wp\/v2\/comments?post=22645"}],"version-history":[{"count":1,"href":"https:\/\/tekelec.ma\/index.php\/wp-json\/wp\/v2\/product\/22645\/revisions"}],"predecessor-version":[{"id":24404,"href":"https:\/\/tekelec.ma\/index.php\/wp-json\/wp\/v2\/product\/22645\/revisions\/24404"}],"wp:featuredmedia":[{"embeddable":true,"href":"https:\/\/tekelec.ma\/index.php\/wp-json\/wp\/v2\/media\/22646"}],"wp:attachment":[{"href":"https:\/\/tekelec.ma\/index.php\/wp-json\/wp\/v2\/media?parent=22645"}],"wp:term":[{"taxonomy":"product_brand","embeddable":true,"href":"https:\/\/tekelec.ma\/index.php\/wp-json\/wp\/v2\/product_brand?post=22645"},{"taxonomy":"product_cat","embeddable":true,"href":"https:\/\/tekelec.ma\/index.php\/wp-json\/wp\/v2\/product_cat?post=22645"},{"taxonomy":"product_tag","embeddable":true,"href":"https:\/\/tekelec.ma\/index.php\/wp-json\/wp\/v2\/product_tag?post=22645"}],"curies":[{"name":"wp","href":"https:\/\/api.w.org\/{rel}","templated":true}]}}