{"id":22749,"date":"2024-01-01T16:54:56","date_gmt":"2024-01-01T15:54:56","guid":{"rendered":"https:\/\/tekelec.ma\/?post_type=product&#038;p=22749"},"modified":"2025-08-08T22:32:27","modified_gmt":"2025-08-08T20:32:27","slug":"razer-deathadder-v3-pro-noir","status":"publish","type":"product","link":"https:\/\/tekelec.ma\/index.php\/product\/razer-deathadder-v3-pro-noir\/","title":{"rendered":"Razer Deathadder V3 Pro &#8211; Noir"},"content":{"rendered":"<p>La\u00a0<a title=\"souris gamer maroc\" href=\"https:\/\/smartmarket.ma\/collections\/souris-gamer-maroc\" target=\"_blank\" rel=\"noopener\"><b>souris gamer<\/b><\/a>\u00a0<strong>Razer Deathadder V3 Pro<\/strong>\u00a0est \u00e9quip\u00e9e du capteur optique\u00a0<b>Razer Focus Pro<\/b>, ce qui lui permet d&rsquo;offrir des performances remarquables. Ce capteur dispose de fonctionnalit\u00e9s telles que\u00a0<b>30 000 dpi<\/b>\u00a0et une r\u00e9solution pr\u00e9cise de\u00a0<b>99,8 %<\/b>. Tout cela vous permettra d&rsquo;obtenir une pr\u00e9cision maximale lors des jeux, vous permettant de surpasser vos adversaires et d&rsquo;effectuer un maximum de headshots<\/p>\n<p>D&rsquo;autre part, les\u00a0<b>switchs optiques<\/b>\u00a0vous offriront une vitesse in\u00e9gal\u00e9e. Gr\u00e2ce \u00e0 des faisceaux infrarouges, ils offrent un temps de r\u00e9ponse de seulement\u00a0<b>0,2 millisecondes<\/b>, vous donnant toujours une longueur d&rsquo;avance sur vos adversaires et vous permettant de remporter la victoire \u00e0 chaque fois.<\/p>\n<p>Avec les\u00a0<b>5 boutons programmables<\/b>\u00a0de la Razer Deathadder V3 Pro, vous pourrez cr\u00e9er une souris parfaitement adapt\u00e9e \u00e0 vos habitudes de jeu. Vous pourrez configurer ces boutons gr\u00e2ce \u00e0\u00a0<b>Razer Synapse 3<\/b>. Enfin, sa m\u00e9moire int\u00e9gr\u00e9e vous permettra de sauvegarder jusqu&rsquo;\u00e0 5 profils. Con\u00e7ue pour le gaming, ses pieds en PTFE \u00e0 100 % vous offriront une glisse optimale sur n&rsquo;importe quelle surface.<\/p>\n","protected":false},"excerpt":{"rendered":"<p>Souris gamer avec ou sans fil, avec la technologie Razer HyperSpeed int\u00e9gr\u00e9e. Elle est \u00e9quip\u00e9e d&rsquo;un capteur optique de 30000 dpi et de 5 boutons programmables.<\/p>\n","protected":false},"featured_media":22750,"comment_status":"open","ping_status":"closed","template":"","meta":[],"product_brand":[332],"product_cat":[314,320,345],"product_tag":[],"class_list":{"0":"post-22749","1":"product","2":"type-product","3":"status-publish","4":"has-post-thumbnail","6":"product_brand-razer","7":"product_cat-accessoires","8":"product_cat-souris","9":"product_cat-sur-commande","11":"first","12":"onbackorder","13":"sale","14":"shipping-taxable","15":"purchasable","16":"product-type-simple"},"aioseo_notices":[],"jetpack_sharing_enabled":true,"_links":{"self":[{"href":"https:\/\/tekelec.ma\/index.php\/wp-json\/wp\/v2\/product\/22749","targetHints":{"allow":["GET"]}}],"collection":[{"href":"https:\/\/tekelec.ma\/index.php\/wp-json\/wp\/v2\/product"}],"about":[{"href":"https:\/\/tekelec.ma\/index.php\/wp-json\/wp\/v2\/types\/product"}],"replies":[{"embeddable":true,"href":"https:\/\/tekelec.ma\/index.php\/wp-json\/wp\/v2\/comments?post=22749"}],"version-history":[{"count":1,"href":"https:\/\/tekelec.ma\/index.php\/wp-json\/wp\/v2\/product\/22749\/revisions"}],"predecessor-version":[{"id":24717,"href":"https:\/\/tekelec.ma\/index.php\/wp-json\/wp\/v2\/product\/22749\/revisions\/24717"}],"wp:featuredmedia":[{"embeddable":true,"href":"https:\/\/tekelec.ma\/index.php\/wp-json\/wp\/v2\/media\/22750"}],"wp:attachment":[{"href":"https:\/\/tekelec.ma\/index.php\/wp-json\/wp\/v2\/media?parent=22749"}],"wp:term":[{"taxonomy":"product_brand","embeddable":true,"href":"https:\/\/tekelec.ma\/index.php\/wp-json\/wp\/v2\/product_brand?post=22749"},{"taxonomy":"product_cat","embeddable":true,"href":"https:\/\/tekelec.ma\/index.php\/wp-json\/wp\/v2\/product_cat?post=22749"},{"taxonomy":"product_tag","embeddable":true,"href":"https:\/\/tekelec.ma\/index.php\/wp-json\/wp\/v2\/product_tag?post=22749"}],"curies":[{"name":"wp","href":"https:\/\/api.w.org\/{rel}","templated":true}]}}