{"id":22756,"date":"2024-01-01T17:06:09","date_gmt":"2024-01-01T16:06:09","guid":{"rendered":"https:\/\/tekelec.ma\/?post_type=product&#038;p=22756"},"modified":"2025-08-08T22:32:17","modified_gmt":"2025-08-08T20:32:17","slug":"razer-cobra-pro-30k-optical-sensor","status":"publish","type":"product","link":"https:\/\/tekelec.ma\/index.php\/product\/razer-cobra-pro-30k-optical-sensor\/","title":{"rendered":"Razer Cobra Pro &#8211; 30K Optical Sensor"},"content":{"rendered":"<p>La\u00a0<strong>Razer Cobra Pro<\/strong>\u00a0utilise un m\u00e9canisme optique plut\u00f4t que m\u00e9canique pour ses deux boutons principaux. Cela lui conf\u00e8re une durabilit\u00e9 accrue (jusqu&rsquo;\u00e0 90 millions d&rsquo;activations) tout en \u00e9vitant les double-clics non d\u00e9sir\u00e9s ! Deux boutons programmables sont \u00e9galement int\u00e9gr\u00e9s sur le c\u00f4t\u00e9 gauche de la souris, pour offrir une prise en main parfaite, que vous soyez droitier ou gaucher.<\/p>\n<p>Le capteur utilis\u00e9 est de type optique et a une r\u00e9solution maximale de 30 000 dpi. Con\u00e7u avec une pr\u00e9cision de suivi impeccable, il garantit un mouvement rapide et pr\u00e9cis de votre capteur, tout en \u00e9tant l\u00e9ger : seulement 77 grammes !<\/p>\n<p>La souris Razer Cobra Pro int\u00e8gre la technologie sans fil Razer HyperSpeed, qui garantit une r\u00e9activit\u00e9 et une pr\u00e9cision irr\u00e9prochables gr\u00e2ce \u00e0 une fr\u00e9quence radio ultra-rapide, minimisant au maximum la latence. Elle s&rsquo;adapte facilement \u00e0 tout environnement, gr\u00e2ce \u00e0 sa capacit\u00e9 de passer instantan\u00e9ment \u00e0 la fr\u00e9quence la plus rapide.<\/p>\n","protected":false},"excerpt":{"rendered":"<p>Souris gamer sans-fil, Capteur optique 30 000 dpi, Pour droitier, 8 boutons, R\u00e9tro-\u00e9clairage RGB.<\/p>\n","protected":false},"featured_media":22757,"comment_status":"open","ping_status":"closed","template":"","meta":[],"product_brand":[332],"product_cat":[314,320,345],"product_tag":[],"class_list":{"0":"post-22756","1":"product","2":"type-product","3":"status-publish","4":"has-post-thumbnail","6":"product_brand-razer","7":"product_cat-accessoires","8":"product_cat-souris","9":"product_cat-sur-commande","11":"first","12":"onbackorder","13":"sale","14":"shipping-taxable","15":"purchasable","16":"product-type-simple"},"aioseo_notices":[],"jetpack_sharing_enabled":true,"_links":{"self":[{"href":"https:\/\/tekelec.ma\/index.php\/wp-json\/wp\/v2\/product\/22756","targetHints":{"allow":["GET"]}}],"collection":[{"href":"https:\/\/tekelec.ma\/index.php\/wp-json\/wp\/v2\/product"}],"about":[{"href":"https:\/\/tekelec.ma\/index.php\/wp-json\/wp\/v2\/types\/product"}],"replies":[{"embeddable":true,"href":"https:\/\/tekelec.ma\/index.php\/wp-json\/wp\/v2\/comments?post=22756"}],"version-history":[{"count":1,"href":"https:\/\/tekelec.ma\/index.php\/wp-json\/wp\/v2\/product\/22756\/revisions"}],"predecessor-version":[{"id":24716,"href":"https:\/\/tekelec.ma\/index.php\/wp-json\/wp\/v2\/product\/22756\/revisions\/24716"}],"wp:featuredmedia":[{"embeddable":true,"href":"https:\/\/tekelec.ma\/index.php\/wp-json\/wp\/v2\/media\/22757"}],"wp:attachment":[{"href":"https:\/\/tekelec.ma\/index.php\/wp-json\/wp\/v2\/media?parent=22756"}],"wp:term":[{"taxonomy":"product_brand","embeddable":true,"href":"https:\/\/tekelec.ma\/index.php\/wp-json\/wp\/v2\/product_brand?post=22756"},{"taxonomy":"product_cat","embeddable":true,"href":"https:\/\/tekelec.ma\/index.php\/wp-json\/wp\/v2\/product_cat?post=22756"},{"taxonomy":"product_tag","embeddable":true,"href":"https:\/\/tekelec.ma\/index.php\/wp-json\/wp\/v2\/product_tag?post=22756"}],"curies":[{"name":"wp","href":"https:\/\/api.w.org\/{rel}","templated":true}]}}