{"id":22864,"date":"2024-01-01T21:50:57","date_gmt":"2024-01-01T20:50:57","guid":{"rendered":"https:\/\/tekelec.ma\/?post_type=product&#038;p=22864"},"modified":"2025-08-02T16:39:29","modified_gmt":"2025-08-02T14:39:29","slug":"hybrok-hellfast-rgb","status":"publish","type":"product","link":"https:\/\/tekelec.ma\/index.php\/product\/hybrok-hellfast-rgb\/","title":{"rendered":"HYBROK HELLFAST RGB"},"content":{"rendered":"<div class=\"col-lg-6\">\n<div class=\"product-tabs tabs\">\n<p><strong><span style=\"font-family: var(--mt-font__main); font-size: 1rem;\">F<\/span><\/strong><strong style=\"font-family: var(--mt-font__main); font-size: 1rem;\">iche technique<\/strong><\/p>\n<\/div>\n<\/div>\n<div class=\"col-lg-6\">\n<div id=\"product-details\" style=\"box-sizing: inherit;\" data-product=\"{&quot;id_shop_default&quot;:&quot;1&quot;,&quot;id_manufacturer&quot;:&quot;106&quot;,&quot;id_supplier&quot;:&quot;0&quot;,&quot;reference&quot;:&quot;3722104523779&quot;,&quot;is_virtual&quot;:&quot;0&quot;,&quot;delivery_in_stock&quot;:&quot;&quot;,&quot;delivery_out_stock&quot;:&quot;&quot;,&quot;id_category_default&quot;:&quot;48&quot;,&quot;on_sale&quot;:&quot;0&quot;,&quot;online_only&quot;:&quot;0&quot;,&quot;ecotax&quot;:0,&quot;minimal_quantity&quot;:&quot;1&quot;,&quot;low_stock_threshold&quot;:null,&quot;low_stock_alert&quot;:&quot;0&quot;,&quot;price&quot;:&quot;599,00\\u00a0MAD&quot;,&quot;unity&quot;:&quot;&quot;,&quot;unit_price_ratio&quot;:&quot;0.000000&quot;,&quot;additional_shipping_cost&quot;:&quot;0.000000&quot;,&quot;customizable&quot;:&quot;0&quot;,&quot;text_fields&quot;:&quot;0&quot;,&quot;uploadable_files&quot;:&quot;0&quot;,&quot;redirect_type&quot;:&quot;404&quot;,&quot;id_type_redirected&quot;:&quot;0&quot;,&quot;available_for_order&quot;:&quot;1&quot;,&quot;available_date&quot;:&quot;0000-00-00&quot;,&quot;show_condition&quot;:&quot;1&quot;,&quot;condition&quot;:&quot;new&quot;,&quot;show_price&quot;:&quot;1&quot;,&quot;indexed&quot;:&quot;1&quot;,&quot;visibility&quot;:&quot;both&quot;,&quot;cache_default_attribute&quot;:&quot;0&quot;,&quot;advanced_stock_management&quot;:&quot;0&quot;,&quot;date_add&quot;:&quot;2023-12-27 16:19:54&quot;,&quot;date_upd&quot;:&quot;2023-12-29 11:42:06&quot;,&quot;pack_stock_type&quot;:&quot;3&quot;,&quot;meta_description&quot;:&quot;&quot;,&quot;meta_keywords&quot;:&quot;HYBROK HELLFAST RGB, HYBROK, Boitiers PC&quot;,&quot;meta_title&quot;:&quot;HYBROK HELLFAST RGB Boitiers PC HYBROK Maroc&quot;,&quot;link_rewrite&quot;:&quot;hybrok-hellfast-rgb-boitiers-pc&quot;,&quot;name&quot;:&quot;HYBROK HELLFAST RGB&quot;,&quot;description&quot;:&quot;&lt;p style=\\&quot;text-align: justify;\\&quot;&gt;&lt;span style=\\&quot;color: #505050; font-family: Montserrat, sans-serif;\\&quot;&gt;&lt;span style=\\&quot;font-size: 13px;\\&quot;&gt;Sign\\u00e9 HYBROK , le HELLFAST RGB sera parfait pour que vous puissiez \\u00e9laborer une configuration Gaming performante. Il est compatible avec les cartes m\\u00e8res ATX et micro-ATX et peut recevoir un ventirad d'une hauteur max de 158 mm ainsi qu'une carte graphique de 370 mm de long. Son design exclusif est superbement appuy\\u00e9 par ses parois transparentes en verre tremp\\u00e9 et son syst\\u00e8me de r\\u00e9tro-clairage LED RGB qui lui permettent de briller en toute occasion.&lt;\\\/span&gt;&lt;\\\/span&gt;&lt;\\\/p&gt;&quot;,&quot;description_short&quot;:&quot;&quot;,&quot;available_now&quot;:&quot;Produit en stock&quot;,&quot;available_later&quot;:&quot;Arrivage pr\\u00e9vu le 09\\\/11\\\/2019&quot;,&quot;id&quot;:6821,&quot;id_product&quot;:6821,&quot;out_of_stock&quot;:2,&quot;new&quot;:1,&quot;id_product_attribute&quot;:&quot;0&quot;,&quot;quantity_wanted&quot;:1,&quot;extraContent&quot;:[],&quot;allow_oosp&quot;:0,&quot;category&quot;:&quot;boitier-pc&quot;,&quot;category_name&quot;:&quot;Boitiers PC&quot;,&quot;link&quot;:&quot;https:\\\/\\\/www.ultrapc.ma\\\/boitier-pc\\\/6821-hybrok-hellfast-rgb-boitiers-pc.html&quot;,&quot;attribute_price&quot;:0,&quot;price_tax_exc&quot;:499.16666700000001810622052289545536041259765625,&quot;price_without_reduction&quot;:599,&quot;reduction&quot;:0,&quot;specific_prices&quot;:[],&quot;quantity&quot;:115,&quot;quantity_all_versions&quot;:115,&quot;id_image&quot;:&quot;fr-default&quot;,&quot;features&quot;:[{&quot;name&quot;:&quot;Format du boitier&quot;,&quot;value&quot;:&quot;Moyen Tour&quot;,&quot;id_feature&quot;:&quot;89&quot;,&quot;position&quot;:&quot;49&quot;},{&quot;name&quot;:&quot;Mat\\u00e9riau boitier&quot;,&quot;value&quot;:&quot;Plastique ABS, verre tremp\\u00e9, Acier&quot;,&quot;id_feature&quot;:&quot;90&quot;,&quot;position&quot;:&quot;50&quot;},{&quot;name&quot;:&quot;Format de carte m\\u00e8re&quot;,&quot;value&quot;:&quot;ATX, MicroATX&quot;,&quot;id_feature&quot;:&quot;91&quot;,&quot;position&quot;:&quot;51&quot;},{&quot;name&quot;:&quot;Fen\\u00eatre&quot;,&quot;value&quot;:&quot;Oui&quot;,&quot;id_feature&quot;:&quot;92&quot;,&quot;position&quot;:&quot;52&quot;},{&quot;name&quot;:&quot;Nombre de ventilateurs fournis&quot;,&quot;value&quot;:&quot;4 x 120 mm&quot;,&quot;id_feature&quot;:&quot;93&quot;,&quot;position&quot;:&quot;53&quot;},{&quot;name&quot;:&quot;Dimensions (L x H x P)&quot;,&quot;value&quot;:&quot;201 x 401 x 421 mm&quot;,&quot;id_feature&quot;:&quot;94&quot;,&quot;position&quot;:&quot;54&quot;},{&quot;name&quot;:&quot;Garantie&quot;,&quot;value&quot;:&quot;12 Mois&quot;,&quot;id_feature&quot;:&quot;44&quot;,&quot;position&quot;:&quot;178&quot;}],&quot;attachments&quot;:[],&quot;virtual&quot;:0,&quot;pack&quot;:0,&quot;packItems&quot;:[],&quot;nopackprice&quot;:0,&quot;customization_required&quot;:false,&quot;rate&quot;:20,&quot;tax_name&quot;:&quot;TVA MA 20%&quot;,&quot;ecotax_rate&quot;:0,&quot;unit_price&quot;:&quot;&quot;,&quot;customizations&quot;:{&quot;fields&quot;:[]},&quot;id_customization&quot;:0,&quot;is_customizable&quot;:false,&quot;show_quantities&quot;:true,&quot;quantity_label&quot;:&quot;Produits&quot;,&quot;quantity_discounts&quot;:[],&quot;customer_group_discount&quot;:0,&quot;images&quot;:[{&quot;bySize&quot;:{&quot;small_default&quot;:{&quot;url&quot;:&quot;https:\\\/\\\/www.ultrapc.ma\\\/31550-small_default\\\/hybrok-hellfast-rgb-boitiers-pc.jpg&quot;,&quot;width&quot;:50,&quot;height&quot;:50},&quot;cart_default&quot;:{&quot;url&quot;:&quot;https:\\\/\\\/www.ultrapc.ma\\\/31550-cart_default\\\/hybrok-hellfast-rgb-boitiers-pc.jpg&quot;,&quot;width&quot;:100,&quot;height&quot;:100},&quot;home_default&quot;:{&quot;url&quot;:&quot;https:\\\/\\\/www.ultrapc.ma\\\/31550-home_default\\\/hybrok-hellfast-rgb-boitiers-pc.jpg&quot;,&quot;width&quot;:280,&quot;height&quot;:280},&quot;large_default&quot;:{&quot;url&quot;:&quot;https:\\\/\\\/www.ultrapc.ma\\\/31550-large_default\\\/hybrok-hellfast-rgb-boitiers-pc.jpg&quot;,&quot;width&quot;:600,&quot;height&quot;:600},&quot;medium_default&quot;:{&quot;url&quot;:&quot;https:\\\/\\\/www.ultrapc.ma\\\/31550-medium_default\\\/hybrok-hellfast-rgb-boitiers-pc.jpg&quot;,&quot;width&quot;:600,&quot;height&quot;:600},&quot;large_banner&quot;:{&quot;url&quot;:&quot;https:\\\/\\\/www.ultrapc.ma\\\/31550-large_banner\\\/hybrok-hellfast-rgb-boitiers-pc.jpg&quot;,&quot;width&quot;:1140,&quot;height&quot;:400}},&quot;small&quot;:{&quot;url&quot;:&quot;https:\\\/\\\/www.ultrapc.ma\\\/31550-small_default\\\/hybrok-hellfast-rgb-boitiers-pc.jpg&quot;,&quot;width&quot;:50,&quot;height&quot;:50},&quot;medium&quot;:{&quot;url&quot;:&quot;https:\\\/\\\/www.ultrapc.ma\\\/31550-large_default\\\/hybrok-hellfast-rgb-boitiers-pc.jpg&quot;,&quot;width&quot;:600,&quot;height&quot;:600},&quot;large&quot;:{&quot;url&quot;:&quot;https:\\\/\\\/www.ultrapc.ma\\\/31550-large_banner\\\/hybrok-hellfast-rgb-boitiers-pc.jpg&quot;,&quot;width&quot;:1140,&quot;height&quot;:400},&quot;legend&quot;:&quot;HYBROK HELLFAST RGB Boitiers PC HYBROK, Ultra Pc Gamer Maroc&quot;,&quot;id_image&quot;:&quot;31550&quot;,&quot;cover&quot;:&quot;1&quot;,&quot;position&quot;:&quot;1&quot;,&quot;associatedVariants&quot;:[]},{&quot;bySize&quot;:{&quot;small_default&quot;:{&quot;url&quot;:&quot;https:\\\/\\\/www.ultrapc.ma\\\/31549-small_default\\\/hybrok-hellfast-rgb-boitiers-pc.jpg&quot;,&quot;width&quot;:50,&quot;height&quot;:50},&quot;cart_default&quot;:{&quot;url&quot;:&quot;https:\\\/\\\/www.ultrapc.ma\\\/31549-cart_default\\\/hybrok-hellfast-rgb-boitiers-pc.jpg&quot;,&quot;width&quot;:100,&quot;height&quot;:100},&quot;home_default&quot;:{&quot;url&quot;:&quot;https:\\\/\\\/www.ultrapc.ma\\\/31549-home_default\\\/hybrok-hellfast-rgb-boitiers-pc.jpg&quot;,&quot;width&quot;:280,&quot;height&quot;:280},&quot;large_default&quot;:{&quot;url&quot;:&quot;https:\\\/\\\/www.ultrapc.ma\\\/31549-large_default\\\/hybrok-hellfast-rgb-boitiers-pc.jpg&quot;,&quot;width&quot;:600,&quot;height&quot;:600},&quot;medium_default&quot;:{&quot;url&quot;:&quot;https:\\\/\\\/www.ultrapc.ma\\\/31549-medium_default\\\/hybrok-hellfast-rgb-boitiers-pc.jpg&quot;,&quot;width&quot;:600,&quot;height&quot;:600},&quot;large_banner&quot;:{&quot;url&quot;:&quot;https:\\\/\\\/www.ultrapc.ma\\\/31549-large_banner\\\/hybrok-hellfast-rgb-boitiers-pc.jpg&quot;,&quot;width&quot;:1140,&quot;height&quot;:400}},&quot;small&quot;:{&quot;url&quot;:&quot;https:\\\/\\\/www.ultrapc.ma\\\/31549-small_default\\\/hybrok-hellfast-rgb-boitiers-pc.jpg&quot;,&quot;width&quot;:50,&quot;height&quot;:50},&quot;medium&quot;:{&quot;url&quot;:&quot;https:\\\/\\\/www.ultrapc.ma\\\/31549-large_default\\\/hybrok-hellfast-rgb-boitiers-pc.jpg&quot;,&quot;width&quot;:600,&quot;height&quot;:600},&quot;large&quot;:{&quot;url&quot;:&quot;https:\\\/\\\/www.ultrapc.ma\\\/31549-large_banner\\\/hybrok-hellfast-rgb-boitiers-pc.jpg&quot;,&quot;width&quot;:1140,&quot;height&quot;:400},&quot;legend&quot;:&quot;HYBROK HELLFAST RGB Boitiers PC HYBROK, Ultra Pc Gamer Maroc&quot;,&quot;id_image&quot;:&quot;31549&quot;,&quot;cover&quot;:null,&quot;position&quot;:&quot;2&quot;,&quot;associatedVariants&quot;:[]},{&quot;bySize&quot;:{&quot;small_default&quot;:{&quot;url&quot;:&quot;https:\\\/\\\/www.ultrapc.ma\\\/31551-small_default\\\/hybrok-hellfast-rgb-boitiers-pc.jpg&quot;,&quot;width&quot;:50,&quot;height&quot;:50},&quot;cart_default&quot;:{&quot;url&quot;:&quot;https:\\\/\\\/www.ultrapc.ma\\\/31551-cart_default\\\/hybrok-hellfast-rgb-boitiers-pc.jpg&quot;,&quot;width&quot;:100,&quot;height&quot;:100},&quot;home_default&quot;:{&quot;url&quot;:&quot;https:\\\/\\\/www.ultrapc.ma\\\/31551-home_default\\\/hybrok-hellfast-rgb-boitiers-pc.jpg&quot;,&quot;width&quot;:280,&quot;height&quot;:280},&quot;large_default&quot;:{&quot;url&quot;:&quot;https:\\\/\\\/www.ultrapc.ma\\\/31551-large_default\\\/hybrok-hellfast-rgb-boitiers-pc.jpg&quot;,&quot;width&quot;:600,&quot;height&quot;:600},&quot;medium_default&quot;:{&quot;url&quot;:&quot;https:\\\/\\\/www.ultrapc.ma\\\/31551-medium_default\\\/hybrok-hellfast-rgb-boitiers-pc.jpg&quot;,&quot;width&quot;:600,&quot;height&quot;:600},&quot;large_banner&quot;:{&quot;url&quot;:&quot;https:\\\/\\\/www.ultrapc.ma\\\/31551-large_banner\\\/hybrok-hellfast-rgb-boitiers-pc.jpg&quot;,&quot;width&quot;:1140,&quot;height&quot;:400}},&quot;small&quot;:{&quot;url&quot;:&quot;https:\\\/\\\/www.ultrapc.ma\\\/31551-small_default\\\/hybrok-hellfast-rgb-boitiers-pc.jpg&quot;,&quot;width&quot;:50,&quot;height&quot;:50},&quot;medium&quot;:{&quot;url&quot;:&quot;https:\\\/\\\/www.ultrapc.ma\\\/31551-large_default\\\/hybrok-hellfast-rgb-boitiers-pc.jpg&quot;,&quot;width&quot;:600,&quot;height&quot;:600},&quot;large&quot;:{&quot;url&quot;:&quot;https:\\\/\\\/www.ultrapc.ma\\\/31551-large_banner\\\/hybrok-hellfast-rgb-boitiers-pc.jpg&quot;,&quot;width&quot;:1140,&quot;height&quot;:400},&quot;legend&quot;:&quot;HYBROK HELLFAST RGB Boitiers PC HYBROK, Ultra Pc Gamer Maroc&quot;,&quot;id_image&quot;:&quot;31551&quot;,&quot;cover&quot;:null,&quot;position&quot;:&quot;3&quot;,&quot;associatedVariants&quot;:[]}],&quot;cover&quot;:{&quot;bySize&quot;:{&quot;small_default&quot;:{&quot;url&quot;:&quot;https:\\\/\\\/www.ultrapc.ma\\\/31550-small_default\\\/hybrok-hellfast-rgb-boitiers-pc.jpg&quot;,&quot;width&quot;:50,&quot;height&quot;:50},&quot;cart_default&quot;:{&quot;url&quot;:&quot;https:\\\/\\\/www.ultrapc.ma\\\/31550-cart_default\\\/hybrok-hellfast-rgb-boitiers-pc.jpg&quot;,&quot;width&quot;:100,&quot;height&quot;:100},&quot;home_default&quot;:{&quot;url&quot;:&quot;https:\\\/\\\/www.ultrapc.ma\\\/31550-home_default\\\/hybrok-hellfast-rgb-boitiers-pc.jpg&quot;,&quot;width&quot;:280,&quot;height&quot;:280},&quot;large_default&quot;:{&quot;url&quot;:&quot;https:\\\/\\\/www.ultrapc.ma\\\/31550-large_default\\\/hybrok-hellfast-rgb-boitiers-pc.jpg&quot;,&quot;width&quot;:600,&quot;height&quot;:600},&quot;medium_default&quot;:{&quot;url&quot;:&quot;https:\\\/\\\/www.ultrapc.ma\\\/31550-medium_default\\\/hybrok-hellfast-rgb-boitiers-pc.jpg&quot;,&quot;width&quot;:600,&quot;height&quot;:600},&quot;large_banner&quot;:{&quot;url&quot;:&quot;https:\\\/\\\/www.ultrapc.ma\\\/31550-large_banner\\\/hybrok-hellfast-rgb-boitiers-pc.jpg&quot;,&quot;width&quot;:1140,&quot;height&quot;:400}},&quot;small&quot;:{&quot;url&quot;:&quot;https:\\\/\\\/www.ultrapc.ma\\\/31550-small_default\\\/hybrok-hellfast-rgb-boitiers-pc.jpg&quot;,&quot;width&quot;:50,&quot;height&quot;:50},&quot;medium&quot;:{&quot;url&quot;:&quot;https:\\\/\\\/www.ultrapc.ma\\\/31550-large_default\\\/hybrok-hellfast-rgb-boitiers-pc.jpg&quot;,&quot;width&quot;:600,&quot;height&quot;:600},&quot;large&quot;:{&quot;url&quot;:&quot;https:\\\/\\\/www.ultrapc.ma\\\/31550-large_banner\\\/hybrok-hellfast-rgb-boitiers-pc.jpg&quot;,&quot;width&quot;:1140,&quot;height&quot;:400},&quot;legend&quot;:&quot;HYBROK HELLFAST RGB Boitiers PC HYBROK, Ultra Pc Gamer Maroc&quot;,&quot;id_image&quot;:&quot;31550&quot;,&quot;cover&quot;:&quot;1&quot;,&quot;position&quot;:&quot;1&quot;,&quot;associatedVariants&quot;:[]},&quot;has_discount&quot;:false,&quot;discount_type&quot;:null,&quot;discount_percentage&quot;:null,&quot;discount_percentage_absolute&quot;:null,&quot;discount_amount&quot;:null,&quot;discount_amount_to_display&quot;:null,&quot;price_amount&quot;:599,&quot;unit_price_full&quot;:&quot;&quot;,&quot;show_availability&quot;:true,&quot;availability_date&quot;:null,&quot;availability_message&quot;:&quot;Produit en stock&quot;,&quot;availability&quot;:&quot;available&quot;}\">\n<section class=\"product-features mb-3\">\n<dl class=\"data-sheet d-flex flex-wrap justify-content-between m-0\">\n<dt class=\"name mb-1 p-2\">Format du boitier<\/dt>\n<dd class=\"value mb-1 p-2\">Moyen Tour<\/dd>\n<dt class=\"name mb-1 p-2\">Mat\u00e9riau boitier<\/dt>\n<dd class=\"value mb-1 p-2\">Plastique ABS, verre tremp\u00e9, Acier<\/dd>\n<dt class=\"name mb-1 p-2\">Format de carte m\u00e8re<\/dt>\n<dd class=\"value mb-1 p-2\">ATX, MicroATX<\/dd>\n<dt class=\"name mb-1 p-2\">Fen\u00eatre<\/dt>\n<dd class=\"value mb-1 p-2\">Oui<\/dd>\n<dt class=\"name mb-1 p-2\">Nombre de ventilateurs fournis<\/dt>\n<dd class=\"value mb-1 p-2\">4 x 120 mm<\/dd>\n<dt class=\"name mb-1 p-2\">Dimensions (L x H x P)<\/dt>\n<dd class=\"value mb-1 p-2\">201 x 401 x 421 mm<\/dd>\n<\/dl>\n<\/section>\n<\/div>\n<\/div>\n","protected":false},"excerpt":{"rendered":"<p style=\"text-align: left;\">Sign\u00e9 <strong>HYBROK<\/strong> , le HELLFAST RGB sera parfait pour que vous puissiez \u00e9laborer une configuration Gaming performante. Il est compatible avec les cartes m\u00e8res ATX et micro-ATX et peut recevoir un ventirad d&rsquo;une hauteur max de 158 mm ainsi qu&rsquo;une carte graphique de 370 mm de long. Son design exclusif est superbement appuy\u00e9 par ses parois transparentes en verre tremp\u00e9 et son syst\u00e8me de r\u00e9tro-clairage LED RGB qui lui permettent de briller en toute occasion.<\/p>\n","protected":false},"featured_media":22865,"comment_status":"open","ping_status":"closed","template":"","meta":[],"product_brand":[],"product_cat":[333,345],"product_tag":[],"class_list":{"0":"post-22864","1":"product","2":"type-product","3":"status-publish","4":"has-post-thumbnail","6":"product_cat-boitier-gamer","7":"product_cat-sur-commande","9":"first","10":"onbackorder","11":"sale","12":"shipping-taxable","13":"purchasable","14":"product-type-simple"},"aioseo_notices":[],"jetpack_sharing_enabled":true,"_links":{"self":[{"href":"https:\/\/tekelec.ma\/index.php\/wp-json\/wp\/v2\/product\/22864","targetHints":{"allow":["GET"]}}],"collection":[{"href":"https:\/\/tekelec.ma\/index.php\/wp-json\/wp\/v2\/product"}],"about":[{"href":"https:\/\/tekelec.ma\/index.php\/wp-json\/wp\/v2\/types\/product"}],"replies":[{"embeddable":true,"href":"https:\/\/tekelec.ma\/index.php\/wp-json\/wp\/v2\/comments?post=22864"}],"version-history":[{"count":1,"href":"https:\/\/tekelec.ma\/index.php\/wp-json\/wp\/v2\/product\/22864\/revisions"}],"predecessor-version":[{"id":24418,"href":"https:\/\/tekelec.ma\/index.php\/wp-json\/wp\/v2\/product\/22864\/revisions\/24418"}],"wp:featuredmedia":[{"embeddable":true,"href":"https:\/\/tekelec.ma\/index.php\/wp-json\/wp\/v2\/media\/22865"}],"wp:attachment":[{"href":"https:\/\/tekelec.ma\/index.php\/wp-json\/wp\/v2\/media?parent=22864"}],"wp:term":[{"taxonomy":"product_brand","embeddable":true,"href":"https:\/\/tekelec.ma\/index.php\/wp-json\/wp\/v2\/product_brand?post=22864"},{"taxonomy":"product_cat","embeddable":true,"href":"https:\/\/tekelec.ma\/index.php\/wp-json\/wp\/v2\/product_cat?post=22864"},{"taxonomy":"product_tag","embeddable":true,"href":"https:\/\/tekelec.ma\/index.php\/wp-json\/wp\/v2\/product_tag?post=22864"}],"curies":[{"name":"wp","href":"https:\/\/api.w.org\/{rel}","templated":true}]}}