{"id":22872,"date":"2024-01-02T11:42:29","date_gmt":"2024-01-02T10:42:29","guid":{"rendered":"https:\/\/tekelec.ma\/?post_type=product&#038;p=22872"},"modified":"2025-08-02T16:39:29","modified_gmt":"2025-08-02T14:39:29","slug":"nzxt-h7-flow-rgb-white","status":"publish","type":"product","link":"https:\/\/tekelec.ma\/index.php\/product\/nzxt-h7-flow-rgb-white\/","title":{"rendered":"NZXT H7 Flow RGB White"},"content":{"rendered":"<div class=\"col-lg-6\">\n<div class=\"product-tabs tabs\">\n<ul class=\"nav nav-tabs\">\n<li class=\"nav-item h4\"><a class=\"nav-link active\" href=\"https:\/\/www.ultrapc.ma\/boitier-pc\/6147-nzxt-h7-flow-rgb-white-boitiers-pc.html#description\" data-toggle=\"tab\">Description<\/a><\/li>\n<\/ul>\n<div id=\"tab-content\" class=\"tab-content\">\n<div id=\"description\" class=\"tab-pane fade show active\">\n<div class=\"product-description\">\n<p>Tout comme les autres bo\u00eetiers de la s\u00e9rie H de NZXT ce bo\u00eetier\u00a0H7 Flow RGB\u00a0est con\u00e7u pour la performance et le silence. El\u00e9gant avec son panneau en verre tremp\u00e9, il est pr\u00eat \u00e0 accueillir la configuration de vos r\u00eaves. Il peut recevoir une carte m\u00e8re au format Mini-ITX, Micro ATX, ou ATX avec une carte graphique de 400 mm. Il propose par ailleurs un syst\u00e8me intuitif de gestion des c\u00e2bles avec de larges canaux, des crochets et des sangles<\/p>\n<\/div>\n<\/div>\n<\/div>\n<\/div>\n<\/div>\n<div class=\"col-lg-6\">\n<div id=\"product-details\" style=\"box-sizing: inherit;\" data-product=\"{&quot;id_shop_default&quot;:&quot;1&quot;,&quot;id_manufacturer&quot;:&quot;25&quot;,&quot;id_supplier&quot;:&quot;0&quot;,&quot;reference&quot;:&quot;5056547203546&quot;,&quot;is_virtual&quot;:&quot;0&quot;,&quot;delivery_in_stock&quot;:&quot;&quot;,&quot;delivery_out_stock&quot;:&quot;&quot;,&quot;id_category_default&quot;:&quot;48&quot;,&quot;on_sale&quot;:&quot;0&quot;,&quot;online_only&quot;:&quot;0&quot;,&quot;ecotax&quot;:0,&quot;minimal_quantity&quot;:&quot;1&quot;,&quot;low_stock_threshold&quot;:null,&quot;low_stock_alert&quot;:&quot;0&quot;,&quot;price&quot;:&quot;1\\u202f790,00\\u00a0MAD&quot;,&quot;unity&quot;:&quot;&quot;,&quot;unit_price_ratio&quot;:&quot;0.000000&quot;,&quot;additional_shipping_cost&quot;:&quot;0.000000&quot;,&quot;customizable&quot;:&quot;0&quot;,&quot;text_fields&quot;:&quot;0&quot;,&quot;uploadable_files&quot;:&quot;0&quot;,&quot;redirect_type&quot;:&quot;404&quot;,&quot;id_type_redirected&quot;:&quot;0&quot;,&quot;available_for_order&quot;:&quot;1&quot;,&quot;available_date&quot;:&quot;0000-00-00&quot;,&quot;show_condition&quot;:&quot;1&quot;,&quot;condition&quot;:&quot;new&quot;,&quot;show_price&quot;:&quot;1&quot;,&quot;indexed&quot;:&quot;1&quot;,&quot;visibility&quot;:&quot;both&quot;,&quot;cache_default_attribute&quot;:&quot;0&quot;,&quot;advanced_stock_management&quot;:&quot;0&quot;,&quot;date_add&quot;:&quot;2023-11-20 00:32:33&quot;,&quot;date_upd&quot;:&quot;2023-12-11 15:46:49&quot;,&quot;pack_stock_type&quot;:&quot;3&quot;,&quot;meta_description&quot;:&quot;Bo\\u00eetier moyen tour compact avec fen\\u00eatre lat\\u00e9rale en verre tremp\\u00e9 et ventilateurs RGB&quot;,&quot;meta_keywords&quot;:&quot;NZXT H7 Flow RGB White, NZXT, Boitiers PC&quot;,&quot;meta_title&quot;:&quot;NZXT H7 Flow RGB White Boitiers PC NZXT Maroc&quot;,&quot;link_rewrite&quot;:&quot;nzxt-h7-flow-rgb-white-boitiers-pc&quot;,&quot;name&quot;:&quot;NZXT H7 Flow RGB White&quot;,&quot;description&quot;:&quot;&lt;p&gt;&lt;span style=\\&quot;color: #505050; font-family: Montserrat, sans-serif; font-size: 13px; text-align: justify; background-color: #ffffff;\\&quot;&gt;Tout comme les autres bo\\u00eetiers de la s\\u00e9rie H de NZXT ce bo\\u00eetier\\u00a0&lt;\\\/span&gt;&lt;span style=\\&quot;box-sizing: border-box; font-weight: 600; border: 0px; font-variant-numeric: inherit; font-variant-east-asian: inherit; font-variant-alternates: inherit; font-variant-position: inherit; font-stretch: inherit; font-size: 13px; line-height: inherit; font-family: Montserrat, sans-serif; font-optical-sizing: inherit; font-kerning: inherit; font-feature-settings: inherit; font-variation-settings: inherit; margin: 0px; padding: 0px; vertical-align: baseline; color: #505050; text-align: justify; background-color: #ffffff;\\&quot;&gt;H7 Flow RGB\\u00a0&lt;\\\/span&gt;&lt;span style=\\&quot;color: #505050; font-family: Montserrat, sans-serif; font-size: 13px; text-align: justify; background-color: #ffffff;\\&quot;&gt;est con\\u00e7u pour la performance et le silence. El\\u00e9gant avec son panneau en verre tremp\\u00e9, il est pr\\u00eat \\u00e0 accueillir la configuration de vos r\\u00eaves. Il peut recevoir une carte m\\u00e8re au format Mini-ITX, Micro ATX, ou ATX avec une carte graphique de 400 mm. Il propose par ailleurs un syst\\u00e8me intuitif de gestion des c\\u00e2bles avec de larges canaux, des crochets et des sangles&lt;\\\/span&gt;&lt;\\\/p&gt;&quot;,&quot;description_short&quot;:&quot;&lt;p&gt;Bo\\u00eetier moyen tour compact avec fen\\u00eatre lat\\u00e9rale en verre tremp\\u00e9 et ventilateurs RGB&lt;\\\/p&gt;&quot;,&quot;available_now&quot;:&quot;Produit en stock&quot;,&quot;available_later&quot;:&quot;Arrivage pr\\u00e9vu le 09\\\/11\\\/2019&quot;,&quot;id&quot;:6147,&quot;id_product&quot;:6147,&quot;out_of_stock&quot;:2,&quot;new&quot;:0,&quot;id_product_attribute&quot;:&quot;0&quot;,&quot;quantity_wanted&quot;:1,&quot;extraContent&quot;:[],&quot;allow_oosp&quot;:0,&quot;category&quot;:&quot;boitier-pc&quot;,&quot;category_name&quot;:&quot;Boitiers PC&quot;,&quot;link&quot;:&quot;https:\\\/\\\/www.ultrapc.ma\\\/boitier-pc\\\/6147-nzxt-h7-flow-rgb-white-boitiers-pc.html&quot;,&quot;attribute_price&quot;:0,&quot;price_tax_exc&quot;:1491.66666699999996126280166208744049072265625,&quot;price_without_reduction&quot;:1790,&quot;reduction&quot;:0,&quot;specific_prices&quot;:[],&quot;quantity&quot;:13,&quot;quantity_all_versions&quot;:13,&quot;id_image&quot;:&quot;fr-default&quot;,&quot;features&quot;:[{&quot;name&quot;:&quot;Format du boitier&quot;,&quot;value&quot;:&quot;Moyen Tour&quot;,&quot;id_feature&quot;:&quot;89&quot;,&quot;position&quot;:&quot;49&quot;},{&quot;name&quot;:&quot;Mat\\u00e9riau boitier&quot;,&quot;value&quot;:&quot;Acier et verre tremp\\u00e9&quot;,&quot;id_feature&quot;:&quot;90&quot;,&quot;position&quot;:&quot;50&quot;},{&quot;name&quot;:&quot;Format de carte m\\u00e8re&quot;,&quot;value&quot;:&quot;E-ATX, ATX, Micro ATX, Mini ITX&quot;,&quot;id_feature&quot;:&quot;91&quot;,&quot;position&quot;:&quot;51&quot;},{&quot;name&quot;:&quot;Fen\\u00eatre&quot;,&quot;value&quot;:&quot;Oui&quot;,&quot;id_feature&quot;:&quot;92&quot;,&quot;position&quot;:&quot;52&quot;},{&quot;name&quot;:&quot;Nombre de ventilateurs fournis&quot;,&quot;value&quot;:&quot;4 x 120mm&quot;,&quot;id_feature&quot;:&quot;93&quot;,&quot;position&quot;:&quot;53&quot;},{&quot;name&quot;:&quot;Dimensions (L x H x P)&quot;,&quot;value&quot;:&quot;230 x 505 x 480 mm&quot;,&quot;id_feature&quot;:&quot;94&quot;,&quot;position&quot;:&quot;54&quot;},{&quot;name&quot;:&quot;Garantie&quot;,&quot;value&quot;:&quot;12 Mois&quot;,&quot;id_feature&quot;:&quot;44&quot;,&quot;position&quot;:&quot;178&quot;}],&quot;attachments&quot;:[],&quot;virtual&quot;:0,&quot;pack&quot;:0,&quot;packItems&quot;:[],&quot;nopackprice&quot;:0,&quot;customization_required&quot;:false,&quot;rate&quot;:20,&quot;tax_name&quot;:&quot;TVA MA 20%&quot;,&quot;ecotax_rate&quot;:0,&quot;unit_price&quot;:&quot;&quot;,&quot;customizations&quot;:{&quot;fields&quot;:[]},&quot;id_customization&quot;:0,&quot;is_customizable&quot;:false,&quot;show_quantities&quot;:true,&quot;quantity_label&quot;:&quot;Produits&quot;,&quot;quantity_discounts&quot;:[],&quot;customer_group_discount&quot;:0,&quot;images&quot;:[{&quot;bySize&quot;:{&quot;small_default&quot;:{&quot;url&quot;:&quot;https:\\\/\\\/www.ultrapc.ma\\\/27425-small_default\\\/nzxt-h7-flow-rgb-white-boitiers-pc.jpg&quot;,&quot;width&quot;:50,&quot;height&quot;:50},&quot;cart_default&quot;:{&quot;url&quot;:&quot;https:\\\/\\\/www.ultrapc.ma\\\/27425-cart_default\\\/nzxt-h7-flow-rgb-white-boitiers-pc.jpg&quot;,&quot;width&quot;:100,&quot;height&quot;:100},&quot;home_default&quot;:{&quot;url&quot;:&quot;https:\\\/\\\/www.ultrapc.ma\\\/27425-home_default\\\/nzxt-h7-flow-rgb-white-boitiers-pc.jpg&quot;,&quot;width&quot;:280,&quot;height&quot;:280},&quot;large_default&quot;:{&quot;url&quot;:&quot;https:\\\/\\\/www.ultrapc.ma\\\/27425-large_default\\\/nzxt-h7-flow-rgb-white-boitiers-pc.jpg&quot;,&quot;width&quot;:600,&quot;height&quot;:600},&quot;medium_default&quot;:{&quot;url&quot;:&quot;https:\\\/\\\/www.ultrapc.ma\\\/27425-medium_default\\\/nzxt-h7-flow-rgb-white-boitiers-pc.jpg&quot;,&quot;width&quot;:600,&quot;height&quot;:600},&quot;large_banner&quot;:{&quot;url&quot;:&quot;https:\\\/\\\/www.ultrapc.ma\\\/27425-large_banner\\\/nzxt-h7-flow-rgb-white-boitiers-pc.jpg&quot;,&quot;width&quot;:1140,&quot;height&quot;:400}},&quot;small&quot;:{&quot;url&quot;:&quot;https:\\\/\\\/www.ultrapc.ma\\\/27425-small_default\\\/nzxt-h7-flow-rgb-white-boitiers-pc.jpg&quot;,&quot;width&quot;:50,&quot;height&quot;:50},&quot;medium&quot;:{&quot;url&quot;:&quot;https:\\\/\\\/www.ultrapc.ma\\\/27425-large_default\\\/nzxt-h7-flow-rgb-white-boitiers-pc.jpg&quot;,&quot;width&quot;:600,&quot;height&quot;:600},&quot;large&quot;:{&quot;url&quot;:&quot;https:\\\/\\\/www.ultrapc.ma\\\/27425-large_banner\\\/nzxt-h7-flow-rgb-white-boitiers-pc.jpg&quot;,&quot;width&quot;:1140,&quot;height&quot;:400},&quot;legend&quot;:&quot;NZXT H7 Flow RGB White Boitiers PC NZXT, Ultra Pc Gamer Maroc&quot;,&quot;id_image&quot;:&quot;27425&quot;,&quot;cover&quot;:&quot;1&quot;,&quot;position&quot;:&quot;1&quot;,&quot;associatedVariants&quot;:[]},{&quot;bySize&quot;:{&quot;small_default&quot;:{&quot;url&quot;:&quot;https:\\\/\\\/www.ultrapc.ma\\\/27426-small_default\\\/nzxt-h7-flow-rgb-white-boitiers-pc.jpg&quot;,&quot;width&quot;:50,&quot;height&quot;:50},&quot;cart_default&quot;:{&quot;url&quot;:&quot;https:\\\/\\\/www.ultrapc.ma\\\/27426-cart_default\\\/nzxt-h7-flow-rgb-white-boitiers-pc.jpg&quot;,&quot;width&quot;:100,&quot;height&quot;:100},&quot;home_default&quot;:{&quot;url&quot;:&quot;https:\\\/\\\/www.ultrapc.ma\\\/27426-home_default\\\/nzxt-h7-flow-rgb-white-boitiers-pc.jpg&quot;,&quot;width&quot;:280,&quot;height&quot;:280},&quot;large_default&quot;:{&quot;url&quot;:&quot;https:\\\/\\\/www.ultrapc.ma\\\/27426-large_default\\\/nzxt-h7-flow-rgb-white-boitiers-pc.jpg&quot;,&quot;width&quot;:600,&quot;height&quot;:600},&quot;medium_default&quot;:{&quot;url&quot;:&quot;https:\\\/\\\/www.ultrapc.ma\\\/27426-medium_default\\\/nzxt-h7-flow-rgb-white-boitiers-pc.jpg&quot;,&quot;width&quot;:600,&quot;height&quot;:600},&quot;large_banner&quot;:{&quot;url&quot;:&quot;https:\\\/\\\/www.ultrapc.ma\\\/27426-large_banner\\\/nzxt-h7-flow-rgb-white-boitiers-pc.jpg&quot;,&quot;width&quot;:1140,&quot;height&quot;:400}},&quot;small&quot;:{&quot;url&quot;:&quot;https:\\\/\\\/www.ultrapc.ma\\\/27426-small_default\\\/nzxt-h7-flow-rgb-white-boitiers-pc.jpg&quot;,&quot;width&quot;:50,&quot;height&quot;:50},&quot;medium&quot;:{&quot;url&quot;:&quot;https:\\\/\\\/www.ultrapc.ma\\\/27426-large_default\\\/nzxt-h7-flow-rgb-white-boitiers-pc.jpg&quot;,&quot;width&quot;:600,&quot;height&quot;:600},&quot;large&quot;:{&quot;url&quot;:&quot;https:\\\/\\\/www.ultrapc.ma\\\/27426-large_banner\\\/nzxt-h7-flow-rgb-white-boitiers-pc.jpg&quot;,&quot;width&quot;:1140,&quot;height&quot;:400},&quot;legend&quot;:&quot;NZXT H7 Flow RGB White Boitiers PC NZXT, Ultra Pc Gamer Maroc&quot;,&quot;id_image&quot;:&quot;27426&quot;,&quot;cover&quot;:null,&quot;position&quot;:&quot;2&quot;,&quot;associatedVariants&quot;:[]},{&quot;bySize&quot;:{&quot;small_default&quot;:{&quot;url&quot;:&quot;https:\\\/\\\/www.ultrapc.ma\\\/27427-small_default\\\/nzxt-h7-flow-rgb-white-boitiers-pc.jpg&quot;,&quot;width&quot;:50,&quot;height&quot;:50},&quot;cart_default&quot;:{&quot;url&quot;:&quot;https:\\\/\\\/www.ultrapc.ma\\\/27427-cart_default\\\/nzxt-h7-flow-rgb-white-boitiers-pc.jpg&quot;,&quot;width&quot;:100,&quot;height&quot;:100},&quot;home_default&quot;:{&quot;url&quot;:&quot;https:\\\/\\\/www.ultrapc.ma\\\/27427-home_default\\\/nzxt-h7-flow-rgb-white-boitiers-pc.jpg&quot;,&quot;width&quot;:280,&quot;height&quot;:280},&quot;large_default&quot;:{&quot;url&quot;:&quot;https:\\\/\\\/www.ultrapc.ma\\\/27427-large_default\\\/nzxt-h7-flow-rgb-white-boitiers-pc.jpg&quot;,&quot;width&quot;:600,&quot;height&quot;:600},&quot;medium_default&quot;:{&quot;url&quot;:&quot;https:\\\/\\\/www.ultrapc.ma\\\/27427-medium_default\\\/nzxt-h7-flow-rgb-white-boitiers-pc.jpg&quot;,&quot;width&quot;:600,&quot;height&quot;:600},&quot;large_banner&quot;:{&quot;url&quot;:&quot;https:\\\/\\\/www.ultrapc.ma\\\/27427-large_banner\\\/nzxt-h7-flow-rgb-white-boitiers-pc.jpg&quot;,&quot;width&quot;:1140,&quot;height&quot;:400}},&quot;small&quot;:{&quot;url&quot;:&quot;https:\\\/\\\/www.ultrapc.ma\\\/27427-small_default\\\/nzxt-h7-flow-rgb-white-boitiers-pc.jpg&quot;,&quot;width&quot;:50,&quot;height&quot;:50},&quot;medium&quot;:{&quot;url&quot;:&quot;https:\\\/\\\/www.ultrapc.ma\\\/27427-large_default\\\/nzxt-h7-flow-rgb-white-boitiers-pc.jpg&quot;,&quot;width&quot;:600,&quot;height&quot;:600},&quot;large&quot;:{&quot;url&quot;:&quot;https:\\\/\\\/www.ultrapc.ma\\\/27427-large_banner\\\/nzxt-h7-flow-rgb-white-boitiers-pc.jpg&quot;,&quot;width&quot;:1140,&quot;height&quot;:400},&quot;legend&quot;:&quot;NZXT H7 Flow RGB White Boitiers PC NZXT, Ultra Pc Gamer Maroc&quot;,&quot;id_image&quot;:&quot;27427&quot;,&quot;cover&quot;:null,&quot;position&quot;:&quot;3&quot;,&quot;associatedVariants&quot;:[]},{&quot;bySize&quot;:{&quot;small_default&quot;:{&quot;url&quot;:&quot;https:\\\/\\\/www.ultrapc.ma\\\/27428-small_default\\\/nzxt-h7-flow-rgb-white-boitiers-pc.jpg&quot;,&quot;width&quot;:50,&quot;height&quot;:50},&quot;cart_default&quot;:{&quot;url&quot;:&quot;https:\\\/\\\/www.ultrapc.ma\\\/27428-cart_default\\\/nzxt-h7-flow-rgb-white-boitiers-pc.jpg&quot;,&quot;width&quot;:100,&quot;height&quot;:100},&quot;home_default&quot;:{&quot;url&quot;:&quot;https:\\\/\\\/www.ultrapc.ma\\\/27428-home_default\\\/nzxt-h7-flow-rgb-white-boitiers-pc.jpg&quot;,&quot;width&quot;:280,&quot;height&quot;:280},&quot;large_default&quot;:{&quot;url&quot;:&quot;https:\\\/\\\/www.ultrapc.ma\\\/27428-large_default\\\/nzxt-h7-flow-rgb-white-boitiers-pc.jpg&quot;,&quot;width&quot;:600,&quot;height&quot;:600},&quot;medium_default&quot;:{&quot;url&quot;:&quot;https:\\\/\\\/www.ultrapc.ma\\\/27428-medium_default\\\/nzxt-h7-flow-rgb-white-boitiers-pc.jpg&quot;,&quot;width&quot;:600,&quot;height&quot;:600},&quot;large_banner&quot;:{&quot;url&quot;:&quot;https:\\\/\\\/www.ultrapc.ma\\\/27428-large_banner\\\/nzxt-h7-flow-rgb-white-boitiers-pc.jpg&quot;,&quot;width&quot;:1140,&quot;height&quot;:400}},&quot;small&quot;:{&quot;url&quot;:&quot;https:\\\/\\\/www.ultrapc.ma\\\/27428-small_default\\\/nzxt-h7-flow-rgb-white-boitiers-pc.jpg&quot;,&quot;width&quot;:50,&quot;height&quot;:50},&quot;medium&quot;:{&quot;url&quot;:&quot;https:\\\/\\\/www.ultrapc.ma\\\/27428-large_default\\\/nzxt-h7-flow-rgb-white-boitiers-pc.jpg&quot;,&quot;width&quot;:600,&quot;height&quot;:600},&quot;large&quot;:{&quot;url&quot;:&quot;https:\\\/\\\/www.ultrapc.ma\\\/27428-large_banner\\\/nzxt-h7-flow-rgb-white-boitiers-pc.jpg&quot;,&quot;width&quot;:1140,&quot;height&quot;:400},&quot;legend&quot;:&quot;NZXT H7 Flow RGB White Boitiers PC NZXT, Ultra Pc Gamer Maroc&quot;,&quot;id_image&quot;:&quot;27428&quot;,&quot;cover&quot;:null,&quot;position&quot;:&quot;4&quot;,&quot;associatedVariants&quot;:[]},{&quot;bySize&quot;:{&quot;small_default&quot;:{&quot;url&quot;:&quot;https:\\\/\\\/www.ultrapc.ma\\\/27429-small_default\\\/nzxt-h7-flow-rgb-white-boitiers-pc.jpg&quot;,&quot;width&quot;:50,&quot;height&quot;:50},&quot;cart_default&quot;:{&quot;url&quot;:&quot;https:\\\/\\\/www.ultrapc.ma\\\/27429-cart_default\\\/nzxt-h7-flow-rgb-white-boitiers-pc.jpg&quot;,&quot;width&quot;:100,&quot;height&quot;:100},&quot;home_default&quot;:{&quot;url&quot;:&quot;https:\\\/\\\/www.ultrapc.ma\\\/27429-home_default\\\/nzxt-h7-flow-rgb-white-boitiers-pc.jpg&quot;,&quot;width&quot;:280,&quot;height&quot;:280},&quot;large_default&quot;:{&quot;url&quot;:&quot;https:\\\/\\\/www.ultrapc.ma\\\/27429-large_default\\\/nzxt-h7-flow-rgb-white-boitiers-pc.jpg&quot;,&quot;width&quot;:600,&quot;height&quot;:600},&quot;medium_default&quot;:{&quot;url&quot;:&quot;https:\\\/\\\/www.ultrapc.ma\\\/27429-medium_default\\\/nzxt-h7-flow-rgb-white-boitiers-pc.jpg&quot;,&quot;width&quot;:600,&quot;height&quot;:600},&quot;large_banner&quot;:{&quot;url&quot;:&quot;https:\\\/\\\/www.ultrapc.ma\\\/27429-large_banner\\\/nzxt-h7-flow-rgb-white-boitiers-pc.jpg&quot;,&quot;width&quot;:1140,&quot;height&quot;:400}},&quot;small&quot;:{&quot;url&quot;:&quot;https:\\\/\\\/www.ultrapc.ma\\\/27429-small_default\\\/nzxt-h7-flow-rgb-white-boitiers-pc.jpg&quot;,&quot;width&quot;:50,&quot;height&quot;:50},&quot;medium&quot;:{&quot;url&quot;:&quot;https:\\\/\\\/www.ultrapc.ma\\\/27429-large_default\\\/nzxt-h7-flow-rgb-white-boitiers-pc.jpg&quot;,&quot;width&quot;:600,&quot;height&quot;:600},&quot;large&quot;:{&quot;url&quot;:&quot;https:\\\/\\\/www.ultrapc.ma\\\/27429-large_banner\\\/nzxt-h7-flow-rgb-white-boitiers-pc.jpg&quot;,&quot;width&quot;:1140,&quot;height&quot;:400},&quot;legend&quot;:&quot;NZXT H7 Flow RGB White Boitiers PC NZXT, Ultra Pc Gamer Maroc&quot;,&quot;id_image&quot;:&quot;27429&quot;,&quot;cover&quot;:null,&quot;position&quot;:&quot;5&quot;,&quot;associatedVariants&quot;:[]}],&quot;cover&quot;:{&quot;bySize&quot;:{&quot;small_default&quot;:{&quot;url&quot;:&quot;https:\\\/\\\/www.ultrapc.ma\\\/27425-small_default\\\/nzxt-h7-flow-rgb-white-boitiers-pc.jpg&quot;,&quot;width&quot;:50,&quot;height&quot;:50},&quot;cart_default&quot;:{&quot;url&quot;:&quot;https:\\\/\\\/www.ultrapc.ma\\\/27425-cart_default\\\/nzxt-h7-flow-rgb-white-boitiers-pc.jpg&quot;,&quot;width&quot;:100,&quot;height&quot;:100},&quot;home_default&quot;:{&quot;url&quot;:&quot;https:\\\/\\\/www.ultrapc.ma\\\/27425-home_default\\\/nzxt-h7-flow-rgb-white-boitiers-pc.jpg&quot;,&quot;width&quot;:280,&quot;height&quot;:280},&quot;large_default&quot;:{&quot;url&quot;:&quot;https:\\\/\\\/www.ultrapc.ma\\\/27425-large_default\\\/nzxt-h7-flow-rgb-white-boitiers-pc.jpg&quot;,&quot;width&quot;:600,&quot;height&quot;:600},&quot;medium_default&quot;:{&quot;url&quot;:&quot;https:\\\/\\\/www.ultrapc.ma\\\/27425-medium_default\\\/nzxt-h7-flow-rgb-white-boitiers-pc.jpg&quot;,&quot;width&quot;:600,&quot;height&quot;:600},&quot;large_banner&quot;:{&quot;url&quot;:&quot;https:\\\/\\\/www.ultrapc.ma\\\/27425-large_banner\\\/nzxt-h7-flow-rgb-white-boitiers-pc.jpg&quot;,&quot;width&quot;:1140,&quot;height&quot;:400}},&quot;small&quot;:{&quot;url&quot;:&quot;https:\\\/\\\/www.ultrapc.ma\\\/27425-small_default\\\/nzxt-h7-flow-rgb-white-boitiers-pc.jpg&quot;,&quot;width&quot;:50,&quot;height&quot;:50},&quot;medium&quot;:{&quot;url&quot;:&quot;https:\\\/\\\/www.ultrapc.ma\\\/27425-large_default\\\/nzxt-h7-flow-rgb-white-boitiers-pc.jpg&quot;,&quot;width&quot;:600,&quot;height&quot;:600},&quot;large&quot;:{&quot;url&quot;:&quot;https:\\\/\\\/www.ultrapc.ma\\\/27425-large_banner\\\/nzxt-h7-flow-rgb-white-boitiers-pc.jpg&quot;,&quot;width&quot;:1140,&quot;height&quot;:400},&quot;legend&quot;:&quot;NZXT H7 Flow RGB White Boitiers PC NZXT, Ultra Pc Gamer Maroc&quot;,&quot;id_image&quot;:&quot;27425&quot;,&quot;cover&quot;:&quot;1&quot;,&quot;position&quot;:&quot;1&quot;,&quot;associatedVariants&quot;:[]},&quot;has_discount&quot;:false,&quot;discount_type&quot;:null,&quot;discount_percentage&quot;:null,&quot;discount_percentage_absolute&quot;:null,&quot;discount_amount&quot;:null,&quot;discount_amount_to_display&quot;:null,&quot;price_amount&quot;:1790,&quot;unit_price_full&quot;:&quot;&quot;,&quot;show_availability&quot;:true,&quot;availability_date&quot;:null,&quot;availability_message&quot;:&quot;Produit en stock&quot;,&quot;availability&quot;:&quot;available&quot;}\">\n<section class=\"product-features mb-3\">\n<p class=\"product-details-title h4 py-2\">Fiche technique<\/p>\n<dl class=\"data-sheet d-flex flex-wrap justify-content-between m-0\">\n<dt class=\"name mb-1 p-2\">Format du boitier<\/dt>\n<dd class=\"value mb-1 p-2\">Moyen Tour<\/dd>\n<dt class=\"name mb-1 p-2\">Mat\u00e9riau boitier<\/dt>\n<dd class=\"value mb-1 p-2\">Acier et verre tremp\u00e9<\/dd>\n<dt class=\"name mb-1 p-2\">Format de carte m\u00e8re<\/dt>\n<dd class=\"value mb-1 p-2\">E-ATX, ATX, Micro ATX, Mini ITX<\/dd>\n<dt class=\"name mb-1 p-2\">Fen\u00eatre<\/dt>\n<dd class=\"value mb-1 p-2\">Oui<\/dd>\n<dt class=\"name mb-1 p-2\">Nombre de ventilateurs fournis<\/dt>\n<dd class=\"value mb-1 p-2\">4 x 120mm<\/dd>\n<dt class=\"name mb-1 p-2\">Dimensions (L x H x P)<\/dt>\n<dd class=\"value mb-1 p-2\">230 x 505 x 480 mm<\/dd>\n<\/dl>\n<\/section>\n<\/div>\n<\/div>\n","protected":false},"excerpt":{"rendered":"<p>Bo\u00eetier moyen tour compact avec fen\u00eatre lat\u00e9rale en verre tremp\u00e9 et ventilateurs RGB<\/p>\n","protected":false},"featured_media":22873,"comment_status":"open","ping_status":"closed","template":"","meta":[],"product_brand":[],"product_cat":[333,345],"product_tag":[],"class_list":{"0":"post-22872","1":"product","2":"type-product","3":"status-publish","4":"has-post-thumbnail","6":"product_cat-boitier-gamer","7":"product_cat-sur-commande","9":"first","10":"onbackorder","11":"sale","12":"shipping-taxable","13":"purchasable","14":"product-type-simple"},"aioseo_notices":[],"jetpack_sharing_enabled":true,"_links":{"self":[{"href":"https:\/\/tekelec.ma\/index.php\/wp-json\/wp\/v2\/product\/22872","targetHints":{"allow":["GET"]}}],"collection":[{"href":"https:\/\/tekelec.ma\/index.php\/wp-json\/wp\/v2\/product"}],"about":[{"href":"https:\/\/tekelec.ma\/index.php\/wp-json\/wp\/v2\/types\/product"}],"replies":[{"embeddable":true,"href":"https:\/\/tekelec.ma\/index.php\/wp-json\/wp\/v2\/comments?post=22872"}],"version-history":[{"count":1,"href":"https:\/\/tekelec.ma\/index.php\/wp-json\/wp\/v2\/product\/22872\/revisions"}],"predecessor-version":[{"id":24417,"href":"https:\/\/tekelec.ma\/index.php\/wp-json\/wp\/v2\/product\/22872\/revisions\/24417"}],"wp:featuredmedia":[{"embeddable":true,"href":"https:\/\/tekelec.ma\/index.php\/wp-json\/wp\/v2\/media\/22873"}],"wp:attachment":[{"href":"https:\/\/tekelec.ma\/index.php\/wp-json\/wp\/v2\/media?parent=22872"}],"wp:term":[{"taxonomy":"product_brand","embeddable":true,"href":"https:\/\/tekelec.ma\/index.php\/wp-json\/wp\/v2\/product_brand?post=22872"},{"taxonomy":"product_cat","embeddable":true,"href":"https:\/\/tekelec.ma\/index.php\/wp-json\/wp\/v2\/product_cat?post=22872"},{"taxonomy":"product_tag","embeddable":true,"href":"https:\/\/tekelec.ma\/index.php\/wp-json\/wp\/v2\/product_tag?post=22872"}],"curies":[{"name":"wp","href":"https:\/\/api.w.org\/{rel}","templated":true}]}}