{"id":22904,"date":"2024-01-02T16:02:48","date_gmt":"2024-01-02T15:02:48","guid":{"rendered":"https:\/\/tekelec.ma\/?post_type=product&#038;p=22904"},"modified":"2025-05-18T17:37:06","modified_gmt":"2025-05-18T15:37:06","slug":"xbox-series-x","status":"publish","type":"product","link":"https:\/\/tekelec.ma\/index.php\/product\/xbox-series-x\/","title":{"rendered":"XBOX SERIES X"},"content":{"rendered":"<p>4K \/ 8K HDR &#8211; Plongez dans des univers ultra d\u00e9taill\u00e9s avec une r\u00e9solution native 4K HDR . Compatible avec la technologie 8K HDR en connectant votre Xbox Series X \u00e0 votre t\u00e9l\u00e9viseur 8K pour jouer dans les meilleures conditions gr\u00e2ce \u00e0 la mise \u00e0 l&rsquo;\u00e9chelle (4320p)<br \/>\n120 FPS &#8211; La Xbox Series S permet un rendu encore plus fluide et dynamique allant jusqu\u2019\u00e0 120 images par seconde (compatible Fortnite, Call of Duty : Warzone , Rocket League etc)<br \/>\nDisque SSD 1To &#8211; Profitez d\u2019un espace de stockage important pour tous vos jeux avec le disque SSD de 1 To pour des chargements rapides et des reprises de jeux instantan\u00e9es<br \/>\n100% R\u00e9trocompatible &#8211; Profitez d&rsquo;une large s\u00e9lection de vos anciens jeux Xbox (100% des jeux Xbox One, des centaines de jeux Xbox 360 &amp; Xbox originale) directement sur votre Xbox Series X<br \/>\nRaytracing &#8211; Encore plus d\u2019immersion avec le Raytracing qui permet d\u2019afficher des lumi\u00e8res et reflets r\u00e9alistes, pour des environnements plus vrais que nature sur les jeux Xbox Series X compatibles<br \/>\nSmart Delivery &#8211; Achetez une seule fois un jeu Xbox compatible Smart Delivery et upgradez sans surco\u00fbt pour la version Xbox Series X quand elle est disponible (Ex: Gears 5, Cyberpunk 2077, Assassin&rsquo;s Creed Valhalla, etc<\/p>\n","protected":false},"excerpt":{"rendered":"<p>La Microsoft <strong>Xbox Series X<\/strong> est une console de salon avec support optique (Blu-ray 4K) annonc\u00e9 pour la fin d&rsquo;ann\u00e9e 2020. La Microsoft Xbox Series X succ\u00e8de la Xbox One et introduit avec elle une nouvelle architecture mat\u00e9riel avec un CPU Octa-Core AMD cadenc\u00e9 \u00e0 3,8 GHz \u00e9paul\u00e9 par 16 Go de RAM GDDR6 et d&rsquo;un GPU AMD RDNA 2. Elle sera disponible \u00e0 499 euros \u00e0 sa sortie le 10 novembre 2020 et en pr\u00e9commande d\u00e8s le 22 septembre 2020.<\/p>\n","protected":false},"featured_media":22905,"comment_status":"open","ping_status":"closed","template":"","meta":[],"product_brand":[337],"product_cat":[315,345,322],"product_tag":[],"class_list":{"0":"post-22904","1":"product","2":"type-product","3":"status-publish","4":"has-post-thumbnail","6":"product_brand-microsoft","7":"product_cat-console","8":"product_cat-sur-commande","9":"product_cat-xbox","11":"first","12":"onbackorder","13":"sale","14":"shipping-taxable","15":"purchasable","16":"product-type-simple"},"aioseo_notices":[],"jetpack_sharing_enabled":true,"_links":{"self":[{"href":"https:\/\/tekelec.ma\/index.php\/wp-json\/wp\/v2\/product\/22904","targetHints":{"allow":["GET"]}}],"collection":[{"href":"https:\/\/tekelec.ma\/index.php\/wp-json\/wp\/v2\/product"}],"about":[{"href":"https:\/\/tekelec.ma\/index.php\/wp-json\/wp\/v2\/types\/product"}],"replies":[{"embeddable":true,"href":"https:\/\/tekelec.ma\/index.php\/wp-json\/wp\/v2\/comments?post=22904"}],"version-history":[{"count":1,"href":"https:\/\/tekelec.ma\/index.php\/wp-json\/wp\/v2\/product\/22904\/revisions"}],"predecessor-version":[{"id":24294,"href":"https:\/\/tekelec.ma\/index.php\/wp-json\/wp\/v2\/product\/22904\/revisions\/24294"}],"wp:featuredmedia":[{"embeddable":true,"href":"https:\/\/tekelec.ma\/index.php\/wp-json\/wp\/v2\/media\/22905"}],"wp:attachment":[{"href":"https:\/\/tekelec.ma\/index.php\/wp-json\/wp\/v2\/media?parent=22904"}],"wp:term":[{"taxonomy":"product_brand","embeddable":true,"href":"https:\/\/tekelec.ma\/index.php\/wp-json\/wp\/v2\/product_brand?post=22904"},{"taxonomy":"product_cat","embeddable":true,"href":"https:\/\/tekelec.ma\/index.php\/wp-json\/wp\/v2\/product_cat?post=22904"},{"taxonomy":"product_tag","embeddable":true,"href":"https:\/\/tekelec.ma\/index.php\/wp-json\/wp\/v2\/product_tag?post=22904"}],"curies":[{"name":"wp","href":"https:\/\/api.w.org\/{rel}","templated":true}]}}