{"id":22908,"date":"2024-01-02T16:09:45","date_gmt":"2024-01-02T15:09:45","guid":{"rendered":"https:\/\/tekelec.ma\/?post_type=product&#038;p=22908"},"modified":"2025-05-10T18:19:53","modified_gmt":"2025-05-10T16:19:53","slug":"playstation-5-god-of-warragnarok","status":"publish","type":"product","link":"https:\/\/tekelec.ma\/index.php\/product\/playstation-5-god-of-warragnarok\/","title":{"rendered":"PlayStation 5 \u2013 God of WarRagnarok"},"content":{"rendered":"<p>-Embarquez pour un voyage \u00e9pique et \u00e9mouvant aux c\u00f4t\u00e9s de Kratos et d\u2019Atreus avec le pack console PlayStation\u00ae5 \u2013 God of War\u2122 Ragnar\u00f6k.<\/p>\n<p>Jouez \u00e0 God of War Ragnar\u00f6k et profitez des incroyables innovations de la PS5 : visuels en 4K et en HDR*, retour haptique et g\u00e2chettes adaptatives de la manette sans fil DualSense\u2122 et technologie sonore Tempest 3D Audio Tech.<\/p>\n","protected":false},"excerpt":{"rendered":"<p>*La r\u00e9solution 4K n\u00e9cessite un t\u00e9l\u00e9viseur ou un support compatible avec la 4K.<br \/>\n*Audio 3D avec les \u00e9couteurs st\u00e9r\u00e9o (analogiques ou USB).<br \/>\n*La mise \u00e0 jour du logiciel syst\u00e8me peut \u00eatre n\u00e9cessaire. Connexion Internet requise pour la mise \u00e0 jour.<br \/>\n*La conception du bon de jeu peut varier.<\/p>\n","protected":false},"featured_media":22911,"comment_status":"open","ping_status":"closed","template":"","meta":[],"product_brand":[236],"product_cat":[315,323,345],"product_tag":[],"class_list":{"0":"post-22908","1":"product","2":"type-product","3":"status-publish","4":"has-post-thumbnail","6":"product_brand-sony","7":"product_cat-console","8":"product_cat-playstation","9":"product_cat-sur-commande","11":"first","12":"onbackorder","13":"sale","14":"shipping-taxable","15":"purchasable","16":"product-type-simple"},"aioseo_notices":[],"jetpack_sharing_enabled":true,"_links":{"self":[{"href":"https:\/\/tekelec.ma\/index.php\/wp-json\/wp\/v2\/product\/22908","targetHints":{"allow":["GET"]}}],"collection":[{"href":"https:\/\/tekelec.ma\/index.php\/wp-json\/wp\/v2\/product"}],"about":[{"href":"https:\/\/tekelec.ma\/index.php\/wp-json\/wp\/v2\/types\/product"}],"replies":[{"embeddable":true,"href":"https:\/\/tekelec.ma\/index.php\/wp-json\/wp\/v2\/comments?post=22908"}],"version-history":[{"count":0,"href":"https:\/\/tekelec.ma\/index.php\/wp-json\/wp\/v2\/product\/22908\/revisions"}],"wp:featuredmedia":[{"embeddable":true,"href":"https:\/\/tekelec.ma\/index.php\/wp-json\/wp\/v2\/media\/22911"}],"wp:attachment":[{"href":"https:\/\/tekelec.ma\/index.php\/wp-json\/wp\/v2\/media?parent=22908"}],"wp:term":[{"taxonomy":"product_brand","embeddable":true,"href":"https:\/\/tekelec.ma\/index.php\/wp-json\/wp\/v2\/product_brand?post=22908"},{"taxonomy":"product_cat","embeddable":true,"href":"https:\/\/tekelec.ma\/index.php\/wp-json\/wp\/v2\/product_cat?post=22908"},{"taxonomy":"product_tag","embeddable":true,"href":"https:\/\/tekelec.ma\/index.php\/wp-json\/wp\/v2\/product_tag?post=22908"}],"curies":[{"name":"wp","href":"https:\/\/api.w.org\/{rel}","templated":true}]}}