{"id":22913,"date":"2024-01-02T16:24:03","date_gmt":"2024-01-02T15:24:03","guid":{"rendered":"https:\/\/tekelec.ma\/?post_type=product&#038;p=22913"},"modified":"2025-05-10T18:19:53","modified_gmt":"2025-05-10T16:19:53","slug":"nintendo-switch-oled-blanche","status":"publish","type":"product","link":"https:\/\/tekelec.ma\/index.php\/product\/nintendo-switch-oled-blanche\/","title":{"rendered":"Nintendo Switch OLED Blanche"},"content":{"rendered":"<header class=\"-pvs -bb\">\n<p class=\"-fs20 -m -phm -pvxs\"><strong>D\u00e9tails<\/strong><\/p>\n<\/header>\n<div class=\"markup -mhm -pvl -oxa -sc\">\n<p>Une nouvelle venue va bient\u00f4t rejoindre la gamme Nintendo Switch : la Nintendo Switch (mod\u00e8le OLED) poss\u00e8de des dimensions proches de celles de la Nintendo Switch mais dispose d\u2019un \u00e9cran OLED plus grand aux couleurs intenses et aux contrastes \u00e9lev\u00e9s. Elle dispose aussi d\u2019un large support ajustable pour le jeu en mode sur table, d\u2019une nouvelle station d\u2019accueil avec port Ethernet pour un jeu en ligne stable, de 64 Go de m\u00e9moire interne et de haut-parleurs int\u00e9gr\u00e9s proposant un audio am\u00e9lior\u00e9 pour les modes nomades (portable et sur table). Tout comme la Nintendo Switch, la Nintendo Switch (mod\u00e8le OLED) permet de jouer sur un t\u00e9l\u00e9viseur et de partager les manettes Joy-Con d\u00e9tachables pour s\u2019amuser en multijoueur.<br \/>\nLa Nintendo Switch (mod\u00e8le OLED) sortira le 8 octobre et offrira aux joueurs et aux joueuses une nouvelle possibilit\u00e9 pour profiter du vaste catalogue de titres disponibles sur Nintendo Switch.<\/p>\n<p>Caract\u00e9ristiques :<br \/>\nLa Nintendo Switch (mod\u00e8le OLED) am\u00e9liore l\u2019exp\u00e9rience utilisateur dans les trois modes de jeu disponibles :<br \/>\n\u2022 Mode t\u00e9l\u00e9viseur : installez la Nintendo Switch (mod\u00e8le OLED) dans la station d\u2019accueil pour jouer aux titres Nintendo Switch sur t\u00e9l\u00e9viseur. Le port LAN int\u00e9gr\u00e9 dans la station d\u2019accueil permet de profiter d\u2019une nouvelle fa\u00e7on de se connecter en ligne en mode t\u00e9l\u00e9viseur.<br \/>\n\u2022 Mode sur table : d\u00e9ployez le support au dos de la console et servez-vous de l\u2019\u00e9cran de la console pour jouer \u00e0 plusieurs gr\u00e2ce aux deux manettes Joy-Con incluses avec la console. Le large support ajustable offre une base solide et stable. Il permet aussi d\u2019incliner librement la console pour offrir plusieurs angles de vue afin de mieux voir l\u2019\u00e9cran.<br \/>\n\u2022 Mode portable : transportez la console partout avec vous et jouez en mode portable entre amis, en mode local* comme en ligne**. L\u2019\u00e9cran OLED 7 pouces affiche des couleurs intenses et des contrastes \u00e9lev\u00e9s.<\/p>\n<\/div>\n","protected":false},"excerpt":{"rendered":"<article class=\"col8 -pvs\">\n<div class=\"card-b -fh\">\n<p class=\"hdr -upp -fs14 -m -pam\"><strong>PRINCIPALES CARACT\u00c9RISTIQUES<\/strong><\/p>\n<div class=\"markup -pam\">\n<ul>\n<li>Plateforme\u00a0 \u00a0 \u00a0Nintendo Switch OLED<\/li>\n<li>Couleur\u00a0 noir.blanc<\/li>\n<li><strong>Age\u00a0 \u00a03+<\/strong><\/li>\n<\/ul>\n<\/div>\n<\/div>\n<\/article>\n<article class=\"col8 -pvs\">\n<div class=\"card-b -fh\">\n<p class=\"hdr -upp -fs14 -m -pam\"><strong>DESCRIPTIF TECHNIQUE<\/strong><\/p>\n<ul class=\"-pvs -mvxs -phm -lsn\">\n<li class=\"-pvxs\"><span class=\"-b\">SKU<\/span>: BR176EC0YNOOFNAFAMZ<\/li>\n<li class=\"-pvxs\"><span class=\"-b\">Mod\u00e8le<\/span>: Nintendo Switch<\/li>\n<li class=\"-pvxs\"><span class=\"-b\">Poids (kg)<\/span>: 3<\/li>\n<li class=\"-pvxs\"><span class=\"-b\">Couleur<\/span>: Blanc<\/li>\n<li class=\"-pvxs\"><span class=\"-b\">Mati\u00e8re principale<\/span>: plastique<\/li>\n<\/ul>\n<\/div>\n<\/article>\n","protected":false},"featured_media":22914,"comment_status":"open","ping_status":"closed","template":"","meta":[],"product_brand":[338],"product_cat":[315,345],"product_tag":[],"class_list":{"0":"post-22913","1":"product","2":"type-product","3":"status-publish","4":"has-post-thumbnail","6":"product_brand-nintendo","7":"product_cat-console","8":"product_cat-sur-commande","10":"first","11":"onbackorder","12":"sale","13":"shipping-taxable","14":"purchasable","15":"product-type-simple"},"aioseo_notices":[],"jetpack_sharing_enabled":true,"_links":{"self":[{"href":"https:\/\/tekelec.ma\/index.php\/wp-json\/wp\/v2\/product\/22913","targetHints":{"allow":["GET"]}}],"collection":[{"href":"https:\/\/tekelec.ma\/index.php\/wp-json\/wp\/v2\/product"}],"about":[{"href":"https:\/\/tekelec.ma\/index.php\/wp-json\/wp\/v2\/types\/product"}],"replies":[{"embeddable":true,"href":"https:\/\/tekelec.ma\/index.php\/wp-json\/wp\/v2\/comments?post=22913"}],"version-history":[{"count":0,"href":"https:\/\/tekelec.ma\/index.php\/wp-json\/wp\/v2\/product\/22913\/revisions"}],"wp:featuredmedia":[{"embeddable":true,"href":"https:\/\/tekelec.ma\/index.php\/wp-json\/wp\/v2\/media\/22914"}],"wp:attachment":[{"href":"https:\/\/tekelec.ma\/index.php\/wp-json\/wp\/v2\/media?parent=22913"}],"wp:term":[{"taxonomy":"product_brand","embeddable":true,"href":"https:\/\/tekelec.ma\/index.php\/wp-json\/wp\/v2\/product_brand?post=22913"},{"taxonomy":"product_cat","embeddable":true,"href":"https:\/\/tekelec.ma\/index.php\/wp-json\/wp\/v2\/product_cat?post=22913"},{"taxonomy":"product_tag","embeddable":true,"href":"https:\/\/tekelec.ma\/index.php\/wp-json\/wp\/v2\/product_tag?post=22913"}],"curies":[{"name":"wp","href":"https:\/\/api.w.org\/{rel}","templated":true}]}}