{"id":23424,"date":"2024-01-07T11:33:18","date_gmt":"2024-01-07T10:33:18","guid":{"rendered":"https:\/\/tekelec.ma\/?post_type=product&#038;p=23424"},"modified":"2025-08-02T16:39:29","modified_gmt":"2025-08-02T14:39:29","slug":"kolink-unity-meshbay-argb","status":"publish","type":"product","link":"https:\/\/tekelec.ma\/index.php\/product\/kolink-unity-meshbay-argb\/","title":{"rendered":"Kolink Unity Meshbay ARGB"},"content":{"rendered":"<p>\u00c9quilibrez style et flux d&rsquo;air avec le bo\u00eetier PC Kolink Unity Meshbay ARGB . Ce ch\u00e2ssis ATX prend largement en charge le mat\u00e9riel haut de gamme, notamment les GPU NVIDIA RTX s\u00e9rie 40 et les cartes m\u00e8res ATX. Avec quatre ventilateurs ARGB\/PWM pr\u00e9install\u00e9s et des panneaux en maille \u00e0 l&rsquo;avant , ce bo\u00eetier PC offre des performances de refroidissement exceptionnelles.<\/p>\n<p><strong>Aper\u00e7u du PC moyenne tour Kolink Unity Meshbay ARGB :<br \/>\n<\/strong><\/p>\n<ul>\n<li>Bo\u00eetier PC ATX moyenne tour<\/li>\n<li>Focus sur l&rsquo;esth\u00e9tique : panneaux de verre et ventilateurs ARGB\/PWM<\/li>\n<li>D\u00e9gagement GPU de 400 mm et prise en charge du montage vertical (kit vendu s\u00e9par\u00e9ment)<\/li>\n<li>Quatre ventilateurs Kolink Umbra S ARGB\/PWM 120 mm pr\u00e9install\u00e9s avec contr\u00f4leur de ventilateur inclus<\/li>\n<li>Prise en charge \u00e9tendue des radiateurs et du refroidissement par eau<\/li>\n<li>Demi-car\u00e9nage du bloc d&rsquo;alimentation pour un int\u00e9rieur propre<\/li>\n<\/ul>\n","protected":false},"excerpt":{"rendered":"<p>Fa\u00e7ade en Mesh, 4 ventilateurs ARGB fourni, verre tremp\u00e9<\/p>\n<ul>\n<li>Emplacement ventilation :\n<ul>\n<li>Avant : 3 x 120mm \/ 3 x 140mm<\/li>\n<li>Haut : 3 x 120mm<\/li>\n<li>C\u00f4t\u00e9 : 2 x 120mm<\/li>\n<li>Arri\u00e8re : 1 x 120mm<\/li>\n<\/ul>\n<\/li>\n<\/ul>\n<ul>\n<li>Prise en charge radiateur :\n<ul>\n<li>Avant : 420 \/ 360 \/ 240 \/ 120mm<\/li>\n<li>Haut : 360 \/ 240 \/ 120mm<\/li>\n<li>C\u00f4t\u00e9 : 240 \/ 120mm<\/li>\n<\/ul>\n<\/li>\n<\/ul>\n<ul>\n<li>Radiateur processeur : jusqu\u2019\u00e0 185 mm de hauteur<\/li>\n<\/ul>\n<p>Ventilation pr\u00e9install\u00e9e :<\/p>\n<ul>\n<li>Avant : 3 x Kolink Umbra S ARGB 120mm PWM<\/li>\n<li>Arri\u00e8re : 1 x Kolink Umbra S ARGB 120mm PWM<\/li>\n<\/ul>\n","protected":false},"featured_media":23425,"comment_status":"open","ping_status":"closed","template":"","meta":[],"product_brand":[],"product_cat":[333,345],"product_tag":[],"class_list":{"0":"post-23424","1":"product","2":"type-product","3":"status-publish","4":"has-post-thumbnail","6":"product_cat-boitier-gamer","7":"product_cat-sur-commande","9":"first","10":"onbackorder","11":"shipping-taxable","12":"purchasable","13":"product-type-simple"},"aioseo_notices":[],"jetpack_sharing_enabled":true,"_links":{"self":[{"href":"https:\/\/tekelec.ma\/index.php\/wp-json\/wp\/v2\/product\/23424","targetHints":{"allow":["GET"]}}],"collection":[{"href":"https:\/\/tekelec.ma\/index.php\/wp-json\/wp\/v2\/product"}],"about":[{"href":"https:\/\/tekelec.ma\/index.php\/wp-json\/wp\/v2\/types\/product"}],"replies":[{"embeddable":true,"href":"https:\/\/tekelec.ma\/index.php\/wp-json\/wp\/v2\/comments?post=23424"}],"version-history":[{"count":1,"href":"https:\/\/tekelec.ma\/index.php\/wp-json\/wp\/v2\/product\/23424\/revisions"}],"predecessor-version":[{"id":24416,"href":"https:\/\/tekelec.ma\/index.php\/wp-json\/wp\/v2\/product\/23424\/revisions\/24416"}],"wp:featuredmedia":[{"embeddable":true,"href":"https:\/\/tekelec.ma\/index.php\/wp-json\/wp\/v2\/media\/23425"}],"wp:attachment":[{"href":"https:\/\/tekelec.ma\/index.php\/wp-json\/wp\/v2\/media?parent=23424"}],"wp:term":[{"taxonomy":"product_brand","embeddable":true,"href":"https:\/\/tekelec.ma\/index.php\/wp-json\/wp\/v2\/product_brand?post=23424"},{"taxonomy":"product_cat","embeddable":true,"href":"https:\/\/tekelec.ma\/index.php\/wp-json\/wp\/v2\/product_cat?post=23424"},{"taxonomy":"product_tag","embeddable":true,"href":"https:\/\/tekelec.ma\/index.php\/wp-json\/wp\/v2\/product_tag?post=23424"}],"curies":[{"name":"wp","href":"https:\/\/api.w.org\/{rel}","templated":true}]}}