{"id":23432,"date":"2024-01-07T11:38:55","date_gmt":"2024-01-07T10:38:55","guid":{"rendered":"https:\/\/tekelec.ma\/?post_type=product&#038;p=23432"},"modified":"2025-08-02T16:39:29","modified_gmt":"2025-08-02T14:39:29","slug":"thermaltake-ah-t200-noir","status":"publish","type":"product","link":"https:\/\/tekelec.ma\/index.php\/product\/thermaltake-ah-t200-noir\/","title":{"rendered":"Thermaltake AH T200 &#8211; Noir"},"content":{"rendered":"<p>Un design unique, conception modulaire, 5 panneaux en verre tremp\u00e9, un format Mini Tour, le bo\u00eetier PC ouvert Thermaltake AH T200 offre un environnement de choix pour l&rsquo;ensemble de vos composants. B\u00e9n\u00e9ficiez d&rsquo;un refroidissement optimal, de 5 slots d&rsquo;extension et de trois ports USB (dont 1 USB-C) pour satisfaire tous vos besoins.<\/p>\n","protected":false},"excerpt":{"rendered":"<p><strong>CARACT\u00c9RISTIQUES PRINCIPALES :<\/strong><\/p>\n<ul>\n<li>Bo\u00eetier Mini Tour Open Frame<\/li>\n<li>Carte m\u00e8re compatible : mini-ITX, micro-ATX<\/li>\n<li>Verre tremp\u00e9 : 2 panneaux lat\u00e9raux 4 mm + 3 panneaux frontaux 3 mm<\/li>\n<li>Conception modulaire pour une installation adapt\u00e9e \u00e0 vos besoins<\/li>\n<li>Connectieurs sur le dessus : port USB Type C, 2 ports USB 3.0<\/li>\n<li>Jusqu&rsquo;\u00e0 4 emplacements pour ventilateurs 120 ou 140 mm<\/li>\n<li>Compatible watercooling (radiateur jusqu&rsquo;\u00e0 280 mm)<\/li>\n<li>Longueur max. alimentation : 180 mm<\/li>\n<li>Longueur max. carte graphique : 320 mm<\/li>\n<\/ul>\n","protected":false},"featured_media":23433,"comment_status":"open","ping_status":"closed","template":"","meta":[],"product_brand":[],"product_cat":[333,345],"product_tag":[],"class_list":{"0":"post-23432","1":"product","2":"type-product","3":"status-publish","4":"has-post-thumbnail","6":"product_cat-boitier-gamer","7":"product_cat-sur-commande","9":"first","10":"onbackorder","11":"shipping-taxable","12":"purchasable","13":"product-type-simple"},"aioseo_notices":[],"jetpack_sharing_enabled":true,"_links":{"self":[{"href":"https:\/\/tekelec.ma\/index.php\/wp-json\/wp\/v2\/product\/23432","targetHints":{"allow":["GET"]}}],"collection":[{"href":"https:\/\/tekelec.ma\/index.php\/wp-json\/wp\/v2\/product"}],"about":[{"href":"https:\/\/tekelec.ma\/index.php\/wp-json\/wp\/v2\/types\/product"}],"replies":[{"embeddable":true,"href":"https:\/\/tekelec.ma\/index.php\/wp-json\/wp\/v2\/comments?post=23432"}],"version-history":[{"count":1,"href":"https:\/\/tekelec.ma\/index.php\/wp-json\/wp\/v2\/product\/23432\/revisions"}],"predecessor-version":[{"id":24415,"href":"https:\/\/tekelec.ma\/index.php\/wp-json\/wp\/v2\/product\/23432\/revisions\/24415"}],"wp:featuredmedia":[{"embeddable":true,"href":"https:\/\/tekelec.ma\/index.php\/wp-json\/wp\/v2\/media\/23433"}],"wp:attachment":[{"href":"https:\/\/tekelec.ma\/index.php\/wp-json\/wp\/v2\/media?parent=23432"}],"wp:term":[{"taxonomy":"product_brand","embeddable":true,"href":"https:\/\/tekelec.ma\/index.php\/wp-json\/wp\/v2\/product_brand?post=23432"},{"taxonomy":"product_cat","embeddable":true,"href":"https:\/\/tekelec.ma\/index.php\/wp-json\/wp\/v2\/product_cat?post=23432"},{"taxonomy":"product_tag","embeddable":true,"href":"https:\/\/tekelec.ma\/index.php\/wp-json\/wp\/v2\/product_tag?post=23432"}],"curies":[{"name":"wp","href":"https:\/\/api.w.org\/{rel}","templated":true}]}}