{"id":23438,"date":"2024-01-07T11:46:39","date_gmt":"2024-01-07T10:46:39","guid":{"rendered":"https:\/\/tekelec.ma\/?post_type=product&#038;p=23438"},"modified":"2025-08-02T16:39:28","modified_gmt":"2025-08-02T14:39:28","slug":"corsair-3000d-airflow-atx","status":"publish","type":"product","link":"https:\/\/tekelec.ma\/index.php\/product\/corsair-3000d-airflow-atx\/","title":{"rendered":"Corsair 3000D Airflow &#8211; ATX"},"content":{"rendered":"<p>Le Corsair 3000D Airflow est un superbe bo\u00eetier PC Moyen Tour spacieux et optimis\u00e9 pour une parfaite circulation du flux d&rsquo;air. Il est sobre, efficace et b\u00e9n\u00e9ficie d&rsquo;un design minimaliste sublime. Capable d&rsquo;accueillir les composants les plus performants, il d\u00e9livre d&rsquo;excellentes performances de refroidissement gr\u00e2ce \u00e0 ses panneaux ajour\u00e9s (avant et sup\u00e9rieur) et \u00e0 ses nombreux emplacements pour ventilateurs. Son panneau lat\u00e9ral en verre tremp\u00e9 vous permettra d&rsquo;admirer chaque d\u00e9tail de votre configuration.<\/p>\n","protected":false},"excerpt":{"rendered":"<p><strong>Caract\u00e9ristiques &amp; Sp\u00e9cifications du bo\u00eetier :<br \/>\n<\/strong><\/p>\n<ul>\n<li>Panneau lat\u00e9ral transparent pour admirer l&rsquo;int\u00e9rieur de votre PC<\/li>\n<li>Syst\u00e8me de c\u00e2ble management avanc\u00e9 Corsair RapidRoute<\/li>\n<li>Panneau avant et panneau sup\u00e9rieur ajour\u00e9s pour une parfaite circulation de l&rsquo;air<\/li>\n<li>Grand potentiel de refroidissement avec jusqu&rsquo;\u00e0 8 ventilateurs 120 mm (2 ventilateurs AF120 Elite fournis)<\/li>\n<li>Compatible radiateur watercooling jusqu&rsquo;\u00e0 360 mm<\/li>\n<li>2x Ports USB 3.0 Type A sur le dessus<\/li>\n<li>Jusqu&rsquo;\u00e0 2 disques 2.5&Prime; ou 2 disques 3.5&Prime;<\/li>\n<\/ul>\n","protected":false},"featured_media":23439,"comment_status":"open","ping_status":"closed","template":"","meta":[],"product_brand":[],"product_cat":[333,345],"product_tag":[],"class_list":{"0":"post-23438","1":"product","2":"type-product","3":"status-publish","4":"has-post-thumbnail","6":"product_cat-boitier-gamer","7":"product_cat-sur-commande","9":"first","10":"onbackorder","11":"shipping-taxable","12":"purchasable","13":"product-type-simple"},"aioseo_notices":[],"jetpack_sharing_enabled":true,"_links":{"self":[{"href":"https:\/\/tekelec.ma\/index.php\/wp-json\/wp\/v2\/product\/23438","targetHints":{"allow":["GET"]}}],"collection":[{"href":"https:\/\/tekelec.ma\/index.php\/wp-json\/wp\/v2\/product"}],"about":[{"href":"https:\/\/tekelec.ma\/index.php\/wp-json\/wp\/v2\/types\/product"}],"replies":[{"embeddable":true,"href":"https:\/\/tekelec.ma\/index.php\/wp-json\/wp\/v2\/comments?post=23438"}],"version-history":[{"count":1,"href":"https:\/\/tekelec.ma\/index.php\/wp-json\/wp\/v2\/product\/23438\/revisions"}],"predecessor-version":[{"id":24414,"href":"https:\/\/tekelec.ma\/index.php\/wp-json\/wp\/v2\/product\/23438\/revisions\/24414"}],"wp:featuredmedia":[{"embeddable":true,"href":"https:\/\/tekelec.ma\/index.php\/wp-json\/wp\/v2\/media\/23439"}],"wp:attachment":[{"href":"https:\/\/tekelec.ma\/index.php\/wp-json\/wp\/v2\/media?parent=23438"}],"wp:term":[{"taxonomy":"product_brand","embeddable":true,"href":"https:\/\/tekelec.ma\/index.php\/wp-json\/wp\/v2\/product_brand?post=23438"},{"taxonomy":"product_cat","embeddable":true,"href":"https:\/\/tekelec.ma\/index.php\/wp-json\/wp\/v2\/product_cat?post=23438"},{"taxonomy":"product_tag","embeddable":true,"href":"https:\/\/tekelec.ma\/index.php\/wp-json\/wp\/v2\/product_tag?post=23438"}],"curies":[{"name":"wp","href":"https:\/\/api.w.org\/{rel}","templated":true}]}}