{"id":23446,"date":"2024-01-07T11:54:06","date_gmt":"2024-01-07T10:54:06","guid":{"rendered":"https:\/\/tekelec.ma\/?post_type=product&#038;p=23446"},"modified":"2025-08-02T16:39:28","modified_gmt":"2025-08-02T14:39:28","slug":"atx-nzxt-h510i","status":"publish","type":"product","link":"https:\/\/tekelec.ma\/index.php\/product\/atx-nzxt-h510i\/","title":{"rendered":"ATX NZXT H510i"},"content":{"rendered":"<p class=\"thread-title\"><strong><span class=\"text--b size--all-xl size--fromW3-xxl\">Boitier PC moyen-tour ATX NZXT H510i &#8211; My Hero All Might \u00e9dition limit\u00e9e<\/span><\/strong><\/p>\n<p>Pour ce bo\u00eetier H510i NZXT et My Hero Academia ont uni leurs forces pour concevoir le H510i All Might. Ce boitier en \u00e9dition limit\u00e9e est con\u00e7ue pour r\u00e9sister aux m\u00e9chants les plus dangereux. Il s&rsquo;inspire du h\u00e9ros num\u00e9ro un pour prot\u00e9ger les composants plac\u00e9s \u00e0 l&rsquo;int\u00e9rieur.<\/p>\n<p>Il peut recevoir une carte m\u00e8re au format Mini-ITX, Micro ATX et ATX avec une carte graphique de 381 mm. Respectant en tout point les standards impos\u00e9s par la s\u00e9rie H, il embarque la nouvelle version du contr\u00f4leur digital Smart Device V2. Ce contr\u00f4leur int\u00e9gre maintenant un microprocesseur plus rapide pour le contr\u00f4le par NZXT CAM et g\u00e8re deux canaux d&rsquo;\u00e9clairage HUE 2 RGB ainsi que trois canaux de ventilateur prenant en charge des ventilateurs \u00e0 r\u00e9gulation de tension ou PWM.<\/p>\n<p><strong>Caract\u00e9ristiques Techniques<br \/>\n<\/strong>Type de ch\u00e2ssis : Bo\u00eetier Moyen Tour<br \/>\nCarte M\u00e8re : ATX \/ Micro ATX \/ Mini-ITX<br \/>\nDimensions du bo\u00eetier : 210 x 460 x 428 mm<br \/>\nCartes graphiques : Jusqu&rsquo; \u00e0 381 mm<br \/>\nVentirad : Jusqu&rsquo;\u00e0 165 mm<br \/>\nEmplacements :<br \/>\n3.5&Prime;<\/p>\n<ul>\n<li>2 + 1 internes<\/li>\n<\/ul>\n<p>2.5&Prime;<\/p>\n<ul>\n<li>2 + 1 internes<\/li>\n<\/ul>\n<p>Connectique en fa\u00e7ade :<\/p>\n<ul>\n<li>1 x USB 3.1 Type-C<\/li>\n<li>1 x USB 3.0 Type-A<\/li>\n<li>1 x prise micro<\/li>\n<li>1 x prise casque<\/li>\n<\/ul>\n<p>Fonctionnalit\u00e9s<br \/>\nBoitier de contr\u00f4le intelligent :<\/p>\n<ul>\n<li>3 canaux de ventilateurs avec sortie maximale de 10 W par canal*<\/li>\n<li>1 port RGB LED pour jusqu&rsquo;\u00e0 4 bandes LED HUE2 ou 5 ventilateurs Aer RGB<\/li>\n<li>Module de d\u00e9tection sonore embarqu\u00e9<\/li>\n<li>2 bandes LED RGB adressables fournies<\/li>\n<\/ul>\n<p>*si vous utilisez un r\u00e9partiteur, le contr\u00f4le effectif d\u00e9pend du ventilateur connect\u00e9 au port \u00e0 4 broches. N&rsquo;utilisez pas d&rsquo;adaptateurs silencieux.<br \/>\nRefroidissement :<br \/>\nVentilateurs inclus :<\/p>\n<ul>\n<li>Haut : 1 x 120 mm (Aer F120 : 1200RPM \/ 50.42 CFM \/ 28 dBA) (compatible 1 x 140 mm)<\/li>\n<li>Arri\u00e8re : 1 x 120 mm (Aer F120 : 1200RPM \/ 50.42 CFM \/ 28 dBA)<\/li>\n<\/ul>\n<p>Emplacements suppl\u00e9mentaires :<\/p>\n<ul>\n<li>Fa\u00e7ade : 2 x 120 ou 2 x 140 mm<\/li>\n<\/ul>\n<p>Compatibilit\u00e9 watercooling :<\/p>\n<ul>\n<li>Fa\u00e7ade : 240 \/ 280 mm<\/li>\n<li>Arri\u00e8re : 120 mm<\/li>\n<\/ul>\n<p>Poids : 6.8 Kg<br \/>\nPorts d&rsquo;extension : 7+2<br \/>\nFiltres : En fa\u00e7ade et sous l&rsquo;alimentation<\/p>\n","protected":false},"excerpt":{"rendered":"<p>\u00c0 propos de cet article<\/p>\n<ul>\n<li>C\u00e9l\u00e8bre le Symbole de la Paix avec le H510i All Might. Rel\u00e8ve le d\u00e9fi et fais de ta configuration un v\u00e9ritable h\u00e9ros. Ton bo\u00eetier EST L\u00c0 !<\/li>\n<li>Bande LED RGB pr\u00e9install\u00e9e<\/li>\n<li>Support de fixation vertical pour carte graphique int\u00e9gr\u00e9<\/li>\n<li>Contr\u00f4leur RGB et ventilateur v2 compatible CAM inclus<\/li>\n<li>Kit de cheminement des c\u00e2bles inclus avec canaux et sangles<\/li>\n<\/ul>\n<p>Marque Nzxt Compatibilit\u00e9 de la carte m\u00e8re Mini ITX Type de cas Tour m\u00e9dian Usages recommand\u00e9s pour le produit Home Needs Couleur jaune Mat\u00e9riau Verre tremp\u00e9 M\u00e9thode de refroidissement Air Nom de mod\u00e8le H510 i All Might Taille du ventilateur 120 Millim\u00e8tres Nombre total de ports USB 1<\/p>\n","protected":false},"featured_media":23447,"comment_status":"open","ping_status":"closed","template":"","meta":[],"product_brand":[],"product_cat":[333,345],"product_tag":[],"class_list":{"0":"post-23446","1":"product","2":"type-product","3":"status-publish","4":"has-post-thumbnail","6":"product_cat-boitier-gamer","7":"product_cat-sur-commande","9":"first","10":"onbackorder","11":"shipping-taxable","12":"purchasable","13":"product-type-simple"},"aioseo_notices":[],"jetpack_sharing_enabled":true,"_links":{"self":[{"href":"https:\/\/tekelec.ma\/index.php\/wp-json\/wp\/v2\/product\/23446","targetHints":{"allow":["GET"]}}],"collection":[{"href":"https:\/\/tekelec.ma\/index.php\/wp-json\/wp\/v2\/product"}],"about":[{"href":"https:\/\/tekelec.ma\/index.php\/wp-json\/wp\/v2\/types\/product"}],"replies":[{"embeddable":true,"href":"https:\/\/tekelec.ma\/index.php\/wp-json\/wp\/v2\/comments?post=23446"}],"version-history":[{"count":1,"href":"https:\/\/tekelec.ma\/index.php\/wp-json\/wp\/v2\/product\/23446\/revisions"}],"predecessor-version":[{"id":24413,"href":"https:\/\/tekelec.ma\/index.php\/wp-json\/wp\/v2\/product\/23446\/revisions\/24413"}],"wp:featuredmedia":[{"embeddable":true,"href":"https:\/\/tekelec.ma\/index.php\/wp-json\/wp\/v2\/media\/23447"}],"wp:attachment":[{"href":"https:\/\/tekelec.ma\/index.php\/wp-json\/wp\/v2\/media?parent=23446"}],"wp:term":[{"taxonomy":"product_brand","embeddable":true,"href":"https:\/\/tekelec.ma\/index.php\/wp-json\/wp\/v2\/product_brand?post=23446"},{"taxonomy":"product_cat","embeddable":true,"href":"https:\/\/tekelec.ma\/index.php\/wp-json\/wp\/v2\/product_cat?post=23446"},{"taxonomy":"product_tag","embeddable":true,"href":"https:\/\/tekelec.ma\/index.php\/wp-json\/wp\/v2\/product_tag?post=23446"}],"curies":[{"name":"wp","href":"https:\/\/api.w.org\/{rel}","templated":true}]}}