{"id":23455,"date":"2024-01-07T11:59:58","date_gmt":"2024-01-07T10:59:58","guid":{"rendered":"https:\/\/tekelec.ma\/?post_type=product&#038;p=23455"},"modified":"2025-07-30T19:34:12","modified_gmt":"2025-07-30T17:34:12","slug":"asrock-z790-pg-sonic-lga1700-atx-ddr5","status":"publish","type":"product","link":"https:\/\/tekelec.ma\/index.php\/product\/asrock-z790-pg-sonic-lga1700-atx-ddr5\/","title":{"rendered":"ASRock Z790 PG Sonic &#8211; LGA1700 ATX DDR5"},"content":{"rendered":"<p>La carte m\u00e8re ASRock Z790 PG SONIC est le socle id\u00e9al pour fonder votre configuration bas\u00e9e sur un processeur Intel Raptor Lake. Sa conception int\u00e8gre le chipset Intel Z790 et un socket LGA 1700.<\/p>\n<p>Cette carte m\u00e8re au format ATX offre des fonctionnalit\u00e9s de pointe pour faire d\u00e9coller les performances de votre PC : 2 ports PCI-Express 16x (dont 1 renforc\u00e9) compatible AMD Crossfire, 5 ports M.2 compatibles NVMe , un processeur audio Realtek ALC897 et un contr\u00f4leur Killer E3100G 2.5Gb pour une connexion irr\u00e9prochable.<\/p>\n<p><strong>Caract\u00e9ristiques Techniques<br \/>\n<\/strong>Processeur : Intel\u00ae Core\u2122 i9 \/ i7 \/ i5 \/ i3 \/ Pentium\u00ae \/ Celeron\u00ae de 13\u00e8me et 12\u00e8me g\u00e9n\u00e9ration (Raptor Lake et Alder Lake)<br \/>\nChipset : Intel\u00ae Z790<br \/>\nSocket : LGA 1700<br \/>\n<strong><em>M\u00e9moire<br \/>\n<\/em><\/strong>Fr\u00e9quence de base max : 4800 MHz<br \/>\nFr\u00e9quence XMP max : 7200+ MHz<\/p>\n<ul>\n<li>4 x DIMM, Max. 128GB, DDR5 7200+(OC) \/ 6800(OC) \/ 6000(OC) \/ 5800(OC) \/ 5600(OC) \/ 5400(OC) \/ 5200(OC) \/ 5000(OC) \/ 4800 MHz Non-ECC, Un-buffered Memory<\/li>\n<li>Jusqu&rsquo;\u00e0 128 Go<\/li>\n<li>Support Extreme Memory Profile (XMP)<\/li>\n<\/ul>\n<p><strong><em>Ports d&rsquo;expansion<br \/>\n<\/em><\/strong>Processeur<\/p>\n<ul>\n<li>1 x PCI-Express 5.0 x16 (Fonctionne en x16)*<\/li>\n<\/ul>\n<p>Chipset<\/p>\n<ul>\n<li>1 x PCI-Express 4.0 x16 (Fonctionne en x4)<\/li>\n<li>1 x PCI-Express 3.0 x1<\/li>\n<\/ul>\n<p>*Si le port M2_5 est utilis\u00e9, ce port fonctionne en x8<br \/>\nMulti GPU : AMD Crossfire<br \/>\nPorts graphiques int\u00e9gr\u00e9s<\/p>\n<ul>\n<li>1 x DisplayPort 1.4 (r\u00e9solution max. 8K@60Hz)<\/li>\n<li>1 x HDMI 2.1 (r\u00e9solution max. 4K@60Hz)<\/li>\n<\/ul>\n<p><strong><em>Stockage<br \/>\n<\/em><\/strong>Processeur<\/p>\n<ul>\n<li>1 x M2 Socket (M2_1) Type 2280 PCIe 4.0 x4 (Compatible NVMe)<\/li>\n<li>1 x M2 Socket (M2_5) Type 2280 PCIe 5.0 x4 (Compatible NVMe)*<\/li>\n<\/ul>\n<p>Chipset<\/p>\n<ul>\n<li>3 x M2 Socket (M2_2_3_4) Type 2260\/2280 PCIe 4.0 x4 (Compatible NVMe)<\/li>\n<li>8 x SATA III 6 Gb\/s &#8211; compatible NVMe RAID 0\/1\/5, SATA RAID 0\/1\/5\/10<\/li>\n<\/ul>\n<p>*Quand le port M2_5 est occup\u00e9, le port PCIE1 fonctionne en x8<br \/>\nUSB<\/p>\n<ul>\n<li>1 x USB 3.2 Type C (interne)<\/li>\n<li>1 x USB 3.0 Type C (\u00e0 l&rsquo;arri\u00e8re)<\/li>\n<li>1 x USB 3.0 Type C (\u00e0 l&rsquo;arri\u00e8re)<\/li>\n<li>2 x USB 3.1 Type A (\u00e0 l&rsquo;arri\u00e8re)<\/li>\n<\/ul>\n<ul>\n<li>5 x USB 3.0 (4 \u00e0 l&rsquo;arri\u00e8re, 1 internes)<\/li>\n<li>4 x USB 2.0 (2 \u00e0 l&rsquo;arri\u00e8re, 2 internes)<\/li>\n<\/ul>\n<p>Audio<\/p>\n<ul>\n<li>Realtek ALC897<\/li>\n<li>HD 7.1<\/li>\n<\/ul>\n<p>R\u00e9seau : Killer E3100G 2.5Gb<br \/>\n<strong><em>Connecteurs d&rsquo;entr\u00e9es\/sorties internes<br \/>\n<\/em><\/strong>Ventilateurs et refroidissement :<\/p>\n<ul>\n<li>1 x connecteur (s) ventirad CPU 4 broches<\/li>\n<li>1 x connecteur (s) ventirad CPU \/ pompe AIO 4 broches<\/li>\n<li>1 x connecteur (s) ventilateur chassis 4 broches<\/li>\n<li>4 x connecteur (s) ventilateur chassis \/ pompe AIO 4 broches<\/li>\n<\/ul>\n<p>Alimentation :<\/p>\n<ul>\n<li>1 x connecteur (s) d&rsquo;alimentation ATX 24 broches<\/li>\n<li>2 x connecteur (s) d&rsquo;alimentation ATX 8 broches<\/li>\n<\/ul>\n<p>Stockage :<\/p>\n<ul>\n<li>5 x M.2 slots (Key M)<\/li>\n<li>8 x SATA 6Gb\/s ports<\/li>\n<\/ul>\n<p>USB :<\/p>\n<ul>\n<li>1 x connecteur (s) USB 3.2 Type C<\/li>\n<li>1 x connecteur (s) USB 3.0 (supportant deux ports USB 3.0 suppl\u00e9mentaires)<\/li>\n<li>2 x connecteur (s) USB 2.0 (supportant deux ports USB 3.0 suppl\u00e9mentaires)<\/li>\n<\/ul>\n<p>Autres :<\/p>\n<ul>\n<li>3 x connecteur (s) RGB adressable 3 broches<\/li>\n<li>1 x connecteur (s) RGB 4 broches<\/li>\n<li>1 x connecteur (s) SPI TPM<\/li>\n<li>1 x connecteur (s) panneau audio avant<\/li>\n<li>1 x connecteur (s) Thunderbolt\u2122<\/li>\n<\/ul>\n<p><strong><em>Connecteurs du Panneau Arri\u00e8re<br \/>\n<\/em><\/strong><\/p>\n<ul>\n<li>1 x USB 3.0 Type C<\/li>\n<li>2 x USB 3.1 Type A<\/li>\n<li>4 x USB 3.0 Type A<\/li>\n<li>2 x USB 2.0 Type A<\/li>\n<li>1 x RJ-45 2.5 Gb<\/li>\n<li>1 x HDMI<\/li>\n<li>1 x DisplayPort 1.4<\/li>\n<li>3 x jack audio<\/li>\n<\/ul>\n<p>BIOS : 128 Mb Flash ROM, UEFI AMI BIOS<br \/>\n<strong><em>Dimensions<br \/>\n<\/em><\/strong><\/p>\n<ul>\n<li>ATX<\/li>\n<li>30,5 x 24,4 cm<\/li>\n<\/ul>\n","protected":false},"excerpt":{"rendered":"<p>ASRock Z790 PG SONIC<\/p>\n<ul>\n<li>Design unique Sonic the Hedgehog en partenariat avec SEGA<\/li>\n<li>Compatible Processeurs Intel Core de 12\u00e8me et 13\u00e8me g\u00e9n\u00e9ration sur socket LGA1700<\/li>\n<li>14+1+1 Phases Dr.MOS VCore + GT<\/li>\n<li>Compatible DDR5 6800MHz (OC)<\/li>\n<li>1x M.2 PCIe 5.0 x4 + 4x M.2 PCIe 4.0 x4<\/li>\n<li>7.1 CH HD Audio (Realtek ALC897 Audio Codec), Nahimic Audio<\/li>\n<li>USB 3.1 + USB 3.2 20 Gbps (panneau avant)<\/li>\n<li>LAN 2.5 GbE<\/li>\n<li>Slot M.2 2230 libre pour module sans fil<\/li>\n<li>Compatible ASRock Polychrome SYNC<\/li>\n<\/ul>\n","protected":false},"featured_media":23456,"comment_status":"open","ping_status":"closed","template":"","meta":[],"product_brand":[],"product_cat":[308,345],"product_tag":[],"class_list":{"0":"post-23455","1":"product","2":"type-product","3":"status-publish","4":"has-post-thumbnail","6":"product_cat-cartes-meres","7":"product_cat-sur-commande","9":"first","10":"onbackorder","11":"shipping-taxable","12":"purchasable","13":"product-type-simple"},"aioseo_notices":[],"jetpack_sharing_enabled":true,"_links":{"self":[{"href":"https:\/\/tekelec.ma\/index.php\/wp-json\/wp\/v2\/product\/23455","targetHints":{"allow":["GET"]}}],"collection":[{"href":"https:\/\/tekelec.ma\/index.php\/wp-json\/wp\/v2\/product"}],"about":[{"href":"https:\/\/tekelec.ma\/index.php\/wp-json\/wp\/v2\/types\/product"}],"replies":[{"embeddable":true,"href":"https:\/\/tekelec.ma\/index.php\/wp-json\/wp\/v2\/comments?post=23455"}],"version-history":[{"count":1,"href":"https:\/\/tekelec.ma\/index.php\/wp-json\/wp\/v2\/product\/23455\/revisions"}],"predecessor-version":[{"id":24412,"href":"https:\/\/tekelec.ma\/index.php\/wp-json\/wp\/v2\/product\/23455\/revisions\/24412"}],"wp:featuredmedia":[{"embeddable":true,"href":"https:\/\/tekelec.ma\/index.php\/wp-json\/wp\/v2\/media\/23456"}],"wp:attachment":[{"href":"https:\/\/tekelec.ma\/index.php\/wp-json\/wp\/v2\/media?parent=23455"}],"wp:term":[{"taxonomy":"product_brand","embeddable":true,"href":"https:\/\/tekelec.ma\/index.php\/wp-json\/wp\/v2\/product_brand?post=23455"},{"taxonomy":"product_cat","embeddable":true,"href":"https:\/\/tekelec.ma\/index.php\/wp-json\/wp\/v2\/product_cat?post=23455"},{"taxonomy":"product_tag","embeddable":true,"href":"https:\/\/tekelec.ma\/index.php\/wp-json\/wp\/v2\/product_tag?post=23455"}],"curies":[{"name":"wp","href":"https:\/\/api.w.org\/{rel}","templated":true}]}}