{"id":23463,"date":"2024-01-07T12:09:39","date_gmt":"2024-01-07T11:09:39","guid":{"rendered":"https:\/\/tekelec.ma\/?post_type=product&#038;p=23463"},"modified":"2025-07-30T19:34:12","modified_gmt":"2025-07-30T17:34:12","slug":"asus-tuf-gaming-b760-plus-wifi-d4","status":"publish","type":"product","link":"https:\/\/tekelec.ma\/index.php\/product\/asus-tuf-gaming-b760-plus-wifi-d4\/","title":{"rendered":"Asus TUF Gaming B760-PLUS WiFi D4"},"content":{"rendered":"<p>La carte m\u00e8re ASUS TUF GAMING B760-PLUS WIFI D4 con\u00e7ue pour les processeurs Intel Core hybrides de 12\u00e8me et 13\u00e8me g\u00e9n\u00e9ration est id\u00e9ale pour l&rsquo;assemblage d&rsquo;une configuration gaming puissante. Les cartes m\u00e8res ASUS TUF Gaming sont pens\u00e9es et con\u00e7ues pour les Gamers exigeants \u00e0 la recherche de performances et de fiabilit\u00e9 \u00e0 long terme. Elles permettent de tirer parti du meilleur de leurs composants gr\u00e2ce \u00e0 une conception unique faite de mat\u00e9riaux robustes et d&rsquo;utilitaires exclusifs. Elles int\u00e8grent des fonctionnalit\u00e9s de jeu et associent les avantages des nouveaux processeurs Intel avec le design et les caract\u00e9ristiques embl\u00e9matiques d&rsquo;ASUS.<\/p>\n","protected":false},"excerpt":{"rendered":"<ul>\n<li>Support des processeurs Intel Core de 12\u00e8me et 13\u00e8me g\u00e9n\u00e9ration sur socket LGA 1700<\/li>\n<li>Support de la m\u00e9moire DDR4, jusqu&rsquo;\u00e0 5333 MHz (OC)<\/li>\n<li>3 emplacements M.2 PCIe 4.0 4x + 4 ports SATA 6 Gbps<\/li>\n<li>Port PCI-Express 5.0 16x<\/li>\n<li>ASUS TUF PROTECTION avec DIGI+ VRM, ESD Guards, LANGuard, Overvoltage Protection<\/li>\n<li>LAN 2.5 GbE<\/li>\n<li>Wi-Fi 6 AX\/Bluetooth 5.2<\/li>\n<li>Port USB 3.2 Type C<\/li>\n<li>Compatible Aura Sync et ventilateurs ARGB<\/li>\n<\/ul>\n","protected":false},"featured_media":23464,"comment_status":"open","ping_status":"closed","template":"","meta":[],"product_brand":[156],"product_cat":[308,345],"product_tag":[],"class_list":{"0":"post-23463","1":"product","2":"type-product","3":"status-publish","4":"has-post-thumbnail","6":"product_brand-asus","7":"product_cat-cartes-meres","8":"product_cat-sur-commande","10":"first","11":"onbackorder","12":"shipping-taxable","13":"purchasable","14":"product-type-simple"},"aioseo_notices":[],"jetpack_sharing_enabled":true,"_links":{"self":[{"href":"https:\/\/tekelec.ma\/index.php\/wp-json\/wp\/v2\/product\/23463","targetHints":{"allow":["GET"]}}],"collection":[{"href":"https:\/\/tekelec.ma\/index.php\/wp-json\/wp\/v2\/product"}],"about":[{"href":"https:\/\/tekelec.ma\/index.php\/wp-json\/wp\/v2\/types\/product"}],"replies":[{"embeddable":true,"href":"https:\/\/tekelec.ma\/index.php\/wp-json\/wp\/v2\/comments?post=23463"}],"version-history":[{"count":1,"href":"https:\/\/tekelec.ma\/index.php\/wp-json\/wp\/v2\/product\/23463\/revisions"}],"predecessor-version":[{"id":24411,"href":"https:\/\/tekelec.ma\/index.php\/wp-json\/wp\/v2\/product\/23463\/revisions\/24411"}],"wp:featuredmedia":[{"embeddable":true,"href":"https:\/\/tekelec.ma\/index.php\/wp-json\/wp\/v2\/media\/23464"}],"wp:attachment":[{"href":"https:\/\/tekelec.ma\/index.php\/wp-json\/wp\/v2\/media?parent=23463"}],"wp:term":[{"taxonomy":"product_brand","embeddable":true,"href":"https:\/\/tekelec.ma\/index.php\/wp-json\/wp\/v2\/product_brand?post=23463"},{"taxonomy":"product_cat","embeddable":true,"href":"https:\/\/tekelec.ma\/index.php\/wp-json\/wp\/v2\/product_cat?post=23463"},{"taxonomy":"product_tag","embeddable":true,"href":"https:\/\/tekelec.ma\/index.php\/wp-json\/wp\/v2\/product_tag?post=23463"}],"curies":[{"name":"wp","href":"https:\/\/api.w.org\/{rel}","templated":true}]}}