{"id":23472,"date":"2024-01-07T12:21:18","date_gmt":"2024-01-07T11:21:18","guid":{"rendered":"https:\/\/tekelec.ma\/?post_type=product&#038;p=23472"},"modified":"2025-08-02T16:39:28","modified_gmt":"2025-08-02T14:39:28","slug":"ventirad-thermalright-frost-tower-120mm","status":"publish","type":"product","link":"https:\/\/tekelec.ma\/index.php\/product\/ventirad-thermalright-frost-tower-120mm\/","title":{"rendered":"Ventirad Thermalright Frost Tower 120mm"},"content":{"rendered":"<ul>\n<li><strong>Caract\u00e9ristiques du produit<\/strong> : PT120 ; radiateur CPU ; dimensions : 125 (L) x 134 (l) x 154 (H) mm (4,92 x 5,28 x 6,06 pouces) ; mat\u00e9riau du radiateur : aluminium. Le corps principal adopte un design asym\u00e9trique \u00e0 double tour + technologie de base en cuivre pur finement sculpt\u00e9 pour \u00e9viter la carte graphique ou le dissipateur thermique de la carte m\u00e8re, le corps principal est enti\u00e8rement lattes en aluminium pour amener la zone de dissipation thermique maximale, combin\u00e9 avec une haute conductivit\u00e9 thermique de la p\u00e2te conductivit\u00e9 thermique, qui peut parfaitement apporter l&rsquo;effet de refroidissement le plus puissant du radiateur.<\/li>\n<li><strong>\u3010Compatibilit\u00e9\u3011<\/strong> Support de fente pour radiateur CPU : Intel LGA1150\/1151\/1155\/1156\/1200\/2011\/2066\/1700 ; AMD : AM4\/AM5 ; pour diff\u00e9rentes plates-formes de fente de CPU, fournir la plaque de montage ou les fixations appropri\u00e9es, peut \u00eatre combin\u00e9 avec le manuel d&rsquo;installation ou suivez le tutu orial pour acc\u00e9der \u00e0 la Machine \u00e0 obtenir.<\/li>\n<\/ul>\n","protected":false},"excerpt":{"rendered":"<ul>\n<li>\u30102 ventilateurs PWM\u3011 TL-C12 PRO-G\u00d72 ; taille standard du ventilateur PWM de qualit\u00e9 industrielle : 120 x 120 x 25 mm (4,72 x 4,72 x 0,98 pouces) ; vitesse du ventilateur (RPM): 1850 rpm\u00b110 % ; raccordement \u00e9lectrique : 4 broches ; tension : 12 V ; air Courant : 82 CFM (max); Niveau sonore \u2264 29.6dB(A). Le ventilateur haute performance combin\u00e9 au dissipateur thermique efficace assure le meilleur effet de refroidissement.<\/li>\n<\/ul>\n","protected":false},"featured_media":23473,"comment_status":"open","ping_status":"closed","template":"","meta":[],"product_brand":[],"product_cat":[345,309],"product_tag":[],"class_list":{"0":"post-23472","1":"product","2":"type-product","3":"status-publish","4":"has-post-thumbnail","6":"product_cat-sur-commande","7":"product_cat-ventirad","9":"first","10":"onbackorder","11":"shipping-taxable","12":"purchasable","13":"product-type-simple"},"aioseo_notices":[],"jetpack_sharing_enabled":true,"_links":{"self":[{"href":"https:\/\/tekelec.ma\/index.php\/wp-json\/wp\/v2\/product\/23472","targetHints":{"allow":["GET"]}}],"collection":[{"href":"https:\/\/tekelec.ma\/index.php\/wp-json\/wp\/v2\/product"}],"about":[{"href":"https:\/\/tekelec.ma\/index.php\/wp-json\/wp\/v2\/types\/product"}],"replies":[{"embeddable":true,"href":"https:\/\/tekelec.ma\/index.php\/wp-json\/wp\/v2\/comments?post=23472"}],"version-history":[{"count":1,"href":"https:\/\/tekelec.ma\/index.php\/wp-json\/wp\/v2\/product\/23472\/revisions"}],"predecessor-version":[{"id":24410,"href":"https:\/\/tekelec.ma\/index.php\/wp-json\/wp\/v2\/product\/23472\/revisions\/24410"}],"wp:featuredmedia":[{"embeddable":true,"href":"https:\/\/tekelec.ma\/index.php\/wp-json\/wp\/v2\/media\/23473"}],"wp:attachment":[{"href":"https:\/\/tekelec.ma\/index.php\/wp-json\/wp\/v2\/media?parent=23472"}],"wp:term":[{"taxonomy":"product_brand","embeddable":true,"href":"https:\/\/tekelec.ma\/index.php\/wp-json\/wp\/v2\/product_brand?post=23472"},{"taxonomy":"product_cat","embeddable":true,"href":"https:\/\/tekelec.ma\/index.php\/wp-json\/wp\/v2\/product_cat?post=23472"},{"taxonomy":"product_tag","embeddable":true,"href":"https:\/\/tekelec.ma\/index.php\/wp-json\/wp\/v2\/product_tag?post=23472"}],"curies":[{"name":"wp","href":"https:\/\/api.w.org\/{rel}","templated":true}]}}