{"id":23557,"date":"2024-01-07T13:57:26","date_gmt":"2024-01-07T12:57:26","guid":{"rendered":"https:\/\/tekelec.ma\/?post_type=product&#038;p=23557"},"modified":"2025-08-02T16:39:28","modified_gmt":"2025-08-02T14:39:28","slug":"corsair-vengeance-rvb-ddr5","status":"publish","type":"product","link":"https:\/\/tekelec.ma\/index.php\/product\/corsair-vengeance-rvb-ddr5\/","title":{"rendered":"Corsair Vengeance RVB DDR5"},"content":{"rendered":"<p class=\"thread-title\"><strong><span class=\"text--b size--all-xl size--fromW3-xxl\">M\u00e9moire Corsair Vengeance RVB DDR5 6000 MHz Intel XMP 32 Go (2&#215;16 Go) &#8211; PC5-48000 &#8211; CL36 Noir<\/span><\/strong><\/p>\n<ul>\n<li><strong>\u00c9clairage RVB dynamique \u00e0 dix zones :<\/strong>\u00a0illuminez votre syst\u00e8me avec dix LED RVB adressables individuellement ultra-lumineuses par module, enferm\u00e9es dans une barre lumineuse panoramique pour un \u00e9clairage RVB vif sous n&rsquo;importe quel angle de vue.<\/li>\n<li><strong>R\u00e9gulation de tension int\u00e9gr\u00e9e :<\/strong>\u00a0permet un overclocking plus facile, plus pr\u00e9cis et plus stable via le logiciel CORSAIR iCUE que le contr\u00f4le de la carte m\u00e8re de la g\u00e9n\u00e9ration pr\u00e9c\u00e9dente.<\/li>\n<li><strong>Profils Intel\u00ae XMP 3.0 personnalis\u00e9s :<\/strong>\u00a0personnalisez et enregistrez vos propres profils XMP via iCUE pour adapter les performances par application ou t\u00e2che pour une plus grande efficacit\u00e9.<\/li>\n<li><strong>Cr\u00e9ez et personnalisez :<\/strong>\u00a0choisissez parmi des dizaines de profils d&rsquo;\u00e9clairage pr\u00e9d\u00e9finis ou cr\u00e9ez le v\u00f4tre dans iCUE.<\/li>\n<li><strong>Bande passante la plus \u00e9lev\u00e9e et temps de r\u00e9ponse serr\u00e9s \u2013<\/strong>\u00a0Optimis\u00e9 pour des performances optimales sur les derni\u00e8res cartes m\u00e8res Intel\u00ae DDR5.<\/li>\n<li><strong>PCB de performance personnalis\u00e9 &#8211;<\/strong>\u00a0Fournit la meilleure qualit\u00e9 de signal pour le plus haut niveau de performance et de stabilit\u00e9.<\/li>\n<li><strong>M\u00e9moire adapt\u00e9e \u00e0 l&rsquo;\u00e9cran :<\/strong>\u00a0puces de m\u00e9moire soigneusement s\u00e9lectionn\u00e9es pour un plus grand potentiel d&rsquo;overclocking.<\/li>\n<li><strong>Puissant logiciel CORSAIR iCUE :<\/strong>\u00a0contr\u00f4le d&rsquo;\u00e9clairage RVB dynamique synchronis\u00e9 sur les param\u00e8tres iCUE, lectures de fr\u00e9quence et de temp\u00e9rature en temps r\u00e9el, r\u00e9gulation de tension int\u00e9gr\u00e9e et profils XMP personnalis\u00e9s.<\/li>\n<li><strong>Dissipateur thermique \u00e9l\u00e9gant en aluminium massif :<\/strong>\u00a0\u00c9loigne efficacement la chaleur de votre m\u00e9moire, avec un style VENGEANCE raffin\u00e9 qui correspond \u00e0 l&rsquo;apparence des syst\u00e8mes modernes.<\/li>\n<\/ul>\n","protected":false},"excerpt":{"rendered":"<ul>\n<li>Vitesse : DDR5 6000 MHz<\/li>\n<li>Latence test\u00e9e : 36-44-44-96<\/li>\n<li>Tension : 1,4 V<\/li>\n<li>Format : DIMM<\/li>\n<li>DEL : RVB<\/li>\n<li>PMIC : Overclocking PMIC<\/li>\n<li>Contr\u00f4le logiciel : Corsair iCUE<\/li>\n<li>Brochage : 288<\/li>\n<li>Intel\u00ae XMP 3.0<\/li>\n<li>Dissipateur thermique : Aluminium<\/li>\n<li>Compatibilit\u00e9 : Intel s\u00e9rie 600 et s\u00e9rie 700<\/li>\n<li>Dimensions du module (L x l x H) : 138 x 7 x 45 mm<\/li>\n<li>Poids : 0,048 kg<\/li>\n<li>Dimensions avec emballage : 131 x 11 x 162 mm<\/li>\n<li>Poids emball\u00e9 : 0,15 kg<\/li>\n<\/ul>\n","protected":false},"featured_media":23558,"comment_status":"open","ping_status":"closed","template":"","meta":[],"product_brand":[],"product_cat":[311,345],"product_tag":[],"class_list":{"0":"post-23557","1":"product","2":"type-product","3":"status-publish","4":"has-post-thumbnail","6":"product_cat-ram","7":"product_cat-sur-commande","9":"first","10":"onbackorder","11":"shipping-taxable","12":"purchasable","13":"product-type-simple"},"aioseo_notices":[],"jetpack_sharing_enabled":true,"_links":{"self":[{"href":"https:\/\/tekelec.ma\/index.php\/wp-json\/wp\/v2\/product\/23557","targetHints":{"allow":["GET"]}}],"collection":[{"href":"https:\/\/tekelec.ma\/index.php\/wp-json\/wp\/v2\/product"}],"about":[{"href":"https:\/\/tekelec.ma\/index.php\/wp-json\/wp\/v2\/types\/product"}],"replies":[{"embeddable":true,"href":"https:\/\/tekelec.ma\/index.php\/wp-json\/wp\/v2\/comments?post=23557"}],"version-history":[{"count":1,"href":"https:\/\/tekelec.ma\/index.php\/wp-json\/wp\/v2\/product\/23557\/revisions"}],"predecessor-version":[{"id":24403,"href":"https:\/\/tekelec.ma\/index.php\/wp-json\/wp\/v2\/product\/23557\/revisions\/24403"}],"wp:featuredmedia":[{"embeddable":true,"href":"https:\/\/tekelec.ma\/index.php\/wp-json\/wp\/v2\/media\/23558"}],"wp:attachment":[{"href":"https:\/\/tekelec.ma\/index.php\/wp-json\/wp\/v2\/media?parent=23557"}],"wp:term":[{"taxonomy":"product_brand","embeddable":true,"href":"https:\/\/tekelec.ma\/index.php\/wp-json\/wp\/v2\/product_brand?post=23557"},{"taxonomy":"product_cat","embeddable":true,"href":"https:\/\/tekelec.ma\/index.php\/wp-json\/wp\/v2\/product_cat?post=23557"},{"taxonomy":"product_tag","embeddable":true,"href":"https:\/\/tekelec.ma\/index.php\/wp-json\/wp\/v2\/product_tag?post=23557"}],"curies":[{"name":"wp","href":"https:\/\/api.w.org\/{rel}","templated":true}]}}