{"id":23618,"date":"2024-01-07T21:57:37","date_gmt":"2024-01-07T20:57:37","guid":{"rendered":"https:\/\/tekelec.ma\/?post_type=product&#038;p=23618"},"modified":"2025-05-07T12:28:42","modified_gmt":"2025-05-07T10:28:42","slug":"tekelec-gamer-erazer-engineer-p10","status":"publish","type":"product","link":"https:\/\/tekelec.ma\/index.php\/product\/tekelec-gamer-erazer-engineer-p10\/","title":{"rendered":"Tekelec Gamer Erazer Engineer P10"},"content":{"rendered":"<table width=\"100%\" cellspacing=\"0\" cellpadding=\"2\">\n<tbody>\n<tr bgcolor=\"#ffffff\">\n<td align=\"left\"><b>Carte video<\/b><\/td>\n<td colspan=\"2\"><\/td>\n<\/tr>\n<tr bgcolor=\"#ffffff\">\n<td><\/td>\n<td>Type de carte graphique<\/td>\n<td>d\u00e9di\u00e9e<\/td>\n<\/tr>\n<tr bgcolor=\"#ffffff\">\n<td><\/td>\n<td>Avantage de la carte graphique d\u00e9di\u00e9e<\/td>\n<td>Une carte graphique d\u00e9di\u00e9e est indispensable pour faire du traitement photo ou vid\u00e9o, ainsi que pour jouer \u00e0 des jeux vid\u00e9os exigeants en terme de ressources.<\/td>\n<\/tr>\n<tr bgcolor=\"#ffffff\">\n<td><\/td>\n<td>Mod\u00e8le<\/td>\n<td>Nvidia GeForce RTX 3060 Ti<\/td>\n<\/tr>\n<tr bgcolor=\"#ffffff\">\n<td><\/td>\n<td>Type de m\u00e9moire<\/td>\n<td>GDDR6<\/td>\n<\/tr>\n<tr bgcolor=\"#ffffff\">\n<td><\/td>\n<td>Compatible r\u00e9alit\u00e9 virtuelle<\/td>\n<td>Non<\/td>\n<\/tr>\n<tr bgcolor=\"#ffffff\">\n<td><\/td>\n<td>M\u00e9moire<\/td>\n<td>8 Go<\/td>\n<\/tr>\n<tr bgcolor=\"#f2f2f2\">\n<td align=\"left\"><b>Processeur cpu<\/b><\/td>\n<td colspan=\"2\"><\/td>\n<\/tr>\n<tr bgcolor=\"#f2f2f2\">\n<td><\/td>\n<td>Processeur<\/td>\n<td>Intel Core i7-12700<\/td>\n<\/tr>\n<tr bgcolor=\"#f2f2f2\">\n<td><\/td>\n<td>Fr\u00e9quence Turboboost (en GHz)<\/td>\n<td>4.9<\/td>\n<\/tr>\n<tr bgcolor=\"#f2f2f2\">\n<td><\/td>\n<td>Le + du Turboboost<\/td>\n<td>donne automatiquement \u00e0 votre processeur plus de vitesse en cas de besoin<\/td>\n<\/tr>\n<tr bgcolor=\"#f2f2f2\">\n<td><\/td>\n<td>Fr\u00e9quence du processeur (en GHz)<\/td>\n<td>2.1<\/td>\n<\/tr>\n<tr bgcolor=\"#f2f2f2\">\n<td><\/td>\n<td>Nombre de coeurs du processeur<\/td>\n<td>12<\/td>\n<\/tr>\n<tr bgcolor=\"#f2f2f2\">\n<td><\/td>\n<td>Int\u00e9r\u00eat du nombre de coeurs<\/td>\n<td>un nombre de coeur important vous permettra d&rsquo;effectuer plus de t\u00e2ches en simultann\u00e9<\/td>\n<\/tr>\n<tr bgcolor=\"#f2f2f2\">\n<td><\/td>\n<td>M\u00e9moire cache du processeur<\/td>\n<td>25 Mo<\/td>\n<\/tr>\n<tr bgcolor=\"#f2f2f2\">\n<td><\/td>\n<td>M\u00e9moire vive<\/td>\n<td>16 Go<\/td>\n<\/tr>\n<tr bgcolor=\"#f2f2f2\">\n<td><\/td>\n<td>Format de m\u00e9moire vive<\/td>\n<td>DDR4 So-DIMM<\/td>\n<\/tr>\n<tr bgcolor=\"#f2f2f2\">\n<td><\/td>\n<td>Fr\u00e9quence (en MHz)<\/td>\n<td>3200<\/td>\n<\/tr>\n<tr bgcolor=\"#f2f2f2\">\n<td><\/td>\n<td>Nombre de barettes<\/td>\n<td>2<\/td>\n<\/tr>\n<tr bgcolor=\"#f2f2f2\">\n<td><\/td>\n<td>Capacit\u00e9 de m\u00e9moire maximale<\/td>\n<td>64 Go<\/td>\n<\/tr>\n<tr bgcolor=\"#f2f2f2\">\n<td><\/td>\n<td>R\u00e9tro-\u00e9clairage du processeur<\/td>\n<td>non communiqu\u00e9<\/td>\n<\/tr>\n<tr bgcolor=\"#f2f2f2\">\n<td><\/td>\n<td>R\u00e9tro-\u00e9clairage de la m\u00e9moire vive (RAM)<\/td>\n<td>non communiqu\u00e9<\/td>\n<\/tr>\n<tr bgcolor=\"#ffffff\">\n<td align=\"left\"><b>Carte mere<\/b><\/td>\n<td colspan=\"2\"><\/td>\n<\/tr>\n<tr bgcolor=\"#ffffff\">\n<td><\/td>\n<td>Mod\u00e8le<\/td>\n<td>B660<\/td>\n<\/tr>\n<tr bgcolor=\"#ffffff\">\n<td><\/td>\n<td>Format de carte m\u00e8re<\/td>\n<td>Micro ATX<\/td>\n<\/tr>\n<tr bgcolor=\"#ffffff\">\n<td><\/td>\n<td>Socket<\/td>\n<td>LGA1700<\/td>\n<\/tr>\n<tr bgcolor=\"#ffffff\">\n<td><\/td>\n<td>Chipset<\/td>\n<td>Intel B660 Express<\/td>\n<\/tr>\n<tr bgcolor=\"#ffffff\">\n<td><\/td>\n<td>Type de m\u00e9moire<\/td>\n<td>DDR 4<\/td>\n<\/tr>\n<tr bgcolor=\"#ffffff\">\n<td><\/td>\n<td>Technologie m\u00e9moire<\/td>\n<td>Dual Channel<\/td>\n<\/tr>\n<tr bgcolor=\"#ffffff\">\n<td><\/td>\n<td>Nombre de connecteurs pour ventilateur<\/td>\n<td>3<\/td>\n<\/tr>\n<tr bgcolor=\"#f2f2f2\">\n<td align=\"left\"><b>Stockage<\/b><\/td>\n<td colspan=\"2\"><\/td>\n<\/tr>\n<tr bgcolor=\"#f2f2f2\">\n<td><\/td>\n<td>Type<\/td>\n<td>SSD pour plus de rapidit\u00e9<\/td>\n<\/tr>\n<tr bgcolor=\"#f2f2f2\">\n<td><\/td>\n<td>Capacit\u00e9 totale de stockage<\/td>\n<td>SSD 1 To<\/td>\n<\/tr>\n<tr bgcolor=\"#f2f2f2\">\n<td><\/td>\n<td>Branchement<\/td>\n<td>SATA<\/td>\n<\/tr>\n<tr bgcolor=\"#f2f2f2\">\n<td><\/td>\n<td>Lecteur de carte m\u00e9moire<\/td>\n<td>Non<\/td>\n<\/tr>\n<tr bgcolor=\"#ffffff\">\n<td align=\"left\"><b>Connexion<\/b><\/td>\n<td colspan=\"2\"><\/td>\n<\/tr>\n<tr bgcolor=\"#ffffff\">\n<td><\/td>\n<td>Norme Wifi<\/td>\n<td>Non<\/td>\n<\/tr>\n<tr bgcolor=\"#ffffff\">\n<td><\/td>\n<td>Bluetooth<\/td>\n<td>Non<\/td>\n<\/tr>\n<tr bgcolor=\"#ffffff\">\n<td><\/td>\n<td>Airplay<\/td>\n<td>non concern\u00e9<\/td>\n<\/tr>\n<tr bgcolor=\"#f2f2f2\">\n<td align=\"left\"><b>Connectiques<\/b><\/td>\n<td colspan=\"2\"><\/td>\n<\/tr>\n<tr bgcolor=\"#f2f2f2\">\n<td><\/td>\n<td>USB 2.0<\/td>\n<td>2<\/td>\n<\/tr>\n<tr bgcolor=\"#f2f2f2\">\n<td><\/td>\n<td>USB 3.0<\/td>\n<td>6<\/td>\n<\/tr>\n<tr bgcolor=\"#f2f2f2\">\n<td><\/td>\n<td>HDMI<\/td>\n<td>1<\/td>\n<\/tr>\n<tr bgcolor=\"#f2f2f2\">\n<td><\/td>\n<td>Display port<\/td>\n<td>3<\/td>\n<\/tr>\n<tr bgcolor=\"#f2f2f2\">\n<td><\/td>\n<td>Prise casque<\/td>\n<td>1<\/td>\n<\/tr>\n<tr bgcolor=\"#f2f2f2\">\n<td><\/td>\n<td>Ethernet (RJ45)<\/td>\n<td>1<\/td>\n<\/tr>\n<tr bgcolor=\"#ffffff\">\n<td align=\"left\"><b>Points forts<\/b><\/td>\n<td colspan=\"2\"><\/td>\n<\/tr>\n<tr bgcolor=\"#ffffff\">\n<td><\/td>\n<td>Processeur<\/td>\n<td>Intel Core i7-12700<\/td>\n<\/tr>\n<tr bgcolor=\"#ffffff\">\n<td><\/td>\n<td>M\u00e9moire vive<\/td>\n<td>16 Go<\/td>\n<\/tr>\n<tr bgcolor=\"#ffffff\">\n<td><\/td>\n<td>Stockage<\/td>\n<td>SSD 1 To<\/td>\n<\/tr>\n<tr bgcolor=\"#ffffff\">\n<td><\/td>\n<td>Carte graphique<\/td>\n<td>Nvidia GeForce RTX 3060 Ti<\/td>\n<\/tr>\n<tr bgcolor=\"#f2f2f2\">\n<td align=\"left\"><b>Alimentation et refroidissement<\/b><\/td>\n<td colspan=\"2\"><\/td>\n<\/tr>\n<tr bgcolor=\"#f2f2f2\">\n<td><\/td>\n<td>Alimentation<\/td>\n<td>650 W<\/td>\n<\/tr>\n<tr bgcolor=\"#f2f2f2\">\n<td><\/td>\n<td>Refroidissement<\/td>\n<td>ventilateur<\/td>\n<\/tr>\n<tr bgcolor=\"#ffffff\">\n<td align=\"left\"><b>Logiciels<\/b><\/td>\n<td colspan=\"2\"><\/td>\n<\/tr>\n<tr bgcolor=\"#ffffff\">\n<td><\/td>\n<td>Syst\u00e8me d&rsquo;exploitation<\/td>\n<td>Windows 11<\/td>\n<\/tr>\n<tr bgcolor=\"#ffffff\">\n<td><\/td>\n<td>Anti virus pr\u00e9 install\u00e9<\/td>\n<td>valable 30 jours apr\u00e8s activation<\/td>\n<\/tr>\n<tr bgcolor=\"#ffffff\">\n<td><\/td>\n<td>Pack Microsoft Office pr\u00e9 install\u00e9<\/td>\n<td>valable 30 jours apr\u00e8s activation<\/td>\n<\/tr>\n<tr bgcolor=\"#ffffff\">\n<td><\/td>\n<td>Logiciels fournis<\/td>\n<td>Cyberlink Power Recovery<\/td>\n<\/tr>\n<tr bgcolor=\"#f2f2f2\">\n<td align=\"left\"><b>Contenu du carton<\/b><\/td>\n<td colspan=\"2\"><\/td>\n<\/tr>\n<tr bgcolor=\"#f2f2f2\">\n<td><\/td>\n<td>Livr\u00e9 avec<\/td>\n<td>C\u00e2ble secteur, Clavier: Non, Souris: Filaire USB<\/td>\n<\/tr>\n<tr bgcolor=\"#ffffff\">\n<td align=\"left\"><b>Dimensions<\/b><\/td>\n<td colspan=\"2\"><\/td>\n<\/tr>\n<tr bgcolor=\"#ffffff\">\n<td><\/td>\n<td>Dimensions l x h x p<\/td>\n<td>385 x 170 x 380 cm<\/td>\n<\/tr>\n<tr bgcolor=\"#ffffff\">\n<td><\/td>\n<td>Poids Net<\/td>\n<td>7.578 kg<\/td>\n<\/tr>\n<tr bgcolor=\"#f2f2f2\">\n<td align=\"left\"><b>Services inclus<\/b><\/td>\n<td colspan=\"2\"><\/td>\n<\/tr>\n<tr bgcolor=\"#f2f2f2\">\n<td><\/td>\n<td>Fabriqu\u00e9 en<\/td>\n<td>Chine<\/td>\n<\/tr>\n<tr bgcolor=\"#f2f2f2\">\n<td><\/td>\n<td>Disponibilit\u00e9 des pi\u00e8ces d\u00e9tach\u00e9es (donn\u00e9es fournisseur)<\/td>\n<td>Pendant 5 ans, \u00e0 compter de la date de fabrication<\/td>\n<\/tr>\n<tr bgcolor=\"#f2f2f2\">\n<td><\/td>\n<td>R\u00e9f\u00e9rence constructeur<\/td>\n<td>ERAZER ENGINEER P10 MD35354<\/td>\n<\/tr>\n<tr bgcolor=\"#f2f2f2\">\n<td><\/td>\n<td>Marque<\/td>\n<td>MEDION<\/td>\n<\/tr>\n<\/tbody>\n<\/table>\n","protected":false},"excerpt":{"rendered":"<p class=\"thread-title\"><strong><span class=\"text--b size--all-xl size--fromW3-xxl\">PC Gamer Erazer Engineer P10 MD35354 &#8211; i7-12700, RTX 3060 Ti, 1 To de SSD, 16 Go de RAM, Win.11<\/span><\/strong><\/p>\n<p>&nbsp;<\/p>\n","protected":false},"featured_media":23764,"comment_status":"open","ping_status":"closed","template":"","meta":[],"product_brand":[],"product_cat":[317],"product_tag":[],"class_list":{"0":"post-23618","1":"product","2":"type-product","3":"status-publish","4":"has-post-thumbnail","6":"product_cat-pc-gamer","8":"first","9":"outofstock","10":"shipping-taxable","11":"purchasable","12":"product-type-simple"},"aioseo_notices":[],"jetpack_sharing_enabled":true,"_links":{"self":[{"href":"https:\/\/tekelec.ma\/index.php\/wp-json\/wp\/v2\/product\/23618","targetHints":{"allow":["GET"]}}],"collection":[{"href":"https:\/\/tekelec.ma\/index.php\/wp-json\/wp\/v2\/product"}],"about":[{"href":"https:\/\/tekelec.ma\/index.php\/wp-json\/wp\/v2\/types\/product"}],"replies":[{"embeddable":true,"href":"https:\/\/tekelec.ma\/index.php\/wp-json\/wp\/v2\/comments?post=23618"}],"version-history":[{"count":0,"href":"https:\/\/tekelec.ma\/index.php\/wp-json\/wp\/v2\/product\/23618\/revisions"}],"wp:featuredmedia":[{"embeddable":true,"href":"https:\/\/tekelec.ma\/index.php\/wp-json\/wp\/v2\/media\/23764"}],"wp:attachment":[{"href":"https:\/\/tekelec.ma\/index.php\/wp-json\/wp\/v2\/media?parent=23618"}],"wp:term":[{"taxonomy":"product_brand","embeddable":true,"href":"https:\/\/tekelec.ma\/index.php\/wp-json\/wp\/v2\/product_brand?post=23618"},{"taxonomy":"product_cat","embeddable":true,"href":"https:\/\/tekelec.ma\/index.php\/wp-json\/wp\/v2\/product_cat?post=23618"},{"taxonomy":"product_tag","embeddable":true,"href":"https:\/\/tekelec.ma\/index.php\/wp-json\/wp\/v2\/product_tag?post=23618"}],"curies":[{"name":"wp","href":"https:\/\/api.w.org\/{rel}","templated":true}]}}