{"id":23630,"date":"2024-01-07T22:24:26","date_gmt":"2024-01-07T21:24:26","guid":{"rendered":"https:\/\/tekelec.ma\/?post_type=product&#038;p=23630"},"modified":"2025-05-07T12:28:33","modified_gmt":"2025-05-07T10:28:33","slug":"tekelec-gamer-msi-mag-infinite-s3","status":"publish","type":"product","link":"https:\/\/tekelec.ma\/index.php\/product\/tekelec-gamer-msi-mag-infinite-s3\/","title":{"rendered":"Tekelec Gamer MSI MAG Infinite S3"},"content":{"rendered":"<p><span class=\"sc-71312023-2 gxNtvJ\"><strong><span class=\"text--b size--all-xl size--fromW3-xxl\">MSI MAG Infinite S3 Intel Core i5-13400F, 32 Go, 1000 Go, SSD RTX 4060 ti<\/span><\/strong><\/span><\/p>\n<table class=\"sc-55448459-0 PbYwy\">\n<caption class=\"sc-55448459-4 cRYxnE\">\n<p class=\"sc-72c19e7e-3 sc-55448459-2 jOIICb cUAGlL\" style=\"text-align: center;\"><strong>Sp\u00e9cifications principales<\/strong><\/p>\n<\/caption>\n<tbody>\n<tr class=\"sc-55448459-3 kvkTdT\">\n<td class=\"sc-55448459-5 cUZFTB\">Type de PC<\/td>\n<td class=\"sc-55448459-5 cUZFTB\">\n<div class=\"sc-bfa4f9d3-0 hWkpoS\">\n<div><span class=\"sc-fce5a300-0 bxhZem\">PC gaming<\/span><\/div>\n<\/div>\n<\/td>\n<\/tr>\n<tr class=\"sc-55448459-3 kvkTdT\">\n<td class=\"sc-55448459-5 cUZFTB\">Famille de processeur<\/td>\n<td class=\"sc-55448459-5 cUZFTB\">\n<div class=\"sc-bfa4f9d3-0 hWkpoS\">\n<div><span class=\"sc-fce5a300-0 bxhZem\">Core i5 13e g\u00e9n\u00e9ration<\/span><\/div>\n<\/div>\n<\/td>\n<\/tr>\n<tr class=\"sc-55448459-3 kvkTdT\">\n<td class=\"sc-55448459-5 cUZFTB\">Mod\u00e8le de carte graphique<\/td>\n<td class=\"sc-55448459-5 cUZFTB\">\n<div class=\"sc-bfa4f9d3-0 hWkpoS\">\n<div><span class=\"sc-fce5a300-0 bxhZem\">RTX 4060 Ti<\/span><\/div>\n<\/div>\n<\/td>\n<\/tr>\n<tr class=\"sc-55448459-3 kvkTdT\">\n<td class=\"sc-55448459-5 cUZFTB\">Version du syst\u00e8me d&rsquo;exploitation<\/td>\n<td class=\"sc-55448459-5 cUZFTB\">\n<div class=\"sc-bfa4f9d3-0 hWkpoS\">\n<div><span class=\"sc-fce5a300-0 bxhZem\">Windows 11 Home<\/span><\/div>\n<\/div>\n<\/td>\n<\/tr>\n<tr class=\"sc-55448459-3 kvkTdT\">\n<td class=\"sc-55448459-5 cUZFTB\">Connexions en fa\u00e7ade<\/td>\n<td class=\"sc-55448459-5 cUZFTB\">\n<div class=\"sc-bfa4f9d3-0 hWkpoS\">\n<div><span class=\"sc-fce5a300-0 bxhZem\">Casque (1x)<\/span>,\u00a0<span class=\"sc-fce5a300-0 bxhZem\">Microphone (1x)<\/span>,\u00a0<span class=\"sc-fce5a300-0 bxhZem\">USB 3.0 Type-A (1x)<\/span>,\u00a0<span class=\"sc-fce5a300-0 bxhZem\">USB C (1x)<\/span><\/div>\n<\/div>\n<\/td>\n<\/tr>\n<tr class=\"sc-55448459-3 kvkTdT\">\n<td class=\"sc-55448459-5 cUZFTB\">Connexions arri\u00e8re<\/td>\n<td class=\"sc-55448459-5 cUZFTB\">\n<div class=\"sc-bfa4f9d3-0 hWkpoS\">\n<div><span class=\"sc-fce5a300-0 bxhZem\">PS\/2 Combo (1x)<\/span>,\u00a0<span class=\"sc-fce5a300-0 bxhZem\">RJ45 (1x)<\/span>,\u00a0<span class=\"sc-fce5a300-0 bxhZem\">Sortie ligne 3,5 mm (3x)<\/span>,\u00a0<span class=\"sc-fce5a300-0 bxhZem\">USB 2.0 Type-A (4x)<\/span>,\u00a0<span class=\"sc-fce5a300-0 bxhZem\">USB 3.0 Type-A (2x)<\/span><\/div>\n<\/div>\n<\/td>\n<\/tr>\n<tr class=\"sc-55448459-3 kvkTdT\">\n<td class=\"sc-55448459-5 cUZFTB\">Connexions vid\u00e9o<\/td>\n<td class=\"sc-55448459-5 cUZFTB\">\n<div class=\"sc-bfa4f9d3-0 hWkpoS\">\n<div><span class=\"sc-fce5a300-0 bxhZem\">DisplayPort (3x)<\/span>,\u00a0<span class=\"sc-fce5a300-0 bxhZem\">HDMI (1x)<\/span><\/div>\n<\/div>\n<\/td>\n<\/tr>\n<\/tbody>\n<\/table>\n","protected":false},"excerpt":{"rendered":"<p class=\"thread-title\"><strong><span class=\"text--b size--all-xl size--fromW3-xxl\">MSI MAG Infinite S3 Intel Core i5-13400F, 32 Go, 1000 Go, SSD RTX 4060 ti<\/span><\/strong><\/p>\n<p><span class=\"sc-71312023-1 eyzIGu\">Les PC de jeu de la s\u00e9rie MAG Infinite S3 13 s&rsquo;adressent aux passionn\u00e9s de jeu qui ne se contentent que du meilleur. \u00c9quip\u00e9s de processeurs Intel Core de 13e g\u00e9n\u00e9ration et de cartes graphiques NVIDIA GeForce<\/span><span class=\"sc-71312023-2 gxNtvJ\"> RTX, ils vous garantissent une exp\u00e9rience de jeu intense. Gr\u00e2ce au syst\u00e8me de refroidissement Silent Storm, vos composants restent toujours dans la plage de temp\u00e9rature optimale, m\u00eame dans ce PC de jeu compact.<\/span><\/p>\n","protected":false},"featured_media":23766,"comment_status":"open","ping_status":"closed","template":"","meta":[],"product_brand":[327],"product_cat":[317],"product_tag":[],"class_list":{"0":"post-23630","1":"product","2":"type-product","3":"status-publish","4":"has-post-thumbnail","6":"product_brand-msi","7":"product_cat-pc-gamer","9":"first","10":"outofstock","11":"shipping-taxable","12":"purchasable","13":"product-type-simple"},"aioseo_notices":[],"jetpack_sharing_enabled":true,"_links":{"self":[{"href":"https:\/\/tekelec.ma\/index.php\/wp-json\/wp\/v2\/product\/23630","targetHints":{"allow":["GET"]}}],"collection":[{"href":"https:\/\/tekelec.ma\/index.php\/wp-json\/wp\/v2\/product"}],"about":[{"href":"https:\/\/tekelec.ma\/index.php\/wp-json\/wp\/v2\/types\/product"}],"replies":[{"embeddable":true,"href":"https:\/\/tekelec.ma\/index.php\/wp-json\/wp\/v2\/comments?post=23630"}],"version-history":[{"count":0,"href":"https:\/\/tekelec.ma\/index.php\/wp-json\/wp\/v2\/product\/23630\/revisions"}],"wp:featuredmedia":[{"embeddable":true,"href":"https:\/\/tekelec.ma\/index.php\/wp-json\/wp\/v2\/media\/23766"}],"wp:attachment":[{"href":"https:\/\/tekelec.ma\/index.php\/wp-json\/wp\/v2\/media?parent=23630"}],"wp:term":[{"taxonomy":"product_brand","embeddable":true,"href":"https:\/\/tekelec.ma\/index.php\/wp-json\/wp\/v2\/product_brand?post=23630"},{"taxonomy":"product_cat","embeddable":true,"href":"https:\/\/tekelec.ma\/index.php\/wp-json\/wp\/v2\/product_cat?post=23630"},{"taxonomy":"product_tag","embeddable":true,"href":"https:\/\/tekelec.ma\/index.php\/wp-json\/wp\/v2\/product_tag?post=23630"}],"curies":[{"name":"wp","href":"https:\/\/api.w.org\/{rel}","templated":true}]}}