{"id":23637,"date":"2024-01-07T22:38:02","date_gmt":"2024-01-07T21:38:02","guid":{"rendered":"https:\/\/tekelec.ma\/?post_type=product&#038;p=23637"},"modified":"2025-09-14T12:08:13","modified_gmt":"2025-09-14T10:08:13","slug":"msi-katana-15-b12vfk-212xfr","status":"publish","type":"product","link":"https:\/\/tekelec.ma\/index.php\/product\/msi-katana-15-b12vfk-212xfr\/","title":{"rendered":"MSI Katana 15 B12VFK-212XFR"},"content":{"rendered":"<p><span class=\"fpBlocTitle\">Les points forts :<\/span><\/p>\n<ul>\n<li>Usage : Gaming<\/li>\n<li>Processeur : Intel\u00ae Core\u2122 i7-12650H de 12\u00e8me g\u00e9n\u00e9ration<\/li>\n<li>RAM : 16 Go (2x 8 Go)<\/li>\n<li>R\u00e9solution : 1920 x 1080(Full HD)<\/li>\n<li>Fonctions : Dalle de niveau IPS<\/li>\n<\/ul>\n<div class=\"jsFpBulletPointMore\">\n<ul>\n<li>Stockage principal : 512 Go 2x SSD PCIe Gen4 x4 M.2 NVMe<\/li>\n<li>Stockage secondaire : 2 x SSD PCIe Gen4 x4 M.2 NVMe<\/li>\n<li>Processeur graphique : NVIDIA GeForce RTX 4060 Laptop GPU<\/li>\n<li>Garantie (\u00b2) : 2 ans<\/li>\n<li>Syst\u00e8me d&rsquo;exploitation : Free DOS<\/li>\n<\/ul>\n<\/div>\n","protected":false},"excerpt":{"rendered":"<p class=\"thread-title\"><strong><span class=\"text--b size--all-xl size--fromW3-xxl\">MSI Katana 15 B12VFK-212XFR &#8211; FHD 144Hz, i7-12650H, RAM 16 Go, SSD 512 Go, RTX 4060 8 Go (105W), sans Windows<\/span><\/strong><\/p>\n","protected":false},"featured_media":23769,"comment_status":"open","ping_status":"closed","template":"","meta":[],"product_brand":[327],"product_cat":[316,317,318,345],"product_tag":[],"class_list":{"0":"post-23637","1":"product","2":"type-product","3":"status-publish","4":"has-post-thumbnail","6":"product_brand-msi","7":"product_cat-laptop","8":"product_cat-pc-gamer","9":"product_cat-pc-pro","10":"product_cat-sur-commande","12":"first","13":"onbackorder","14":"shipping-taxable","15":"purchasable","16":"product-type-simple"},"aioseo_notices":[],"jetpack_sharing_enabled":true,"_links":{"self":[{"href":"https:\/\/tekelec.ma\/index.php\/wp-json\/wp\/v2\/product\/23637","targetHints":{"allow":["GET"]}}],"collection":[{"href":"https:\/\/tekelec.ma\/index.php\/wp-json\/wp\/v2\/product"}],"about":[{"href":"https:\/\/tekelec.ma\/index.php\/wp-json\/wp\/v2\/types\/product"}],"replies":[{"embeddable":true,"href":"https:\/\/tekelec.ma\/index.php\/wp-json\/wp\/v2\/comments?post=23637"}],"version-history":[{"count":1,"href":"https:\/\/tekelec.ma\/index.php\/wp-json\/wp\/v2\/product\/23637\/revisions"}],"predecessor-version":[{"id":24829,"href":"https:\/\/tekelec.ma\/index.php\/wp-json\/wp\/v2\/product\/23637\/revisions\/24829"}],"wp:featuredmedia":[{"embeddable":true,"href":"https:\/\/tekelec.ma\/index.php\/wp-json\/wp\/v2\/media\/23769"}],"wp:attachment":[{"href":"https:\/\/tekelec.ma\/index.php\/wp-json\/wp\/v2\/media?parent=23637"}],"wp:term":[{"taxonomy":"product_brand","embeddable":true,"href":"https:\/\/tekelec.ma\/index.php\/wp-json\/wp\/v2\/product_brand?post=23637"},{"taxonomy":"product_cat","embeddable":true,"href":"https:\/\/tekelec.ma\/index.php\/wp-json\/wp\/v2\/product_cat?post=23637"},{"taxonomy":"product_tag","embeddable":true,"href":"https:\/\/tekelec.ma\/index.php\/wp-json\/wp\/v2\/product_tag?post=23637"}],"curies":[{"name":"wp","href":"https:\/\/api.w.org\/{rel}","templated":true}]}}