{"id":23649,"date":"2024-01-07T22:47:08","date_gmt":"2024-01-07T21:47:08","guid":{"rendered":"https:\/\/tekelec.ma\/?post_type=product&#038;p=23649"},"modified":"2025-09-14T12:08:13","modified_gmt":"2025-09-14T10:08:13","slug":"lenovo-legion-pro","status":"publish","type":"product","link":"https:\/\/tekelec.ma\/index.php\/product\/lenovo-legion-pro\/","title":{"rendered":"Lenovo legion Pro 5"},"content":{"rendered":"<p>Processeur AMD Ryzen\u2122 7 7745HX (3,60 GHz jusqu\u2019\u00e0 5,10 GHz)<br \/>\nSyst\u00e8me d&rsquo;exploitation<br \/>\nPas de syst\u00e8me d&rsquo;exploitation<br \/>\nCarte graphique<br \/>\nProcesseur graphique pour ordinateur portable NVIDIA\u00ae GeForce RTX\u2122 4070 8 Go GDDR6<br \/>\nM\u00e9moire totale<br \/>\n16 Go DDR5-5 200MHz (SODIMM) &#8211; (2 x 8 Go)<br \/>\nDisque dur<br \/>\n1 To SSD M.2 2280 PCIe Gen4 TLC<br \/>\n\u00c9cran<br \/>\n16&Prime; WQXGA (2 560 x 1 600), IPS, anti-reflets, non tactile, HDR 400, 100 % sRGB, 500 nits, 240 Hz, panneau \u00e9troit, faible \u00e9mission de lumi\u00e8re bleue<br \/>\nWebcam<br \/>\n1080p Full HD avec deux microphones<br \/>\nSecond Storage<br \/>\nAucun<br \/>\nBatterie<br \/>\n4 cellules Li-Polym\u00e8re 80 Wh<br \/>\nAdaptateur secteur<br \/>\nAdaptateur secteur 300 W compact (3 broches) &#8211; EU<br \/>\nLecteur d\u2019empreintes digitales<br \/>\nPas de lecteur d&#8217;empreintes digitales<br \/>\nClavier<br \/>\nClavier noir r\u00e9tro\u00e9clairage RGB 4 zones &#8211; Fran\u00e7ais<br \/>\nConnectivit\u00e9<br \/>\nWi-Fi 6E 2&#215;2 AX et Bluetooth\u00ae 5.1 ou version sup\u00e9rieure<\/p>\n","protected":false},"excerpt":{"rendered":"<p><strong><span class=\"text--b size--all-xl size--fromW3-xxl\">Lenovo legion Pro 5 16 pouces &#8211; Ryzen 7 7745HX, RTX 4070, 16 Go DDR5-5 200MHz, 1To SSD<\/span><\/strong><\/p>\n","protected":false},"featured_media":23771,"comment_status":"open","ping_status":"closed","template":"","meta":[],"product_brand":[201],"product_cat":[316,317,318,345],"product_tag":[],"class_list":{"0":"post-23649","1":"product","2":"type-product","3":"status-publish","4":"has-post-thumbnail","6":"product_brand-lenovo","7":"product_cat-laptop","8":"product_cat-pc-gamer","9":"product_cat-pc-pro","10":"product_cat-sur-commande","12":"first","13":"onbackorder","14":"shipping-taxable","15":"purchasable","16":"product-type-simple"},"aioseo_notices":[],"jetpack_sharing_enabled":true,"_links":{"self":[{"href":"https:\/\/tekelec.ma\/index.php\/wp-json\/wp\/v2\/product\/23649","targetHints":{"allow":["GET"]}}],"collection":[{"href":"https:\/\/tekelec.ma\/index.php\/wp-json\/wp\/v2\/product"}],"about":[{"href":"https:\/\/tekelec.ma\/index.php\/wp-json\/wp\/v2\/types\/product"}],"replies":[{"embeddable":true,"href":"https:\/\/tekelec.ma\/index.php\/wp-json\/wp\/v2\/comments?post=23649"}],"version-history":[{"count":1,"href":"https:\/\/tekelec.ma\/index.php\/wp-json\/wp\/v2\/product\/23649\/revisions"}],"predecessor-version":[{"id":24828,"href":"https:\/\/tekelec.ma\/index.php\/wp-json\/wp\/v2\/product\/23649\/revisions\/24828"}],"wp:featuredmedia":[{"embeddable":true,"href":"https:\/\/tekelec.ma\/index.php\/wp-json\/wp\/v2\/media\/23771"}],"wp:attachment":[{"href":"https:\/\/tekelec.ma\/index.php\/wp-json\/wp\/v2\/media?parent=23649"}],"wp:term":[{"taxonomy":"product_brand","embeddable":true,"href":"https:\/\/tekelec.ma\/index.php\/wp-json\/wp\/v2\/product_brand?post=23649"},{"taxonomy":"product_cat","embeddable":true,"href":"https:\/\/tekelec.ma\/index.php\/wp-json\/wp\/v2\/product_cat?post=23649"},{"taxonomy":"product_tag","embeddable":true,"href":"https:\/\/tekelec.ma\/index.php\/wp-json\/wp\/v2\/product_tag?post=23649"}],"curies":[{"name":"wp","href":"https:\/\/api.w.org\/{rel}","templated":true}]}}