{"id":23662,"date":"2024-01-07T23:03:24","date_gmt":"2024-01-07T22:03:24","guid":{"rendered":"https:\/\/tekelec.ma\/?post_type=product&#038;p=23662"},"modified":"2025-09-14T12:08:12","modified_gmt":"2025-09-14T10:08:12","slug":"asus-tuf-gaming-f15","status":"publish","type":"product","link":"https:\/\/tekelec.ma\/index.php\/product\/asus-tuf-gaming-f15\/","title":{"rendered":"ASUS TUF Gaming F15"},"content":{"rendered":"<p>Les points forts :<\/p>\n<ul>\n<li>Usage : Gaming<\/li>\n<li>Processeur : Intel Core i5 (12\u00e8me g\u00e9n\u00e9ration) 12500H \/ 2.5 GHz<\/li>\n<li>RAM : 16 Go<\/li>\n<li>R\u00e9solution : 1920 x 1080 (Full HD)<\/li>\n<li>Fonctions : Anti-\u00e9blouissement &#8211; Adaptative-Sync &#8211; Niveau IPS &#8211; Angle de vision 170\u00b0<\/li>\n<\/ul>\n<ul>\n<li>Stockage principal : 512 Go SSD M.2 PCIe 3.0 &#8211; NVM Express<\/li>\n<li>Processeur graphique : NVIDIA GeForce RTX 3050 &#8211; DLSS 3.5 &#8211; TGP : 95W max.<\/li>\n<li>Garantie (\u00b2) : 2 ans &#8211; pi\u00e8ces, main d\u2019\u0153uvre<\/li>\n<li>Syst\u00e8me d&rsquo;exploitation : Aucun syst\u00e8me d&rsquo;exploitation pr\u00e9-install\u00e9<\/li>\n<li>Poids : 2.2 kg<\/li>\n<\/ul>\n","protected":false},"excerpt":{"rendered":"<p class=\"thread-title\"><strong><span class=\"text--b size--all-xl size--fromW3-xxl\">ASUS TUF Gaming F15 &#8211; FHD, RTX 3050 (4Go), i5-12500H, 144Hz, RAM 16Go, 512Go SSD, Sans Windows<\/span><\/strong><\/p>\n","protected":false},"featured_media":23777,"comment_status":"open","ping_status":"closed","template":"","meta":[],"product_brand":[156],"product_cat":[316,317,318,345],"product_tag":[],"class_list":{"0":"post-23662","1":"product","2":"type-product","3":"status-publish","4":"has-post-thumbnail","6":"product_brand-asus","7":"product_cat-laptop","8":"product_cat-pc-gamer","9":"product_cat-pc-pro","10":"product_cat-sur-commande","12":"first","13":"onbackorder","14":"sale","15":"shipping-taxable","16":"purchasable","17":"product-type-simple"},"aioseo_notices":[],"jetpack_sharing_enabled":true,"_links":{"self":[{"href":"https:\/\/tekelec.ma\/index.php\/wp-json\/wp\/v2\/product\/23662","targetHints":{"allow":["GET"]}}],"collection":[{"href":"https:\/\/tekelec.ma\/index.php\/wp-json\/wp\/v2\/product"}],"about":[{"href":"https:\/\/tekelec.ma\/index.php\/wp-json\/wp\/v2\/types\/product"}],"replies":[{"embeddable":true,"href":"https:\/\/tekelec.ma\/index.php\/wp-json\/wp\/v2\/comments?post=23662"}],"version-history":[{"count":1,"href":"https:\/\/tekelec.ma\/index.php\/wp-json\/wp\/v2\/product\/23662\/revisions"}],"predecessor-version":[{"id":24827,"href":"https:\/\/tekelec.ma\/index.php\/wp-json\/wp\/v2\/product\/23662\/revisions\/24827"}],"wp:featuredmedia":[{"embeddable":true,"href":"https:\/\/tekelec.ma\/index.php\/wp-json\/wp\/v2\/media\/23777"}],"wp:attachment":[{"href":"https:\/\/tekelec.ma\/index.php\/wp-json\/wp\/v2\/media?parent=23662"}],"wp:term":[{"taxonomy":"product_brand","embeddable":true,"href":"https:\/\/tekelec.ma\/index.php\/wp-json\/wp\/v2\/product_brand?post=23662"},{"taxonomy":"product_cat","embeddable":true,"href":"https:\/\/tekelec.ma\/index.php\/wp-json\/wp\/v2\/product_cat?post=23662"},{"taxonomy":"product_tag","embeddable":true,"href":"https:\/\/tekelec.ma\/index.php\/wp-json\/wp\/v2\/product_tag?post=23662"}],"curies":[{"name":"wp","href":"https:\/\/api.w.org\/{rel}","templated":true}]}}