{"id":23666,"date":"2024-01-08T12:33:15","date_gmt":"2024-01-08T11:33:15","guid":{"rendered":"https:\/\/tekelec.ma\/?post_type=product&#038;p=23666"},"modified":"2025-05-21T19:49:04","modified_gmt":"2025-05-21T17:49:04","slug":"iphone-12","status":"publish","type":"product","link":"https:\/\/tekelec.ma\/index.php\/product\/iphone-12\/","title":{"rendered":"iPhone 12-5G"},"content":{"rendered":"<p class=\"f-productHeader-Title\" data-automation-id=\"product-title-label\"><strong>Apple iPhone 12 6,1&Prime; Double SIM 5G<\/strong><\/p>\n<header class=\"f-productLayer__header\">\n<div class=\"f-productLayer__container\">\n<p class=\"f-productLayer__title\" data-automation-id=\"title-opinions-layer-label\"><strong>DESCRIPTION<\/strong><\/p>\n<\/div>\n<\/header>\n<div id=\"97206f84-4e7b-4732-ab88-0fe73f928a3d\" class=\"f-productLayer__body\">\n<div class=\"f-productLayer__container\" data-automation-id=\"EditorOpinionOrSummary-block\">\n<div class=\"js-Expander expander expander--hasIcon\" data-automation-button=\"expand-EditorOpinionOrSummary-button\" data-automation-content=\"expand-EditorOpinionOrSummary\">\n<div class=\"expander__content\" data-automation-id=\"expand-EditorOpinionOrSummary\">\n<div class=\"f-productDesc\">\n<div class=\"f-productDesc__raw\">\n<p>Vous d\u00e9couvrez l\u2019iPhone ?<\/p>\n<p>Il y a tant de raisons d\u2019aimer l\u2019iPhone. Pourquoi choisir l\u2019iPhone.<\/p>\n<p>Il est facile de transf\u00e9rer vos photos, vos messages et le contenu de votre ancien appareil gr\u00e2ce \u00e0 l\u2019app Migrer vers iOS.<\/p>\n<p>Une fois votre nouvel iPhone configur\u00e9, vous trouverez iOS tr\u00e8s simple \u00e0 utiliser.<\/p>\n<p>Vous pouvez en plus avoir l\u2019esprit tranquille, car l\u2019iPhone est s\u00e9curis\u00e9 et vos donn\u00e9es sont toujours prot\u00e9g\u00e9es.<\/p>\n<p>\u2022 iOS est tr\u00e8s simple \u00e0 utiliser.<\/p>\n<p>\u2022 Vos donn\u00e9es sont toujours en s\u00e9curit\u00e9 sur iPhone.<\/p>\n<p>\u2022 Il est facile de transf\u00e9rer vos photos, vos messages et le contenu de votre appareil gr\u00e2ce \u00e0 l\u2019app Migrer vers iOS.<\/p>\n<p><strong>Vers la vitesse et au-del\u00e0.<\/strong><br \/>\nLa vitesse 5G. Une puce A14 Bionic, la plus rapide sur smartphone. Un \u00e9cran OLED bord \u00e0 bord. Le Ceramic Shield, qui multiplie par quatre la r\u00e9sistance aux chutes. Et le mode Nuit sur chaque appareil photo. L\u2019iPhone 12 a tout, en deux tailles parfaites.<\/p>\n<\/div>\n<\/div>\n<\/div>\n<\/div>\n<\/div>\n<\/div>\n","protected":false},"excerpt":{"rendered":"<p class=\"f-productHeader-Title\" data-automation-id=\"product-title-label\"><strong>Apple iPhone 12 6,1&Prime;\u00a0 Double SIM 5G<\/strong><\/p>\n<ul>\n<li data-automation-id=\"product-title-label\">64 Go<\/li>\n<li data-automation-id=\"product-title-label\">128 Go<\/li>\n<li data-automation-id=\"product-title-label\">256 Go<\/li>\n<\/ul>\n","protected":false},"featured_media":23693,"comment_status":"open","ping_status":"closed","template":"","meta":[],"product_brand":[153],"product_cat":[324,345],"product_tag":[],"class_list":{"0":"post-23666","1":"product","2":"type-product","3":"status-publish","4":"has-post-thumbnail","6":"product_brand-apple","7":"product_cat-smartphone","8":"product_cat-sur-commande","9":"product-has-variation-images","11":"first","12":"outofstock","13":"shipping-taxable","14":"purchasable","15":"product-type-variable","16":"has-default-attributes"},"aioseo_notices":[],"jetpack_sharing_enabled":true,"_links":{"self":[{"href":"https:\/\/tekelec.ma\/index.php\/wp-json\/wp\/v2\/product\/23666","targetHints":{"allow":["GET"]}}],"collection":[{"href":"https:\/\/tekelec.ma\/index.php\/wp-json\/wp\/v2\/product"}],"about":[{"href":"https:\/\/tekelec.ma\/index.php\/wp-json\/wp\/v2\/types\/product"}],"replies":[{"embeddable":true,"href":"https:\/\/tekelec.ma\/index.php\/wp-json\/wp\/v2\/comments?post=23666"}],"version-history":[{"count":1,"href":"https:\/\/tekelec.ma\/index.php\/wp-json\/wp\/v2\/product\/23666\/revisions"}],"predecessor-version":[{"id":24308,"href":"https:\/\/tekelec.ma\/index.php\/wp-json\/wp\/v2\/product\/23666\/revisions\/24308"}],"wp:featuredmedia":[{"embeddable":true,"href":"https:\/\/tekelec.ma\/index.php\/wp-json\/wp\/v2\/media\/23693"}],"wp:attachment":[{"href":"https:\/\/tekelec.ma\/index.php\/wp-json\/wp\/v2\/media?parent=23666"}],"wp:term":[{"taxonomy":"product_brand","embeddable":true,"href":"https:\/\/tekelec.ma\/index.php\/wp-json\/wp\/v2\/product_brand?post=23666"},{"taxonomy":"product_cat","embeddable":true,"href":"https:\/\/tekelec.ma\/index.php\/wp-json\/wp\/v2\/product_cat?post=23666"},{"taxonomy":"product_tag","embeddable":true,"href":"https:\/\/tekelec.ma\/index.php\/wp-json\/wp\/v2\/product_tag?post=23666"}],"curies":[{"name":"wp","href":"https:\/\/api.w.org\/{rel}","templated":true}]}}