{"id":23963,"date":"2024-02-20T13:37:10","date_gmt":"2024-02-20T12:37:10","guid":{"rendered":"https:\/\/tekelec.ma\/?post_type=product&#038;p=23963"},"modified":"2025-05-07T12:27:54","modified_gmt":"2025-05-07T10:27:54","slug":"tekelec-gamer-sprint-5976-ryzen-9","status":"publish","type":"product","link":"https:\/\/tekelec.ma\/index.php\/product\/tekelec-gamer-sprint-5976-ryzen-9\/","title":{"rendered":"Tekelec Gamer | Sprint 5976 Ryzen 9"},"content":{"rendered":"<p>Le PC de jeu\u00a0<strong>Sprint 5976 (Ryzen 9)<\/strong>\u00a0offre des performances impressionnantes \u00e0 un prix attractif, id\u00e9al pour les jeux exigeants et les applications gourmandes en m\u00e9moire telles que l&rsquo;\u00e9dition vid\u00e9o, la conception graphique, la production musicale et la mod\u00e9lisation 3D.<\/p>\n<p><strong>Caract\u00e9ristiques &amp; Sp\u00e9cifications :<\/strong><\/p>\n<ul>\n<li>Processeur: AMD Ryzen 9 7900, 12x 3700 MHz<\/li>\n<li>Refroidisseur de processeur: BoostBoxx Liquid aRGB 240mm refroidissement par eau, blanc<\/li>\n<li>Carte graphique: Radeon RX 7900 GRE, 16 Go GDDR6<\/li>\n<li>Carte m\u00e8re: MSI B650 Gaming Plus WIFI<\/li>\n<li>M\u00e9moire vive: 32 Go DDR5-RAM, Dual Channel (2x 16 Go), 6000 MHz*, Kingston Fury Beast RGB<\/li>\n<li>1. disque dur: 1000 Go M.2 PCIe 4.0 SSD Kingston NV2 (lecture\/\u00e9criture: max. 3500 Mo\/s | 2100 Mo\/s)<\/li>\n<li>Bo\u00eetier: CSL Vitrum, blanc, \u00e9clairage aRGB avec commande, partie lat\u00e9rale en verre et fa\u00e7ade en verre<\/li>\n<li>Alimentation: 700 watts BoostBoxx Power Boost, 92% d&rsquo;efficacit\u00e9, certifi\u00e9 80 Plus Gold<\/li>\n<li>WiFi\/Bluetoot: 1200 Mbps Wireless LAN, AMD WiFi 6E 802.11 AX WLAN, 2.4 GHz, 5 GHz &amp; 6 GHz tri-bande, MU-MIMO TX\/RX, Bluetooth 5.3<\/li>\n<li>Extension de garantie: 24 mois de garantie fabricant<\/li>\n<li>Carte r\u00e9sea: LAN int\u00e9gr\u00e9<\/li>\n<li>Carte son: son HD int\u00e9gr\u00e9<\/li>\n<\/ul>\n","protected":false},"excerpt":{"rendered":"<p class=\"thread-title\"><span class=\"text--b size--all-xl size--fromW3-xxl\">PC Fixe &#8211; Ryzen 9 7900, RX7900 GRE (16 Go), 32 Go RAM DDR5 (6000 CL32), MSI B650 Wifi, Watercooling 240, SSD NVMe 1 To, Alim 700W 80+ Gold<\/span><\/p>\n","protected":false},"featured_media":23965,"comment_status":"open","ping_status":"closed","template":"","meta":[],"product_brand":[],"product_cat":[317],"product_tag":[],"class_list":{"0":"post-23963","1":"product","2":"type-product","3":"status-publish","4":"has-post-thumbnail","6":"product_cat-pc-gamer","8":"first","9":"outofstock","10":"shipping-taxable","11":"purchasable","12":"product-type-simple"},"aioseo_notices":[],"jetpack_sharing_enabled":true,"_links":{"self":[{"href":"https:\/\/tekelec.ma\/index.php\/wp-json\/wp\/v2\/product\/23963","targetHints":{"allow":["GET"]}}],"collection":[{"href":"https:\/\/tekelec.ma\/index.php\/wp-json\/wp\/v2\/product"}],"about":[{"href":"https:\/\/tekelec.ma\/index.php\/wp-json\/wp\/v2\/types\/product"}],"replies":[{"embeddable":true,"href":"https:\/\/tekelec.ma\/index.php\/wp-json\/wp\/v2\/comments?post=23963"}],"version-history":[{"count":0,"href":"https:\/\/tekelec.ma\/index.php\/wp-json\/wp\/v2\/product\/23963\/revisions"}],"wp:featuredmedia":[{"embeddable":true,"href":"https:\/\/tekelec.ma\/index.php\/wp-json\/wp\/v2\/media\/23965"}],"wp:attachment":[{"href":"https:\/\/tekelec.ma\/index.php\/wp-json\/wp\/v2\/media?parent=23963"}],"wp:term":[{"taxonomy":"product_brand","embeddable":true,"href":"https:\/\/tekelec.ma\/index.php\/wp-json\/wp\/v2\/product_brand?post=23963"},{"taxonomy":"product_cat","embeddable":true,"href":"https:\/\/tekelec.ma\/index.php\/wp-json\/wp\/v2\/product_cat?post=23963"},{"taxonomy":"product_tag","embeddable":true,"href":"https:\/\/tekelec.ma\/index.php\/wp-json\/wp\/v2\/product_tag?post=23963"}],"curies":[{"name":"wp","href":"https:\/\/api.w.org\/{rel}","templated":true}]}}