{"id":23976,"date":"2024-02-21T15:27:25","date_gmt":"2024-02-21T14:27:25","guid":{"rendered":"https:\/\/tekelec.ma\/?post_type=product&#038;p=23976"},"modified":"2024-03-10T16:09:20","modified_gmt":"2024-03-10T15:09:20","slug":"ideapad-pro-5","status":"publish","type":"product","link":"https:\/\/tekelec.ma\/index.php\/product\/ideapad-pro-5\/","title":{"rendered":"IdeaPad Pro 5"},"content":{"rendered":"<p class=\"thread-title\"><strong><span class=\"text--b size--all-xl size--fromW3-xxl\">IdeaPad Pro 5<\/span><\/strong><\/p>\n<ul>\n<li>Processeur<br \/>\nProcesseur AMD Ryzen\u2122 5 7535HS (3,30 GHz jusqu\u2019\u00e0 4,55 GHz)<\/li>\n<li>Syst\u00e8me d&rsquo;exploitation<br \/>\nWindows 11 Famille 64<\/li>\n<li>Carte graphique<br \/>\nCircuit graphique int\u00e9gr\u00e9 AMD Radeon\u2122 660M<\/li>\n<li>M\u00e9moire totale<br \/>\n16 Go LPDDR5-6400MHz (soud\u00e9e)<\/li>\n<li>Disque dur<br \/>\n512 Go SSD M.2 2242 PCIe Gen4 TLC<\/li>\n<li>\u00c9cran<br \/>\n16&Prime; WQXGA (2 560 x 1 600), IPS, anti-reflets, non tactile, 100 % sRGB, 350 nits, 120 Hz, panneau \u00e9troit<\/li>\n<li>Webcam<br \/>\n1080p Full HD RGB\/IR hybride avec cache confidentialit\u00e9 et double microphone<\/li>\n<li>Batterie<br \/>\n4 cellules Li-Polym\u00e8re 75 Wh<\/li>\n<li>Adaptateur secteur<br \/>\n100W<\/li>\n<li>Lecteur d\u2019empreintes digitales<br \/>\nPas de lecteur d&#8217;empreintes digitales<\/li>\n<li>Pointing Device<br \/>\nClickPad<\/li>\n<li>Clavier<br \/>\nR\u00e9tro\u00e9clairage blanc, gris orage &#8211; Fran\u00e7ais<\/li>\n<li>Connectivit\u00e9<br \/>\nWi-Fi 6E 2&#215;2 AX &amp; Bluetooth\u00ae 5.1 ou version sup\u00e9rieure<\/li>\n<li>Garantie<br \/>\n2 ans Retour en atelier par coursier ou transport en atelier par le client<\/li>\n<li>Color<br \/>\nArctic Grey<\/li>\n<\/ul>\n","protected":false},"excerpt":{"rendered":"<p><strong><span class=\"text--b size--all-xl size--fromW3-xxl\">IdeaPad Pro 5 | Ryzen 5 7535HS | 16 Go de Ram | 512 Go SSD<\/span><\/strong><\/p>\n","protected":false},"featured_media":23977,"comment_status":"open","ping_status":"closed","template":"","meta":[],"product_brand":[],"product_cat":[318],"product_tag":[],"class_list":{"0":"post-23976","1":"product","2":"type-product","3":"status-publish","4":"has-post-thumbnail","6":"product_cat-pc-pro","8":"first","9":"outofstock","10":"sale","11":"shipping-taxable","12":"purchasable","13":"product-type-simple"},"aioseo_notices":[],"jetpack_sharing_enabled":true,"_links":{"self":[{"href":"https:\/\/tekelec.ma\/index.php\/wp-json\/wp\/v2\/product\/23976","targetHints":{"allow":["GET"]}}],"collection":[{"href":"https:\/\/tekelec.ma\/index.php\/wp-json\/wp\/v2\/product"}],"about":[{"href":"https:\/\/tekelec.ma\/index.php\/wp-json\/wp\/v2\/types\/product"}],"replies":[{"embeddable":true,"href":"https:\/\/tekelec.ma\/index.php\/wp-json\/wp\/v2\/comments?post=23976"}],"version-history":[{"count":0,"href":"https:\/\/tekelec.ma\/index.php\/wp-json\/wp\/v2\/product\/23976\/revisions"}],"wp:featuredmedia":[{"embeddable":true,"href":"https:\/\/tekelec.ma\/index.php\/wp-json\/wp\/v2\/media\/23977"}],"wp:attachment":[{"href":"https:\/\/tekelec.ma\/index.php\/wp-json\/wp\/v2\/media?parent=23976"}],"wp:term":[{"taxonomy":"product_brand","embeddable":true,"href":"https:\/\/tekelec.ma\/index.php\/wp-json\/wp\/v2\/product_brand?post=23976"},{"taxonomy":"product_cat","embeddable":true,"href":"https:\/\/tekelec.ma\/index.php\/wp-json\/wp\/v2\/product_cat?post=23976"},{"taxonomy":"product_tag","embeddable":true,"href":"https:\/\/tekelec.ma\/index.php\/wp-json\/wp\/v2\/product_tag?post=23976"}],"curies":[{"name":"wp","href":"https:\/\/api.w.org\/{rel}","templated":true}]}}