{"id":23982,"date":"2024-02-21T15:42:46","date_gmt":"2024-02-21T14:42:46","guid":{"rendered":"https:\/\/tekelec.ma\/?post_type=product&#038;p=23982"},"modified":"2025-05-10T18:19:53","modified_gmt":"2025-05-10T16:19:53","slug":"n-one-nbook-16","status":"publish","type":"product","link":"https:\/\/tekelec.ma\/index.php\/product\/n-one-nbook-16\/","title":{"rendered":"N-one NBook 16&Prime;"},"content":{"rendered":"<p><strong>Description<\/strong><\/p>\n<hr \/>\n<p>&nbsp;<\/p>\n<ul>\n<li>Marque : N-one<\/li>\n<li>Mod\u00e8le : NBook Fly<\/li>\n<li>Syst\u00e8me d&rsquo;exploitation : Windows 11Pro<\/li>\n<li>Processeur : Intel\u00ae Core\u2122 i7-10870H<\/li>\n<li>Puce graphique : Graphiques Intel\u00ae UHD pour processeurs Intel\u00ae de 10e g\u00e9n\u00e9ration<\/li>\n<li>RAM : 16 Go DDR4<\/li>\n<li>M\u00e9moire sur disque dur : 1 To SSD<\/li>\n<li>Wi-Fi : Wi-Fi 802.11ac\/b\/g\/n<\/li>\n<li>Bluetooth : BT4.2<\/li>\n<li>Appareil photo avant 1,0 MP<\/li>\n<li>USB3.0*3<\/li>\n<li>USB-C*1<\/li>\n<li>Interface NIC Gigabit*1<\/li>\n<li>Prise casque 3,5 mm avec micro*1<\/li>\n<li>Port DC*1<\/li>\n<li>HDMI standard*1<\/li>\n<li>Batterie : Batterie lithium-ion polym\u00e8re 11,4 V 4800 mAh<\/li>\n<li>Haut-parleur\/MIC : haut-parleurs st\u00e9r\u00e9o et microphone int\u00e9gr\u00e9s.<\/li>\n<li>Langues : le syst\u00e8me d&rsquo;exploitation Windows est pr\u00e9install\u00e9 en chinois et en anglais, et les autres langues doivent \u00eatre t\u00e9l\u00e9charg\u00e9es par WiFi.<\/li>\n<li>Taille du produit : 356,8 x 247,2 x 28,6 mm.<\/li>\n<li>Poids du produit : 2,5 kg.<\/li>\n<\/ul>\n","protected":false},"excerpt":{"rendered":"<p class=\"thread-title\"><strong><span class=\"text--b size--all-xl size--fromW3-xxl\">N-one NBook, double \u00e9cran de 16&Prime; + 14&Prime; &#8211; Core i7-10870H, 16 Go DDR4, 1To SSD, Win 11 Pro, Clavier Qwerty<\/span><\/strong><\/p>\n","protected":false},"featured_media":23983,"comment_status":"open","ping_status":"closed","template":"","meta":[],"product_brand":[],"product_cat":[318,345],"product_tag":[],"class_list":{"0":"post-23982","1":"product","2":"type-product","3":"status-publish","4":"has-post-thumbnail","6":"product_cat-pc-pro","7":"product_cat-sur-commande","9":"first","10":"onbackorder","11":"sale","12":"shipping-taxable","13":"purchasable","14":"product-type-simple"},"aioseo_notices":[],"jetpack_sharing_enabled":true,"_links":{"self":[{"href":"https:\/\/tekelec.ma\/index.php\/wp-json\/wp\/v2\/product\/23982","targetHints":{"allow":["GET"]}}],"collection":[{"href":"https:\/\/tekelec.ma\/index.php\/wp-json\/wp\/v2\/product"}],"about":[{"href":"https:\/\/tekelec.ma\/index.php\/wp-json\/wp\/v2\/types\/product"}],"replies":[{"embeddable":true,"href":"https:\/\/tekelec.ma\/index.php\/wp-json\/wp\/v2\/comments?post=23982"}],"version-history":[{"count":0,"href":"https:\/\/tekelec.ma\/index.php\/wp-json\/wp\/v2\/product\/23982\/revisions"}],"wp:featuredmedia":[{"embeddable":true,"href":"https:\/\/tekelec.ma\/index.php\/wp-json\/wp\/v2\/media\/23983"}],"wp:attachment":[{"href":"https:\/\/tekelec.ma\/index.php\/wp-json\/wp\/v2\/media?parent=23982"}],"wp:term":[{"taxonomy":"product_brand","embeddable":true,"href":"https:\/\/tekelec.ma\/index.php\/wp-json\/wp\/v2\/product_brand?post=23982"},{"taxonomy":"product_cat","embeddable":true,"href":"https:\/\/tekelec.ma\/index.php\/wp-json\/wp\/v2\/product_cat?post=23982"},{"taxonomy":"product_tag","embeddable":true,"href":"https:\/\/tekelec.ma\/index.php\/wp-json\/wp\/v2\/product_tag?post=23982"}],"curies":[{"name":"wp","href":"https:\/\/api.w.org\/{rel}","templated":true}]}}