{"id":24063,"date":"2024-03-04T11:31:20","date_gmt":"2024-03-04T10:31:20","guid":{"rendered":"https:\/\/tekelec.ma\/?post_type=product&#038;p=24063"},"modified":"2025-09-14T12:08:12","modified_gmt":"2025-09-14T10:08:12","slug":"tekelec-gamer-dell-g16","status":"publish","type":"product","link":"https:\/\/tekelec.ma\/index.php\/product\/tekelec-gamer-dell-g16\/","title":{"rendered":"Tekelec Gamer | Dell G16"},"content":{"rendered":"<p id=\"tech-specs-title\" class=\"d-block mt-5 pt-5\"><strong>Caract\u00e9ristiques techniques<\/strong><\/p>\n<ul class=\"specs list-unstyled\">\n<li class=\"mb-2\">\n<div class=\"h5 font-weight-bold mb-0\">Processeur<\/div>\n<p>Processeur\u00a0Intel\u00ae\u00a0Core\u2122\u00a0i9-13900HX de 13e\u00a0g\u00e9n\u00e9ration (cache 36\u00a0Mo, 24\u00a0c\u0153urs, jusqu\u2019\u00e0 5,40\u00a0GHz)<\/li>\n<li class=\"mb-2\">\n<div class=\"h5 font-weight-bold mb-0\">Syst\u00e8me d&rsquo;exploitation<\/div>\n<div>(Dell Technologies recommande Windows 11 Professionnel pour les entreprises)<\/div>\n<p>Windows\u00a011 Famille, anglais, n\u00e9erlandais, fran\u00e7ais, allemand, italien<\/li>\n<li class=\"mb-2\">\n<div class=\"h5 font-weight-bold mb-0\">Carte graphique<\/div>\n<p>Carte graphique NVIDIA\u00ae\u00a0GeForce\u00a0RTX\u2122\u00a04070 avec 8\u00a0Go de m\u00e9moire GDDR6<\/li>\n<li class=\"mb-2\">\n<div class=\"h5 font-weight-bold mb-0\">\u00c9cran<\/div>\n<p>\u00c9cran\u00a016&Prime; QHD+, 2\u00a0560\u00a0x\u00a01\u00a0600, 240\u00a0Hz, non tactile, DCI-P3 100\u00a0%, 3\u00a0ms, ComfortView Plus, NVIDIA G-SYNC + DDS<\/li>\n<li class=\"mb-2\">\n<div class=\"h5 font-weight-bold mb-0\">M\u00e9moire\u00a0<span class=\"upd-dynamic-technote\" tabindex=\"0\" role=\"button\" aria-haspopup=\"dialog\" data-tech-note-id=\"latitude_campaign_technote_8\">*<\/span><\/div>\n<p>32\u00a0Go, 2\u00a0x\u00a016 Go, DDR5, 4\u00a0800\u00a0MHz<\/li>\n<li class=\"mb-2\">\n<div class=\"h5 font-weight-bold mb-0\">Stockage<\/div>\n<p>Disque SSD 1\u00a0To M.2, PCIe NVMe<\/li>\n<li class=\"mb-2\">\n<div class=\"h5 font-weight-bold mb-0\">Couleur<\/div>\n<p>Metallic Nightshade avec \u00e9tag\u00e8re thermique noire<\/li>\n<li class=\"mb-2\">\n<div class=\"h5 font-weight-bold mb-0\">Logiciels de productivit\u00e9<\/div>\n<p>Aucune licence Microsoft\u00a0Office incluse, offre de version d\u2018essai de 30\u00a0jours uniquement<\/li>\n<li class=\"mb-2\">\n<div class=\"h5 font-weight-bold mb-0\">Logiciels de s\u00e9curit\u00e9<\/div>\n<p>McAfee+ Premium, 1\u00a0an<\/li>\n<li class=\"mb-2\">\n<div class=\"h5 font-weight-bold mb-0\">Services de support\u00a0<span class=\"upd-dynamic-technote\" tabindex=\"0\" role=\"button\" aria-haspopup=\"dialog\" data-tech-note-id=\"support-services-wrnty\">*<\/span><\/div>\n<p>1\u00a0an de service sur site de base avec support mat\u00e9riel<\/li>\n<li class=\"mb-2\">\n<div class=\"h5 font-weight-bold mb-0\">Garantie Dommage Accidentel<\/div>\n<p>None<\/li>\n<li class=\"mb-2\">\n<div class=\"h5 font-weight-bold mb-0\">Clavier<\/div>\n<p>Clavier r\u00e9tro\u00e9clair\u00e9 RVB \u00e0 1\u00a0zone, fran\u00e7ais<\/li>\n<li class=\"mb-2\">\n<div class=\"h5 font-weight-bold mb-0\">Ports<\/div>\n<p>1\u00a0port casque (combin\u00e9 \u00e9couteurs et microphone)<br \/>\n1\u00a0port Ethernet\u00a0RJ45<br \/>\n3\u00a0ports USB\u00a03.2\u00a0Gen\u00a01<br \/>\n1\u00a0port HDMI\u00a02.1<br \/>\n1\u00a0port Thunderbolt\u2122\u00a04 avec DisplayPort\u2122 (sur les ordinateurs exp\u00e9di\u00e9s avec une carte\u00a0NVIDIA\u00a0GeForce\u00a0RTX\u00a04070)<br \/>\n1\u00a0port USB-C\u00a03.2\u00a0Gen\u00a02 avec DisplayPort\u2122 (sur les ordinateurs exp\u00e9di\u00e9s avec une carte\u00a0NVIDIA\u00a0GeForce\u00a0RTX3050\/4050\/4060)<\/li>\n<li class=\"mb-2\">\n<div class=\"h5 font-weight-bold mb-0\">Dimensions et poids<\/div>\n<p>Hauteur (avant)\u00a0: 20,20\u00a0mm (0,79\u00a0po.)<br \/>\nHauteur (arri\u00e8re)\u00a0: 24,90\u00a0mm (0,98\u00a0po.)<br \/>\nHauteur (maximale)\u00a0: 25,65\u00a0mm (1,01\u00a0po.)<br \/>\nLargeur\u00a0: 356,98\u00a0mm (14,05\u00a0po.)<br \/>\nProfondeur\u00a0: 288,73\u00a0mm (11,37\u00a0po.)<br \/>\nPoids de d\u00e9part\u00a0: 2,73\u00a0kg (6,01\u00a0lb)<span class=\"upd-dynamic-technote\" tabindex=\"0\" role=\"button\" aria-haspopup=\"dialog\" data-tech-note-id=\"weights-vary\">*<\/span><br \/>\nPoids (maximal)\u00a0: 2,87\u00a0kg (6,33\u00a0lb)<span class=\"upd-dynamic-technote\" tabindex=\"0\" role=\"button\" aria-haspopup=\"dialog\" data-tech-note-id=\"weights-vary\">*<\/span><\/li>\n<li class=\"mb-2\">\n<div class=\"h5 font-weight-bold mb-0\">Appareil photo<\/div>\n<p>Webcam\u00a0HD (720p) \u00e9cran large int\u00e9gr\u00e9e avec microphone num\u00e9rique simple.<\/li>\n<li class=\"mb-2\">\n<div class=\"h5 font-weight-bold mb-0\">Son et haut-parleurs<\/div>\n<p>2\u00a0haut-parleurs r\u00e9gl\u00e9s avec Dolby Audio<br \/>\n1\u00a0prise jack combin\u00e9e pour \u00e9couteurs\/microphone<\/li>\n<li class=\"mb-2\">\n<div class=\"h5 font-weight-bold mb-0\">Ch\u00e2ssis<\/div>\n<p><strong>Mat\u00e9riaux de l\u2019ext\u00e9rieur du bo\u00eetier\u00a0:<\/strong><br \/>\nPlastique\/aluminium<\/p>\n<p><strong>Capot d\u2019\u00e9cran\u00a0LCD\u00a0:<\/strong><br \/>\nMetallic Nightshade (aluminium anodis\u00e9)<\/p>\n<p><strong>Repose-poignets\u00a0:<\/strong><br \/>\nMetallic Nightshade (peint)<\/li>\n<li class=\"mb-2\">\n<div class=\"h5 font-weight-bold mb-0\">Sans fil\u00a0<span class=\"upd-dynamic-technote\" tabindex=\"0\" role=\"button\" aria-haspopup=\"dialog\" data-tech-note-id=\"wifi-6e-requirements\">*<\/span><\/div>\n<p>Carte sans fil Intel\u00ae\u00a0Wi-Fi\u00a06\u00a0AX201, 802.11ax, 2&#215;2, Bluetooth\u00ae<\/li>\n<li class=\"mb-2\">\n<div class=\"h5 font-weight-bold mb-0\">Batterie principale<\/div>\n<p>Batterie \u00e0 6\u00a0cellules 86\u00a0Wh int\u00e9gr\u00e9e<\/li>\n<li class=\"mb-2\">\n<div class=\"h5 font-weight-bold mb-0\">Autonomie de la batterie<\/div>\n<p>Jusqu\u2019\u00e0 6\u00a0heures et 7\u00a0minutes<span class=\"upd-dynamic-technote\" tabindex=\"0\" role=\"button\" aria-haspopup=\"dialog\" data-tech-note-id=\"g-series-16-7630-laptop-batterylife\">*<\/span><\/li>\n<li class=\"mb-2\">\n<div class=\"h5 font-weight-bold mb-0\">Alimentation<\/div>\n<p>Adaptateur secteur 330\u00a0W<\/li>\n<\/ul>\n","protected":false},"excerpt":{"rendered":"<p><strong>Dell G16 | Core i9 | 32 Go | 1 To | Nvidia RTX 4070 8 Go<\/strong><\/p>\n","protected":false},"featured_media":24067,"comment_status":"open","ping_status":"closed","template":"","meta":[],"product_brand":[],"product_cat":[316,317,318],"product_tag":[],"class_list":{"0":"post-24063","1":"product","2":"type-product","3":"status-publish","4":"has-post-thumbnail","6":"product_cat-laptop","7":"product_cat-pc-gamer","8":"product_cat-pc-pro","10":"first","11":"instock","12":"sale","13":"shipping-taxable","14":"purchasable","15":"product-type-simple"},"aioseo_notices":[],"jetpack_sharing_enabled":true,"_links":{"self":[{"href":"https:\/\/tekelec.ma\/index.php\/wp-json\/wp\/v2\/product\/24063","targetHints":{"allow":["GET"]}}],"collection":[{"href":"https:\/\/tekelec.ma\/index.php\/wp-json\/wp\/v2\/product"}],"about":[{"href":"https:\/\/tekelec.ma\/index.php\/wp-json\/wp\/v2\/types\/product"}],"replies":[{"embeddable":true,"href":"https:\/\/tekelec.ma\/index.php\/wp-json\/wp\/v2\/comments?post=24063"}],"version-history":[{"count":1,"href":"https:\/\/tekelec.ma\/index.php\/wp-json\/wp\/v2\/product\/24063\/revisions"}],"predecessor-version":[{"id":24481,"href":"https:\/\/tekelec.ma\/index.php\/wp-json\/wp\/v2\/product\/24063\/revisions\/24481"}],"wp:featuredmedia":[{"embeddable":true,"href":"https:\/\/tekelec.ma\/index.php\/wp-json\/wp\/v2\/media\/24067"}],"wp:attachment":[{"href":"https:\/\/tekelec.ma\/index.php\/wp-json\/wp\/v2\/media?parent=24063"}],"wp:term":[{"taxonomy":"product_brand","embeddable":true,"href":"https:\/\/tekelec.ma\/index.php\/wp-json\/wp\/v2\/product_brand?post=24063"},{"taxonomy":"product_cat","embeddable":true,"href":"https:\/\/tekelec.ma\/index.php\/wp-json\/wp\/v2\/product_cat?post=24063"},{"taxonomy":"product_tag","embeddable":true,"href":"https:\/\/tekelec.ma\/index.php\/wp-json\/wp\/v2\/product_tag?post=24063"}],"curies":[{"name":"wp","href":"https:\/\/api.w.org\/{rel}","templated":true}]}}