{"id":24069,"date":"2024-03-04T16:26:30","date_gmt":"2024-03-04T15:26:30","guid":{"rendered":"https:\/\/tekelec.ma\/?post_type=product&#038;p=24069"},"modified":"2025-09-14T12:08:12","modified_gmt":"2025-09-14T10:08:12","slug":"tekelec-gamer-msi-pulse-15","status":"publish","type":"product","link":"https:\/\/tekelec.ma\/index.php\/product\/tekelec-gamer-msi-pulse-15\/","title":{"rendered":"Tekelec Gamer | MSI Pulse 15"},"content":{"rendered":"<p class=\"f-productHeader-Title\" data-automation-id=\"product-title-label\">PC Portable Gaming MSI Pulse 15 B13VGK-463FR 15,6&Prime; QHD 240 Hz Intel Core i7 16 Go RAM 512 Go SSD Nvidia GeForce RTX<\/p>\n<p>Processeur Intel \u00ae Core \u2122 i7-13620H de 13\u00e8me g\u00e9n\u00e9ration.Carte graphique GeForce\u00ae pour des performances impressionnantes.<br \/>\nCompatible \u00e0 la cr\u00e9ation de contenu pour le m\u00e9tavers.<br \/>\n* Seulement sur les mod\u00e8les avec processeurs Intel\u00ae Core\u2122 i7 et cartes graphiques GeForce RTX\u2122 4070 laptop GPU et plus.<br \/>\nLes modes Discrete Graphics (MUX) et Full Power GPU poussent les performances du GPU \u00e0 leur niveau le plus haut.<br \/>\nTechnologie de refroidissement Cooler Boost 5 exclusive avec deux ventilateurs d\u00e9di\u00e9s et cinq caloducs en cuivre&#8230;.<\/p>\n","protected":false},"excerpt":{"rendered":"<p class=\"f-productHeader-Title\" data-automation-id=\"product-title-label\"><strong>PC Portable Gaming MSI Pulse 15<\/strong><\/p>\n<p class=\"f-productHeader-Title\" data-automation-id=\"product-title-label\"><strong>B13VGK-463FR 15,6&Prime; QHD 240 Hz<\/strong><\/p>\n<p class=\"f-productHeader-Title\" data-automation-id=\"product-title-label\"><strong>Intel Core i7 16 Go RAM | 512 Go SSD Nvidia | GeForce RTX 4070 | TGP 140W Anthracite<\/strong><\/p>\n","protected":false},"featured_media":24070,"comment_status":"open","ping_status":"closed","template":"","meta":[],"product_brand":[],"product_cat":[316,317,318,345],"product_tag":[],"class_list":{"0":"post-24069","1":"product","2":"type-product","3":"status-publish","4":"has-post-thumbnail","6":"product_cat-laptop","7":"product_cat-pc-gamer","8":"product_cat-pc-pro","9":"product_cat-sur-commande","11":"first","12":"onbackorder","13":"sale","14":"shipping-taxable","15":"purchasable","16":"product-type-simple"},"aioseo_notices":[],"jetpack_sharing_enabled":true,"_links":{"self":[{"href":"https:\/\/tekelec.ma\/index.php\/wp-json\/wp\/v2\/product\/24069","targetHints":{"allow":["GET"]}}],"collection":[{"href":"https:\/\/tekelec.ma\/index.php\/wp-json\/wp\/v2\/product"}],"about":[{"href":"https:\/\/tekelec.ma\/index.php\/wp-json\/wp\/v2\/types\/product"}],"replies":[{"embeddable":true,"href":"https:\/\/tekelec.ma\/index.php\/wp-json\/wp\/v2\/comments?post=24069"}],"version-history":[{"count":1,"href":"https:\/\/tekelec.ma\/index.php\/wp-json\/wp\/v2\/product\/24069\/revisions"}],"predecessor-version":[{"id":24452,"href":"https:\/\/tekelec.ma\/index.php\/wp-json\/wp\/v2\/product\/24069\/revisions\/24452"}],"wp:featuredmedia":[{"embeddable":true,"href":"https:\/\/tekelec.ma\/index.php\/wp-json\/wp\/v2\/media\/24070"}],"wp:attachment":[{"href":"https:\/\/tekelec.ma\/index.php\/wp-json\/wp\/v2\/media?parent=24069"}],"wp:term":[{"taxonomy":"product_brand","embeddable":true,"href":"https:\/\/tekelec.ma\/index.php\/wp-json\/wp\/v2\/product_brand?post=24069"},{"taxonomy":"product_cat","embeddable":true,"href":"https:\/\/tekelec.ma\/index.php\/wp-json\/wp\/v2\/product_cat?post=24069"},{"taxonomy":"product_tag","embeddable":true,"href":"https:\/\/tekelec.ma\/index.php\/wp-json\/wp\/v2\/product_tag?post=24069"}],"curies":[{"name":"wp","href":"https:\/\/api.w.org\/{rel}","templated":true}]}}