{"id":24086,"date":"2024-03-05T10:56:06","date_gmt":"2024-03-05T09:56:06","guid":{"rendered":"https:\/\/tekelec.ma\/?post_type=product&#038;p=24086"},"modified":"2025-09-14T12:08:12","modified_gmt":"2025-09-14T10:08:12","slug":"tekelec-gamer-msi-katana-15","status":"publish","type":"product","link":"https:\/\/tekelec.ma\/index.php\/product\/tekelec-gamer-msi-katana-15\/","title":{"rendered":"Tekelec Gamer | MSI &#8211; Katana 15"},"content":{"rendered":"<p>MSI &#8211; Katana 15 B12VGK-240XFR<\/p>\n<p>15,6 FHD 144Hz<\/p>\n<p>Intel Core i7-12650H<\/p>\n<p>16 Go RAM<\/p>\n<p>512Go SSD<\/p>\n<p>RTX4070 VRAM 8Go<\/p>\n","protected":false},"excerpt":{"rendered":"<p><strong>MSI &#8211; Katana 15 B12VGK-240XFR &#8211; 15,6\u00a0\u00bbFHD 144Hz &#8211; Core i7-12650H &#8211; RAM 16 Go &#8211; 512Go SSD- RTX4070 8Go-Sans Windows<br \/>\n<\/strong><\/p>\n<ul>\n<li>Usage : Gaming<\/li>\n<li>Processeur : Intel\u00ae Core\u2122 i7-12650H de 12\u00e8me g\u00e9n\u00e9ration<\/li>\n<li>RAM : 16 Go (2x 8 Go)<\/li>\n<li>R\u00e9solution : 1920 x 1080(Full HD)<\/li>\n<li>Fonctions : Dalle de niveau IPS<\/li>\n<\/ul>\n<div class=\"jsFpBulletPointMore\">\n<ul>\n<li>Stockage principal : 512 Go 2x SSD PCIe Gen4 x4 M.2 NVMe<\/li>\n<li>Stockage secondaire : 2 x SSD PCIe Gen4 x4 M.2 NVMe<\/li>\n<li>Processeur graphique : NVIDIA GeForce RTX 4070 Laptop GPU<\/li>\n<li>Garantie (\u00b2) : 2 ans<\/li>\n<li>Syst\u00e8me d&rsquo;exploitation : Free DOS<\/li>\n<\/ul>\n<\/div>\n<p><strong>\u00a0<\/strong><\/p>\n","protected":false},"featured_media":24087,"comment_status":"open","ping_status":"closed","template":"","meta":[],"product_brand":[],"product_cat":[316,317,318,345],"product_tag":[],"class_list":{"0":"post-24086","1":"product","2":"type-product","3":"status-publish","4":"has-post-thumbnail","6":"product_cat-laptop","7":"product_cat-pc-gamer","8":"product_cat-pc-pro","9":"product_cat-sur-commande","11":"first","12":"onbackorder","13":"sale","14":"shipping-taxable","15":"purchasable","16":"product-type-simple"},"aioseo_notices":[],"jetpack_sharing_enabled":true,"_links":{"self":[{"href":"https:\/\/tekelec.ma\/index.php\/wp-json\/wp\/v2\/product\/24086","targetHints":{"allow":["GET"]}}],"collection":[{"href":"https:\/\/tekelec.ma\/index.php\/wp-json\/wp\/v2\/product"}],"about":[{"href":"https:\/\/tekelec.ma\/index.php\/wp-json\/wp\/v2\/types\/product"}],"replies":[{"embeddable":true,"href":"https:\/\/tekelec.ma\/index.php\/wp-json\/wp\/v2\/comments?post=24086"}],"version-history":[{"count":3,"href":"https:\/\/tekelec.ma\/index.php\/wp-json\/wp\/v2\/product\/24086\/revisions"}],"predecessor-version":[{"id":24542,"href":"https:\/\/tekelec.ma\/index.php\/wp-json\/wp\/v2\/product\/24086\/revisions\/24542"}],"wp:featuredmedia":[{"embeddable":true,"href":"https:\/\/tekelec.ma\/index.php\/wp-json\/wp\/v2\/media\/24087"}],"wp:attachment":[{"href":"https:\/\/tekelec.ma\/index.php\/wp-json\/wp\/v2\/media?parent=24086"}],"wp:term":[{"taxonomy":"product_brand","embeddable":true,"href":"https:\/\/tekelec.ma\/index.php\/wp-json\/wp\/v2\/product_brand?post=24086"},{"taxonomy":"product_cat","embeddable":true,"href":"https:\/\/tekelec.ma\/index.php\/wp-json\/wp\/v2\/product_cat?post=24086"},{"taxonomy":"product_tag","embeddable":true,"href":"https:\/\/tekelec.ma\/index.php\/wp-json\/wp\/v2\/product_tag?post=24086"}],"curies":[{"name":"wp","href":"https:\/\/api.w.org\/{rel}","templated":true}]}}